{"id":23482,"date":"2019-04-02T17:10:10","date_gmt":"2019-04-02T17:10:10","guid":{"rendered":"https:\/\/deutschcolor.com\/al\/?page_id=23482"},"modified":"2025-05-09T07:43:17","modified_gmt":"2025-05-09T07:43:17","slug":"about-us","status":"publish","type":"page","link":"https:\/\/deutschcolor.com\/al\/about-us\/","title":{"rendered":"RRETH NESH"},"content":{"rendered":"<section class=\"l-section wpb_row height_large color_primary with_img parallax_ver with_overlay\"><div class=\"l-section-img\" style=\"background-image: url(https:\/\/deutschcolor.com\/al\/wp-content\/uploads\/2019\/04\/deutsch-color_fabrika.jpg);\" data-img-width=\"1675\" data-img-height=\"649\"><\/div><div class=\"l-section-overlay\" style=\"background-color: rgba(0,0,0,0.5)\"><\/div><div class=\"l-section-h i-cf\"><div class=\"g-cols vc_row type_default valign_middle\"><div class=\"vc_col-sm-12 wpb_column vc_column_container\"><div class=\"vc_column-inner\"><div class=\"wpb_wrapper\"><h1 class=\"w-page-title align_center\" itemprop=\"headline\" style=\"font-family:&#039;Roboto&#039;, sans-serif;font-size:3rem;line-height:1.1;\">RRETH NESH<\/h1><ol class=\"g-breadcrumbs separator_icon align_center\" style=\"font-size:0.9rem;\" itemscope itemtype=\"http:\/\/schema.org\/BreadcrumbList\"><li class=\"g-breadcrumbs-item\" itemprop=\"itemListElement\" itemscope itemtype=\"http:\/\/schema.org\/ListItem\"><a itemprop=\"item\" href=\"https:\/\/deutschcolor.com\/al\/\"><span itemprop=\"name\">Home<\/span><\/a><meta itemprop=\"position\" content=\"1\"\/><\/li><li class=\"g-breadcrumbs-separator\"><i class=\"material-icons\">chevron_right<\/i><\/li><li class=\"g-breadcrumbs-item\">Pages<\/li><\/ol><\/div><\/div><\/div><\/div><\/div><\/section><section class=\"l-section wpb_row height_large\" id=\"services\"><div class=\"l-section-h i-cf\"><div class=\"g-cols vc_row type_default valign_top\"><div class=\"vc_col-sm-1 wpb_column vc_column_container\"><div class=\"vc_column-inner\"><div class=\"wpb_wrapper\"><\/div><\/div><\/div><div class=\"vc_col-sm-10 wpb_column vc_column_container\"><div class=\"vc_column-inner\"><div class=\"wpb_wrapper\">\r\n\t<div class=\"wpb_text_column \">\r\n\t\t<div class=\"wpb_wrapper\">\r\n\t\t\t<h1><strong>Rreth Kompanise<\/strong><\/h1>\n<h2 style=\"font-size: 15px; font-weight: normal;\">Kompania <a href=\"https:\/\/deutschcolor.com\/al\/\">Deutsch Color<\/a>, pas nj\u00eb partneriteti me <a href=\"https:\/\/dcinvestment.al\/\">DC Investment<\/a>, ka sjell\u00eb n\u00eb <a href=\"https:\/\/sq.wikipedia.org\/wiki\/Shqip%C3%ABria\" target=\"_blank\" rel=\"noopener\">Shqip\u00ebri<\/a> nj\u00eb nga investimet m\u00eb t\u00eb m\u00ebdha n\u00eb sektorin e boj\u00ebrave dhe materialeve te ndertimit n\u00eb <a href=\"https:\/\/sq.wikipedia.org\/wiki\/Evropa_Juglindore\" target=\"_blank\" rel=\"noopener\">Europ\u00ebn juglindore<\/a>.<\/h2>\n<p>Kjo <a href=\"https:\/\/g.co\/kgs\/ZvvaSJG\">fabrik\u00eb ekologjike<\/a>, p\u00ebrmbush cdo nevoj\u00eb t\u00eb tregut vendas e m\u00eb gj\u00ebre, n\u00eb baz\u00eb t\u00eb efikasitetit, cil\u00ebsis\u00eb dhe nj\u00eb teknologjie bashk\u00ebkohore.<\/p>\n<h3 style=\"font-size: 14px; font-weight: normal;\">Me nj\u00eb laborator t\u00eb avancuar t\u00eb pajisur me aparatura gjermane nga m\u00eb modernet, me nj\u00eb ekip shkencor i cili mund\u00ebson m\u00eb s\u00eb miri procesin e k\u00ebrkim zhvillimit, q\u00eb n\u00eb fund sjell tek klient\u00ebt tan\u00eb produktet m\u00eb cil\u00ebsore. Nj\u00eb gam\u00eb e gjer\u00eb produktesh, duke filluar nga boj\u00ebra me baz\u00eb emulsioni deri tek ato industrialet,si dhe e gjithe gama e materialeve te ndertimit u mund\u00ebsojne klient\u00ebve shum\u00ebllojeshm\u00ebri zgjedhjeje.<\/h3>\n<p><a href=\"https:\/\/deutschcolor.com\/al\/\">Deutsch Color<\/a> akademi, me an\u00eb t\u00eb seminareve q\u00eb realizon, b\u00ebn t\u00eb mundur trajnimin e cdo bashk\u00ebpun\u00ebtori p\u00ebr t\u00eb njohur m\u00eb tep\u00ebr produktet tona.<br \/>\nP\u00ebr tu p\u00ebrmendur, \u00ebsht\u00eb dhe stafi i dedikuar i <a href=\"https:\/\/deutschcolor.com\/al\/\">Deutsch Color<\/a> q\u00eb me an\u00eb t\u00eb perkushtimit, kan\u00eb qasur reth vetes nj\u00eb klientel\u00eb q\u00eb jan\u00eb nd\u00ebr vite besnik\u00eb t\u00eb produkteve tona.<\/p>\n<p>Partner\u00ebt tan\u00eb jan\u00eb shnd\u00ebrruar n\u00eb nj\u00eb motiv p\u00ebr t\u00eb vazhduar m\u00eb tej duke perfeksionuar produktet n\u00eb m\u00ebnyr\u00eb t\u00eb till\u00eb q\u00eb t\u00eb b\u00ebjm\u00eb m\u00eb mir\u00eb at\u00eb cfar\u00eb na k\u00ebrkohet.<\/p>\n<p>Jo gjithmon\u00eb ka nj\u00eb drit\u00eb jeshile, por ne dim\u00eb t\u00eb themi q\u00eb nuk mund t\u00eb njohim asnj\u00eb opsion tjet\u00ebr pervec suksesit. Kjo kompani, me nj\u00eb orientim global ka p\u00ebrfaq\u00ebsin\u00eb e vet n\u00eb shum\u00eb vende si Gjermani, Austri, Kanada, Zvic\u00ebr, Holland\u00eb e m\u00eb tej.<\/p>\n<p>Sot <a href=\"https:\/\/deutschcolor.com\/al\/\">Deutsch Color<\/a> m\u00eb i madhi n\u00eb rajon n\u00eb industrin\u00eb e prodhimit t\u00eb <a href=\"https:\/\/deutschcolor.com\/al\/shop\/\">boj\u00ebrave<\/a> dhe materialeve te ndertimit p\u00ebr vite ka provuar q\u00eb \u00e7el\u00ebsi i suksesit t\u00eb biznesit \u00ebsht\u00eb <a href=\"https:\/\/deutschcolor.com\/al\/shop\/\">prodhimi i produkteve<\/a> n\u00eb harmoni t\u00eb plot\u00eb me kushtet mjedisore.<\/p>\n<p>P\u00ebrve\u00e7se produkte t\u00eb nj\u00eb cil\u00ebsie t\u00eb lart\u00eb fokusi i <a href=\"https:\/\/deutschcolor.com\/al\/\">Deutsch Color<\/a> \u00ebsht\u00eb prodhimi i <a href=\"https:\/\/deutschcolor.com\/al\/product-category\/bojra\/\">produkteve ekologjike<\/a> q\u00eb jan\u00eb miq\u00ebsore me ambjentin.<br \/>\n<a href=\"https:\/\/science.nasa.gov\/exoplanets\/\" target=\"_blank\" rel=\"noopener\">Planeti yn\u00eb<\/a> \u00ebsht\u00eb sht\u00ebpia jon\u00eb, p\u00ebr k\u00ebt\u00eb arsye ne kujdesemi q\u00eb t\u00eb jet\u00eb nj\u00eb mjedis i mbrojtur dhe i sigurt p\u00ebr pasardhesit tan\u00eb.<\/p>\n<p>\u00c7do dit\u00eb stafi yn\u00eb i kualifikuar i kimist\u00ebve, me shum\u00eb eksperienc\u00eb n\u00eb k\u00ebt\u00eb sektor, punojn\u00eb p\u00ebr t\u00eb avancuar k\u00ebto produkte, n\u00eb m\u00ebnyr\u00eb q\u00eb ne t\u00eb jemi t\u00eb pranishem n\u00eb nivelin m\u00eb t\u00eb lart\u00eb q\u00eb tregu k\u00ebrkon.<\/p>\n\r\n\t\t<\/div>\r\n\t<\/div>\r\n<div class=\"w-separator size_large\"><\/div>\r\n\t<div class=\"wpb_text_column \">\r\n\t\t<div class=\"wpb_wrapper\">\r\n\t\t\t<h1><strong>Vizioni yn\u00eb<\/strong><\/h1>\n<h2 style=\"font-size: 15px; font-weight: normal;\"><a href=\"https:\/\/deutschcolor.com\/al\/\">Deutsch Color<\/a> krenohet me rolin e saj si nj\u00eb partner kryesor edhe n\u00eb biznese t\u00eb sektor\u00ebve m\u00eb t\u00eb vegj\u00ebl duke i ndihmuar ata n\u00eb rritjen dhe zhvillimin e tyre.<\/h2>\n<h3 style=\"font-size: 14px; font-weight: normal;\">Ne kemi nj\u00eb vizion t\u00eb fuqish\u00ebm. Prodhim, Zhvillim dhe Shp\u00ebrndarje. Ne synojm\u00eb t\u00eb p\u00ebrmbushim t\u00eb gjitha nevojat e klient\u00ebve n\u00eb fush\u00ebn e bojrave me t\u00eb gjitha nuancat e larmit\u00eb e tyre estetike dhe teknologjike \u00a0dhe do t\u00eb vazhdojm\u00eb t\u00eb hulumtojm\u00eb mbi metoda t\u00eb reja dhe efektive p\u00ebr t\u00eb arritur objektivin ton\u00eb n\u00eb rrug\u00ebn e suksesit.<br \/>\nDerim\u00ebtani, kemi arritur nj\u00eb status shum\u00ebkomb\u00ebsh t\u00eb mark\u00ebs son\u00eb. Vizioni yn\u00eb afatgjat\u00eb \u00ebsht\u00eb q\u00eb t\u00eb jemi t\u00eb pranish\u00ebm n\u00eb \u00e7do ambient tuajin n\u00ebp\u00ebrmjet konceptit t\u00eb boj\u00ebrave.<\/h3>\n<p>Ne synojm\u00eb tu ofrojm\u00eb t\u00eb gjith\u00eb konsumator\u00ebve dhe klient\u00ebve tan\u00eb konsulenc\u00ebn, sh\u00ebrbimet dhe produktet m\u00eb t\u00eb mira, t\u00eb nevojshme p\u00ebr k\u00ebrkesat e tyre. N\u00ebse jeni n\u00eb k\u00ebrkim t\u00eb nj\u00eb atmosfere ku motivimi, qart\u00ebsia dhe fokusi jan\u00eb thelb\u00ebsore, vet\u00ebm <a href=\"https:\/\/deutschcolor.com\/al\/\">Deutsch Colour<\/a> mund t\u2019ju ndihmoj\u00eb.<\/p>\n\r\n\t\t<\/div>\r\n\t<\/div>\r\n<div class=\"w-separator size_large\"><\/div>\r\n\t<div class=\"wpb_text_column \">\r\n\t\t<div class=\"wpb_wrapper\">\r\n\t\t\t<h1><strong>Strategjia jon\u00eb<\/strong><\/h1>\n<h2 style=\"font-size: 15px; font-weight: normal;\">Si pjes\u00eb e objektivave tan\u00eb strategjik\u00eb, ne fokusohemi n\u00eb ofrimin e nj\u00eb produkti t\u00eb q\u00ebndruesh\u00ebm, afatgjat\u00eb, n\u00eb treg me \u00e7mim t\u00eb arsyesh\u00ebm dhe t\u00eb p\u00ebrballuesh\u00ebm nga t\u00eb gjitha shtresat ekonomike.<\/h2>\n<h3 style=\"font-size: 14px; font-weight: normal;\">Strategjit\u00eb tona t\u00eb p\u00ebrgjithshme synojn\u00eb zgjerimin mbi asete t\u00eb reja, duke hapur nj\u00eb num\u00ebr t\u00eb madh filialesh n\u00eb nivel global, duke zhvilluar produkte t\u00eb reja p\u00ebr t\u00eb sjell\u00eb n\u00eb treg dhe p\u00ebr t\u00eb arritur q\u00ebllimin e p\u00ebrmbushjes s\u00eb k\u00ebrkesave t\u00eb klient\u00ebve brenda industris\u00eb s\u00eb bojrave.<\/h3>\n<p>Duke zgjeruar bizneset tona n\u00eb nivel komb\u00ebtar, ne po krijojm\u00eb mund\u00ebsi t\u00eb pafundme q\u00eb individ\u00eb t\u00eb ndrysh\u00ebm t\u00eb bashkohen me ne n\u00eb k\u00ebt\u00eb rrug\u00ebtim suksesi dhe t\u00eb jen\u00eb pjes\u00eb e nj\u00eb perandorie t\u00eb ardhshme. Pjestar\u00ebt e ekipit ton\u00eb k\u00ebrkimor profesional marrin parasysh t\u00eb gjitha reagimet e klient\u00ebve tan\u00eb me synim ofrimin e nj\u00eb produkti t\u00eb shk\u00eblqyer p\u00ebr tregun ton\u00eb.<\/p>\n<p>Nj\u00eb faktor tjet\u00ebr ky\u00e7 ku ne fokusohemi \u00ebsht\u00eb marketimi i mark\u00ebs son\u00eb. Ne e njohim r\u00ebnd\u00ebsin\u00eb e informimit t\u00eb t\u00eb gjith\u00eb klient\u00ebve rreth ofertave tona dhe programit t\u00eb besnik\u00ebris\u00eb s\u00eb klient\u00ebve, ndaj ne ruajm\u00eb nj\u00eb standard t\u00eb lart\u00eb marketingu dhe reklamimi.<\/p>\n\r\n\t\t<\/div>\r\n\t<\/div>\r\n<div class=\"w-separator size_large\"><\/div>\r\n\t<div class=\"wpb_text_column \">\r\n\t\t<div class=\"wpb_wrapper\">\r\n\t\t\t<h1><strong>P\u00ebrgjegj\u00ebsia shoq\u00ebrore\u00a0<\/strong><\/h1>\n<h2 style=\"font-size: 15px; font-weight: normal;\">T\u00eb gjitha produktet e <a href=\"https:\/\/deutschcolor.com\/al\/\">Deutsch Colour<\/a> jan\u00eb zhvilluar mbi baz\u00ebn e t\u00eb qenurit miq\u00ebsore ndaj mjedisit, si dhe duke pasur si synim q\u00eb t\u00eb jen\u00eb n\u00eb pajtueshm\u00ebri t\u00eb plot\u00eb me t\u00eb gjitha rregullat dhe rregulloret e standardeve t\u00eb sh\u00ebndetit ton\u00eb dhe t\u00eb siguris\u00eb.<\/h2>\n<h3 style=\"font-size: 14px; font-weight: normal;\">Ne jemi \u00e7ertifikuar sipas <a href=\"https:\/\/reborn.al\/en\/\">ISO 9001<\/a>, <a href=\"https:\/\/reborn.al\/en\/\">ISO 14001<\/a> dhe <a href=\"https:\/\/reborn.al\/en\/\">OHSAS 18001<\/a>, n\u00eb p\u00ebrputhje me Ligjin p\u00ebr Sh\u00ebndetin dhe Sigurin\u00eb.<\/h3>\n<p>P\u00ebr ne \u00ebsht\u00eb tep\u00ebr e r\u00ebnd\u00ebsishme q\u00eb drejtimin e nj\u00eb biznesi t\u00eb suksessh\u00ebm ta nd\u00ebrthurim edhe me p\u00ebrgjegj\u00ebsit\u00eb tona shoq\u00ebrore dhe mjedisore.<\/p>\n<p>Politika e kompanis\u00eb Deutsch Colour n\u00eb lidhje me individin dhe nevojat e tyre;<\/p>\n<p>&#8211; Ofrimi i nj\u00eb sh\u00ebrbimi t\u00eb drejt\u00eb p\u00ebr klient\u00ebt dhe furnitor\u00ebt.<br \/>\n&#8211; Ne p\u00ebrpiqemi t\u00eb marrim m\u00eb t\u00eb mir\u00ebn nga secili punonj\u00ebs, duke ofruar trajnimin e nevojsh\u00ebm, duke vler\u00ebsuar pun\u00ebn e zellshme dhe motivimin, etj.<br \/>\n&#8211; Detyra jon\u00eb \u00ebsht\u00eb t\u00eb garantojm\u00eb q\u00eb punonj\u00ebsit tan\u00eb t\u00eb jen\u00eb n\u00eb nj\u00eb mjedis t\u00eb sigurt pune, n\u00eb respektim t\u00eb t\u00eb gjitha rregullave dhe rregulloreve t\u00eb sh\u00ebndetit dhe siguris\u00eb. Synimi yn\u00eb \u00ebsht\u00eb parandalimi i aksidenteve n\u00eb pun\u00eb dhe i \u00e7do s\u00ebmundjeje tjet\u00ebr profesionale.<\/p>\n<p>&#8211; <a href=\"https:\/\/deutschcolor.com\/al\/contact\/\">Ne informojm\u00eb t\u00eb gjith\u00eb klient\u00ebt<\/a> dhe t\u00eb gjith\u00eb p\u00ebrdoruesit e tjer\u00eb mbi p\u00ebrdorimin e sakt\u00eb dhe t\u00eb sigurt t\u00eb produktit ton\u00eb.<\/p>\n\r\n\t\t<\/div>\r\n\t<\/div>\r\n<div class=\"w-separator size_large\"><\/div>\r\n\t<div class=\"wpb_text_column \">\r\n\t\t<div class=\"wpb_wrapper\">\r\n\t\t\t<h1><strong>Inovacioni\u00a0<\/strong><\/h1>\n<h2 style=\"font-size: 15px; font-weight: normal;\">Deutsch Color transformon, zbukuron dhe ndihmon n\u00eb ruajtjen dhe krijimin e nj\u00eb atmosfere t\u00eb qet\u00eb dhe relaksuese p\u00ebrreth jush. Ne na p\u00eblqen t\u00eb sjellim ndryshimin dhe kjo \u00ebsht\u00eb pik\u00ebrisht ajo q\u00eb kemi b\u00ebr\u00eb p\u00ebr m\u00eb shum\u00eb se 100 vjet dhe vazhdojm\u00eb t\u00eb b\u00ebjm\u00eb \u00e7do dit\u00eb.<\/h2>\n<h3 style=\"font-size: 14px; font-weight: normal;\">N\u00eb Deutsch Color krijimtaria nis me t\u00eb kuptuarit e nevojave t\u00eb konsumator\u00ebve tan\u00eb. Kjo do t\u00eb thot\u00eb t\u00eb kuptosh dhe t\u00eb parashikosh pritshm\u00ebrit\u00eb e tyre dhe nevoj\u00ebn e tyre p\u00ebr ndryshim.<br \/>\n<a href=\"https:\/\/deltacorporation.eu\/?utm_source=chatgpt.com\">Inovacionet tona<\/a> jan\u00eb kudo rreth jush, bojrat tona mbrojn\u00eb disa prej nd\u00ebrtesave m\u00eb ikonike n\u00ebp\u00ebr bot\u00eb. \u00c7do gj\u00eb q\u00eb ne b\u00ebjm\u00eb nxitet nga q\u00ebndrueshm\u00ebria, si pjes\u00eb e qasjes son\u00eb p\u00ebr t\u00eb ofruar sa m\u00eb shum\u00eb vler\u00eb t\u00eb jet\u00eb e mundur nga p\u00ebrdorimi i sa m\u00eb pak burimeve. Kjo do t\u00eb thot\u00eb q\u00eb ne rekrutojm\u00eb vet\u00ebm stafin m\u00eb t\u00eb mir\u00eb dhe punojm\u00eb me ekipin ton\u00eb p\u00ebr t\u00eb siguruar q\u00eb t\u00eb sjellim gjithmon\u00eb zgjidhje krijuese dhe inovative.<\/h3>\n\r\n\t\t<\/div>\r\n\t<\/div>\r\n<\/div><\/div><\/div><div class=\"vc_col-sm-1 wpb_column vc_column_container\"><div class=\"vc_column-inner\"><div class=\"wpb_wrapper\"><\/div><\/div><\/div><\/div><\/div><\/section>\n","protected":false},"excerpt":{"rendered":"RRETH NESHHomechevron_rightPages Rreth Kompanise Kompania Deutsch Color, pas nj\u00eb partneriteti me DC Investment, ka sjell\u00eb n\u00eb Shqip\u00ebri nj\u00eb nga investimet m\u00eb t\u00eb m\u00ebdha n\u00eb sektorin e boj\u00ebrave dhe materialeve te ndertimit n\u00eb Europ\u00ebn juglindore. Kjo fabrik\u00eb ekologjike, p\u00ebrmbush cdo nevoj\u00eb t\u00eb tregut vendas e m\u00eb gj\u00ebre, n\u00eb baz\u00eb t\u00eb efikasitetit, cil\u00ebsis\u00eb dhe nj\u00eb teknologjie bashk\u00ebkohore....","protected":false},"author":1,"featured_media":0,"parent":0,"menu_order":0,"comment_status":"closed","ping_status":"closed","template":"","meta":{"_glsr_average":0,"_glsr_ranking":0,"_glsr_reviews":0,"footnotes":""},"class_list":["post-23482","page","type-page","status-publish","hentry"],"yoast_head":"<!-- This site is optimized with the Yoast SEO plugin v15.0 - https:\/\/yoast.com\/wordpress\/plugins\/seo\/ -->\n<title>Fabrika m\u00eb e Madhe - Rreth Nesh - Deutsch Color- Boj\u00ebra Nd\u00ebrtimi.<\/title>\n<meta name=\"description\" content=\"Deutsch Color, n\u00eb partneritet me DC Investment, sjell nj\u00eb nga investimet m\u00eb t\u00eb m\u00ebdha n\u00eb Boj\u00ebra dhe Materiale Nd\u00ebrtimi n\u00eb Europ\u00ebn Juglindore.\" \/>\n<meta name=\"robots\" content=\"index, follow, max-snippet:-1, max-image-preview:large, max-video-preview:-1\" \/>\n<link rel=\"canonical\" href=\"https:\/\/deutschcolor.com\/al\/about-us\/\" \/>\n<meta property=\"og:locale\" content=\"en_US\" \/>\n<meta property=\"og:type\" content=\"article\" \/>\n<meta property=\"og:title\" content=\"Fabrika m\u00eb e Madhe - Rreth Nesh - Deutsch Color- Boj\u00ebra Nd\u00ebrtimi.\" \/>\n<meta property=\"og:description\" content=\"Deutsch Color, n\u00eb partneritet me DC Investment, sjell nj\u00eb nga investimet m\u00eb t\u00eb m\u00ebdha n\u00eb Boj\u00ebra dhe Materiale Nd\u00ebrtimi n\u00eb Europ\u00ebn Juglindore.\" \/>\n<meta property=\"og:url\" content=\"https:\/\/deutschcolor.com\/al\/about-us\/\" \/>\n<meta property=\"og:site_name\" content=\"Deutschcolor\" \/>\n<meta property=\"article:publisher\" content=\"https:\/\/www.facebook.com\/deutschcolorofficial\" \/>\n<meta property=\"article:modified_time\" content=\"2025-05-09T07:43:17+00:00\" \/>\n<meta name=\"twitter:card\" content=\"summary_large_image\" \/>\n<script type=\"application\/ld+json\" class=\"yoast-schema-graph\">{\"@context\":\"https:\/\/schema.org\",\"@graph\":[{\"@type\":\"WebSite\",\"@id\":\"https:\/\/deutschcolor.com\/al\/#website\",\"url\":\"https:\/\/deutschcolor.com\/al\/\",\"name\":\"Deutschcolor\",\"description\":\"Deutschcolor Albania\",\"potentialAction\":[{\"@type\":\"SearchAction\",\"target\":\"https:\/\/deutschcolor.com\/al\/?s={search_term_string}\",\"query-input\":\"required name=search_term_string\"}],\"inLanguage\":\"en-US\"},{\"@type\":\"WebPage\",\"@id\":\"https:\/\/deutschcolor.com\/al\/about-us\/#webpage\",\"url\":\"https:\/\/deutschcolor.com\/al\/about-us\/\",\"name\":\"Fabrika m\\u00eb e Madhe - Rreth Nesh - Deutsch Color- Boj\\u00ebra Nd\\u00ebrtimi.\",\"isPartOf\":{\"@id\":\"https:\/\/deutschcolor.com\/al\/#website\"},\"datePublished\":\"2019-04-02T17:10:10+00:00\",\"dateModified\":\"2025-05-09T07:43:17+00:00\",\"description\":\"Deutsch Color, n\\u00eb partneritet me DC Investment, sjell nj\\u00eb nga investimet m\\u00eb t\\u00eb m\\u00ebdha n\\u00eb Boj\\u00ebra dhe Materiale Nd\\u00ebrtimi n\\u00eb Europ\\u00ebn Juglindore.\",\"breadcrumb\":{\"@id\":\"https:\/\/deutschcolor.com\/al\/about-us\/#breadcrumb\"},\"inLanguage\":\"en-US\",\"potentialAction\":[{\"@type\":\"ReadAction\",\"target\":[\"https:\/\/deutschcolor.com\/al\/about-us\/\"]}]},{\"@type\":\"BreadcrumbList\",\"@id\":\"https:\/\/deutschcolor.com\/al\/about-us\/#breadcrumb\",\"itemListElement\":[{\"@type\":\"ListItem\",\"position\":1,\"item\":{\"@type\":\"WebPage\",\"@id\":\"https:\/\/deutschcolor.com\/al\/\",\"url\":\"https:\/\/deutschcolor.com\/al\/\",\"name\":\"Home\"}},{\"@type\":\"ListItem\",\"position\":2,\"item\":{\"@type\":\"WebPage\",\"@id\":\"https:\/\/deutschcolor.com\/al\/about-us\/\",\"url\":\"https:\/\/deutschcolor.com\/al\/about-us\/\",\"name\":\"RRETH NESH\"}}]}]}<\/script>\n<!-- \/ Yoast SEO plugin. -->","_links":{"self":[{"href":"https:\/\/deutschcolor.com\/al\/wp-json\/wp\/v2\/pages\/23482","targetHints":{"allow":["GET"]}}],"collection":[{"href":"https:\/\/deutschcolor.com\/al\/wp-json\/wp\/v2\/pages"}],"about":[{"href":"https:\/\/deutschcolor.com\/al\/wp-json\/wp\/v2\/types\/page"}],"author":[{"embeddable":true,"href":"https:\/\/deutschcolor.com\/al\/wp-json\/wp\/v2\/users\/1"}],"replies":[{"embeddable":true,"href":"https:\/\/deutschcolor.com\/al\/wp-json\/wp\/v2\/comments?post=23482"}],"version-history":[{"count":41,"href":"https:\/\/deutschcolor.com\/al\/wp-json\/wp\/v2\/pages\/23482\/revisions"}],"predecessor-version":[{"id":26457,"href":"https:\/\/deutschcolor.com\/al\/wp-json\/wp\/v2\/pages\/23482\/revisions\/26457"}],"wp:attachment":[{"href":"https:\/\/deutschcolor.com\/al\/wp-json\/wp\/v2\/media?parent=23482"}],"curies":[{"name":"wp","href":"https:\/\/api.w.org\/{rel}","templated":true}]}}