{"id":23561,"date":"2019-04-03T14:00:36","date_gmt":"2019-04-03T14:00:36","guid":{"rendered":"https:\/\/deutschcolor.com\/al\/?page_id=23561"},"modified":"2025-03-10T07:09:55","modified_gmt":"2025-03-10T07:09:55","slug":"career","status":"publish","type":"page","link":"https:\/\/deutschcolor.com\/al\/career\/","title":{"rendered":"KARRIERA"},"content":{"rendered":"<section class=\"l-section wpb_row height_large color_primary with_img parallax_ver with_overlay\"><div class=\"l-section-img\" style=\"background-image: url(https:\/\/deutschcolor.com\/al\/wp-content\/uploads\/2019\/04\/deutsch-color_fabrika.jpg);\" data-img-width=\"1675\" data-img-height=\"649\"><\/div><div class=\"l-section-overlay\" style=\"background-color: rgba(0,0,0,0.5)\"><\/div><div class=\"l-section-h i-cf\"><div class=\"g-cols vc_row type_default valign_middle\"><div class=\"vc_col-sm-12 wpb_column vc_column_container\"><div class=\"vc_column-inner\"><div class=\"wpb_wrapper\"><h1 class=\"w-page-title align_center\" itemprop=\"headline\" style=\"font-family:&#039;Roboto&#039;, sans-serif;font-size:3rem;line-height:1.1;\">KARRIERA<\/h1><ol class=\"g-breadcrumbs separator_icon align_center\" style=\"font-size:0.9rem;\" itemscope itemtype=\"http:\/\/schema.org\/BreadcrumbList\"><li class=\"g-breadcrumbs-item\" itemprop=\"itemListElement\" itemscope itemtype=\"http:\/\/schema.org\/ListItem\"><a itemprop=\"item\" href=\"https:\/\/deutschcolor.com\/al\/\"><span itemprop=\"name\">Home<\/span><\/a><meta itemprop=\"position\" content=\"1\"\/><\/li><li class=\"g-breadcrumbs-separator\"><i class=\"material-icons\">chevron_right<\/i><\/li><li class=\"g-breadcrumbs-item\">Pages<\/li><\/ol><\/div><\/div><\/div><\/div><\/div><\/section><section class=\"l-section wpb_row height_large\" id=\"services\"><div class=\"l-section-h i-cf\"><div class=\"g-cols vc_row type_default valign_top\"><div class=\"vc_col-sm-12 wpb_column vc_column_container\"><div class=\"vc_column-inner\"><div class=\"wpb_wrapper\">\r\n\t<div class=\"wpb_text_column \">\r\n\t\t<div class=\"wpb_wrapper\">\r\n\t\t\t<h2 class=\"header\" style=\"text-align: center;\">Karriera<\/h2>\n<div class=\"content\">\n<div class=\"custom \">\n<h3 style=\"text-align: center;\">\u00c7far\u00eb e b\u00ebn Deutschcolor nj\u00eb vend t\u00eb p\u00ebrshtatsh\u00ebm pune?<\/h3>\n<p style=\"text-align: center;\">Ne, n\u00eb Deutschcolor kemi kuptuar se \u00e7el\u00ebsi i suksesit \u00ebsht\u00eb nj\u00eb staf bashk\u00ebpunues dhe i organizuar. P\u00ebr k\u00ebt\u00eb arsye, gjat\u00eb gjith\u00eb k\u00ebtyre viteve, ne jemi p\u00ebrpjekur t\u00eb nd\u00ebrtojm\u00eb nj\u00eb grup q\u00eb jep kontributin e tij \u00e7do dit\u00eb n\u00eb kompani. Nd\u00ebrsa kompania \u00ebsht\u00eb gjithnj\u00eb n\u00eb rritje, po k\u00ebshtu edhe stafi yn\u00eb punon \u00e7do dit\u00eb. Fillestar\u00ebt e gjejn\u00eb veten n\u00eb an\u00ebn profesionale duke pasur nj\u00eb s\u00ebr\u00eb mund\u00ebsish p\u00ebr karrier\u00eb n\u00eb njohjen dhe zhvillimin profesional. Kjo \u00ebsht\u00eb arsyeja pse ne k\u00ebrkojm\u00eb njer\u00ebz ambicioz\u00eb q\u00eb duan t\u00eb bashkohen me ekipin ton\u00eb<\/p>\n<p style=\"text-align: center;\">P\u00ebr t\u00eb aplikuar ju lutem d\u00ebrgoni CV-n\u00eb tuaj me foto dhe dokumente shtes\u00eb, duke specifikuar pozicionin tuaj p\u00ebr t\u00eb cilin aplikoni, n\u00eb adres\u00ebn e email: <span id=\"cloak7a082a407e18382e84b1d5c8d295f699\"><a href=\"mailto:hr@deutschcolor.de\">hr@deutschcolor.de<\/a><\/span><\/p>\n<div class=\"cv-info\">\n<h3 style=\"text-align: center;\">Informacioni i nevojsh\u00ebm p\u00ebr t\u00eb paraqitur nj\u00eb aplikim p\u00ebr pun\u00eb p\u00ebrfshin:<\/h3>\n<\/div>\n<\/div>\n<\/div>\n\r\n\t\t<\/div>\r\n\t<\/div>\r\n<div class=\"w-separator size_medium\"><\/div><div class=\"g-cols wpb_row  type_default valign_top vc_inner \"><div class=\"vc_col-sm-3 wpb_column vc_column_container\"><div class=\"vc_column-inner\"><div class=\"wpb_wrapper\"><div class=\"w-flipbox animation_cardflip direction_w\" style=\"width:100%;\"><div class=\"w-flipbox-h easing_ease\" style=\"transition-duration:0.5s;\"><div class=\"w-flipbox-hh\"><div class=\"w-flipbox-front\" style=\"height:250px;background-color:#f8d248;color:#212121;\"><div class=\"w-flipbox-front-h\"><h4 class=\"w-flipbox-front-title\" style=\"color:#212121;\">T\u00cb DH\u00cbNAT PERSONALE<\/h4><\/div><\/div><div class=\"w-flipbox-back\" style=\"display:none;\"><div class=\"w-flipbox-back-h\"><div class=\"w-flipbox-back-desc\"><p>Emri<br \/>\nAdresa,<br \/>\nQyteti i Vendbanimit<br \/>\nNumri i Telefonit<br \/>\nAdresa e Email-it<\/p>\n<\/div><\/div><\/div><\/div><\/div><\/div><\/div><\/div><\/div><div class=\"vc_col-sm-3 wpb_column vc_column_container\"><div class=\"vc_column-inner\"><div class=\"wpb_wrapper\"><div class=\"w-flipbox animation_cardflip direction_w\" style=\"width:100%;\"><div class=\"w-flipbox-h easing_ease\" style=\"transition-duration:0.5s;\"><div class=\"w-flipbox-hh\"><div class=\"w-flipbox-front\" style=\"height:250px;background-color:#f8d248;color:#212121;\"><div class=\"w-flipbox-front-h\"><h4 class=\"w-flipbox-front-title\" style=\"color:#212121;\">EDUKIMI DHE EKSPERIENCA<\/h4><\/div><\/div><div class=\"w-flipbox-back\" style=\"display:none;\"><div class=\"w-flipbox-back-h\"><div class=\"w-flipbox-back-desc\"><p>Diplom\u00eb universitare n\u00eb profilin p\u00ebrkat\u00ebs t\u00eb k\u00ebrkuar. Diploma dhe certifikata t\u00eb tjera kualifikimi n\u00eb mb\u00ebshtetje t\u00eb aplikimit tuaj.<\/p>\n<\/div><\/div><\/div><\/div><\/div><\/div><\/div><\/div><\/div><div class=\"vc_col-sm-3 wpb_column vc_column_container\"><div class=\"vc_column-inner\"><div class=\"wpb_wrapper\"><div class=\"w-flipbox animation_cardflip direction_w\" style=\"width:100%;\"><div class=\"w-flipbox-h easing_ease\" style=\"transition-duration:0.5s;\"><div class=\"w-flipbox-hh\"><div class=\"w-flipbox-front\" style=\"height:250px;background-color:#f8d248;color:#212121;\"><div class=\"w-flipbox-front-h\"><h4 class=\"w-flipbox-front-title\" style=\"color:#212121;\">LET\u00cbR INTERESI<\/h4><\/div><\/div><div class=\"w-flipbox-back\" style=\"display:none;\"><div class=\"w-flipbox-back-h\"><div class=\"w-flipbox-back-desc\"><p>Duhet te specifikoni pozicionin per te cilin aplikoni.<\/p>\n<\/div><\/div><\/div><\/div><\/div><\/div><\/div><\/div><\/div><div class=\"vc_col-sm-3 wpb_column vc_column_container\"><div class=\"vc_column-inner\"><div class=\"wpb_wrapper\"><div class=\"w-flipbox animation_cardflip direction_w\" style=\"width:100%;\"><div class=\"w-flipbox-h easing_ease\" style=\"transition-duration:0.5s;\"><div class=\"w-flipbox-hh\"><div class=\"w-flipbox-front\" style=\"height:250px;background-color:#f8d248;color:#212121;\"><div class=\"w-flipbox-front-h\"><h4 class=\"w-flipbox-front-title\" style=\"color:#212121;\">REFERENCA<\/h4><\/div><\/div><div class=\"w-flipbox-back\" style=\"display:none;\"><div class=\"w-flipbox-back-h\"><div class=\"w-flipbox-back-desc\"><p>Var\u00ebsisht nga pozicioni q\u00eb aplikohet, do t\u00eb ket\u00eb kritere specifike.<\/p>\n<\/div><\/div><\/div><\/div><\/div><\/div><\/div><\/div><\/div><\/div><div class=\"w-separator size_medium\"><\/div>\r\n\t<div class=\"wpb_text_column \">\r\n\t\t<div class=\"wpb_wrapper\">\r\n\t\t\t<p style=\"text-align: center;\">Ju do t\u00eb kontaktoheni nga departamenti i burimeve njer\u00ebzore vet\u00ebm n\u00ebse CV-ja juaj dhe dokumentet shtes\u00eb do t\u00eb klasifikohen \/ p\u00ebrzgjidhen nga ekipi yn\u00eb i vler\u00ebsimit.<br \/>\nMe ne CV juaj do t\u00eb jet\u00eb e sigurt dhe do t\u00eb trajtohet n\u00eb konfidencialitet t\u00eb plot\u00eb.<\/p>\n\r\n\t\t<\/div>\r\n\t<\/div>\r\n<div class=\"w-separator size_medium\"><\/div><div class=\"g-cols wpb_row  type_default valign_top vc_inner  vc_custom_1554302754935\"><div class=\"vc_col-sm-8 wpb_column vc_column_container has-link\"><div class=\"vc_column-inner\"><div class=\"wpb_wrapper\"><div class=\"w-separator size_medium\"><\/div>\r\n\t<div class=\"wpb_text_column \">\r\n\t\t<div class=\"wpb_wrapper\">\r\n\t\t\t<h3><strong>Njoftim Pune<\/strong><\/h3>\n\r\n\t\t<\/div>\r\n\t<\/div>\r\n<div class=\"w-separator size_medium\"><\/div><\/div><a class=\"vc_column-link smooth-scroll\" href=\"https:\/\/deutschcolor.com\/al\/karriera\/njoftim-pune\/\" title=\"Njoftim Pune\"><\/a><\/div><\/div><div class=\"vc_col-sm-4 wpb_column vc_column_container has-link\"><div class=\"vc_column-inner\"><div class=\"wpb_wrapper\"><div class=\"w-separator size_medium\"><\/div>\r\n\t<div class=\"wpb_text_column \">\r\n\t\t<div class=\"wpb_wrapper\">\r\n\t\t\t<p style=\"text-align: center;\"><strong>LEXO M\u00cb SHUM\u00cb<\/strong><\/p>\n\r\n\t\t<\/div>\r\n\t<\/div>\r\n<div class=\"w-separator size_medium\"><\/div><\/div><a class=\"vc_column-link smooth-scroll\" href=\"https:\/\/deutschcolor.com\/al\/karriera\/njoftim-pune\/\" title=\"Njoftim Pune\"><\/a><\/div><\/div><\/div><\/div><\/div><\/div><\/div><\/div><\/section>\n","protected":false},"excerpt":{"rendered":"KARRIERAHomechevron_rightPages Karriera \u00c7far\u00eb e b\u00ebn Deutschcolor nj\u00eb vend t\u00eb p\u00ebrshtatsh\u00ebm pune? Ne, n\u00eb Deutschcolor kemi kuptuar se \u00e7el\u00ebsi i suksesit \u00ebsht\u00eb nj\u00eb staf bashk\u00ebpunues dhe i organizuar. P\u00ebr k\u00ebt\u00eb arsye, gjat\u00eb gjith\u00eb k\u00ebtyre viteve, ne jemi p\u00ebrpjekur t\u00eb nd\u00ebrtojm\u00eb nj\u00eb grup q\u00eb jep kontributin e tij \u00e7do dit\u00eb n\u00eb kompani. Nd\u00ebrsa kompania \u00ebsht\u00eb gjithnj\u00eb n\u00eb...","protected":false},"author":1,"featured_media":0,"parent":0,"menu_order":0,"comment_status":"closed","ping_status":"closed","template":"","meta":{"_glsr_average":0,"_glsr_ranking":0,"_glsr_reviews":0,"footnotes":""},"class_list":["post-23561","page","type-page","status-publish","hentry"],"yoast_head":"<!-- This site is optimized with the Yoast SEO plugin v15.0 - https:\/\/yoast.com\/wordpress\/plugins\/seo\/ -->\n<title>KARRIERA - Deutschcolor kemi kuptuar se \u00e7el\u00ebsi i suksesit - Apliko Ketu.<\/title>\n<meta name=\"description\" content=\"Ne, n\u00eb Deutschcolor kemi kuptuar se \u00e7el\u00ebsi i suksesit \u00ebsht\u00eb nj\u00eb staf bashk\u00ebpunues dhe i organizuar. Nd\u00ebrsa kompania \u00ebsht\u00eb gjithnj\u00eb n\u00eb rritje.\" \/>\n<meta name=\"robots\" content=\"index, follow, max-snippet:-1, max-image-preview:large, max-video-preview:-1\" \/>\n<link rel=\"canonical\" href=\"https:\/\/deutschcolor.com\/al\/career\/\" \/>\n<meta property=\"og:locale\" content=\"en_US\" \/>\n<meta property=\"og:type\" content=\"article\" \/>\n<meta property=\"og:title\" content=\"KARRIERA - Deutschcolor kemi kuptuar se \u00e7el\u00ebsi i suksesit - Apliko Ketu.\" \/>\n<meta property=\"og:description\" content=\"Ne, n\u00eb Deutschcolor kemi kuptuar se \u00e7el\u00ebsi i suksesit \u00ebsht\u00eb nj\u00eb staf bashk\u00ebpunues dhe i organizuar. Nd\u00ebrsa kompania \u00ebsht\u00eb gjithnj\u00eb n\u00eb rritje.\" \/>\n<meta property=\"og:url\" content=\"https:\/\/deutschcolor.com\/al\/career\/\" \/>\n<meta property=\"og:site_name\" content=\"Deutschcolor\" \/>\n<meta property=\"article:publisher\" content=\"https:\/\/www.facebook.com\/deutschcolorofficial\" \/>\n<meta property=\"article:modified_time\" content=\"2025-03-10T07:09:55+00:00\" \/>\n<meta name=\"twitter:card\" content=\"summary_large_image\" \/>\n<script type=\"application\/ld+json\" class=\"yoast-schema-graph\">{\"@context\":\"https:\/\/schema.org\",\"@graph\":[{\"@type\":\"WebSite\",\"@id\":\"https:\/\/deutschcolor.com\/al\/#website\",\"url\":\"https:\/\/deutschcolor.com\/al\/\",\"name\":\"Deutschcolor\",\"description\":\"Deutschcolor Albania\",\"potentialAction\":[{\"@type\":\"SearchAction\",\"target\":\"https:\/\/deutschcolor.com\/al\/?s={search_term_string}\",\"query-input\":\"required name=search_term_string\"}],\"inLanguage\":\"en-US\"},{\"@type\":\"WebPage\",\"@id\":\"https:\/\/deutschcolor.com\/al\/career\/#webpage\",\"url\":\"https:\/\/deutschcolor.com\/al\/career\/\",\"name\":\"KARRIERA - Deutschcolor kemi kuptuar se \\u00e7el\\u00ebsi i suksesit - Apliko Ketu.\",\"isPartOf\":{\"@id\":\"https:\/\/deutschcolor.com\/al\/#website\"},\"datePublished\":\"2019-04-03T14:00:36+00:00\",\"dateModified\":\"2025-03-10T07:09:55+00:00\",\"description\":\"Ne, n\\u00eb Deutschcolor kemi kuptuar se \\u00e7el\\u00ebsi i suksesit \\u00ebsht\\u00eb nj\\u00eb staf bashk\\u00ebpunues dhe i organizuar. Nd\\u00ebrsa kompania \\u00ebsht\\u00eb gjithnj\\u00eb n\\u00eb rritje.\",\"breadcrumb\":{\"@id\":\"https:\/\/deutschcolor.com\/al\/career\/#breadcrumb\"},\"inLanguage\":\"en-US\",\"potentialAction\":[{\"@type\":\"ReadAction\",\"target\":[\"https:\/\/deutschcolor.com\/al\/career\/\"]}]},{\"@type\":\"BreadcrumbList\",\"@id\":\"https:\/\/deutschcolor.com\/al\/career\/#breadcrumb\",\"itemListElement\":[{\"@type\":\"ListItem\",\"position\":1,\"item\":{\"@type\":\"WebPage\",\"@id\":\"https:\/\/deutschcolor.com\/al\/\",\"url\":\"https:\/\/deutschcolor.com\/al\/\",\"name\":\"Home\"}},{\"@type\":\"ListItem\",\"position\":2,\"item\":{\"@type\":\"WebPage\",\"@id\":\"https:\/\/deutschcolor.com\/al\/career\/\",\"url\":\"https:\/\/deutschcolor.com\/al\/career\/\",\"name\":\"KARRIERA\"}}]}]}<\/script>\n<!-- \/ Yoast SEO plugin. -->","_links":{"self":[{"href":"https:\/\/deutschcolor.com\/al\/wp-json\/wp\/v2\/pages\/23561","targetHints":{"allow":["GET"]}}],"collection":[{"href":"https:\/\/deutschcolor.com\/al\/wp-json\/wp\/v2\/pages"}],"about":[{"href":"https:\/\/deutschcolor.com\/al\/wp-json\/wp\/v2\/types\/page"}],"author":[{"embeddable":true,"href":"https:\/\/deutschcolor.com\/al\/wp-json\/wp\/v2\/users\/1"}],"replies":[{"embeddable":true,"href":"https:\/\/deutschcolor.com\/al\/wp-json\/wp\/v2\/comments?post=23561"}],"version-history":[{"count":32,"href":"https:\/\/deutschcolor.com\/al\/wp-json\/wp\/v2\/pages\/23561\/revisions"}],"predecessor-version":[{"id":25998,"href":"https:\/\/deutschcolor.com\/al\/wp-json\/wp\/v2\/pages\/23561\/revisions\/25998"}],"wp:attachment":[{"href":"https:\/\/deutschcolor.com\/al\/wp-json\/wp\/v2\/media?parent=23561"}],"curies":[{"name":"wp","href":"https:\/\/api.w.org\/{rel}","templated":true}]}}