{"id":23583,"date":"2019-04-03T14:16:45","date_gmt":"2019-04-03T14:16:45","guid":{"rendered":"https:\/\/deutschcolor.com\/al\/?page_id=23583"},"modified":"2025-06-25T08:05:43","modified_gmt":"2025-06-25T08:05:43","slug":"njoftim-pune","status":"publish","type":"page","link":"https:\/\/deutschcolor.com\/al\/career\/njoftim-pune\/","title":{"rendered":"Njoftim Pune"},"content":{"rendered":"<section class=\"l-section wpb_row height_large\"><div class=\"l-section-h i-cf\"><div class=\"g-cols vc_row type_default valign_top\"><div class=\"vc_col-sm-12 wpb_column vc_column_container\"><div class=\"vc_column-inner\"><div class=\"wpb_wrapper\">\r\n\t<div class=\"wpb_text_column \">\r\n\t\t<div class=\"wpb_wrapper\">\r\n\t\t\t<h1>Njoftim Pune<\/h1>\n<h2 style=\"font-size: 17px; font-weight: bold;\">Deutschcolor: Partneritet Strategjik dhe Investim n\u00eb Shqip\u00ebri<\/h2>\n<p>Deutschcolor, n\u00ebp\u00ebrmjet nj\u00eb partneriteti afatgjat\u00eb me <a href=\"https:\/\/www.deltacorporation.eu\/\" target=\"_blank\" rel=\"noopener noreferrer\">DELTA CORPORATION<\/a>, ka nd\u00ebrtuar nj\u00eb nga fabrikat m\u00eb moderne n\u00eb Ballkan, duke implementuar teknologji gjermane t\u00eb avancuar p\u00ebr prodhimin e <a href=\"https:\/\/deutschcolor.com\/al\/product-category\/bojra\/\">bojerave ekologjike<\/a> dhe produkteve t\u00eb tjera industriale.<\/p>\n<h3 style=\"font-size: 16px;\">Fabrika Moderne e Bojerave \u2013 Teknologji dhe Ekologji<\/h3>\n<p>Me fokus n\u00eb ekologji dhe cil\u00ebsi, impianti i ri ndjek standardet m\u00eb t\u00eb larta t\u00eb prodhimit si\u00e7 referohet edhe n\u00eb <a href=\"https:\/\/en.wikipedia.org\/wiki\/Low_VOC_paint\" target=\"_blank\" rel=\"nofollow noopener\">Wikipedia \u2013 Low VOC Paint<\/a>, duke kontribuar jo vet\u00ebm n\u00eb rritjen e industris\u00eb shqiptare, por edhe n\u00eb mbrojtjen e mjedisit.<\/p>\n<h2 style=\"font-size: 17px; font-weight: bold;\">Mund\u00ebsi Pune dhe Zhvillim Profesional<\/h2>\n<p>Deutschcolor \u00ebsht\u00eb gjithmon\u00eb i hapur p\u00ebr t\u00eb mir\u00ebpritur individ\u00eb energjik\u00eb dhe ambicioz\u00eb q\u00eb duan t\u00eb zhvillohen profesionalisht n\u00eb nj\u00eb ambient q\u00eb vler\u00ebson: Komunikimin dhe bashk\u00ebpunimin e ekipit Klim\u00ebn pozitive n\u00eb pun\u00eb Motivimin sipas performanc\u00ebs dhe vjet\u00ebrsis\u00eb<\/p>\n<h3 style=\"font-size: 16px;\">Apliko n\u00eb Deutschcolor<\/h3>\n<p>Aktualisht <strong>nuk ka pozicione t\u00eb lira<\/strong>, por ju inkurajojm\u00eb t\u00eb na vizitoni rregullisht ose t\u00eb d\u00ebrgoni aplikimin tuaj t\u00eb hapur n\u00eb <a href=\"https:\/\/deutschcolor.com\/al\/career\/\">faqen e karrier\u00ebs<\/a>. \ud83d\udce9 Mund t\u00eb aplikoni me CV-n\u00eb tuaj p\u00ebrmes emailit ose platformave t\u00eb pun\u00ebsimit si: LinkedIn Jobs Indeed Albania<\/p>\n<h2 style=\"font-size: 17px; font-weight: bold;\">Deutschcolor \u2013 Nj\u00eb Em\u00ebr i Besuesh\u00ebm n\u00eb Industrin\u00eb e Bojerave<\/h2>\n<p>P\u00ebr m\u00eb shum\u00eb informacion mbi produktet tona dhe teknologjin\u00eb e p\u00ebrdorur, vizitoni seksionin ton\u00eb t\u00eb <a href=\"https:\/\/deutschcolor.com\/al\/about-us\/\">informacionit t\u00eb kompanis\u00eb<\/a> ose lexoni m\u00eb shum\u00eb rreth trendeve globale t\u00eb prodhimit n\u00eb burime si <a href=\"https:\/\/www.archdaily.com\/899435\/how-eco-paint-is-making-buildings-healthier\" target=\"_blank\" rel=\"noopener\">ArchDaily<\/a>.<\/p>\n\r\n\t\t<\/div>\r\n\t<\/div>\r\n<div class=\"w-separator size_medium\"><\/div><div class=\"g-cols wpb_row  type_default valign_top vc_inner \"><div class=\"vc_col-sm-3 wpb_column vc_column_container\"><div class=\"vc_column-inner\"><div class=\"wpb_wrapper\"><\/div><\/div><\/div><div class=\"vc_col-sm-6 wpb_column vc_column_container\"><div class=\"vc_column-inner\"><div class=\"wpb_wrapper\">\r\n\t<div class=\"wpb_text_column \">\r\n\t\t<div class=\"wpb_wrapper\">\r\n\t\t\t<h3 style=\"text-align: center;\"><strong>Aplikoni p\u00ebr pozicionin e pun\u00ebs<\/strong><\/h3>\n\r\n\t\t<\/div>\r\n\t<\/div>\r\n<div role=\"form\" class=\"wpcf7\" id=\"wpcf7-f23586-o1\" lang=\"en-US\" dir=\"ltr\">\n<div class=\"screen-reader-response\" role=\"alert\" aria-live=\"polite\"><\/div>\n<form action=\"\/al\/wp-json\/wp\/v2\/pages\/23583#wpcf7-f23586-o1\" method=\"post\" class=\"wpcf7-form init\" enctype=\"multipart\/form-data\" novalidate=\"novalidate\">\n<div style=\"display: none;\">\n<input type=\"hidden\" name=\"_wpcf7\" value=\"23586\" \/>\n<input type=\"hidden\" name=\"_wpcf7_version\" value=\"5.2.2\" \/>\n<input type=\"hidden\" name=\"_wpcf7_locale\" value=\"en_US\" \/>\n<input type=\"hidden\" name=\"_wpcf7_unit_tag\" value=\"wpcf7-f23586-o1\" \/>\n<input type=\"hidden\" name=\"_wpcf7_container_post\" value=\"0\" \/>\n<input type=\"hidden\" name=\"_wpcf7_posted_data_hash\" value=\"\" \/>\n<\/div>\n<p><label> Emri juaj(*)<br \/>\n    <span class=\"wpcf7-form-control-wrap your-name\"><input type=\"text\" name=\"your-name\" value=\"\" size=\"40\" class=\"wpcf7-form-control wpcf7-text wpcf7-validates-as-required\" aria-required=\"true\" aria-invalid=\"false\" \/><\/span> <\/label><\/p>\n<p><label> Email-i juaj(*)<br \/>\n    <span class=\"wpcf7-form-control-wrap your-email\"><input type=\"email\" name=\"your-email\" value=\"\" size=\"40\" class=\"wpcf7-form-control wpcf7-text wpcf7-email wpcf7-validates-as-required wpcf7-validates-as-email\" aria-required=\"true\" aria-invalid=\"false\" \/><\/span> <\/label><\/p>\n<p><label> Pozicioni p\u00ebr t\u00eb cilin po alpikoni(*)<br \/>\n    <span class=\"wpcf7-form-control-wrap pozicioni-punes\"><input type=\"text\" name=\"pozicioni-punes\" value=\"\" size=\"40\" class=\"wpcf7-form-control wpcf7-text\" aria-invalid=\"false\" \/><\/span> <\/label><\/p>\n<p><span class=\"wpcf7-form-control-wrap your-file\"><input type=\"file\" name=\"your-file\" size=\"40\" class=\"wpcf7-form-control wpcf7-file\" accept=\".pdf\" aria-invalid=\"false\" \/><\/span><\/p>\n<p><span class=\"wpcf7-form-control-wrap acceptance-786\"><span class=\"wpcf7-form-control wpcf7-acceptance\"><span class=\"wpcf7-list-item\"><input type=\"checkbox\" name=\"acceptance-786\" value=\"1\" aria-invalid=\"false\" \/><\/span><\/span><\/span><\/p>\n<p><input type=\"submit\" value=\"Dergo\" class=\"wpcf7-form-control wpcf7-submit\" \/><\/p>\n<div class=\"wpcf7-response-output\" role=\"alert\" aria-hidden=\"true\"><\/div><\/form><\/div><div class=\"w-separator size_medium\"><\/div>\r\n\t<div class=\"wpb_text_column \">\r\n\t\t<div class=\"wpb_wrapper\">\r\n\t\t\t<p style=\"text-align: center;\"><strong>Shperndaje kete postim:<\/strong><\/p>\n\r\n\t\t<\/div>\r\n\t<\/div>\r\n<div class=\"w-sharing type_simple align_center color_primary\" style=\"font-size:1.2rem;\"><div class=\"w-sharing-list\" data-sharing-url=\"https:\/\/deutschcolor.com\/al\/al\/wp-json\/wp\/v2\/pages\/23583\" data-sharing-image=\"https:\/\/deutschcolor.com\/al\/wp-content\/uploads\/2019\/04\/deutsch-color_fabrika.jpg\"><a class=\"w-sharing-item email\" title=\"Email this\" href=\"javascript:void(0) \"><span class=\"w-sharing-icon \"><\/span><\/a><a class=\"w-sharing-item facebook\" title=\"Share this\" href=\"javascript:void(0) \"><span class=\"w-sharing-icon \"><\/span><\/a><a class=\"w-sharing-item twitter\" title=\"Tweet this\" href=\"javascript:void(0) \"><span class=\"w-sharing-icon \"><\/span><\/a><a class=\"w-sharing-item linkedin\" title=\"Share this\" href=\"javascript:void(0) \"><span class=\"w-sharing-icon \"><\/span><\/a><a class=\"w-sharing-item whatsapp\" title=\"Share this\" href=\"javascript:void(0) \"><span class=\"w-sharing-icon \"><\/span><\/a><\/div><\/div><\/div><\/div><\/div><div class=\"vc_col-sm-3 wpb_column vc_column_container\"><div class=\"vc_column-inner\"><div class=\"wpb_wrapper\"><\/div><\/div><\/div><\/div><\/div><\/div><\/div><\/div><\/div><\/section>\n","protected":false},"excerpt":{"rendered":"Njoftim Pune Deutschcolor: Partneritet Strategjik dhe Investim n\u00eb Shqip\u00ebri Deutschcolor, n\u00ebp\u00ebrmjet nj\u00eb partneriteti afatgjat\u00eb me DELTA CORPORATION, ka nd\u00ebrtuar nj\u00eb nga fabrikat m\u00eb moderne n\u00eb Ballkan, duke implementuar teknologji gjermane t\u00eb avancuar p\u00ebr prodhimin e bojerave ekologjike dhe produkteve t\u00eb tjera industriale. Fabrika Moderne e Bojerave \u2013 Teknologji dhe Ekologji Me fokus n\u00eb ekologji dhe...","protected":false},"author":1,"featured_media":23487,"parent":23561,"menu_order":0,"comment_status":"closed","ping_status":"closed","template":"","meta":{"_glsr_average":0,"_glsr_ranking":0,"_glsr_reviews":0,"footnotes":""},"class_list":["post-23583","page","type-page","status-publish","has-post-thumbnail","hentry"],"yoast_head":"<!-- This site is optimized with the Yoast SEO plugin v15.0 - https:\/\/yoast.com\/wordpress\/plugins\/seo\/ -->\n<title>Njoftime Pune - Deutsch Color<\/title>\n<meta name=\"description\" content=\"Deutsch Color, n\u00ebp\u00ebrmjet nj\u00eb partneriteti afatgjat\u00eb me DELTA CORPORATION, ka nd\u00ebrtuar nj\u00eb nga fabrikat m\u00eb moderne n\u00eb Ballkan,\" \/>\n<meta name=\"robots\" content=\"index, follow, max-snippet:-1, max-image-preview:large, max-video-preview:-1\" \/>\n<link rel=\"canonical\" href=\"https:\/\/deutschcolor.com\/al\/career\/njoftim-pune\/\" \/>\n<meta property=\"og:locale\" content=\"en_US\" \/>\n<meta property=\"og:type\" content=\"article\" \/>\n<meta property=\"og:title\" content=\"Njoftime Pune - Deutsch Color\" \/>\n<meta property=\"og:description\" content=\"Deutsch Color, n\u00ebp\u00ebrmjet nj\u00eb partneriteti afatgjat\u00eb me DELTA CORPORATION, ka nd\u00ebrtuar nj\u00eb nga fabrikat m\u00eb moderne n\u00eb Ballkan,\" \/>\n<meta property=\"og:url\" content=\"https:\/\/deutschcolor.com\/al\/career\/njoftim-pune\/\" \/>\n<meta property=\"og:site_name\" content=\"Deutschcolor\" \/>\n<meta property=\"article:publisher\" content=\"https:\/\/www.facebook.com\/deutschcolorofficial\" \/>\n<meta property=\"article:modified_time\" content=\"2025-06-25T08:05:43+00:00\" \/>\n<meta property=\"og:image\" content=\"https:\/\/deutschcolor.com\/al\/wp-content\/uploads\/2019\/04\/deutsch-color_fabrika.jpg\" \/>\n\t<meta property=\"og:image:width\" content=\"1675\" \/>\n\t<meta property=\"og:image:height\" content=\"649\" \/>\n<meta name=\"twitter:card\" content=\"summary_large_image\" \/>\n<script type=\"application\/ld+json\" class=\"yoast-schema-graph\">{\"@context\":\"https:\/\/schema.org\",\"@graph\":[{\"@type\":\"WebSite\",\"@id\":\"https:\/\/deutschcolor.com\/al\/#website\",\"url\":\"https:\/\/deutschcolor.com\/al\/\",\"name\":\"Deutschcolor\",\"description\":\"Deutschcolor Albania\",\"potentialAction\":[{\"@type\":\"SearchAction\",\"target\":\"https:\/\/deutschcolor.com\/al\/?s={search_term_string}\",\"query-input\":\"required name=search_term_string\"}],\"inLanguage\":\"en-US\"},{\"@type\":\"ImageObject\",\"@id\":\"https:\/\/deutschcolor.com\/al\/career\/njoftim-pune\/#primaryimage\",\"inLanguage\":\"en-US\",\"url\":\"https:\/\/deutschcolor.com\/al\/wp-content\/uploads\/2019\/04\/deutsch-color_fabrika.jpg\",\"width\":1675,\"height\":649,\"caption\":\"Deutschcolor, n\\u00ebp\\u00ebrmjet nj\\u00eb partneriteti afatgjat\\u00eb me DELTA CORPORATION\"},{\"@type\":\"WebPage\",\"@id\":\"https:\/\/deutschcolor.com\/al\/career\/njoftim-pune\/#webpage\",\"url\":\"https:\/\/deutschcolor.com\/al\/career\/njoftim-pune\/\",\"name\":\"Njoftime Pune - Deutsch Color\",\"isPartOf\":{\"@id\":\"https:\/\/deutschcolor.com\/al\/#website\"},\"primaryImageOfPage\":{\"@id\":\"https:\/\/deutschcolor.com\/al\/career\/njoftim-pune\/#primaryimage\"},\"datePublished\":\"2019-04-03T14:16:45+00:00\",\"dateModified\":\"2025-06-25T08:05:43+00:00\",\"description\":\"Deutsch Color, n\\u00ebp\\u00ebrmjet nj\\u00eb partneriteti afatgjat\\u00eb me DELTA CORPORATION, ka nd\\u00ebrtuar nj\\u00eb nga fabrikat m\\u00eb moderne n\\u00eb Ballkan,\",\"breadcrumb\":{\"@id\":\"https:\/\/deutschcolor.com\/al\/career\/njoftim-pune\/#breadcrumb\"},\"inLanguage\":\"en-US\",\"potentialAction\":[{\"@type\":\"ReadAction\",\"target\":[\"https:\/\/deutschcolor.com\/al\/career\/njoftim-pune\/\"]}]},{\"@type\":\"BreadcrumbList\",\"@id\":\"https:\/\/deutschcolor.com\/al\/career\/njoftim-pune\/#breadcrumb\",\"itemListElement\":[{\"@type\":\"ListItem\",\"position\":1,\"item\":{\"@type\":\"WebPage\",\"@id\":\"https:\/\/deutschcolor.com\/al\/\",\"url\":\"https:\/\/deutschcolor.com\/al\/\",\"name\":\"Home\"}},{\"@type\":\"ListItem\",\"position\":2,\"item\":{\"@type\":\"WebPage\",\"@id\":\"https:\/\/deutschcolor.com\/al\/career\/\",\"url\":\"https:\/\/deutschcolor.com\/al\/career\/\",\"name\":\"KARRIERA\"}},{\"@type\":\"ListItem\",\"position\":3,\"item\":{\"@type\":\"WebPage\",\"@id\":\"https:\/\/deutschcolor.com\/al\/career\/njoftim-pune\/\",\"url\":\"https:\/\/deutschcolor.com\/al\/career\/njoftim-pune\/\",\"name\":\"Njoftim Pune\"}}]}]}<\/script>\n<!-- \/ Yoast SEO plugin. -->","_links":{"self":[{"href":"https:\/\/deutschcolor.com\/al\/wp-json\/wp\/v2\/pages\/23583","targetHints":{"allow":["GET"]}}],"collection":[{"href":"https:\/\/deutschcolor.com\/al\/wp-json\/wp\/v2\/pages"}],"about":[{"href":"https:\/\/deutschcolor.com\/al\/wp-json\/wp\/v2\/types\/page"}],"author":[{"embeddable":true,"href":"https:\/\/deutschcolor.com\/al\/wp-json\/wp\/v2\/users\/1"}],"replies":[{"embeddable":true,"href":"https:\/\/deutschcolor.com\/al\/wp-json\/wp\/v2\/comments?post=23583"}],"version-history":[{"count":18,"href":"https:\/\/deutschcolor.com\/al\/wp-json\/wp\/v2\/pages\/23583\/revisions"}],"predecessor-version":[{"id":26512,"href":"https:\/\/deutschcolor.com\/al\/wp-json\/wp\/v2\/pages\/23583\/revisions\/26512"}],"up":[{"embeddable":true,"href":"https:\/\/deutschcolor.com\/al\/wp-json\/wp\/v2\/pages\/23561"}],"wp:featuredmedia":[{"embeddable":true,"href":"https:\/\/deutschcolor.com\/al\/wp-json\/wp\/v2\/media\/23487"}],"wp:attachment":[{"href":"https:\/\/deutschcolor.com\/al\/wp-json\/wp\/v2\/media?parent=23583"}],"curies":[{"name":"wp","href":"https:\/\/api.w.org\/{rel}","templated":true}]}}