{"id":23621,"date":"2019-04-03T15:39:48","date_gmt":"2019-04-03T15:39:48","guid":{"rendered":"https:\/\/deutschcolor.com\/al\/?page_id=23621"},"modified":"2025-05-05T13:15:57","modified_gmt":"2025-05-05T13:15:57","slug":"colors","status":"publish","type":"page","link":"https:\/\/deutschcolor.com\/al\/colors\/","title":{"rendered":"NGJYRAT"},"content":{"rendered":"<section class=\"l-section wpb_row height_large\"><div class=\"l-section-h i-cf\"><div class=\"g-cols vc_row type_default valign_top\"><div class=\"vc_col-sm-12 wpb_column vc_column_container\"><div class=\"vc_column-inner\"><div class=\"wpb_wrapper\">\r\n\t<div class=\"wpb_text_column \">\r\n\t\t<div class=\"wpb_wrapper\">\r\n\t\t\t<p style=\"text-align: center;\">Perzgjidh ngjyren dhe shikoje ne mur<\/p>\n\r\n\t\t<\/div>\r\n\t<\/div>\r\n<\/div><\/div><\/div><\/div><\/div><\/section>\n<div>\n<div class=\"hidden-until-loaded\">\n<p>T\u00eb gjith\u00eb e dim\u00eb sesi ambienti p\u00ebrreth ndikon n\u00eb humorin ton\u00eb t\u00eb p\u00ebrditsh\u00ebm. Ndaj, edhe r\u00ebnd\u00ebsia e ve\u00e7ant\u00eb q\u00eb merr aplikimi i <a href=\"https:\/\/deutschcolor.com\/al\/product-category\/bojra\/\">boj\u00ebs<\/a> dhe ngjyrat e duhur aty ku punojm\u00eb dhe jetojm\u00eb, na ndihmon t\u00eb nxjerrim n\u00eb pah m\u00eb t\u00eb mir\u00ebn ton\u00eb: <a href=\"https:\/\/deutschcolor.com\/al\/\">Deutsch Colour<\/a> ka lindur n\u00eb Gjermani, ku plot 106 vite m\u00eb par\u00eb filloi prodhimin dhe studimin e boj\u00ebrave: ishte viti 1914.<\/p>\n<h5>Ne nuk prodhojm\u00eb thjesht dhe vet\u00ebm produkte t\u00eb shk\u00eblqyera!<\/h5>\n<p>Ne kujdesemi p\u00ebr nevojat e gjithsecilit, duke p\u00ebrfshir\u00eb \u00e7do individ, prodhues, dekorues.\u00a0 Kujdesemi\u00a0 pa dallim n\u00ebse ata jan\u00eb pjes\u00eb e nj\u00eb firme t\u00eb madhe apo nj\u00eb biznesi t\u00eb vog\u00ebl privat.<br \/>\nSistemi yn\u00eb i avancuar teknologjik dhe laboratori digjital ku prodhohen produktet tona, na ndihmon t\u00eb jemi gjithmon\u00eb nj\u00eb hap p\u00ebrpara n\u00eb sektorin bot\u00ebror t\u00eb boj\u00ebrave, t\u00eb shpejt\u00eb dhe efikas\u00eb n\u00eb p\u00ebrdit\u00ebsimin e t\u00eb gjith\u00eb informacioneve m\u00eb t\u00eb fundit dhe t\u00eb r\u00ebnd\u00ebsishme dhe p\u00ebrcjelljen e tyre tek stafi yn\u00eb i kualifikuar, n\u00eb m\u00ebnyr\u00eb q\u00eb klient\u00ebt tan\u00eb t\u00eb informohen ashtu si\u00e7 duhet.<\/p>\n<p>N\u00ebp\u00ebrmjet zhvillimit t\u00eb ideve t\u00eb reja dhe strategjive moderne t\u00eb marketingut ton\u00eb, klient\u00ebve iu ofrohen gjithmon\u00eb njohurit\u00eb m\u00eb t\u00eb mira. Kjo i ndihmon ata q\u00eb t\u00eb marrin rezultatin maksimal nga produkti p\u00ebr t\u00eb cilin interesohen.<br \/>\nQ\u00eb prej fillimeve t\u00eb <a href=\"https:\/\/deutschcolor.com\/al\/\">Deutsch Color<\/a> n\u00eb vitin 1914, n\u00eb Gjermani, e deri m\u00eb tani, kemi arritur me shum\u00eb pun\u00eb, pasion dhe p\u00ebrkushtim t\u00eb vazhduesh\u00ebm realizimin e nj\u00eb gam\u00eb t\u00eb gjer\u00eb produktesh p\u00ebr industrin\u00eb e nd\u00ebrtimit, t\u00eb cilat kemi mundur t\u2019i sjellim n\u00eb treg.<\/p>\n<p>Nj\u00eb r\u00ebnd\u00ebsi shum\u00eb e madhe i \u00ebsht\u00eb dh\u00ebn\u00eb k\u00ebrkimit shkencor dhe zhvillimit. Prandaj 60% e fitimit ton\u00eb shkon p\u00ebr progresin e produkteve tona dhe p\u00ebr investime t\u00eb reja.<\/p>\n<h4><a href=\"https:\/\/deutschcolor.com\/al\/\" target=\"_blank\" rel=\"noopener noreferrer\">Deutsch Color<\/a> ka nje kapacitet prodhimi 500 000 ton dhe 120 milion\u00eb litra \u00e7do vit.<\/h4>\n<p>Deutsch Color si pjese e DC Industries \u00ebsht\u00eb rritur me shpejt\u00ebsi n\u00eb nivel global me q\u00ebllim q\u00eb t\u00eb jet\u00eb e pranishme n\u00eb \u00e7do vend n\u00eb mbar\u00eb bot\u00ebn me kompanite pjese te grupit: Sto light ne Gjermani, <a href=\"http:\/\/deltahome.al\/en\/\">Deutschcolor ne Ballkan,<\/a> Europen Lindore, SHBA dhe ne Afriken e Veriut si dhe As Paint Company ne Azi.<\/p>\n<p>Kompania jon\u00eb transformon, zbukuron dhe ndihmon n\u00eb krijimin e nj\u00eb atmosfere t\u00eb qet\u00eb dhe relaksuese p\u00ebrreth jush. Ne na p\u00eblqen t\u00eb sjellim ndryshimin. Kjo \u00ebsht\u00eb pik\u00ebrisht ajo q\u00eb kemi b\u00ebr\u00eb p\u00ebr m\u00eb shum\u00eb se 100 vjet dhe vazhdojm\u00eb t\u00eb b\u00ebjm\u00eb \u00e7do dit\u00eb. Ngjyrat<\/p>\n<\/div>\n","protected":false},"excerpt":{"rendered":"<p>T\u00eb gjith\u00eb e dim\u00eb sesi ambienti p\u00ebrreth ndikon n\u00eb humorin ton\u00eb t\u00eb p\u00ebrditsh\u00ebm. Ndaj, edhe r\u00ebnd\u00ebsia e ve\u00e7ant\u00eb q\u00eb merr aplikimi i boj\u00ebs dhe ngjyrat e duhur aty ku punojm\u00eb dhe jetojm\u00eb, na ndihmon t\u00eb nxjerrim n\u00eb pah m\u00eb t\u00eb mir\u00ebn ton\u00eb: Deutsch Colour ka lindur n\u00eb Gjermani, ku plot 106 vite m\u00eb par\u00eb filloi&#8230;<\/p>\n","protected":false},"author":1,"featured_media":0,"parent":0,"menu_order":0,"comment_status":"closed","ping_status":"closed","template":"color.php","meta":{"_glsr_average":0,"_glsr_ranking":0,"_glsr_reviews":0,"footnotes":""},"class_list":["post-23621","page","type-page","status-publish","hentry"],"yoast_head":"<!-- This site is optimized with the Yoast SEO plugin v15.0 - https:\/\/yoast.com\/wordpress\/plugins\/seo\/ -->\n<title>Ngjyrat - Bojra cil\u00ebsore p\u00ebr sht\u00ebpin\u00eb dhe zyr\u00ebn - Deutsch Color<\/title>\n<meta name=\"description\" content=\"Aplikimi i boj\u00ebs dhe ngjyrat e duhur aty ku punojm\u00eb dhe jetojm\u00eb, na ndihmon t\u00eb nxjerrim n\u00eb pah m\u00eb t\u00eb mir\u00ebn ton\u00eb. - Deutsch Color\" \/>\n<meta name=\"robots\" content=\"index, follow, max-snippet:-1, max-image-preview:large, max-video-preview:-1\" \/>\n<link rel=\"canonical\" href=\"https:\/\/deutschcolor.com\/al\/colors\/\" \/>\n<meta property=\"og:locale\" content=\"en_US\" \/>\n<meta property=\"og:type\" content=\"article\" \/>\n<meta property=\"og:title\" content=\"Ngjyrat - Bojra cil\u00ebsore p\u00ebr sht\u00ebpin\u00eb dhe zyr\u00ebn - Deutsch Color\" \/>\n<meta property=\"og:description\" content=\"Aplikimi i boj\u00ebs dhe ngjyrat e duhur aty ku punojm\u00eb dhe jetojm\u00eb, na ndihmon t\u00eb nxjerrim n\u00eb pah m\u00eb t\u00eb mir\u00ebn ton\u00eb. - Deutsch Color\" \/>\n<meta property=\"og:url\" content=\"https:\/\/deutschcolor.com\/al\/colors\/\" \/>\n<meta property=\"og:site_name\" content=\"Deutschcolor\" \/>\n<meta property=\"article:publisher\" content=\"https:\/\/www.facebook.com\/deutschcolorofficial\" \/>\n<meta property=\"article:modified_time\" content=\"2025-05-05T13:15:57+00:00\" \/>\n<meta name=\"twitter:card\" content=\"summary_large_image\" \/>\n<script type=\"application\/ld+json\" class=\"yoast-schema-graph\">{\"@context\":\"https:\/\/schema.org\",\"@graph\":[{\"@type\":\"WebSite\",\"@id\":\"https:\/\/deutschcolor.com\/al\/#website\",\"url\":\"https:\/\/deutschcolor.com\/al\/\",\"name\":\"Deutschcolor\",\"description\":\"Deutschcolor Albania\",\"potentialAction\":[{\"@type\":\"SearchAction\",\"target\":\"https:\/\/deutschcolor.com\/al\/?s={search_term_string}\",\"query-input\":\"required name=search_term_string\"}],\"inLanguage\":\"en-US\"},{\"@type\":\"WebPage\",\"@id\":\"https:\/\/deutschcolor.com\/al\/colors\/#webpage\",\"url\":\"https:\/\/deutschcolor.com\/al\/colors\/\",\"name\":\"Ngjyrat - Bojra cil\\u00ebsore p\\u00ebr sht\\u00ebpin\\u00eb dhe zyr\\u00ebn - Deutsch Color\",\"isPartOf\":{\"@id\":\"https:\/\/deutschcolor.com\/al\/#website\"},\"datePublished\":\"2019-04-03T15:39:48+00:00\",\"dateModified\":\"2025-05-05T13:15:57+00:00\",\"description\":\"Aplikimi i boj\\u00ebs dhe ngjyrat e duhur aty ku punojm\\u00eb dhe jetojm\\u00eb, na ndihmon t\\u00eb nxjerrim n\\u00eb pah m\\u00eb t\\u00eb mir\\u00ebn ton\\u00eb. - Deutsch Color\",\"breadcrumb\":{\"@id\":\"https:\/\/deutschcolor.com\/al\/colors\/#breadcrumb\"},\"inLanguage\":\"en-US\",\"potentialAction\":[{\"@type\":\"ReadAction\",\"target\":[\"https:\/\/deutschcolor.com\/al\/colors\/\"]}]},{\"@type\":\"BreadcrumbList\",\"@id\":\"https:\/\/deutschcolor.com\/al\/colors\/#breadcrumb\",\"itemListElement\":[{\"@type\":\"ListItem\",\"position\":1,\"item\":{\"@type\":\"WebPage\",\"@id\":\"https:\/\/deutschcolor.com\/al\/\",\"url\":\"https:\/\/deutschcolor.com\/al\/\",\"name\":\"Home\"}},{\"@type\":\"ListItem\",\"position\":2,\"item\":{\"@type\":\"WebPage\",\"@id\":\"https:\/\/deutschcolor.com\/al\/colors\/\",\"url\":\"https:\/\/deutschcolor.com\/al\/colors\/\",\"name\":\"NGJYRAT\"}}]}]}<\/script>\n<!-- \/ Yoast SEO plugin. -->","_links":{"self":[{"href":"https:\/\/deutschcolor.com\/al\/wp-json\/wp\/v2\/pages\/23621","targetHints":{"allow":["GET"]}}],"collection":[{"href":"https:\/\/deutschcolor.com\/al\/wp-json\/wp\/v2\/pages"}],"about":[{"href":"https:\/\/deutschcolor.com\/al\/wp-json\/wp\/v2\/types\/page"}],"author":[{"embeddable":true,"href":"https:\/\/deutschcolor.com\/al\/wp-json\/wp\/v2\/users\/1"}],"replies":[{"embeddable":true,"href":"https:\/\/deutschcolor.com\/al\/wp-json\/wp\/v2\/comments?post=23621"}],"version-history":[{"count":14,"href":"https:\/\/deutschcolor.com\/al\/wp-json\/wp\/v2\/pages\/23621\/revisions"}],"predecessor-version":[{"id":26445,"href":"https:\/\/deutschcolor.com\/al\/wp-json\/wp\/v2\/pages\/23621\/revisions\/26445"}],"wp:attachment":[{"href":"https:\/\/deutschcolor.com\/al\/wp-json\/wp\/v2\/media?parent=23621"}],"curies":[{"name":"wp","href":"https:\/\/api.w.org\/{rel}","templated":true}]}}