{"id":24377,"date":"2019-06-03T10:56:22","date_gmt":"2019-06-03T10:56:22","guid":{"rendered":"https:\/\/deutschcolor.com\/al\/?page_id=24377"},"modified":"2025-06-25T08:17:08","modified_gmt":"2025-06-25T08:17:08","slug":"terms-and-conditions","status":"publish","type":"page","link":"https:\/\/deutschcolor.com\/al\/terms-and-conditions\/","title":{"rendered":"Terms and conditions"},"content":{"rendered":"<section class=\"l-section wpb_row height_large\" id=\"services\"><div class=\"l-section-h i-cf\"><div class=\"g-cols vc_row type_default valign_top\"><div class=\"vc_col-sm-1 wpb_column vc_column_container\"><div class=\"vc_column-inner\"><div class=\"wpb_wrapper\"><\/div><\/div><\/div><div class=\"vc_col-sm-10 wpb_column vc_column_container\"><div class=\"vc_column-inner\"><div class=\"wpb_wrapper\">\r\n\t<div class=\"wpb_text_column  justify_txt\">\r\n\t\t<div class=\"wpb_wrapper\">\r\n\t\t\t<p><strong>Termat dhe Kushtet<\/strong><\/p>\n<p>JU LUTEM LEXONI K\u00cbTO KUSHTE DHE KUSHTE ME KUJDES SEPSE ATO P\u00cbRSHKRUAJN\u00cb T\u00cb DREJTAT DHE P\u00cbRGJEGJ\u00cbSIT\u00cb TUAJA, DHE FORMON NJ\u00cb MARR\u00cbVESHJE LIGJORE DETYRUES MES JU DHE NE LIDHUR ME P\u00cbRDORIMIN TUAJ T\u00cb WEBIT TONA. N\u00cbSE, P\u00cbR NDONJE ARSYE, JU NUK JENI OSE JU D\u00cbSHIRONI T\u00cb PAJTOHNI T\u00cb GJITHA KUSHTET DHE T\u00cb JU LUTEMI NDALONI MENJ\u00cbHER\u00cb T\u00cb P\u00cbRDORNI OSE T\u00cb P\u00cbRPORNI T\u00cb P\u00cbRDORNI FAQET TONA, SEPSE DO T\u00cb VAZHDONI T\u00cb GJITHA JU RI P\u00cbRSHKRUAR OSE REFERUAR M\u00cb POSHT\u00cb.<\/p>\n<p>JU LUTEM K\u00cbSHILLOHET Q\u00cb K\u00cbTO KUSHTET P\u00cbRMBAJN\u00cb DISPOZITA Q\u00cb QEVERISIN SI ZGJIDHEN MOSMARR\u00cbVESHJET MIDIS NESH, T\u00cb CILAT P\u00cbRFSHIHEN NJOFTIM T\u00cb GJYQIT T\u00cb JURIS\u00cb DHE NJOFTIM T\u00cb VEPRIMIT T\u00cb KLAS\u00cbS. JU LUTEM LEXONI K\u00cbTO DISPOZITA PARA SE T\u00cb P\u00cbRDORNI FAQET E FAQEVE.<\/p>\n<p>K\u00ebto Kushte dhe Kushte p\u00ebrfshijn\u00eb \u00e7do term dhe kusht tjet\u00ebr p\u00ebr t\u00eb cilin ne ju njoftojm\u00eb kur p\u00ebrdorni ose p\u00ebrpiqeni t\u00eb p\u00ebrdorni faqet tona t\u00eb internetit (&#8220;Kushtet Shtes\u00eb&#8221;), t\u00eb cilat t\u00eb gjitha jan\u00eb p\u00ebrfshir\u00eb me referenc\u00eb dhe p\u00ebrb\u00ebjn\u00eb nj\u00eb pjes\u00eb t\u00eb Termave dhe Kushteve tona p\u00ebr t\u00eb gjitha q\u00ebllimet . Faqet tona t\u00eb internetit p\u00ebrfshijn\u00eb t\u00eb gjitha faqet e internetit brenda faqeve tona t\u00eb internetit dhe gjithashtu p\u00ebrfshijn\u00eb faqet ose faqet rezerv\u00eb, pasqyr\u00eb, z\u00ebvend\u00ebsuese ose z\u00ebvend\u00ebsuese q\u00eb ne i v\u00ebm\u00eb n\u00eb dispozicion si pjes\u00eb e sh\u00ebrbimeve q\u00eb ofrojm\u00eb. Ne do t&#8217;i referohemi \u00e7do ve\u00e7orie, funksioni, sh\u00ebrbimi, aktiviteti, promovimi dhe p\u00ebrmbajtjeje n\u00eb faqet tona t\u00eb internetit, individualisht dhe\/ose kolektivisht si &#8220;P\u00ebrmbajtje&#8221;. Kur p\u00ebrdorim termin &#8220;Uebsajte&#8221; ai p\u00ebrfshin gjithashtu P\u00ebrmbajtje p\u00ebrve\u00e7 n\u00ebse themi n\u00eb m\u00ebnyr\u00eb specifike ndryshe.<\/p>\n<p>Ne do t&#8217;u referohemi p\u00ebrdoruesve t\u00eb faqeve tona t\u00eb internetit, ve\u00e7orive, funksioneve dhe sh\u00ebrbimeve tona individualisht dhe\/ose kolektivisht si &#8220;p\u00ebrdorues&#8221;, &#8220;ju&#8221; ose &#8220;juaj&#8221; p\u00ebr ta b\u00ebr\u00eb m\u00eb t\u00eb leht\u00eb leximin e k\u00ebtyre materialeve. Kur shihni fjal\u00ebn &#8220;p\u00ebrdorim&#8221; ose &#8220;p\u00ebrdorim&#8221; n\u00ebnkuptojm\u00eb \u00e7do her\u00eb q\u00eb ju \u2013 drejtp\u00ebrdrejt ose t\u00ebrthorazi, dhe me ose pa ndihm\u00ebn e ndonj\u00eb pajisjeje \u2013 p\u00ebrpiqeni ose n\u00eb fakt t\u00eb b\u00ebni akses, nd\u00ebrveprim, shfaqje, shikim, shfletim, printim ose kopjim. , transmetoni, merrni ose shk\u00ebmbeni t\u00eb dh\u00ebna, mesazhe, p\u00ebrmbajtje ose komunikoni ndryshe me ne ose k\u00ebdo tjet\u00ebr, duke p\u00ebrfshir\u00eb nj\u00eb p\u00ebrdorues tjet\u00ebr, reklamues ose \u00e7do person, firm\u00eb ose biznes q\u00eb mund t\u00eb hasni. Ne gjithashtu do t&#8217;ju konsiderojm\u00eb se po p\u00ebrdorni faqet tona t\u00eb internetit n\u00ebse p\u00ebrdorni, p\u00ebrfitoni, p\u00ebrfitoni ose nd\u00ebrveproni me ndonj\u00eb ve\u00e7ori, funksion, sh\u00ebrbim, aktivitet, promovim ose p\u00ebrmbajtje n\u00eb, n\u00eb ose t\u00eb disponueshme n\u00ebp\u00ebrmjet ndonj\u00eb prej faqeve tona t\u00eb internetit, p\u00ebr \u00e7far\u00ebdo q\u00ebllimi, ose n\u00ebse p\u00ebrpiqeni t\u00eb b\u00ebni ndonj\u00eb nga k\u00ebto gj\u00ebra.<\/p>\n<p>Duke p\u00ebrdorur faqet tona t\u00eb internetit, ju po pranoni se keni lexuar dhe kuptuar marr\u00ebveshjen ligjore q\u00eb keni me ne, dhe n\u00ebse nuk ndaloni menj\u00ebher\u00eb p\u00ebrdorimin ose p\u00ebrpiqeni t\u00eb p\u00ebrdorni t\u00eb gjitha faqet tona t\u00eb internetit, ju do t\u00eb n\u00ebnkuptoni marr\u00ebveshjen tuaj p\u00ebr t\u00eb qen\u00eb t\u00eb lidhur ligj\u00ebrisht dhe n\u00eb p\u00ebrputhje me t\u00eb gjitha t\u00eb termave dhe kushteve q\u00eb zbatohen p\u00ebr ju sipas k\u00ebtyre Kushteve dhe Kushteve.<\/p>\n<p><strong>Privat\u00ebsia<\/strong><\/p>\n<p>Ne e respektojm\u00eb privat\u00ebsin\u00eb tuaj. Ju pranoni mbledhjen, p\u00ebrdorimin, zbulimin dhe trajtimin tjet\u00ebr t\u00eb informacionit tuaj si\u00e7 p\u00ebrshkruhet n\u00eb Politik\u00ebn ton\u00eb t\u00eb Privat\u00ebsis\u00eb, t\u00eb cil\u00ebn ne mund ta p\u00ebrdit\u00ebsojm\u00eb her\u00eb pas here.<\/p>\n<p><strong>Pron\u00ebsia dhe p\u00ebrdorimi i faqeve t\u00eb internetit dhe p\u00ebrmbajtjes s\u00eb Deutschcolor<\/strong><\/p>\n<p>Ne mir\u00ebmbajm\u00eb faqet tona t\u00eb internetit p\u00ebr informacionin, edukimin, arg\u00ebtimin dhe shitjet tuaja. Uebsajtet tona dhe, p\u00ebrve\u00e7 si\u00e7 p\u00ebrshkruhet m\u00eb posht\u00eb, e gjith\u00eb P\u00ebrmbajtja, \u00ebsht\u00eb ose pron\u00eb e Deutschcolor ose filialeve, licencuesve, furnitor\u00ebve, ofruesve t\u00eb sh\u00ebrbimeve operacionale, reklamuesve, agjencive ose partner\u00ebve promovues (kolektivisht) dhe mbrohen ligj\u00ebrisht, pa kufizim, ligjet shtet\u00ebrore dhe rregulloret, si dhe ligjet, rregulloret dhe traktatet e huaja n\u00eb fuqi. P\u00ebr t\u00eb shmangur \u00e7do dyshim, kur fjala &#8220;P\u00ebrmbajtje&#8221; p\u00ebrdoret, ajo p\u00ebrfshin, por nuk kufizohet n\u00eb, gj\u00ebra t\u00eb tilla si softuer, kod, dizajn, tekst, imazhe, fotografi, ilustrime, animacione, materiale audio, video dhe audio-vizuale, arti, materiali grafik, informacioni pron\u00ebsor, t\u00eb dh\u00ebnat, bazat e t\u00eb dh\u00ebnave, markat e sh\u00ebrbimit, markat tregtare, emrat tregtar\u00eb, identifikimi dallues si logot, p\u00ebrzgjedhja, sekuenca, &#8216;dukja dhe ndjesia&#8217; dhe rregullimi i artikujve dhe t\u00eb gjith\u00eb element\u00ebve me t\u00eb drejt\u00eb autori ose ndryshe t\u00eb mbrojtur ligj\u00ebrisht t\u00eb ndonj\u00eb dhe t\u00eb gjitha faqet tona t\u00eb internetit.<\/p>\n<p>Me p\u00ebrjashtim t\u00eb rasteve t\u00eb p\u00ebrcaktuara n\u00eb seksionin &#8220;Sugjerime t\u00eb pak\u00ebrkuara: ato b\u00ebhen tonat dhe ne nuk kemi asnj\u00eb detyrim p\u00ebr ju&#8221; m\u00eb posht\u00eb, ju mbani pron\u00ebsin\u00eb e \u00e7do p\u00ebrmbajtjeje q\u00eb \u00ebsht\u00eb e juaja dhe n\u00ebse dor\u00ebzoni ose ofroni p\u00ebrmbajtje, k\u00ebto Kushte dhe Kushte nuk e privojn\u00eb ju ose ndonj\u00eb mbajt\u00ebs i t\u00eb drejtave tuaja ose t\u00eb tyre. Sidoqoft\u00eb, kur na paraqisni ose ofroni P\u00ebrmbajtje p\u00ebr ne ose ndonj\u00eb nga faqet tona t\u00eb internetit, ju po na jepni neve dhe Subjekteve t\u00eb Deutschcolor nj\u00eb licenc\u00eb t\u00eb pakusht\u00ebzuar, t\u00eb pakthyeshme, t\u00eb transferueshme, pa autorizim n\u00eb mbar\u00eb bot\u00ebn p\u00ebr t\u00eb p\u00ebrdorur, shfaqur, riprodhuar, kryer, p\u00ebrshtatur, p\u00ebrkthyer, modifikuar , krijoni vepra t\u00eb prejardhura, publikoni, shp\u00ebrndani, shp\u00ebrndani dhe\/ose transmetoni at\u00eb P\u00ebrmbajtje (\u201clicenc\u00eb\u201d) dhe ju po na p\u00ebrfaq\u00ebsoni dhe na garantoni se keni t\u00eb drejt\u00eb t\u00eb na jepni neve dhe entiteteve Deutschcolor nj\u00eb licenc\u00eb t\u00eb till\u00eb. N\u00ebse nuk keni t\u00eb drejt\u00eb t\u00eb licenconi P\u00ebrmbajtjen si\u00e7 p\u00ebrcaktohet n\u00eb k\u00ebto Kushte dhe Kushte (ose n\u00ebse nuk jeni t\u00eb sigurt), mos paraqisni ose jepni P\u00ebrmbajtje.<\/p>\n<p>Ju mund t\u00eb p\u00ebrdorni p\u00ebrmbajtjen ton\u00eb dhe p\u00ebrmbajtjen e p\u00ebrdoruesve t\u00eb tjer\u00eb vet\u00ebm p\u00ebr p\u00ebrdorimin tuaj personal dhe nuk keni t\u00eb drejt\u00eb t\u00eb transferoni, caktoni ose p\u00ebrdorni p\u00ebrmbajtjen p\u00ebr ndonj\u00eb q\u00ebllim tjet\u00ebr ose t\u00eb lejoni ose mund\u00ebsoni dik\u00eb.<\/p>\n\r\n\t\t<\/div>\r\n\t<\/div>\r\n<\/div><\/div><\/div><div class=\"vc_col-sm-1 wpb_column vc_column_container\"><div class=\"vc_column-inner\"><div class=\"wpb_wrapper\"><\/div><\/div><\/div><\/div><\/div><\/section>\n","protected":false},"excerpt":{"rendered":"Termat dhe Kushtet JU LUTEM LEXONI K\u00cbTO KUSHTE DHE KUSHTE ME KUJDES SEPSE ATO P\u00cbRSHKRUAJN\u00cb T\u00cb DREJTAT DHE P\u00cbRGJEGJ\u00cbSIT\u00cb TUAJA, DHE FORMON NJ\u00cb MARR\u00cbVESHJE LIGJORE DETYRUES MES JU DHE NE LIDHUR ME P\u00cbRDORIMIN TUAJ T\u00cb WEBIT TONA. N\u00cbSE, P\u00cbR NDONJE ARSYE, JU NUK JENI OSE JU D\u00cbSHIRONI T\u00cb PAJTOHNI T\u00cb GJITHA KUSHTET DHE T\u00cb JU...","protected":false},"author":1,"featured_media":0,"parent":0,"menu_order":0,"comment_status":"closed","ping_status":"closed","template":"","meta":{"_glsr_average":0,"_glsr_ranking":0,"_glsr_reviews":0,"footnotes":""},"class_list":["post-24377","page","type-page","status-publish","hentry"],"yoast_head":"<!-- This site is optimized with the Yoast SEO plugin v15.0 - https:\/\/yoast.com\/wordpress\/plugins\/seo\/ -->\n<title>Terms and conditions - Deutschcolor<\/title>\n<meta name=\"description\" content=\"Termat dhe Kushtet. Ne e respektojm\u00eb privat\u00ebsin\u00eb tuaj. Ju pranoni mbledhjen, p\u00ebrdorimin, zbulimin dhe trajtimin tjet\u00ebr t\u00eb informacionit tuaj si\u00e7 p\u00ebrshkruhet n\u00eb Politik\u00ebn ton\u00eb t\u00eb Privat\u00ebsis\u00eb, t\u00eb cil\u00ebn ne mund ta p\u00ebrdit\u00ebsojm\u00eb her\u00eb pas here.\" \/>\n<meta name=\"robots\" content=\"index, follow, max-snippet:-1, max-image-preview:large, max-video-preview:-1\" \/>\n<link rel=\"canonical\" href=\"https:\/\/deutschcolor.com\/al\/terms-and-conditions\/\" \/>\n<meta property=\"og:locale\" content=\"en_US\" \/>\n<meta property=\"og:type\" content=\"article\" \/>\n<meta property=\"og:title\" content=\"Terms and conditions - Deutschcolor\" \/>\n<meta property=\"og:description\" content=\"Termat dhe Kushtet. Ne e respektojm\u00eb privat\u00ebsin\u00eb tuaj. Ju pranoni mbledhjen, p\u00ebrdorimin, zbulimin dhe trajtimin tjet\u00ebr t\u00eb informacionit tuaj si\u00e7 p\u00ebrshkruhet n\u00eb Politik\u00ebn ton\u00eb t\u00eb Privat\u00ebsis\u00eb, t\u00eb cil\u00ebn ne mund ta p\u00ebrdit\u00ebsojm\u00eb her\u00eb pas here.\" \/>\n<meta property=\"og:url\" content=\"https:\/\/deutschcolor.com\/al\/terms-and-conditions\/\" \/>\n<meta property=\"og:site_name\" content=\"Deutschcolor\" \/>\n<meta property=\"article:publisher\" content=\"https:\/\/www.facebook.com\/deutschcolorofficial\" \/>\n<meta property=\"article:modified_time\" content=\"2025-06-25T08:17:08+00:00\" \/>\n<meta name=\"twitter:card\" content=\"summary_large_image\" \/>\n<script type=\"application\/ld+json\" class=\"yoast-schema-graph\">{\"@context\":\"https:\/\/schema.org\",\"@graph\":[{\"@type\":\"WebSite\",\"@id\":\"https:\/\/deutschcolor.com\/al\/#website\",\"url\":\"https:\/\/deutschcolor.com\/al\/\",\"name\":\"Deutschcolor\",\"description\":\"Deutschcolor Albania\",\"potentialAction\":[{\"@type\":\"SearchAction\",\"target\":\"https:\/\/deutschcolor.com\/al\/?s={search_term_string}\",\"query-input\":\"required name=search_term_string\"}],\"inLanguage\":\"en-US\"},{\"@type\":\"WebPage\",\"@id\":\"https:\/\/deutschcolor.com\/al\/terms-and-conditions\/#webpage\",\"url\":\"https:\/\/deutschcolor.com\/al\/terms-and-conditions\/\",\"name\":\"Terms and conditions - Deutschcolor\",\"isPartOf\":{\"@id\":\"https:\/\/deutschcolor.com\/al\/#website\"},\"datePublished\":\"2019-06-03T10:56:22+00:00\",\"dateModified\":\"2025-06-25T08:17:08+00:00\",\"description\":\"Termat dhe Kushtet. Ne e respektojm\\u00eb privat\\u00ebsin\\u00eb tuaj. Ju pranoni mbledhjen, p\\u00ebrdorimin, zbulimin dhe trajtimin tjet\\u00ebr t\\u00eb informacionit tuaj si\\u00e7 p\\u00ebrshkruhet n\\u00eb Politik\\u00ebn ton\\u00eb t\\u00eb Privat\\u00ebsis\\u00eb, t\\u00eb cil\\u00ebn ne mund ta p\\u00ebrdit\\u00ebsojm\\u00eb her\\u00eb pas here.\",\"breadcrumb\":{\"@id\":\"https:\/\/deutschcolor.com\/al\/terms-and-conditions\/#breadcrumb\"},\"inLanguage\":\"en-US\",\"potentialAction\":[{\"@type\":\"ReadAction\",\"target\":[\"https:\/\/deutschcolor.com\/al\/terms-and-conditions\/\"]}]},{\"@type\":\"BreadcrumbList\",\"@id\":\"https:\/\/deutschcolor.com\/al\/terms-and-conditions\/#breadcrumb\",\"itemListElement\":[{\"@type\":\"ListItem\",\"position\":1,\"item\":{\"@type\":\"WebPage\",\"@id\":\"https:\/\/deutschcolor.com\/al\/\",\"url\":\"https:\/\/deutschcolor.com\/al\/\",\"name\":\"Home\"}},{\"@type\":\"ListItem\",\"position\":2,\"item\":{\"@type\":\"WebPage\",\"@id\":\"https:\/\/deutschcolor.com\/al\/terms-and-conditions\/\",\"url\":\"https:\/\/deutschcolor.com\/al\/terms-and-conditions\/\",\"name\":\"Terms and conditions\"}}]}]}<\/script>\n<!-- \/ Yoast SEO plugin. -->","_links":{"self":[{"href":"https:\/\/deutschcolor.com\/al\/wp-json\/wp\/v2\/pages\/24377","targetHints":{"allow":["GET"]}}],"collection":[{"href":"https:\/\/deutschcolor.com\/al\/wp-json\/wp\/v2\/pages"}],"about":[{"href":"https:\/\/deutschcolor.com\/al\/wp-json\/wp\/v2\/types\/page"}],"author":[{"embeddable":true,"href":"https:\/\/deutschcolor.com\/al\/wp-json\/wp\/v2\/users\/1"}],"replies":[{"embeddable":true,"href":"https:\/\/deutschcolor.com\/al\/wp-json\/wp\/v2\/comments?post=24377"}],"version-history":[{"count":4,"href":"https:\/\/deutschcolor.com\/al\/wp-json\/wp\/v2\/pages\/24377\/revisions"}],"predecessor-version":[{"id":26513,"href":"https:\/\/deutschcolor.com\/al\/wp-json\/wp\/v2\/pages\/24377\/revisions\/26513"}],"wp:attachment":[{"href":"https:\/\/deutschcolor.com\/al\/wp-json\/wp\/v2\/media?parent=24377"}],"curies":[{"name":"wp","href":"https:\/\/api.w.org\/{rel}","templated":true}]}}