{"id":23738,"date":"2019-04-20T18:37:47","date_gmt":"2019-04-20T18:37:47","guid":{"rendered":"https:\/\/deutschcolor.com\/al\/?post_type=product&#038;p=23738"},"modified":"2025-02-19T14:37:45","modified_gmt":"2025-02-19T14:37:45","slug":"silicat-putz","status":"publish","type":"product","link":"https:\/\/deutschcolor.com\/al\/product\/silicat-putz\/","title":{"rendered":"Silicat Putz"},"content":{"rendered":"<p><strong>Karakteristikat e produktit<\/strong><br \/>\n\u2022 Struktur\u00eb finale estetike<br \/>\n\u2022 P\u00ebrmbajtjen adetiv\u00ebve special\u00eb<br \/>\n\u2022 Karakterizohet nga nj\u00eb punueshm\u00ebri shum\u00eb e mir\u00eb<\/p>\n<p><strong>Rekomandimet p\u00ebr p\u00ebrdorim<\/strong><br \/>\nP\u00ebrdoret p\u00ebr krijimin e strukturave dekorative t\u00eb mureve n\u00eb t\u00eb gjitha ambientet e brendshme t\u00eb banimit si edhe n\u00eb fasada, sip\u00ebrfaqe betoni, etj. P\u00ebrdoret p\u00ebr dekorimin e sip\u00ebrfaqeve t\u00eb fasadave q\u00eb jan\u00eb t\u00eb b\u00ebra me sistem suvatimi, si dhe t\u00eb b\u00ebra me sistem termoizolues.<\/p>\n<p>###<\/p>\n<p><strong>Ruajtja<\/strong><br \/>\n24 muaj n\u00ebse ruhet n\u00eb nj\u00eb vend t\u00eb that\u00eb, larg burimeve t\u00eb nxeht\u00ebsis\u00eb, n\u00eb nj\u00eb temperatur\u00eb midis +5\u00b0C dhe +30\u00b0C. Mbrojeni nga ngrica.<\/p>\n","protected":false},"excerpt":{"rendered":"<p>Veshje dekorative me baz\u00eb silikat-silikoni p\u00ebr trajtimin e fasadave t\u00eb jashtme dhe sip\u00ebrfaqeve t\u00eb brendshme<\/p>\n","protected":false},"featured_media":24411,"comment_status":"closed","ping_status":"closed","template":"","meta":{"_glsr_average":0,"_glsr_ranking":0,"_glsr_reviews":0},"class_list":["post-23738","product","type-product","status-publish","has-post-thumbnail","hentry","product_cat-veshje-dekorative","product_cat-veshje-dekorative-veshje-dekorative"],"yoast_head":"<!-- This site is optimized with the Yoast SEO plugin v15.0 - https:\/\/yoast.com\/wordpress\/plugins\/seo\/ -->\n<title>Silicat Putz - Shtres\u00eb llakimi - Deutschcolor- Izoluese ndaj ujit<\/title>\n<meta name=\"description\" content=\"Shtres\u00eb llakimi p\u00ebr punime stukimi, p\u00ebr shtres\u00eb llakimi me ngjyr\u00eb t\u00eb bardh\u00eb dhe t\u00eb kuqe p\u00ebrdoret n\u00eb Izoluese ndaj ujit\" \/>\n<meta name=\"robots\" content=\"index, follow, max-snippet:-1, max-image-preview:large, max-video-preview:-1\" \/>\n<link rel=\"canonical\" href=\"https:\/\/deutschcolor.com\/al\/product\/silicat-putz\/\" \/>\n<meta property=\"og:locale\" content=\"en_US\" \/>\n<meta property=\"og:type\" content=\"article\" \/>\n<meta property=\"og:title\" content=\"Silicat Putz - Shtres\u00eb llakimi - Deutschcolor- Izoluese ndaj ujit\" \/>\n<meta property=\"og:description\" content=\"Shtres\u00eb llakimi p\u00ebr punime stukimi, p\u00ebr shtres\u00eb llakimi me ngjyr\u00eb t\u00eb bardh\u00eb dhe t\u00eb kuqe p\u00ebrdoret n\u00eb Izoluese ndaj ujit\" \/>\n<meta property=\"og:url\" content=\"https:\/\/deutschcolor.com\/al\/product\/silicat-putz\/\" \/>\n<meta property=\"og:site_name\" content=\"Deutschcolor\" \/>\n<meta property=\"article:publisher\" content=\"https:\/\/www.facebook.com\/deutschcolorofficial\" \/>\n<meta property=\"article:modified_time\" content=\"2025-02-19T14:37:45+00:00\" \/>\n<meta property=\"og:image\" content=\"https:\/\/deutschcolor.com\/al\/wp-content\/uploads\/2019\/04\/Silicat-Putz-min.png\" \/>\n\t<meta property=\"og:image:width\" content=\"1000\" \/>\n\t<meta property=\"og:image:height\" content=\"1000\" \/>\n<meta name=\"twitter:card\" content=\"summary_large_image\" \/>\n<script type=\"application\/ld+json\" class=\"yoast-schema-graph\">{\"@context\":\"https:\/\/schema.org\",\"@graph\":[{\"@type\":\"WebSite\",\"@id\":\"https:\/\/deutschcolor.com\/al\/#website\",\"url\":\"https:\/\/deutschcolor.com\/al\/\",\"name\":\"Deutschcolor\",\"description\":\"Deutschcolor Albania\",\"potentialAction\":[{\"@type\":\"SearchAction\",\"target\":\"https:\/\/deutschcolor.com\/al\/?s={search_term_string}\",\"query-input\":\"required name=search_term_string\"}],\"inLanguage\":\"en-US\"},{\"@type\":\"ImageObject\",\"@id\":\"https:\/\/deutschcolor.com\/al\/product\/silicat-putz\/#primaryimage\",\"inLanguage\":\"en-US\",\"url\":\"https:\/\/deutschcolor.com\/al\/wp-content\/uploads\/2019\/04\/Silicat-Putz-min.png\",\"width\":1000,\"height\":1000},{\"@type\":\"WebPage\",\"@id\":\"https:\/\/deutschcolor.com\/al\/product\/silicat-putz\/#webpage\",\"url\":\"https:\/\/deutschcolor.com\/al\/product\/silicat-putz\/\",\"name\":\"Silicat Putz - Shtres\\u00eb llakimi - Deutschcolor- Izoluese ndaj ujit\",\"isPartOf\":{\"@id\":\"https:\/\/deutschcolor.com\/al\/#website\"},\"primaryImageOfPage\":{\"@id\":\"https:\/\/deutschcolor.com\/al\/product\/silicat-putz\/#primaryimage\"},\"datePublished\":\"2019-04-20T18:37:47+00:00\",\"dateModified\":\"2025-02-19T14:37:45+00:00\",\"description\":\"Shtres\\u00eb llakimi p\\u00ebr punime stukimi, p\\u00ebr shtres\\u00eb llakimi me ngjyr\\u00eb t\\u00eb bardh\\u00eb dhe t\\u00eb kuqe p\\u00ebrdoret n\\u00eb Izoluese ndaj ujit\",\"breadcrumb\":{\"@id\":\"https:\/\/deutschcolor.com\/al\/product\/silicat-putz\/#breadcrumb\"},\"inLanguage\":\"en-US\",\"potentialAction\":[{\"@type\":\"ReadAction\",\"target\":[\"https:\/\/deutschcolor.com\/al\/product\/silicat-putz\/\"]}]},{\"@type\":\"BreadcrumbList\",\"@id\":\"https:\/\/deutschcolor.com\/al\/product\/silicat-putz\/#breadcrumb\",\"itemListElement\":[{\"@type\":\"ListItem\",\"position\":1,\"item\":{\"@type\":\"WebPage\",\"@id\":\"https:\/\/deutschcolor.com\/al\/\",\"url\":\"https:\/\/deutschcolor.com\/al\/\",\"name\":\"Home\"}},{\"@type\":\"ListItem\",\"position\":2,\"item\":{\"@type\":\"WebPage\",\"@id\":\"https:\/\/deutschcolor.com\/al\/shop\/\",\"url\":\"https:\/\/deutschcolor.com\/al\/shop\/\",\"name\":\"SHOP\"}},{\"@type\":\"ListItem\",\"position\":3,\"item\":{\"@type\":\"WebPage\",\"@id\":\"https:\/\/deutschcolor.com\/al\/product-category\/veshje-dekorative\/\",\"url\":\"https:\/\/deutschcolor.com\/al\/product-category\/veshje-dekorative\/\",\"name\":\"Veshje Dekorative\"}},{\"@type\":\"ListItem\",\"position\":4,\"item\":{\"@type\":\"WebPage\",\"@id\":\"https:\/\/deutschcolor.com\/al\/product-category\/veshje-dekorative\/veshje-dekorative-veshje-dekorative\/\",\"url\":\"https:\/\/deutschcolor.com\/al\/product-category\/veshje-dekorative\/veshje-dekorative-veshje-dekorative\/\",\"name\":\"7.1. Veshje dekorative\"}},{\"@type\":\"ListItem\",\"position\":5,\"item\":{\"@type\":\"WebPage\",\"@id\":\"https:\/\/deutschcolor.com\/al\/product\/silicat-putz\/\",\"url\":\"https:\/\/deutschcolor.com\/al\/product\/silicat-putz\/\",\"name\":\"Silicat Putz\"}}]}]}<\/script>\n<!-- \/ Yoast SEO plugin. -->","_links":{"self":[{"href":"https:\/\/deutschcolor.com\/al\/wp-json\/wp\/v2\/product\/23738","targetHints":{"allow":["GET"]}}],"collection":[{"href":"https:\/\/deutschcolor.com\/al\/wp-json\/wp\/v2\/product"}],"about":[{"href":"https:\/\/deutschcolor.com\/al\/wp-json\/wp\/v2\/types\/product"}],"replies":[{"embeddable":true,"href":"https:\/\/deutschcolor.com\/al\/wp-json\/wp\/v2\/comments?post=23738"}],"wp:featuredmedia":[{"embeddable":true,"href":"https:\/\/deutschcolor.com\/al\/wp-json\/wp\/v2\/media\/24411"}],"wp:attachment":[{"href":"https:\/\/deutschcolor.com\/al\/wp-json\/wp\/v2\/media?parent=23738"}],"curies":[{"name":"wp","href":"https:\/\/api.w.org\/{rel}","templated":true}]}}