{"id":23747,"date":"2019-04-20T18:50:39","date_gmt":"2019-04-20T18:50:39","guid":{"rendered":"https:\/\/deutschcolor.com\/al\/?post_type=product&#038;p=23747"},"modified":"2025-04-07T08:44:53","modified_gmt":"2025-04-07T08:44:53","slug":"megagrund","status":"publish","type":"product","link":"https:\/\/deutschcolor.com\/al\/product\/megagrund\/","title":{"rendered":"Megagrund"},"content":{"rendered":"<h2 style=\"font-size: 20px; font-weight: normal;\"><strong>Karakteristikat e produktit<\/strong><\/h2>\n<p>1 Krijon sip\u00ebrfaqe t\u00eb ashp\u00ebr<br \/>\n2 Ngjitje e mir\u00eb n\u00eb n\u00ebnshtres\u00eb<br \/>\n3 Promovon ngjitjen me stuko dekorative<br \/>\n4 Zgjat koh\u00ebn e tharjes me stuko dekorative<br \/>\n5 Siguron uniformitet t\u00eb ngjyrave n\u00eb stuko dekorative<br \/>\n6 Nuanca t\u00eb ndryshme sipas sistemit t\u00eb ngjyrave DCTS<\/p>\n<h3 style=\"font-size: 14px; font-weight: normal;\"><strong>Rekomandimet p\u00ebr p\u00ebrdorim<\/strong><\/h3>\n<p>P\u00ebrdoret n\u00eb t\u00eb gjith\u00eb muret e brendsh\u00ebm dhe t\u00eb jasht\u00ebm, t\u00eb rinj, t\u00eb vjet\u00ebr. P\u00ebrdoret si astar lidh\u00ebs para grafiatos n\u00eb sistemet termoizoluese, n\u00eb sistemet me mure t\u00eb suvatuar, n\u00eb sistemet me mure t\u00eb suvatuar t\u00eb vjet\u00ebr q\u00eb jan\u00eb t\u00eb lyer me boj\u00eb.<\/p>\n<p>###<\/p>\n<p><strong>Ruajtja<\/strong><br \/>\n36 muaj n\u00ebse ruhet n\u00eb nj\u00eb vend t\u00eb that\u00eb, larg burimeve t\u00eb nxeht\u00ebsis\u00eb, n\u00eb nj\u00eb temperatur\u00eb midis +5\u00b0C dhe +30\u00b0C. Mbrojeni nga ngrica.<\/p>\n<p>###<\/p>\n<p>P\u00ebr m\u00eb shume produkte grafiato dhe astar <a href=\"https:\/\/deutschcolor.com\/al\/product-category\/bojra\/\">kliko ketu<\/a>. Kompani partner <a href=\"https:\/\/deltacorporation.eu\/\">kliko ketu<\/a>.<\/p>\n","protected":false},"excerpt":{"rendered":"<p>Astar i nj\u00eb cil\u00ebsie t\u00eb lart\u00eb me baz\u00eb emulsioni akrilik dhe agregatesh me granulometri t\u00eb seleksionuar<\/p>\n","protected":false},"featured_media":24414,"comment_status":"closed","ping_status":"closed","template":"","meta":{"_glsr_average":0,"_glsr_ranking":0,"_glsr_reviews":0},"class_list":["post-23747","product","type-product","status-publish","has-post-thumbnail","hentry","product_cat-veshje-dekorative","product_cat-astare"],"yoast_head":"<!-- This site is optimized with the Yoast SEO plugin v15.0 - https:\/\/yoast.com\/wordpress\/plugins\/seo\/ -->\n<title>Astar Lidh\u00ebs Para Grafiato Megagrund - Deutsch Color Cilesi Gjermane<\/title>\n<meta name=\"description\" content=\"Astar lidh\u00ebs para grafiato n\u00eb sistemet termoizoluese, n\u00eb sistemet me mure t\u00eb suvatuar t\u00eb vjet\u00ebr q\u00eb jan\u00eb t\u00eb lyer me boj\u00eb, etj\" \/>\n<meta name=\"robots\" content=\"index, follow, max-snippet:-1, max-image-preview:large, max-video-preview:-1\" \/>\n<link rel=\"canonical\" href=\"https:\/\/deutschcolor.com\/al\/product\/megagrund\/\" \/>\n<meta property=\"og:locale\" content=\"en_US\" \/>\n<meta property=\"og:type\" content=\"article\" \/>\n<meta property=\"og:title\" content=\"Astar Lidh\u00ebs Para Grafiato Megagrund - Deutsch Color Cilesi Gjermane\" \/>\n<meta property=\"og:description\" content=\"Astar lidh\u00ebs para grafiato n\u00eb sistemet termoizoluese, n\u00eb sistemet me mure t\u00eb suvatuar t\u00eb vjet\u00ebr q\u00eb jan\u00eb t\u00eb lyer me boj\u00eb, etj\" \/>\n<meta property=\"og:url\" content=\"https:\/\/deutschcolor.com\/al\/product\/megagrund\/\" \/>\n<meta property=\"og:site_name\" content=\"Deutschcolor\" \/>\n<meta property=\"article:publisher\" content=\"https:\/\/www.facebook.com\/deutschcolorofficial\" \/>\n<meta property=\"article:modified_time\" content=\"2025-04-07T08:44:53+00:00\" \/>\n<meta property=\"og:image\" content=\"https:\/\/deutschcolor.com\/al\/wp-content\/uploads\/2019\/04\/MegaGrund-min.png\" \/>\n\t<meta property=\"og:image:width\" content=\"1000\" \/>\n\t<meta property=\"og:image:height\" content=\"1000\" \/>\n<meta name=\"twitter:card\" content=\"summary_large_image\" \/>\n<script type=\"application\/ld+json\" class=\"yoast-schema-graph\">{\"@context\":\"https:\/\/schema.org\",\"@graph\":[{\"@type\":\"WebSite\",\"@id\":\"https:\/\/deutschcolor.com\/al\/#website\",\"url\":\"https:\/\/deutschcolor.com\/al\/\",\"name\":\"Deutschcolor\",\"description\":\"Deutschcolor Albania\",\"potentialAction\":[{\"@type\":\"SearchAction\",\"target\":\"https:\/\/deutschcolor.com\/al\/?s={search_term_string}\",\"query-input\":\"required name=search_term_string\"}],\"inLanguage\":\"en-US\"},{\"@type\":\"ImageObject\",\"@id\":\"https:\/\/deutschcolor.com\/al\/product\/megagrund\/#primaryimage\",\"inLanguage\":\"en-US\",\"url\":\"https:\/\/deutschcolor.com\/al\/wp-content\/uploads\/2019\/04\/MegaGrund-min.png\",\"width\":1000,\"height\":1000,\"caption\":\"Astar lidh\\u00ebs para grafiato n\\u00eb sistemet termoizoluese, n\\u00eb sistemet me mure t\\u00eb suvatuar t\\u00eb vjet\\u00ebr q\\u00eb jan\\u00eb t\\u00eb lyer me boj\\u00eb, etj\"},{\"@type\":\"WebPage\",\"@id\":\"https:\/\/deutschcolor.com\/al\/product\/megagrund\/#webpage\",\"url\":\"https:\/\/deutschcolor.com\/al\/product\/megagrund\/\",\"name\":\"Astar Lidh\\u00ebs Para Grafiato Megagrund - Deutsch Color Cilesi Gjermane\",\"isPartOf\":{\"@id\":\"https:\/\/deutschcolor.com\/al\/#website\"},\"primaryImageOfPage\":{\"@id\":\"https:\/\/deutschcolor.com\/al\/product\/megagrund\/#primaryimage\"},\"datePublished\":\"2019-04-20T18:50:39+00:00\",\"dateModified\":\"2025-04-07T08:44:53+00:00\",\"description\":\"Astar lidh\\u00ebs para grafiato n\\u00eb sistemet termoizoluese, n\\u00eb sistemet me mure t\\u00eb suvatuar t\\u00eb vjet\\u00ebr q\\u00eb jan\\u00eb t\\u00eb lyer me boj\\u00eb, etj\",\"breadcrumb\":{\"@id\":\"https:\/\/deutschcolor.com\/al\/product\/megagrund\/#breadcrumb\"},\"inLanguage\":\"en-US\",\"potentialAction\":[{\"@type\":\"ReadAction\",\"target\":[\"https:\/\/deutschcolor.com\/al\/product\/megagrund\/\"]}]},{\"@type\":\"BreadcrumbList\",\"@id\":\"https:\/\/deutschcolor.com\/al\/product\/megagrund\/#breadcrumb\",\"itemListElement\":[{\"@type\":\"ListItem\",\"position\":1,\"item\":{\"@type\":\"WebPage\",\"@id\":\"https:\/\/deutschcolor.com\/al\/\",\"url\":\"https:\/\/deutschcolor.com\/al\/\",\"name\":\"Home\"}},{\"@type\":\"ListItem\",\"position\":2,\"item\":{\"@type\":\"WebPage\",\"@id\":\"https:\/\/deutschcolor.com\/al\/shop\/\",\"url\":\"https:\/\/deutschcolor.com\/al\/shop\/\",\"name\":\"SHOP\"}},{\"@type\":\"ListItem\",\"position\":3,\"item\":{\"@type\":\"WebPage\",\"@id\":\"https:\/\/deutschcolor.com\/al\/product-category\/veshje-dekorative\/\",\"url\":\"https:\/\/deutschcolor.com\/al\/product-category\/veshje-dekorative\/\",\"name\":\"Veshje Dekorative\"}},{\"@type\":\"ListItem\",\"position\":4,\"item\":{\"@type\":\"WebPage\",\"@id\":\"https:\/\/deutschcolor.com\/al\/product-category\/veshje-dekorative\/astare\/\",\"url\":\"https:\/\/deutschcolor.com\/al\/product-category\/veshje-dekorative\/astare\/\",\"name\":\"7.3. Astar\\u00eb\"}},{\"@type\":\"ListItem\",\"position\":5,\"item\":{\"@type\":\"WebPage\",\"@id\":\"https:\/\/deutschcolor.com\/al\/product\/megagrund\/\",\"url\":\"https:\/\/deutschcolor.com\/al\/product\/megagrund\/\",\"name\":\"Megagrund\"}}]}]}<\/script>\n<!-- \/ Yoast SEO plugin. -->","_links":{"self":[{"href":"https:\/\/deutschcolor.com\/al\/wp-json\/wp\/v2\/product\/23747","targetHints":{"allow":["GET"]}}],"collection":[{"href":"https:\/\/deutschcolor.com\/al\/wp-json\/wp\/v2\/product"}],"about":[{"href":"https:\/\/deutschcolor.com\/al\/wp-json\/wp\/v2\/types\/product"}],"replies":[{"embeddable":true,"href":"https:\/\/deutschcolor.com\/al\/wp-json\/wp\/v2\/comments?post=23747"}],"wp:featuredmedia":[{"embeddable":true,"href":"https:\/\/deutschcolor.com\/al\/wp-json\/wp\/v2\/media\/24414"}],"wp:attachment":[{"href":"https:\/\/deutschcolor.com\/al\/wp-json\/wp\/v2\/media?parent=23747"}],"curies":[{"name":"wp","href":"https:\/\/api.w.org\/{rel}","templated":true}]}}