{"id":23753,"date":"2019-04-20T18:53:32","date_gmt":"2019-04-20T18:53:32","guid":{"rendered":"https:\/\/deutschcolor.com\/al\/?post_type=product&#038;p=23753"},"modified":"2025-04-07T08:11:28","modified_gmt":"2025-04-07T08:11:28","slug":"acrylex","status":"publish","type":"product","link":"https:\/\/deutschcolor.com\/al\/product\/acrylex\/","title":{"rendered":"Acrylex"},"content":{"rendered":"<p><strong>Karakteristikat e produktit<\/strong><br \/>\n1 Nuk p\u00ebrmban amoniak<br \/>\n2 Ideal p\u00ebr hap\u00ebsirat e brendshme dhe t\u00eb jashtme<br \/>\n3 Nuk p\u00ebrmban substanca t\u00eb rrezikshme t\u00eb tilla si, metale t\u00eb r\u00ebnda, formaldehidet e lira, hidrokarburet aromatike, etj.<\/p>\n<p><strong>Rekomandimet p\u00ebr p\u00ebrdorim<\/strong><br \/>\nP\u00ebrdoret n\u00eb t\u00eb gjith\u00eb muret e brendsh\u00ebm dhe t\u00eb jasht\u00ebm, t\u00eb rinj, t\u00eb vjet\u00ebr. P\u00ebrdoret si <a href=\"https:\/\/deutschcolor.com\/al\/product-category\/bojra\/astar\/\">astar<\/a> lidh\u00ebs para grafiato n\u00eb sistemet termoizoluese, n\u00eb sistemet me mure t\u00eb suvatuar, n\u00eb sistemet me mure t\u00eb suvatuar t\u00eb vjet\u00ebr q\u00eb jan\u00eb t\u00eb lyer me boj\u00eb.<\/p>\n<p>###<\/p>\n<p><strong>Ruajtja<\/strong><br \/>\n36 muaj n\u00ebse ruhet n\u00eb nj\u00eb vend t\u00eb that\u00eb, larg burimeve t\u00eb nxeht\u00ebsis\u00eb, n\u00eb nj\u00eb temperatur\u00eb midis +5\u00b0C dhe +30\u00b0C. Mbrojeni nga ngrica.<\/p>\n<p>###<\/p>\n<p>P\u00ebr m\u00eb shume produkte grafiato dhe astar <a href=\"https:\/\/deutschcolor.com\/al\/product-category\/bojra\/\">kliko ketu<\/a>. Kompani partner <a href=\"https:\/\/deltacorporation.eu\/\">kliko ketu<\/a>.<\/p>\n","protected":false},"excerpt":{"rendered":"<p>Astar akrilik kokrizor ekonomik p\u00ebr ngjitjen e grafiatos<\/p>\n","protected":false},"featured_media":24415,"comment_status":"closed","ping_status":"closed","template":"","meta":{"_glsr_average":0,"_glsr_ranking":0,"_glsr_reviews":0},"class_list":["post-23753","product","type-product","status-publish","has-post-thumbnail","hentry","product_cat-veshje-dekorative","product_cat-astare"],"yoast_head":"<!-- This site is optimized with the Yoast SEO plugin v15.0 - https:\/\/yoast.com\/wordpress\/plugins\/seo\/ -->\n<title>Astar lidh\u00ebs para grafiato - Acrylex - Deutsch Color<\/title>\n<meta name=\"description\" content=\"Astar lidh\u00ebs para grafiato n\u00eb sistemet termoizoluese, n\u00eb sistemet me mure t\u00eb suvatuar dhe t\u00eb vjet\u00ebr q\u00eb jan\u00eb t\u00eb lyer me boj\u00eb.\" \/>\n<meta name=\"robots\" content=\"index, follow, max-snippet:-1, max-image-preview:large, max-video-preview:-1\" \/>\n<link rel=\"canonical\" href=\"https:\/\/deutschcolor.com\/al\/product\/acrylex\/\" \/>\n<meta property=\"og:locale\" content=\"en_US\" \/>\n<meta property=\"og:type\" content=\"article\" \/>\n<meta property=\"og:title\" content=\"Astar lidh\u00ebs para grafiato - Acrylex - Deutsch Color\" \/>\n<meta property=\"og:description\" content=\"Astar lidh\u00ebs para grafiato n\u00eb sistemet termoizoluese, n\u00eb sistemet me mure t\u00eb suvatuar dhe t\u00eb vjet\u00ebr q\u00eb jan\u00eb t\u00eb lyer me boj\u00eb.\" \/>\n<meta property=\"og:url\" content=\"https:\/\/deutschcolor.com\/al\/product\/acrylex\/\" \/>\n<meta property=\"og:site_name\" content=\"Deutschcolor\" \/>\n<meta property=\"article:publisher\" content=\"https:\/\/www.facebook.com\/deutschcolorofficial\" \/>\n<meta property=\"article:modified_time\" content=\"2025-04-07T08:11:28+00:00\" \/>\n<meta property=\"og:image\" content=\"https:\/\/deutschcolor.com\/al\/wp-content\/uploads\/2019\/04\/Acrylex-min.png\" \/>\n\t<meta property=\"og:image:width\" content=\"1000\" \/>\n\t<meta property=\"og:image:height\" content=\"1000\" \/>\n<meta name=\"twitter:card\" content=\"summary_large_image\" \/>\n<script type=\"application\/ld+json\" class=\"yoast-schema-graph\">{\"@context\":\"https:\/\/schema.org\",\"@graph\":[{\"@type\":\"WebSite\",\"@id\":\"https:\/\/deutschcolor.com\/al\/#website\",\"url\":\"https:\/\/deutschcolor.com\/al\/\",\"name\":\"Deutschcolor\",\"description\":\"Deutschcolor Albania\",\"potentialAction\":[{\"@type\":\"SearchAction\",\"target\":\"https:\/\/deutschcolor.com\/al\/?s={search_term_string}\",\"query-input\":\"required name=search_term_string\"}],\"inLanguage\":\"en-US\"},{\"@type\":\"ImageObject\",\"@id\":\"https:\/\/deutschcolor.com\/al\/product\/acrylex\/#primaryimage\",\"inLanguage\":\"en-US\",\"url\":\"https:\/\/deutschcolor.com\/al\/wp-content\/uploads\/2019\/04\/Acrylex-min.png\",\"width\":1000,\"height\":1000,\"caption\":\"Astar perdoret para se aplikohet grafiato Acrylex n\\u00eb Deutsch Color\"},{\"@type\":\"WebPage\",\"@id\":\"https:\/\/deutschcolor.com\/al\/product\/acrylex\/#webpage\",\"url\":\"https:\/\/deutschcolor.com\/al\/product\/acrylex\/\",\"name\":\"Astar lidh\\u00ebs para grafiato - Acrylex - Deutsch Color\",\"isPartOf\":{\"@id\":\"https:\/\/deutschcolor.com\/al\/#website\"},\"primaryImageOfPage\":{\"@id\":\"https:\/\/deutschcolor.com\/al\/product\/acrylex\/#primaryimage\"},\"datePublished\":\"2019-04-20T18:53:32+00:00\",\"dateModified\":\"2025-04-07T08:11:28+00:00\",\"description\":\"Astar lidh\\u00ebs para grafiato n\\u00eb sistemet termoizoluese, n\\u00eb sistemet me mure t\\u00eb suvatuar dhe t\\u00eb vjet\\u00ebr q\\u00eb jan\\u00eb t\\u00eb lyer me boj\\u00eb.\",\"breadcrumb\":{\"@id\":\"https:\/\/deutschcolor.com\/al\/product\/acrylex\/#breadcrumb\"},\"inLanguage\":\"en-US\",\"potentialAction\":[{\"@type\":\"ReadAction\",\"target\":[\"https:\/\/deutschcolor.com\/al\/product\/acrylex\/\"]}]},{\"@type\":\"BreadcrumbList\",\"@id\":\"https:\/\/deutschcolor.com\/al\/product\/acrylex\/#breadcrumb\",\"itemListElement\":[{\"@type\":\"ListItem\",\"position\":1,\"item\":{\"@type\":\"WebPage\",\"@id\":\"https:\/\/deutschcolor.com\/al\/\",\"url\":\"https:\/\/deutschcolor.com\/al\/\",\"name\":\"Home\"}},{\"@type\":\"ListItem\",\"position\":2,\"item\":{\"@type\":\"WebPage\",\"@id\":\"https:\/\/deutschcolor.com\/al\/shop\/\",\"url\":\"https:\/\/deutschcolor.com\/al\/shop\/\",\"name\":\"SHOP\"}},{\"@type\":\"ListItem\",\"position\":3,\"item\":{\"@type\":\"WebPage\",\"@id\":\"https:\/\/deutschcolor.com\/al\/product-category\/veshje-dekorative\/\",\"url\":\"https:\/\/deutschcolor.com\/al\/product-category\/veshje-dekorative\/\",\"name\":\"Veshje Dekorative\"}},{\"@type\":\"ListItem\",\"position\":4,\"item\":{\"@type\":\"WebPage\",\"@id\":\"https:\/\/deutschcolor.com\/al\/product-category\/veshje-dekorative\/astare\/\",\"url\":\"https:\/\/deutschcolor.com\/al\/product-category\/veshje-dekorative\/astare\/\",\"name\":\"7.3. Astar\\u00eb\"}},{\"@type\":\"ListItem\",\"position\":5,\"item\":{\"@type\":\"WebPage\",\"@id\":\"https:\/\/deutschcolor.com\/al\/product\/acrylex\/\",\"url\":\"https:\/\/deutschcolor.com\/al\/product\/acrylex\/\",\"name\":\"Acrylex\"}}]}]}<\/script>\n<!-- \/ Yoast SEO plugin. -->","_links":{"self":[{"href":"https:\/\/deutschcolor.com\/al\/wp-json\/wp\/v2\/product\/23753","targetHints":{"allow":["GET"]}}],"collection":[{"href":"https:\/\/deutschcolor.com\/al\/wp-json\/wp\/v2\/product"}],"about":[{"href":"https:\/\/deutschcolor.com\/al\/wp-json\/wp\/v2\/types\/product"}],"replies":[{"embeddable":true,"href":"https:\/\/deutschcolor.com\/al\/wp-json\/wp\/v2\/comments?post=23753"}],"wp:featuredmedia":[{"embeddable":true,"href":"https:\/\/deutschcolor.com\/al\/wp-json\/wp\/v2\/media\/24415"}],"wp:attachment":[{"href":"https:\/\/deutschcolor.com\/al\/wp-json\/wp\/v2\/media?parent=23753"}],"curies":[{"name":"wp","href":"https:\/\/api.w.org\/{rel}","templated":true}]}}