{"id":23756,"date":"2019-04-20T18:57:55","date_gmt":"2019-04-20T18:57:55","guid":{"rendered":"https:\/\/deutschcolor.com\/al\/?post_type=product&#038;p=23756"},"modified":"2025-02-27T08:49:03","modified_gmt":"2025-02-27T08:49:03","slug":"izodicht-energie-d-17","status":"publish","type":"product","link":"https:\/\/deutschcolor.com\/al\/product\/izodicht-energie-d-17\/","title":{"rendered":"Izodicht Energie D-17"},"content":{"rendered":"<p><strong>Karakteristikat e produktit<\/strong><br \/>\n\u2022 Ngjitje e fort\u00eb<br \/>\n\u2022 Ngjyr\u00eb e bardh\u00eb<br \/>\n\u2022 Elastike edhe n\u00ebn -20\u00baC<br \/>\n\u2022 Q\u00ebndrueshm\u00ebri afatgjat\u00eb<br \/>\n\u2022 Punueshm\u00ebri e shum\u00eb e mir\u00eb<br \/>\n\u2022 Rezistenc\u00eb t\u00eb lart\u00eb ndaj ujit dhe temperaturave t\u00eb larta dhe acarit<\/p>\n<p><strong>Rekomandimet p\u00ebr p\u00ebrdorim<\/strong><br \/>\nIzodicht Energy D-17 p\u00ebrdoret si hidroizolues n\u00ebp\u00ebr tarraca, ballkone, mure, si edhe n\u00eb vende me lag\u00ebshti. Aplikohet leht\u00ebsisht duke krijuar nj\u00eb membran\u00eb hidroizoluese me elasticitet t\u00eb lart\u00eb dhe rezistenc\u00eb mekanike pa krijuar \u00e7arje ose tkurrje. Gjithashtu, \u00ebsht\u00eb leht\u00ebsisht i aplikuesh\u00ebm n\u00eb zonat e v\u00ebshtira si k\u00ebnde, bashkime t\u00eb materialeve t\u00eb ndryshme q\u00eb formojn\u00eb fuga etj. Izodicht Energy D-17 nuk rekomandohet t\u00eb p\u00ebrdoret p\u00ebr hidroizolimin e bodrumeve n\u00ebntok\u00ebsore.<\/p>\n<p>###<\/p>\n<p><strong>Ruajtja<\/strong><br \/>\n24 muaj n\u00ebse ruhet n\u00eb nj\u00eb vend t\u00eb that\u00eb, larg burimeve t\u00eb nxeht\u00ebsis\u00eb, n\u00eb nj\u00eb temperatur\u00eb midis +5\u00b0C dhe +30\u00b0C. Mbrojeni nga ngrica.<\/p>\n","protected":false},"excerpt":{"rendered":"<p>Hidroizolues i cil\u00ebsis\u00eb premium me veti termoizoluese q\u00eb ofron mbrojtje maksimale nga lag\u00ebshtia<\/p>\n","protected":false},"featured_media":24416,"comment_status":"closed","ping_status":"closed","template":"","meta":{"_glsr_average":0,"_glsr_ranking":0,"_glsr_reviews":0},"class_list":["post-23756","product","type-product","status-publish","has-post-thumbnail","hentry","product_cat-hidroizolues","product_cat-produkt-hidroizolues-njekomponentesh-gati-per-perdorim"],"yoast_head":"<!-- This site is optimized with the Yoast SEO plugin v15.0 - https:\/\/yoast.com\/wordpress\/plugins\/seo\/ -->\n<title>Izodicht Energie D-17 - P\u00ebrdoret si hidroizolues n\u00ebp\u00ebr tarraca- Deutsch Color<\/title>\n<meta name=\"description\" content=\"Izodicht Energy D-17 p\u00ebrdoret si hidroizolues n\u00ebp\u00ebr tarraca, ballkone, mure, si edhe n\u00eb vende me lag\u00ebshti. Produkt ideal dhe profesional.\" \/>\n<meta name=\"robots\" content=\"index, follow, max-snippet:-1, max-image-preview:large, max-video-preview:-1\" \/>\n<link rel=\"canonical\" href=\"https:\/\/deutschcolor.com\/al\/product\/izodicht-energie-d-17\/\" \/>\n<meta property=\"og:locale\" content=\"en_US\" \/>\n<meta property=\"og:type\" content=\"article\" \/>\n<meta property=\"og:title\" content=\"Izodicht Energie D-17 - P\u00ebrdoret si hidroizolues n\u00ebp\u00ebr tarraca- Deutsch Color\" \/>\n<meta property=\"og:description\" content=\"Izodicht Energy D-17 p\u00ebrdoret si hidroizolues n\u00ebp\u00ebr tarraca, ballkone, mure, si edhe n\u00eb vende me lag\u00ebshti. Produkt ideal dhe profesional.\" \/>\n<meta property=\"og:url\" content=\"https:\/\/deutschcolor.com\/al\/product\/izodicht-energie-d-17\/\" \/>\n<meta property=\"og:site_name\" content=\"Deutschcolor\" \/>\n<meta property=\"article:publisher\" content=\"https:\/\/www.facebook.com\/deutschcolorofficial\" \/>\n<meta property=\"article:modified_time\" content=\"2025-02-27T08:49:03+00:00\" \/>\n<meta property=\"og:image\" content=\"https:\/\/deutschcolor.com\/al\/wp-content\/uploads\/2019\/04\/Izodicht-Energie-D17-min.png\" \/>\n\t<meta property=\"og:image:width\" content=\"1000\" \/>\n\t<meta property=\"og:image:height\" content=\"1000\" \/>\n<meta name=\"twitter:card\" content=\"summary_large_image\" \/>\n<script type=\"application\/ld+json\" class=\"yoast-schema-graph\">{\"@context\":\"https:\/\/schema.org\",\"@graph\":[{\"@type\":\"WebSite\",\"@id\":\"https:\/\/deutschcolor.com\/al\/#website\",\"url\":\"https:\/\/deutschcolor.com\/al\/\",\"name\":\"Deutschcolor\",\"description\":\"Deutschcolor Albania\",\"potentialAction\":[{\"@type\":\"SearchAction\",\"target\":\"https:\/\/deutschcolor.com\/al\/?s={search_term_string}\",\"query-input\":\"required name=search_term_string\"}],\"inLanguage\":\"en-US\"},{\"@type\":\"ImageObject\",\"@id\":\"https:\/\/deutschcolor.com\/al\/product\/izodicht-energie-d-17\/#primaryimage\",\"inLanguage\":\"en-US\",\"url\":\"https:\/\/deutschcolor.com\/al\/wp-content\/uploads\/2019\/04\/Izodicht-Energie-D17-min.png\",\"width\":1000,\"height\":1000},{\"@type\":\"WebPage\",\"@id\":\"https:\/\/deutschcolor.com\/al\/product\/izodicht-energie-d-17\/#webpage\",\"url\":\"https:\/\/deutschcolor.com\/al\/product\/izodicht-energie-d-17\/\",\"name\":\"Izodicht Energie D-17 - P\\u00ebrdoret si hidroizolues n\\u00ebp\\u00ebr tarraca- Deutsch Color\",\"isPartOf\":{\"@id\":\"https:\/\/deutschcolor.com\/al\/#website\"},\"primaryImageOfPage\":{\"@id\":\"https:\/\/deutschcolor.com\/al\/product\/izodicht-energie-d-17\/#primaryimage\"},\"datePublished\":\"2019-04-20T18:57:55+00:00\",\"dateModified\":\"2025-02-27T08:49:03+00:00\",\"description\":\"Izodicht Energy D-17 p\\u00ebrdoret si hidroizolues n\\u00ebp\\u00ebr tarraca, ballkone, mure, si edhe n\\u00eb vende me lag\\u00ebshti. Produkt ideal dhe profesional.\",\"breadcrumb\":{\"@id\":\"https:\/\/deutschcolor.com\/al\/product\/izodicht-energie-d-17\/#breadcrumb\"},\"inLanguage\":\"en-US\",\"potentialAction\":[{\"@type\":\"ReadAction\",\"target\":[\"https:\/\/deutschcolor.com\/al\/product\/izodicht-energie-d-17\/\"]}]},{\"@type\":\"BreadcrumbList\",\"@id\":\"https:\/\/deutschcolor.com\/al\/product\/izodicht-energie-d-17\/#breadcrumb\",\"itemListElement\":[{\"@type\":\"ListItem\",\"position\":1,\"item\":{\"@type\":\"WebPage\",\"@id\":\"https:\/\/deutschcolor.com\/al\/\",\"url\":\"https:\/\/deutschcolor.com\/al\/\",\"name\":\"Home\"}},{\"@type\":\"ListItem\",\"position\":2,\"item\":{\"@type\":\"WebPage\",\"@id\":\"https:\/\/deutschcolor.com\/al\/shop\/\",\"url\":\"https:\/\/deutschcolor.com\/al\/shop\/\",\"name\":\"SHOP\"}},{\"@type\":\"ListItem\",\"position\":3,\"item\":{\"@type\":\"WebPage\",\"@id\":\"https:\/\/deutschcolor.com\/al\/product-category\/hidroizolues\/\",\"url\":\"https:\/\/deutschcolor.com\/al\/product-category\/hidroizolues\/\",\"name\":\"Hidroizolues\"}},{\"@type\":\"ListItem\",\"position\":4,\"item\":{\"@type\":\"WebPage\",\"@id\":\"https:\/\/deutschcolor.com\/al\/product-category\/hidroizolues\/produkt-hidroizolues-njekomponentesh-gati-per-perdorim\/\",\"url\":\"https:\/\/deutschcolor.com\/al\/product-category\/hidroizolues\/produkt-hidroizolues-njekomponentesh-gati-per-perdorim\/\",\"name\":\"3.3. Produkt hidroizolues nj\\u00ebkomponent\\u00ebsh gati p\\u00ebr p\\u00ebrdorim\"}},{\"@type\":\"ListItem\",\"position\":5,\"item\":{\"@type\":\"WebPage\",\"@id\":\"https:\/\/deutschcolor.com\/al\/product\/izodicht-energie-d-17\/\",\"url\":\"https:\/\/deutschcolor.com\/al\/product\/izodicht-energie-d-17\/\",\"name\":\"Izodicht Energie D-17\"}}]}]}<\/script>\n<!-- \/ Yoast SEO plugin. -->","_links":{"self":[{"href":"https:\/\/deutschcolor.com\/al\/wp-json\/wp\/v2\/product\/23756","targetHints":{"allow":["GET"]}}],"collection":[{"href":"https:\/\/deutschcolor.com\/al\/wp-json\/wp\/v2\/product"}],"about":[{"href":"https:\/\/deutschcolor.com\/al\/wp-json\/wp\/v2\/types\/product"}],"replies":[{"embeddable":true,"href":"https:\/\/deutschcolor.com\/al\/wp-json\/wp\/v2\/comments?post=23756"}],"wp:featuredmedia":[{"embeddable":true,"href":"https:\/\/deutschcolor.com\/al\/wp-json\/wp\/v2\/media\/24416"}],"wp:attachment":[{"href":"https:\/\/deutschcolor.com\/al\/wp-json\/wp\/v2\/media?parent=23756"}],"curies":[{"name":"wp","href":"https:\/\/api.w.org\/{rel}","templated":true}]}}