{"id":23761,"date":"2019-04-20T19:00:48","date_gmt":"2019-04-20T19:00:48","guid":{"rendered":"https:\/\/deutschcolor.com\/al\/?post_type=product&#038;p=23761"},"modified":"2025-07-17T07:25:10","modified_gmt":"2025-07-17T07:25:10","slug":"izodicht-d-17","status":"publish","type":"product","link":"https:\/\/deutschcolor.com\/al\/product\/izodicht-d-17\/","title":{"rendered":"Izodicht D-17"},"content":{"rendered":"<h2 style=\"font-size: 15px; font-weight: normal;\"><strong>Karakteristikat e Produktit <a href=\"https:\/\/deutschcolor.com\/al\/product-category\/hidroizolues\/\">Hidorizolues<\/a> i cil\u00ebsis\u00eb premium<\/strong><\/h2>\n<p>1 Ngjitje e fort\u00eb<br \/>\n2 Ngjyr\u00eb e bardh\u00eb<br \/>\n3 Q\u00ebnueshm\u00ebri afatgjat\u00eb<br \/>\n4 Punueshm\u00ebri e shk\u00eblqyer<br \/>\n5 Rezistenc\u00eb shum\u00eb t\u00eb mir\u00eb ndaj ujit, temperaturave t\u00eb larta dhe acarit<\/p>\n<h3 style=\"font-size: 15px; font-weight: normal;\"><strong>Rekomandimet p\u00ebr p\u00ebrdorim<\/strong><\/h3>\n<p class=\"\" data-start=\"120\" data-end=\"373\"><strong data-start=\"120\" data-end=\"137\">Izodicht D-17<\/strong> \u00ebsht\u00eb nj\u00eb <a href=\"https:\/\/deutschcolor.com\/al\/product-category\/hidroizolues\/\">Hidorizolues<\/a> i cil\u00ebsis\u00eb premium, i p\u00ebrshtatsh\u00ebm p\u00ebr aplikim n\u00eb <strong data-start=\"204\" data-end=\"215\">tarraca<\/strong>, <strong data-start=\"217\" data-end=\"229\">ballkone<\/strong> dhe sip\u00ebrfaqe t\u00eb ngjashme. Formon nj\u00eb <strong data-start=\"268\" data-end=\"289\">membran\u00eb elastike<\/strong> me <strong data-start=\"293\" data-end=\"325\">rezistenc\u00eb t\u00eb lart\u00eb mekanike<\/strong>, q\u00eb nuk \u00e7an dhe nuk tkurret me kalimin e koh\u00ebs.<\/p>\n<p class=\"\" data-start=\"375\" data-end=\"531\">P\u00ebrb\u00ebrja e tij e ve\u00e7ant\u00eb e b\u00ebn t\u00eb leht\u00eb p\u00ebr t&#8217;u aplikuar, edhe n\u00eb zona t\u00eb nd\u00ebrlikuara si k\u00ebnde, fuga apo bashkime materialesh t\u00eb ndryshme.<\/p>\n<p data-start=\"375\" data-end=\"531\">Izodicht D-17 nuk rekomandohet p\u00ebr p\u00ebrdorim n\u00eb bodrume n\u00ebntok\u00ebsor\u00eb.<\/p>\n<p>###<\/p>\n<p><strong>Ruajtja<\/strong><br \/>\n24 muaj n\u00ebse ruhet n\u00eb nj\u00eb vend t\u00eb that\u00eb, larg burimeve t\u00eb nxeht\u00ebsis\u00eb, n\u00eb nj\u00eb temperatur\u00eb midis +5\u00b0C dhe +30\u00b0C. Mbrojeni nga ngrica.<\/p>\n<p>###<\/p>\n<p>P\u00ebr m\u00eb shum\u00eb produkte <strong data-start=\"216\" data-end=\"232\"><a href=\"https:\/\/deutschcolor.com\/al\/product-category\/hidroizolues\/\">Hidorizolues<\/a> i cil\u00ebsis\u00eb premium<\/strong>, <a href=\"https:\/\/deutschcolor.com\/al\/product-category\/hidroizolues\/\">kliko k\u00ebtu<\/a>. P\u00ebr t\u00eb vizituar kompanit\u00eb partnere, <a href=\"https:\/\/deltacorporation.eu\/\">kliko k\u00ebtu<\/a>.<\/p>\n","protected":false},"excerpt":{"rendered":"<p><a href=\"https:\/\/deutschcolor.com\/al\/product-category\/hidroizolues\/\" target=\"_blank\" rel=\"noopener\">Hidorizolues<\/a> i cil\u00ebsis\u00eb premium me veti t\u00eb shk\u00eblqyera elastike q\u00eb ofron mbrojtje speciale ndaj ujit<\/p>\n","protected":false},"featured_media":24417,"comment_status":"closed","ping_status":"closed","template":"","meta":{"_glsr_average":0,"_glsr_ranking":0,"_glsr_reviews":0},"class_list":["post-23761","product","type-product","status-publish","has-post-thumbnail","hentry","product_cat-hidroizolues","product_cat-produkt-hidroizolues-njekomponentesh-gati-per-perdorim"],"yoast_head":"<!-- This site is optimized with the Yoast SEO plugin v15.0 - https:\/\/yoast.com\/wordpress\/plugins\/seo\/ -->\n<title>Hidorizolues i Cil\u00ebsis\u00eb Premium Izodicht D-17 - Deutsch Color<\/title>\n<meta name=\"description\" content=\"P\u00ebrdoret si Hidorizolues i cil\u00ebsis\u00eb premium. Aplikohet leht\u00ebsisht duke krijuar nj\u00eb membran\u00eb hidroizolimi me elasticitet t\u00eb lart\u00eb.\" \/>\n<meta name=\"robots\" content=\"index, follow, max-snippet:-1, max-image-preview:large, max-video-preview:-1\" \/>\n<link rel=\"canonical\" href=\"https:\/\/deutschcolor.com\/al\/product\/izodicht-d-17\/\" \/>\n<meta property=\"og:locale\" content=\"en_US\" \/>\n<meta property=\"og:type\" content=\"article\" \/>\n<meta property=\"og:title\" content=\"Hidorizolues i Cil\u00ebsis\u00eb Premium Izodicht D-17 - Deutsch Color\" \/>\n<meta property=\"og:description\" content=\"P\u00ebrdoret si Hidorizolues i cil\u00ebsis\u00eb premium. Aplikohet leht\u00ebsisht duke krijuar nj\u00eb membran\u00eb hidroizolimi me elasticitet t\u00eb lart\u00eb.\" \/>\n<meta property=\"og:url\" content=\"https:\/\/deutschcolor.com\/al\/product\/izodicht-d-17\/\" \/>\n<meta property=\"og:site_name\" content=\"Deutschcolor\" \/>\n<meta property=\"article:publisher\" content=\"https:\/\/www.facebook.com\/deutschcolorofficial\" \/>\n<meta property=\"article:modified_time\" content=\"2025-07-17T07:25:10+00:00\" \/>\n<meta property=\"og:image\" content=\"https:\/\/deutschcolor.com\/al\/wp-content\/uploads\/2019\/04\/Izodicht-D17-min.png\" \/>\n\t<meta property=\"og:image:width\" content=\"1000\" \/>\n\t<meta property=\"og:image:height\" content=\"1000\" \/>\n<meta name=\"twitter:card\" content=\"summary_large_image\" \/>\n<script type=\"application\/ld+json\" class=\"yoast-schema-graph\">{\"@context\":\"https:\/\/schema.org\",\"@graph\":[{\"@type\":\"WebSite\",\"@id\":\"https:\/\/deutschcolor.com\/al\/#website\",\"url\":\"https:\/\/deutschcolor.com\/al\/\",\"name\":\"Deutschcolor\",\"description\":\"Deutschcolor Albania\",\"potentialAction\":[{\"@type\":\"SearchAction\",\"target\":\"https:\/\/deutschcolor.com\/al\/?s={search_term_string}\",\"query-input\":\"required name=search_term_string\"}],\"inLanguage\":\"en-US\"},{\"@type\":\"ImageObject\",\"@id\":\"https:\/\/deutschcolor.com\/al\/product\/izodicht-d-17\/#primaryimage\",\"inLanguage\":\"en-US\",\"url\":\"https:\/\/deutschcolor.com\/al\/wp-content\/uploads\/2019\/04\/Izodicht-D17-min.png\",\"width\":1000,\"height\":1000,\"caption\":\"Hidorizolues i cil\\u00ebsis\\u00eb premium me veti t\\u00eb shk\\u00eblqyera elastike q\\u00eb ofron mbrojtje speciale ndaj ujit\"},{\"@type\":\"WebPage\",\"@id\":\"https:\/\/deutschcolor.com\/al\/product\/izodicht-d-17\/#webpage\",\"url\":\"https:\/\/deutschcolor.com\/al\/product\/izodicht-d-17\/\",\"name\":\"Hidorizolues i Cil\\u00ebsis\\u00eb Premium Izodicht D-17 - Deutsch Color\",\"isPartOf\":{\"@id\":\"https:\/\/deutschcolor.com\/al\/#website\"},\"primaryImageOfPage\":{\"@id\":\"https:\/\/deutschcolor.com\/al\/product\/izodicht-d-17\/#primaryimage\"},\"datePublished\":\"2019-04-20T19:00:48+00:00\",\"dateModified\":\"2025-07-17T07:25:10+00:00\",\"description\":\"P\\u00ebrdoret si Hidorizolues i cil\\u00ebsis\\u00eb premium. Aplikohet leht\\u00ebsisht duke krijuar nj\\u00eb membran\\u00eb hidroizolimi me elasticitet t\\u00eb lart\\u00eb.\",\"breadcrumb\":{\"@id\":\"https:\/\/deutschcolor.com\/al\/product\/izodicht-d-17\/#breadcrumb\"},\"inLanguage\":\"en-US\",\"potentialAction\":[{\"@type\":\"ReadAction\",\"target\":[\"https:\/\/deutschcolor.com\/al\/product\/izodicht-d-17\/\"]}]},{\"@type\":\"BreadcrumbList\",\"@id\":\"https:\/\/deutschcolor.com\/al\/product\/izodicht-d-17\/#breadcrumb\",\"itemListElement\":[{\"@type\":\"ListItem\",\"position\":1,\"item\":{\"@type\":\"WebPage\",\"@id\":\"https:\/\/deutschcolor.com\/al\/\",\"url\":\"https:\/\/deutschcolor.com\/al\/\",\"name\":\"Home\"}},{\"@type\":\"ListItem\",\"position\":2,\"item\":{\"@type\":\"WebPage\",\"@id\":\"https:\/\/deutschcolor.com\/al\/shop\/\",\"url\":\"https:\/\/deutschcolor.com\/al\/shop\/\",\"name\":\"SHOP\"}},{\"@type\":\"ListItem\",\"position\":3,\"item\":{\"@type\":\"WebPage\",\"@id\":\"https:\/\/deutschcolor.com\/al\/product-category\/hidroizolues\/\",\"url\":\"https:\/\/deutschcolor.com\/al\/product-category\/hidroizolues\/\",\"name\":\"Hidroizolues\"}},{\"@type\":\"ListItem\",\"position\":4,\"item\":{\"@type\":\"WebPage\",\"@id\":\"https:\/\/deutschcolor.com\/al\/product-category\/hidroizolues\/produkt-hidroizolues-njekomponentesh-gati-per-perdorim\/\",\"url\":\"https:\/\/deutschcolor.com\/al\/product-category\/hidroizolues\/produkt-hidroizolues-njekomponentesh-gati-per-perdorim\/\",\"name\":\"3.3. Produkt hidroizolues nj\\u00ebkomponent\\u00ebsh gati p\\u00ebr p\\u00ebrdorim\"}},{\"@type\":\"ListItem\",\"position\":5,\"item\":{\"@type\":\"WebPage\",\"@id\":\"https:\/\/deutschcolor.com\/al\/product\/izodicht-d-17\/\",\"url\":\"https:\/\/deutschcolor.com\/al\/product\/izodicht-d-17\/\",\"name\":\"Izodicht D-17\"}}]}]}<\/script>\n<!-- \/ Yoast SEO plugin. -->","_links":{"self":[{"href":"https:\/\/deutschcolor.com\/al\/wp-json\/wp\/v2\/product\/23761","targetHints":{"allow":["GET"]}}],"collection":[{"href":"https:\/\/deutschcolor.com\/al\/wp-json\/wp\/v2\/product"}],"about":[{"href":"https:\/\/deutschcolor.com\/al\/wp-json\/wp\/v2\/types\/product"}],"replies":[{"embeddable":true,"href":"https:\/\/deutschcolor.com\/al\/wp-json\/wp\/v2\/comments?post=23761"}],"wp:featuredmedia":[{"embeddable":true,"href":"https:\/\/deutschcolor.com\/al\/wp-json\/wp\/v2\/media\/24417"}],"wp:attachment":[{"href":"https:\/\/deutschcolor.com\/al\/wp-json\/wp\/v2\/media?parent=23761"}],"curies":[{"name":"wp","href":"https:\/\/api.w.org\/{rel}","templated":true}]}}