{"id":23778,"date":"2019-04-20T19:18:11","date_gmt":"2019-04-20T19:18:11","guid":{"rendered":"https:\/\/deutschcolor.com\/al\/?post_type=product&#038;p=23778"},"modified":"2025-05-19T06:52:25","modified_gmt":"2025-05-19T06:52:25","slug":"picasso-master","status":"publish","type":"product","link":"https:\/\/deutschcolor.com\/al\/product\/picasso-master\/","title":{"rendered":"Picasso Master"},"content":{"rendered":"<p><strong>Karakteristikat e produktit<\/strong><br \/>\n1 Bardh\u00ebsi e vezulluese<br \/>\n2 Sip\u00ebrfaqe t\u00eb l\u00ebmuar mat<br \/>\n3 Mbulueshm\u00ebri shum\u00eb e mir\u00eb<br \/>\n4 Gjendet n\u00eb 4 baza W, P, D dhe TR<br \/>\n5 Punueshm\u00ebri dhe nivelim i shk\u00eblqyer<br \/>\n6 Ngjitje shum\u00eb e fort\u00eb dhe tharje e shpejt\u00eb<br \/>\n7 Rezistenc\u00eb t\u00eb lart\u00eb ndaj larjes s\u00eb shpesht\u00eb<br \/>\n8 Pranon 7000 cikle larjesh 30 dit\u00eb pas aplikimit<\/p>\n<p><strong>Rekomandimet p\u00ebr p\u00ebrdorim<\/strong><br \/>\nBoj\u00eb Plastike. P\u00ebrdoret n\u00eb t\u00eb gjith\u00eb muret dhe tavan\u00ebt e brendsh\u00ebm, t\u00eb rinj, t\u00eb vjet\u00ebr dhe t\u00eb lyer m\u00eb par\u00eb me boj\u00eb, me baz\u00eb \u00e7imento, g\u00eblqere, gips, dhe n\u00eb \u00e7do lloj ambienti t\u00eb brendsh\u00ebm, dhoma gjumi, tualete, dhoma ndenjjeje, ambiente zyrash, sh\u00ebrbimesh etj.<\/p>\n<p>###<\/p>\n<p><strong>Ruajtja<\/strong><br \/>\n36 muaj n\u00ebse ruhet n\u00eb nj\u00eb vend t\u00eb that\u00eb, larg burimeve t\u00eb nxeht\u00ebsis\u00eb, n\u00eb nj\u00eb temperatur\u00eb midis +5\u00b0C dhe +30\u00b0C. Mbrojeni nga ngrica.<\/p>\n<p><strong>Sh\u00ebnime<\/strong><br \/>\n\u2022 Rekomandohet q\u00eb sip\u00ebrfaqet e lyera t\u00eb mos lahen deri sa t\u00eb kalojn\u00eb 30 dit\u00eb nga aplikimi.<br \/>\n\u2022 N\u00eb sip\u00ebrfaqet e fresk\u00ebta t\u00eb betonit produkti rekomandohet t\u00eb aplikohet t\u00eb pakt\u00ebn pas 30-40 dit\u00ebsh.<\/p>\n","protected":false},"excerpt":{"rendered":"<p>Boj\u00eb plastike e nj\u00eb cil\u00ebsie premium p\u00ebr p\u00ebrdorim profesional me rezistenc\u00eb shum\u00eb t\u00eb mir\u00eb ndaj larjes<\/p>\n","protected":false},"featured_media":24421,"comment_status":"closed","ping_status":"closed","template":"","meta":{"_glsr_average":0,"_glsr_ranking":0,"_glsr_reviews":0},"class_list":["post-23778","product","type-product","status-publish","has-post-thumbnail","hentry","product_cat-bojra","product_cat-bojera-per-ambiente-te-brendshme"],"yoast_head":"<!-- This site is optimized with the Yoast SEO plugin v15.0 - https:\/\/yoast.com\/wordpress\/plugins\/seo\/ -->\n<title>Boj\u00eb PlastikePicasso Master - Deutschcolor - Rezistenc\u00eb shum\u00eb t\u00eb mir\u00eb.<\/title>\n<meta name=\"description\" content=\"Boj\u00eb plastike e nj\u00eb cil\u00ebsie premium p\u00ebr p\u00ebrdorim profesional me rezistenc\u00eb shum\u00eb t\u00eb mir\u00eb ndaj larjes.\" \/>\n<meta name=\"robots\" content=\"index, follow, max-snippet:-1, max-image-preview:large, max-video-preview:-1\" \/>\n<link rel=\"canonical\" href=\"https:\/\/deutschcolor.com\/al\/product\/picasso-master\/\" \/>\n<meta property=\"og:locale\" content=\"en_US\" \/>\n<meta property=\"og:type\" content=\"article\" \/>\n<meta property=\"og:title\" content=\"Boj\u00eb PlastikePicasso Master - Deutschcolor - Rezistenc\u00eb shum\u00eb t\u00eb mir\u00eb.\" \/>\n<meta property=\"og:description\" content=\"Boj\u00eb plastike e nj\u00eb cil\u00ebsie premium p\u00ebr p\u00ebrdorim profesional me rezistenc\u00eb shum\u00eb t\u00eb mir\u00eb ndaj larjes.\" \/>\n<meta property=\"og:url\" content=\"https:\/\/deutschcolor.com\/al\/product\/picasso-master\/\" \/>\n<meta property=\"og:site_name\" content=\"Deutschcolor\" \/>\n<meta property=\"article:publisher\" content=\"https:\/\/www.facebook.com\/deutschcolorofficial\" \/>\n<meta property=\"article:modified_time\" content=\"2025-05-19T06:52:25+00:00\" \/>\n<meta property=\"og:image\" content=\"https:\/\/deutschcolor.com\/al\/wp-content\/uploads\/2019\/04\/Picaso-Master-min.png\" \/>\n\t<meta property=\"og:image:width\" content=\"1000\" \/>\n\t<meta property=\"og:image:height\" content=\"1000\" \/>\n<meta name=\"twitter:card\" content=\"summary_large_image\" \/>\n<script type=\"application\/ld+json\" class=\"yoast-schema-graph\">{\"@context\":\"https:\/\/schema.org\",\"@graph\":[{\"@type\":\"WebSite\",\"@id\":\"https:\/\/deutschcolor.com\/al\/#website\",\"url\":\"https:\/\/deutschcolor.com\/al\/\",\"name\":\"Deutschcolor\",\"description\":\"Deutschcolor Albania\",\"potentialAction\":[{\"@type\":\"SearchAction\",\"target\":\"https:\/\/deutschcolor.com\/al\/?s={search_term_string}\",\"query-input\":\"required name=search_term_string\"}],\"inLanguage\":\"en-US\"},{\"@type\":\"ImageObject\",\"@id\":\"https:\/\/deutschcolor.com\/al\/product\/picasso-master\/#primaryimage\",\"inLanguage\":\"en-US\",\"url\":\"https:\/\/deutschcolor.com\/al\/wp-content\/uploads\/2019\/04\/Picaso-Master-min.png\",\"width\":1000,\"height\":1000},{\"@type\":\"WebPage\",\"@id\":\"https:\/\/deutschcolor.com\/al\/product\/picasso-master\/#webpage\",\"url\":\"https:\/\/deutschcolor.com\/al\/product\/picasso-master\/\",\"name\":\"Boj\\u00eb PlastikePicasso Master - Deutschcolor - Rezistenc\\u00eb shum\\u00eb t\\u00eb mir\\u00eb.\",\"isPartOf\":{\"@id\":\"https:\/\/deutschcolor.com\/al\/#website\"},\"primaryImageOfPage\":{\"@id\":\"https:\/\/deutschcolor.com\/al\/product\/picasso-master\/#primaryimage\"},\"datePublished\":\"2019-04-20T19:18:11+00:00\",\"dateModified\":\"2025-05-19T06:52:25+00:00\",\"description\":\"Boj\\u00eb plastike e nj\\u00eb cil\\u00ebsie premium p\\u00ebr p\\u00ebrdorim profesional me rezistenc\\u00eb shum\\u00eb t\\u00eb mir\\u00eb ndaj larjes.\",\"breadcrumb\":{\"@id\":\"https:\/\/deutschcolor.com\/al\/product\/picasso-master\/#breadcrumb\"},\"inLanguage\":\"en-US\",\"potentialAction\":[{\"@type\":\"ReadAction\",\"target\":[\"https:\/\/deutschcolor.com\/al\/product\/picasso-master\/\"]}]},{\"@type\":\"BreadcrumbList\",\"@id\":\"https:\/\/deutschcolor.com\/al\/product\/picasso-master\/#breadcrumb\",\"itemListElement\":[{\"@type\":\"ListItem\",\"position\":1,\"item\":{\"@type\":\"WebPage\",\"@id\":\"https:\/\/deutschcolor.com\/al\/\",\"url\":\"https:\/\/deutschcolor.com\/al\/\",\"name\":\"Home\"}},{\"@type\":\"ListItem\",\"position\":2,\"item\":{\"@type\":\"WebPage\",\"@id\":\"https:\/\/deutschcolor.com\/al\/shop\/\",\"url\":\"https:\/\/deutschcolor.com\/al\/shop\/\",\"name\":\"SHOP\"}},{\"@type\":\"ListItem\",\"position\":3,\"item\":{\"@type\":\"WebPage\",\"@id\":\"https:\/\/deutschcolor.com\/al\/product-category\/bojra\/\",\"url\":\"https:\/\/deutschcolor.com\/al\/product-category\/bojra\/\",\"name\":\"Bojra\"}},{\"@type\":\"ListItem\",\"position\":4,\"item\":{\"@type\":\"WebPage\",\"@id\":\"https:\/\/deutschcolor.com\/al\/product-category\/bojra\/bojera-per-ambiente-te-brendshme\/\",\"url\":\"https:\/\/deutschcolor.com\/al\/product-category\/bojra\/bojera-per-ambiente-te-brendshme\/\",\"name\":\"8.1. Boj\\u00ebra p\\u00ebr ambiente t\\u00eb brendshme\"}},{\"@type\":\"ListItem\",\"position\":5,\"item\":{\"@type\":\"WebPage\",\"@id\":\"https:\/\/deutschcolor.com\/al\/product\/picasso-master\/\",\"url\":\"https:\/\/deutschcolor.com\/al\/product\/picasso-master\/\",\"name\":\"Picasso Master\"}}]}]}<\/script>\n<!-- \/ Yoast SEO plugin. -->","_links":{"self":[{"href":"https:\/\/deutschcolor.com\/al\/wp-json\/wp\/v2\/product\/23778","targetHints":{"allow":["GET"]}}],"collection":[{"href":"https:\/\/deutschcolor.com\/al\/wp-json\/wp\/v2\/product"}],"about":[{"href":"https:\/\/deutschcolor.com\/al\/wp-json\/wp\/v2\/types\/product"}],"replies":[{"embeddable":true,"href":"https:\/\/deutschcolor.com\/al\/wp-json\/wp\/v2\/comments?post=23778"}],"wp:featuredmedia":[{"embeddable":true,"href":"https:\/\/deutschcolor.com\/al\/wp-json\/wp\/v2\/media\/24421"}],"wp:attachment":[{"href":"https:\/\/deutschcolor.com\/al\/wp-json\/wp\/v2\/media?parent=23778"}],"curies":[{"name":"wp","href":"https:\/\/api.w.org\/{rel}","templated":true}]}}