{"id":23782,"date":"2019-04-20T19:25:02","date_gmt":"2019-04-20T19:25:02","guid":{"rendered":"https:\/\/deutschcolor.com\/al\/?post_type=product&#038;p=23782"},"modified":"2025-05-16T12:21:19","modified_gmt":"2025-05-16T12:21:19","slug":"picasso-profi-15","status":"publish","type":"product","link":"https:\/\/deutschcolor.com\/al\/product\/picasso-profi-15\/","title":{"rendered":"Picasso Profi-15"},"content":{"rendered":"<p><strong>Karakteristikat e produktit<\/strong><br \/>\n1 Sip\u00ebrfaqe t\u00eb l\u00ebmuar mat<br \/>\n2 Gjendet n\u00eb 3 baza W, P dhe D<br \/>\n3 Ngjitje shum\u00eb e fort\u00eb dhe tharje e shpejt\u00eb<br \/>\n4 Mbulueshm\u00ebri dhe bardh\u00ebsi shum\u00eb e mir\u00eb<br \/>\n5 Rezistenc\u00eb e mir\u00eb ndaj larjes s\u00eb shpesht\u00eb<br \/>\n6 Ngjyra t\u00eb q\u00ebndrueshme p\u00ebr nj\u00eb koh\u00eb t\u00eb gjat\u00eb<br \/>\n7 Pranon 3000 cikle larjesh 30 dit\u00eb pas aplikimit.<br \/>\n8 Veti shum\u00eb t\u00eb mira punueshm\u00ebrie dhe niveluese<\/p>\n<p><strong>Rekomandimet p\u00ebr p\u00ebrdorim<\/strong><br \/>\nP\u00ebrdoret n\u00eb t\u00eb gjith\u00eb muret dhe tavan\u00ebt e brendsh\u00ebm, t\u00eb rinj, t\u00eb vjet\u00ebr dhe t\u00eb lyer m\u00eb par\u00eb me boj\u00eb, me baz\u00eb \u00e7imento, g\u00eblqere, gips, dhe n\u00eb \u00e7do lloj ambienti t\u00eb brendsh\u00ebm, dhoma gjumi, tualete, dhoma ndenjjeje, ambiente zyrash, sh\u00ebrbimesh etj.<\/p>\n<p>###<\/p>\n<p><strong>Ruajtja<\/strong><br \/>\n36 muaj n\u00ebse ruhet n\u00eb nj\u00eb vend t\u00eb that\u00eb, larg burimeve t\u00eb nxeht\u00ebsis\u00eb, n\u00eb nj\u00eb temperatur\u00eb midis +5\u00b0C dhe +30\u00b0C. Mbrojeni nga ngrica.<\/p>\n<p><strong>Sh\u00ebnime<\/strong><br \/>\n\u2022 Rekomandohet q\u00eb sip\u00ebrfaqet e lyera t\u00eb mos lahen deri sa t\u00eb kalojn\u00eb 30 dit\u00eb nga aplikimi.<br \/>\n\u2022 N\u00eb sip\u00ebrfaqet e fresk\u00ebta t\u00eb betonit produkti rekomandohet t\u00eb aplikohet t\u00eb pakt\u00ebn pas 30-40 dit\u00ebsh.<\/p>\n","protected":false},"excerpt":{"rendered":"<p>Boj\u00eb plastike e nj\u00eb cil\u00ebsie t\u00eb lart\u00eb me veti shum\u00eb t\u00eb mira mbuluese dhe niveluese.<\/p>\n","protected":false},"featured_media":24422,"comment_status":"closed","ping_status":"closed","template":"","meta":{"_glsr_average":0,"_glsr_ranking":0,"_glsr_reviews":0},"class_list":["post-23782","product","type-product","status-publish","has-post-thumbnail","hentry","product_cat-bojra","product_cat-bojera-per-ambiente-te-brendshme"],"yoast_head":"<!-- This site is optimized with the Yoast SEO plugin v15.0 - https:\/\/yoast.com\/wordpress\/plugins\/seo\/ -->\n<title>Boj\u00eb plastike e nj\u00eb cil\u00ebsie t\u00eb lart\u00eb Picasso Profi-15 - Deutsch Color<\/title>\n<meta name=\"description\" content=\"Boj\u00eb plastike e nj\u00eb cil\u00ebsie t\u00eb lart\u00eb me veti shum\u00eb t\u00eb mira mbuluese dhe niveluese. Ngjyra t\u00eb q\u00ebndrueshme p\u00ebr nj\u00eb koh\u00eb t\u00eb gjat\u00eb.\" \/>\n<meta name=\"robots\" content=\"index, follow, max-snippet:-1, max-image-preview:large, max-video-preview:-1\" \/>\n<link rel=\"canonical\" href=\"https:\/\/deutschcolor.com\/al\/product\/picasso-profi-15\/\" \/>\n<meta property=\"og:locale\" content=\"en_US\" \/>\n<meta property=\"og:type\" content=\"article\" \/>\n<meta property=\"og:title\" content=\"Boj\u00eb plastike e nj\u00eb cil\u00ebsie t\u00eb lart\u00eb Picasso Profi-15 - Deutsch Color\" \/>\n<meta property=\"og:description\" content=\"Boj\u00eb plastike e nj\u00eb cil\u00ebsie t\u00eb lart\u00eb me veti shum\u00eb t\u00eb mira mbuluese dhe niveluese. Ngjyra t\u00eb q\u00ebndrueshme p\u00ebr nj\u00eb koh\u00eb t\u00eb gjat\u00eb.\" \/>\n<meta property=\"og:url\" content=\"https:\/\/deutschcolor.com\/al\/product\/picasso-profi-15\/\" \/>\n<meta property=\"og:site_name\" content=\"Deutschcolor\" \/>\n<meta property=\"article:publisher\" content=\"https:\/\/www.facebook.com\/deutschcolorofficial\" \/>\n<meta property=\"article:modified_time\" content=\"2025-05-16T12:21:19+00:00\" \/>\n<meta property=\"og:image\" content=\"https:\/\/deutschcolor.com\/al\/wp-content\/uploads\/2019\/04\/Picaso-Profi-15-min.png\" \/>\n\t<meta property=\"og:image:width\" content=\"1000\" \/>\n\t<meta property=\"og:image:height\" content=\"1000\" \/>\n<meta name=\"twitter:card\" content=\"summary_large_image\" \/>\n<script type=\"application\/ld+json\" class=\"yoast-schema-graph\">{\"@context\":\"https:\/\/schema.org\",\"@graph\":[{\"@type\":\"WebSite\",\"@id\":\"https:\/\/deutschcolor.com\/al\/#website\",\"url\":\"https:\/\/deutschcolor.com\/al\/\",\"name\":\"Deutschcolor\",\"description\":\"Deutschcolor Albania\",\"potentialAction\":[{\"@type\":\"SearchAction\",\"target\":\"https:\/\/deutschcolor.com\/al\/?s={search_term_string}\",\"query-input\":\"required name=search_term_string\"}],\"inLanguage\":\"en-US\"},{\"@type\":\"ImageObject\",\"@id\":\"https:\/\/deutschcolor.com\/al\/product\/picasso-profi-15\/#primaryimage\",\"inLanguage\":\"en-US\",\"url\":\"https:\/\/deutschcolor.com\/al\/wp-content\/uploads\/2019\/04\/Picaso-Profi-15-min.png\",\"width\":1000,\"height\":1000},{\"@type\":\"WebPage\",\"@id\":\"https:\/\/deutschcolor.com\/al\/product\/picasso-profi-15\/#webpage\",\"url\":\"https:\/\/deutschcolor.com\/al\/product\/picasso-profi-15\/\",\"name\":\"Boj\\u00eb plastike e nj\\u00eb cil\\u00ebsie t\\u00eb lart\\u00eb Picasso Profi-15 - Deutsch Color\",\"isPartOf\":{\"@id\":\"https:\/\/deutschcolor.com\/al\/#website\"},\"primaryImageOfPage\":{\"@id\":\"https:\/\/deutschcolor.com\/al\/product\/picasso-profi-15\/#primaryimage\"},\"datePublished\":\"2019-04-20T19:25:02+00:00\",\"dateModified\":\"2025-05-16T12:21:19+00:00\",\"description\":\"Boj\\u00eb plastike e nj\\u00eb cil\\u00ebsie t\\u00eb lart\\u00eb me veti shum\\u00eb t\\u00eb mira mbuluese dhe niveluese. Ngjyra t\\u00eb q\\u00ebndrueshme p\\u00ebr nj\\u00eb koh\\u00eb t\\u00eb gjat\\u00eb.\",\"breadcrumb\":{\"@id\":\"https:\/\/deutschcolor.com\/al\/product\/picasso-profi-15\/#breadcrumb\"},\"inLanguage\":\"en-US\",\"potentialAction\":[{\"@type\":\"ReadAction\",\"target\":[\"https:\/\/deutschcolor.com\/al\/product\/picasso-profi-15\/\"]}]},{\"@type\":\"BreadcrumbList\",\"@id\":\"https:\/\/deutschcolor.com\/al\/product\/picasso-profi-15\/#breadcrumb\",\"itemListElement\":[{\"@type\":\"ListItem\",\"position\":1,\"item\":{\"@type\":\"WebPage\",\"@id\":\"https:\/\/deutschcolor.com\/al\/\",\"url\":\"https:\/\/deutschcolor.com\/al\/\",\"name\":\"Home\"}},{\"@type\":\"ListItem\",\"position\":2,\"item\":{\"@type\":\"WebPage\",\"@id\":\"https:\/\/deutschcolor.com\/al\/shop\/\",\"url\":\"https:\/\/deutschcolor.com\/al\/shop\/\",\"name\":\"SHOP\"}},{\"@type\":\"ListItem\",\"position\":3,\"item\":{\"@type\":\"WebPage\",\"@id\":\"https:\/\/deutschcolor.com\/al\/product-category\/bojra\/\",\"url\":\"https:\/\/deutschcolor.com\/al\/product-category\/bojra\/\",\"name\":\"Bojra\"}},{\"@type\":\"ListItem\",\"position\":4,\"item\":{\"@type\":\"WebPage\",\"@id\":\"https:\/\/deutschcolor.com\/al\/product-category\/bojra\/bojera-per-ambiente-te-brendshme\/\",\"url\":\"https:\/\/deutschcolor.com\/al\/product-category\/bojra\/bojera-per-ambiente-te-brendshme\/\",\"name\":\"8.1. Boj\\u00ebra p\\u00ebr ambiente t\\u00eb brendshme\"}},{\"@type\":\"ListItem\",\"position\":5,\"item\":{\"@type\":\"WebPage\",\"@id\":\"https:\/\/deutschcolor.com\/al\/product\/picasso-profi-15\/\",\"url\":\"https:\/\/deutschcolor.com\/al\/product\/picasso-profi-15\/\",\"name\":\"Picasso Profi-15\"}}]}]}<\/script>\n<!-- \/ Yoast SEO plugin. -->","_links":{"self":[{"href":"https:\/\/deutschcolor.com\/al\/wp-json\/wp\/v2\/product\/23782","targetHints":{"allow":["GET"]}}],"collection":[{"href":"https:\/\/deutschcolor.com\/al\/wp-json\/wp\/v2\/product"}],"about":[{"href":"https:\/\/deutschcolor.com\/al\/wp-json\/wp\/v2\/types\/product"}],"replies":[{"embeddable":true,"href":"https:\/\/deutschcolor.com\/al\/wp-json\/wp\/v2\/comments?post=23782"}],"wp:featuredmedia":[{"embeddable":true,"href":"https:\/\/deutschcolor.com\/al\/wp-json\/wp\/v2\/media\/24422"}],"wp:attachment":[{"href":"https:\/\/deutschcolor.com\/al\/wp-json\/wp\/v2\/media?parent=23782"}],"curies":[{"name":"wp","href":"https:\/\/api.w.org\/{rel}","templated":true}]}}