{"id":23819,"date":"2019-04-20T19:52:32","date_gmt":"2019-04-20T19:52:32","guid":{"rendered":"https:\/\/deutschcolor.com\/al\/?post_type=product&#038;p=23819"},"modified":"2025-02-20T14:55:18","modified_gmt":"2025-02-20T14:55:18","slug":"schick-farbe","status":"publish","type":"product","link":"https:\/\/deutschcolor.com\/al\/product\/schick-farbe\/","title":{"rendered":"Schick Farbe"},"content":{"rendered":"<p><strong>Karakteristikat e produktit<\/strong><br \/>\n\u2022 Bardh\u00ebsi superiore<br \/>\n\u2022 Nuk p\u00ebrmban amoniak<br \/>\n\u2022 Aft\u00ebsi t\u00eb mira mbuluese<br \/>\n\u2022 Veti t\u00eb mira punimi dhe nivelimi<br \/>\n\u2022 Aft\u00ebsi t\u00eb mira ngjit\u00ebse dhe thahet shpejt<br \/>\n\u2022 Rezistenc\u00eb t\u00eb mir\u00eb ndaj larjeve t\u00eb shpeshta<br \/>\n\u2022 Karakterizohet nga nj\u00eb sip\u00ebrfaqe e holl\u00eb dhe mjaft e l\u00ebmuar pasi aplikohet<br \/>\n\u2022 Nuanca t\u00eb shk\u00eblqyera q\u00eb karakterizohen nga nj\u00eb q\u00ebndrueshmeri afatgjat\u00eb e ngjyrave<\/p>\n<p><strong>Rekomandimet p\u00ebr p\u00ebrdorim<\/strong><br \/>\nP\u00ebrdoret n\u00eb mure t\u00eb rinj dhe t\u00eb vjet\u00ebr t\u00eb lyer m\u00eb par\u00eb me boj\u00eb me baz\u00eb \u00e7imento, g\u00eblqere dhe gips. Gjen p\u00ebrdorim n\u00eb mure shkollash, zyrash dhe institucione t\u00eb tjera.<\/p>\n<p>###<\/p>\n<p><strong>Ruajtja<\/strong><br \/>\n36 muaj n\u00ebse ruhet n\u00eb nj\u00eb vend t\u00eb that\u00eb, larg burimeve t\u00eb nxeht\u00ebsis\u00eb, n\u00eb nj\u00eb temperatur\u00eb midis +5\u00b0C dhe +30\u00b0C. Mbrojeni nga ngrica.<\/p>\n<p><strong>Sh\u00ebnime<\/strong><br \/>\n\u2022 Rekomandohet q\u00eb sip\u00ebrfaqet ku aplikohet produkti t\u00eb mos lahen p\u00ebr nj\u00eb periudhe rreth 30 ditore pasi \u00ebsht\u00eb kryer aplikimi.<br \/>\n\u2022 N\u00eb sip\u00ebrfaqe t\u00eb reja t\u00eb betonit rekomandohet q\u00eb Aplikimi i produktit t\u00eb kryhet s\u00eb paku pas 30-40 dit\u00ebsh.<\/p>\n","protected":false},"excerpt":{"rendered":"<p>Boj\u00eb plastike speciale mbi t\u00eb cil\u00ebn mund t\u00eb shkruash dhe t\u00eb fshish sh\u00ebnime ose vizatime t\u00eb ndryshme<\/p>\n","protected":false},"featured_media":24429,"comment_status":"closed","ping_status":"closed","template":"","meta":{"_glsr_average":0,"_glsr_ranking":0,"_glsr_reviews":0},"class_list":["post-23819","product","type-product","status-publish","has-post-thumbnail","hentry","product_cat-bojra","product_cat-bojera-per-ambiente-te-brendshme"],"yoast_head":"<!-- This site is optimized with the Yoast SEO plugin v15.0 - https:\/\/yoast.com\/wordpress\/plugins\/seo\/ -->\n<title>Boj\u00eb plastike- Schick Farbe - Deutschcolor - Nuk p\u00ebrmban amoniak<\/title>\n<meta name=\"description\" content=\"Boj\u00eb plastike speciale mbi t\u00eb cil\u00ebn mund t\u00eb shkruash dhe t\u00eb fshish sh\u00ebnime ose vizatime t\u00eb ndryshme. Veti t\u00eb mira punimi dhe nivelimi.\" \/>\n<meta name=\"robots\" content=\"index, follow, max-snippet:-1, max-image-preview:large, max-video-preview:-1\" \/>\n<link rel=\"canonical\" href=\"https:\/\/deutschcolor.com\/al\/product\/schick-farbe\/\" \/>\n<meta property=\"og:locale\" content=\"en_US\" \/>\n<meta property=\"og:type\" content=\"article\" \/>\n<meta property=\"og:title\" content=\"Boj\u00eb plastike- Schick Farbe - Deutschcolor - Nuk p\u00ebrmban amoniak\" \/>\n<meta property=\"og:description\" content=\"Boj\u00eb plastike speciale mbi t\u00eb cil\u00ebn mund t\u00eb shkruash dhe t\u00eb fshish sh\u00ebnime ose vizatime t\u00eb ndryshme. Veti t\u00eb mira punimi dhe nivelimi.\" \/>\n<meta property=\"og:url\" content=\"https:\/\/deutschcolor.com\/al\/product\/schick-farbe\/\" \/>\n<meta property=\"og:site_name\" content=\"Deutschcolor\" \/>\n<meta property=\"article:publisher\" content=\"https:\/\/www.facebook.com\/deutschcolorofficial\" \/>\n<meta property=\"article:modified_time\" content=\"2025-02-20T14:55:18+00:00\" \/>\n<meta property=\"og:image\" content=\"https:\/\/deutschcolor.com\/al\/wp-content\/uploads\/2019\/04\/Schick-Farbe-min.png\" \/>\n\t<meta property=\"og:image:width\" content=\"1000\" \/>\n\t<meta property=\"og:image:height\" content=\"1000\" \/>\n<meta name=\"twitter:card\" content=\"summary_large_image\" \/>\n<script type=\"application\/ld+json\" class=\"yoast-schema-graph\">{\"@context\":\"https:\/\/schema.org\",\"@graph\":[{\"@type\":\"WebSite\",\"@id\":\"https:\/\/deutschcolor.com\/al\/#website\",\"url\":\"https:\/\/deutschcolor.com\/al\/\",\"name\":\"Deutschcolor\",\"description\":\"Deutschcolor Albania\",\"potentialAction\":[{\"@type\":\"SearchAction\",\"target\":\"https:\/\/deutschcolor.com\/al\/?s={search_term_string}\",\"query-input\":\"required name=search_term_string\"}],\"inLanguage\":\"en-US\"},{\"@type\":\"ImageObject\",\"@id\":\"https:\/\/deutschcolor.com\/al\/product\/schick-farbe\/#primaryimage\",\"inLanguage\":\"en-US\",\"url\":\"https:\/\/deutschcolor.com\/al\/wp-content\/uploads\/2019\/04\/Schick-Farbe-min.png\",\"width\":1000,\"height\":1000},{\"@type\":\"WebPage\",\"@id\":\"https:\/\/deutschcolor.com\/al\/product\/schick-farbe\/#webpage\",\"url\":\"https:\/\/deutschcolor.com\/al\/product\/schick-farbe\/\",\"name\":\"Boj\\u00eb plastike- Schick Farbe - Deutschcolor - Nuk p\\u00ebrmban amoniak\",\"isPartOf\":{\"@id\":\"https:\/\/deutschcolor.com\/al\/#website\"},\"primaryImageOfPage\":{\"@id\":\"https:\/\/deutschcolor.com\/al\/product\/schick-farbe\/#primaryimage\"},\"datePublished\":\"2019-04-20T19:52:32+00:00\",\"dateModified\":\"2025-02-20T14:55:18+00:00\",\"description\":\"Boj\\u00eb plastike speciale mbi t\\u00eb cil\\u00ebn mund t\\u00eb shkruash dhe t\\u00eb fshish sh\\u00ebnime ose vizatime t\\u00eb ndryshme. Veti t\\u00eb mira punimi dhe nivelimi.\",\"breadcrumb\":{\"@id\":\"https:\/\/deutschcolor.com\/al\/product\/schick-farbe\/#breadcrumb\"},\"inLanguage\":\"en-US\",\"potentialAction\":[{\"@type\":\"ReadAction\",\"target\":[\"https:\/\/deutschcolor.com\/al\/product\/schick-farbe\/\"]}]},{\"@type\":\"BreadcrumbList\",\"@id\":\"https:\/\/deutschcolor.com\/al\/product\/schick-farbe\/#breadcrumb\",\"itemListElement\":[{\"@type\":\"ListItem\",\"position\":1,\"item\":{\"@type\":\"WebPage\",\"@id\":\"https:\/\/deutschcolor.com\/al\/\",\"url\":\"https:\/\/deutschcolor.com\/al\/\",\"name\":\"Home\"}},{\"@type\":\"ListItem\",\"position\":2,\"item\":{\"@type\":\"WebPage\",\"@id\":\"https:\/\/deutschcolor.com\/al\/shop\/\",\"url\":\"https:\/\/deutschcolor.com\/al\/shop\/\",\"name\":\"SHOP\"}},{\"@type\":\"ListItem\",\"position\":3,\"item\":{\"@type\":\"WebPage\",\"@id\":\"https:\/\/deutschcolor.com\/al\/product-category\/bojra\/\",\"url\":\"https:\/\/deutschcolor.com\/al\/product-category\/bojra\/\",\"name\":\"Bojra\"}},{\"@type\":\"ListItem\",\"position\":4,\"item\":{\"@type\":\"WebPage\",\"@id\":\"https:\/\/deutschcolor.com\/al\/product-category\/bojra\/bojera-per-ambiente-te-brendshme\/\",\"url\":\"https:\/\/deutschcolor.com\/al\/product-category\/bojra\/bojera-per-ambiente-te-brendshme\/\",\"name\":\"8.1. Boj\\u00ebra p\\u00ebr ambiente t\\u00eb brendshme\"}},{\"@type\":\"ListItem\",\"position\":5,\"item\":{\"@type\":\"WebPage\",\"@id\":\"https:\/\/deutschcolor.com\/al\/product\/schick-farbe\/\",\"url\":\"https:\/\/deutschcolor.com\/al\/product\/schick-farbe\/\",\"name\":\"Schick Farbe\"}}]}]}<\/script>\n<!-- \/ Yoast SEO plugin. -->","_links":{"self":[{"href":"https:\/\/deutschcolor.com\/al\/wp-json\/wp\/v2\/product\/23819","targetHints":{"allow":["GET"]}}],"collection":[{"href":"https:\/\/deutschcolor.com\/al\/wp-json\/wp\/v2\/product"}],"about":[{"href":"https:\/\/deutschcolor.com\/al\/wp-json\/wp\/v2\/types\/product"}],"replies":[{"embeddable":true,"href":"https:\/\/deutschcolor.com\/al\/wp-json\/wp\/v2\/comments?post=23819"}],"wp:featuredmedia":[{"embeddable":true,"href":"https:\/\/deutschcolor.com\/al\/wp-json\/wp\/v2\/media\/24429"}],"wp:attachment":[{"href":"https:\/\/deutschcolor.com\/al\/wp-json\/wp\/v2\/media?parent=23819"}],"curies":[{"name":"wp","href":"https:\/\/api.w.org\/{rel}","templated":true}]}}