{"id":23827,"date":"2019-04-20T20:01:03","date_gmt":"2019-04-20T20:01:03","guid":{"rendered":"https:\/\/deutschcolor.com\/al\/?post_type=product&#038;p=23827"},"modified":"2025-07-14T11:52:54","modified_gmt":"2025-07-14T11:52:54","slug":"hydro-infinity-bojra-hidromat","status":"publish","type":"product","link":"https:\/\/deutschcolor.com\/al\/product\/hydro-infinity-bojra-hidromat\/","title":{"rendered":"Hydro Infinity"},"content":{"rendered":"<p><strong>Karakteristikat e produktit me <a href=\"https:\/\/deutschcolor.com\/al\/product-category\/bojra\/\" target=\"_blank\" rel=\"noopener\">Boj\u00eb hidromat<\/a><\/strong><br \/>\n1 Bardh\u00ebsi vezulluese<br \/>\n2 Sip\u00ebrfaqe t\u00eb l\u00ebmuar mat<br \/>\n3 Gjendet n\u00eb 2 baza W dhe P<br \/>\n4 Mbulueshm\u00ebri e shk\u00eblqyer<br \/>\n5 Aplikim i leht\u00eb dhe cil\u00ebsi t\u00eb mira nivelimi<\/p>\n<p><strong>Rekomandimet p\u00ebr p\u00ebrdorim<\/strong><br \/>\nBoj\u00eb hidromat p\u00ebrdoret n\u00eb t\u00eb gjith\u00eb muret dhe tavan\u00ebt e brendsh\u00ebm, t\u00eb rinj, t\u00eb vjet\u00ebr dhe t\u00eb lyer m\u00eb par\u00eb me <a href=\"https:\/\/deutschcolor.com\/al\/product-category\/bojra\/\" target=\"_blank\" rel=\"noopener\">boj\u00eb<\/a>, me baz\u00eb \u00e7imento, g\u00eblqere, gips, dhe n\u00eb \u00e7do lloj ambienti t\u00eb brendsh\u00ebm, <a href=\"https:\/\/delta.al\/\" target=\"_blank\" rel=\"noopener\">dhoma gjumi<\/a>, tualete, <a href=\"https:\/\/deltahome.al\/\" target=\"_blank\" rel=\"noopener\">dhoma ndenjjeje<\/a>, ambiente zyrash, sh\u00ebrbimesh etj.<\/p>\n<p>###<\/p>\n<p><strong>Ruajtja<\/strong><br \/>\n24 muaj n\u00ebse ruhet n\u00eb nj\u00eb vend t\u00eb that\u00eb, larg burimeve t\u00eb nxeht\u00ebsis\u00eb, n\u00eb nj\u00eb temperatur\u00eb midis +5\u00b0C dhe +30\u00b0C. Mbrojeni nga ngrica.<\/p>\n<p><strong>Sh\u00ebnime<\/strong><br \/>\n\u2022 N\u00eb sip\u00ebrfaqe t\u00eb betonit t\u00eb fresk\u00ebt produkti rekomandohet t\u00eb aplikohet t\u00eb pakt\u00ebn pas 30-40 dit\u00ebsh.<br \/>\n\u2022 Rekomandohet q\u00eb t\u00eb shmanget aplikimi i produktit n\u00eb temperatura n\u00ebn 5\u00baC.<\/p>\n<script type=\"application\/ld+json\">\r\n{\r\n  \"@context\": \"https:\/\/schema.org\/\",\r\n  \"@type\": \"Product\",\r\n  \"@id\": \"https:\/\/deutschcolor.com\/al\/product\/hydro-infinity-bojra-hidromat\/\",\r\n  \"name\": \"Hydro Infinity\",\r\n  \"image\": \"https:\/\/deutschcolor.com\/al\/wp-content\/uploads\/2019\/04\/Hydro-Infinity-min.png\",\r\n  \"description\": \"Boj\u00eb hidromat p\u00ebr p\u00ebrdorim t\u00eb brendsh\u00ebm me veti shum\u00eb t\u00eb mira mbuluese dhe zbardhuese. Zgjedhje profesionale p\u00ebr bojera hidromat.\",\r\n  \"sku\": \"23827\",\r\n  \"mpn\": \"23827\",\r\n  \"brand\": {\r\n    \"@type\": \"Brand\",\r\n    \"name\": \"Deutsch Color\"\r\n  },\r\n  \"offers\": {\r\n    \"@type\": \"Offer\",\r\n    \"priceCurrency\": \"EUR\",\r\n    \"price\": \"1.00\",\r\n    \"availability\": \"https:\/\/schema.org\/InStock\",\r\n    \"url\": \"https:\/\/deutschcolor.com\/al\/product\/hydro-infinity-bojra-hidromat\/\"\r\n  },\r\n  \"keywords\": \"Boj\u00eb hidromat\",\r\n  \"additionalProperty\": {\r\n    \"@type\": \"PropertyValue\",\r\n    \"name\": \"Data e Skadenc\u00ebs\",\r\n    \"value\": \"2026-12-31\"\r\n  }\r\n}\r\n<\/script>\r\n\n","protected":false},"excerpt":{"rendered":"<p>Boj\u00eb hidromat p\u00ebr p\u00ebrdorim t\u00eb brendsh\u00ebm me veti shum\u00eb t\u00eb mira mbuluese dhe zbardhuese<\/p>\n","protected":false},"featured_media":24431,"comment_status":"closed","ping_status":"closed","template":"","meta":{"_glsr_average":0,"_glsr_ranking":0,"_glsr_reviews":0},"class_list":["post-23827","product","type-product","status-publish","has-post-thumbnail","hentry","product_cat-bojra","product_cat-bojera-per-ambiente-te-brendshme"],"yoast_head":"<!-- This site is optimized with the Yoast SEO plugin v15.0 - https:\/\/yoast.com\/wordpress\/plugins\/seo\/ -->\n<title>Boj\u00eb hidromat p\u00ebr p\u00ebrdorim t\u00eb brendsh\u00ebm - Hydro Infinity - Deutsch Color<\/title>\n<meta name=\"description\" content=\"Boj\u00eb hidromat p\u00ebr p\u00ebrdorim t\u00eb brendsh\u00ebm me veti shum\u00eb t\u00eb mira mbuluese dhe zbardhuese. Zgjedhje profesionale.\" \/>\n<meta name=\"robots\" content=\"index, follow, max-snippet:-1, max-image-preview:large, max-video-preview:-1\" \/>\n<link rel=\"canonical\" href=\"https:\/\/deutschcolor.com\/al\/product\/hydro-infinity-bojra-hidromat\/\" \/>\n<meta property=\"og:locale\" content=\"en_US\" \/>\n<meta property=\"og:type\" content=\"article\" \/>\n<meta property=\"og:title\" content=\"Boj\u00eb hidromat p\u00ebr p\u00ebrdorim t\u00eb brendsh\u00ebm - Hydro Infinity - Deutsch Color\" \/>\n<meta property=\"og:description\" content=\"Boj\u00eb hidromat p\u00ebr p\u00ebrdorim t\u00eb brendsh\u00ebm me veti shum\u00eb t\u00eb mira mbuluese dhe zbardhuese. Zgjedhje profesionale.\" \/>\n<meta property=\"og:url\" content=\"https:\/\/deutschcolor.com\/al\/product\/hydro-infinity-bojra-hidromat\/\" \/>\n<meta property=\"og:site_name\" content=\"Deutschcolor\" \/>\n<meta property=\"article:publisher\" content=\"https:\/\/www.facebook.com\/deutschcolorofficial\" \/>\n<meta property=\"article:modified_time\" content=\"2025-07-14T11:52:54+00:00\" \/>\n<meta property=\"og:image\" content=\"https:\/\/deutschcolor.com\/al\/wp-content\/uploads\/2019\/04\/Hydro-Infinity-min.png\" \/>\n\t<meta property=\"og:image:width\" content=\"1000\" \/>\n\t<meta property=\"og:image:height\" content=\"1000\" \/>\n<meta name=\"twitter:card\" content=\"summary_large_image\" \/>\n<script type=\"application\/ld+json\" class=\"yoast-schema-graph\">{\"@context\":\"https:\/\/schema.org\",\"@graph\":[{\"@type\":\"WebSite\",\"@id\":\"https:\/\/deutschcolor.com\/al\/#website\",\"url\":\"https:\/\/deutschcolor.com\/al\/\",\"name\":\"Deutschcolor\",\"description\":\"Deutschcolor Albania\",\"potentialAction\":[{\"@type\":\"SearchAction\",\"target\":\"https:\/\/deutschcolor.com\/al\/?s={search_term_string}\",\"query-input\":\"required name=search_term_string\"}],\"inLanguage\":\"en-US\"},{\"@type\":\"ImageObject\",\"@id\":\"https:\/\/deutschcolor.com\/al\/product\/hydro-infinity-bojra-hidromat\/#primaryimage\",\"inLanguage\":\"en-US\",\"url\":\"https:\/\/deutschcolor.com\/al\/wp-content\/uploads\/2019\/04\/Hydro-Infinity-min.png\",\"width\":1000,\"height\":1000,\"caption\":\"Boj\\u00eb hidromat p\\u00ebrdoret n\\u00eb t\\u00eb gjith\\u00eb muret dhe tavan\\u00ebt e brendsh\\u00ebm, t\\u00eb rinj, t\\u00eb vjet\\u00ebr dhe t\\u00eb lyer m\\u00eb par\\u00eb me boj\\u00eb, nga Deutsch Color\"},{\"@type\":\"WebPage\",\"@id\":\"https:\/\/deutschcolor.com\/al\/product\/hydro-infinity-bojra-hidromat\/#webpage\",\"url\":\"https:\/\/deutschcolor.com\/al\/product\/hydro-infinity-bojra-hidromat\/\",\"name\":\"Boj\\u00eb hidromat p\\u00ebr p\\u00ebrdorim t\\u00eb brendsh\\u00ebm - Hydro Infinity - Deutsch Color\",\"isPartOf\":{\"@id\":\"https:\/\/deutschcolor.com\/al\/#website\"},\"primaryImageOfPage\":{\"@id\":\"https:\/\/deutschcolor.com\/al\/product\/hydro-infinity-bojra-hidromat\/#primaryimage\"},\"datePublished\":\"2019-04-20T20:01:03+00:00\",\"dateModified\":\"2025-07-14T11:52:54+00:00\",\"description\":\"Boj\\u00eb hidromat p\\u00ebr p\\u00ebrdorim t\\u00eb brendsh\\u00ebm me veti shum\\u00eb t\\u00eb mira mbuluese dhe zbardhuese. Zgjedhje profesionale.\",\"breadcrumb\":{\"@id\":\"https:\/\/deutschcolor.com\/al\/product\/hydro-infinity-bojra-hidromat\/#breadcrumb\"},\"inLanguage\":\"en-US\",\"potentialAction\":[{\"@type\":\"ReadAction\",\"target\":[\"https:\/\/deutschcolor.com\/al\/product\/hydro-infinity-bojra-hidromat\/\"]}]},{\"@type\":\"BreadcrumbList\",\"@id\":\"https:\/\/deutschcolor.com\/al\/product\/hydro-infinity-bojra-hidromat\/#breadcrumb\",\"itemListElement\":[{\"@type\":\"ListItem\",\"position\":1,\"item\":{\"@type\":\"WebPage\",\"@id\":\"https:\/\/deutschcolor.com\/al\/\",\"url\":\"https:\/\/deutschcolor.com\/al\/\",\"name\":\"Home\"}},{\"@type\":\"ListItem\",\"position\":2,\"item\":{\"@type\":\"WebPage\",\"@id\":\"https:\/\/deutschcolor.com\/al\/shop\/\",\"url\":\"https:\/\/deutschcolor.com\/al\/shop\/\",\"name\":\"SHOP\"}},{\"@type\":\"ListItem\",\"position\":3,\"item\":{\"@type\":\"WebPage\",\"@id\":\"https:\/\/deutschcolor.com\/al\/product-category\/bojra\/\",\"url\":\"https:\/\/deutschcolor.com\/al\/product-category\/bojra\/\",\"name\":\"Bojra\"}},{\"@type\":\"ListItem\",\"position\":4,\"item\":{\"@type\":\"WebPage\",\"@id\":\"https:\/\/deutschcolor.com\/al\/product-category\/bojra\/bojera-per-ambiente-te-brendshme\/\",\"url\":\"https:\/\/deutschcolor.com\/al\/product-category\/bojra\/bojera-per-ambiente-te-brendshme\/\",\"name\":\"8.1. Boj\\u00ebra p\\u00ebr ambiente t\\u00eb brendshme\"}},{\"@type\":\"ListItem\",\"position\":5,\"item\":{\"@type\":\"WebPage\",\"@id\":\"https:\/\/deutschcolor.com\/al\/product\/hydro-infinity-bojra-hidromat\/\",\"url\":\"https:\/\/deutschcolor.com\/al\/product\/hydro-infinity-bojra-hidromat\/\",\"name\":\"Hydro Infinity\"}}]}]}<\/script>\n<!-- \/ Yoast SEO plugin. -->","_links":{"self":[{"href":"https:\/\/deutschcolor.com\/al\/wp-json\/wp\/v2\/product\/23827","targetHints":{"allow":["GET"]}}],"collection":[{"href":"https:\/\/deutschcolor.com\/al\/wp-json\/wp\/v2\/product"}],"about":[{"href":"https:\/\/deutschcolor.com\/al\/wp-json\/wp\/v2\/types\/product"}],"replies":[{"embeddable":true,"href":"https:\/\/deutschcolor.com\/al\/wp-json\/wp\/v2\/comments?post=23827"}],"wp:featuredmedia":[{"embeddable":true,"href":"https:\/\/deutschcolor.com\/al\/wp-json\/wp\/v2\/media\/24431"}],"wp:attachment":[{"href":"https:\/\/deutschcolor.com\/al\/wp-json\/wp\/v2\/media?parent=23827"}],"curies":[{"name":"wp","href":"https:\/\/api.w.org\/{rel}","templated":true}]}}