{"id":23836,"date":"2019-04-20T20:19:50","date_gmt":"2019-04-20T20:19:50","guid":{"rendered":"https:\/\/deutschcolor.com\/al\/?post_type=product&#038;p=23836"},"modified":"2025-07-14T12:21:59","modified_gmt":"2025-07-14T12:21:59","slug":"hydro-dc-mbrojtje-ambientale","status":"publish","type":"product","link":"https:\/\/deutschcolor.com\/al\/product\/hydro-dc-mbrojtje-ambientale\/","title":{"rendered":"Hydro DC"},"content":{"rendered":"<p><strong>Karakteristikat e produktit<\/strong><\/p>\n<p><a href=\"https:\/\/deutschcolor.com\/al\/product-category\/bojra\/\" target=\"_blank\" rel=\"noopener\">Boj\u00eb Hidromat<\/a> p\u00ebr mbrojtje ambientale:<br \/>\n1 Gjendet n\u00eb baz\u00ebn W<br \/>\n2 Aft\u00ebsi t\u00eb mira mbuluese<br \/>\n3 Sip\u00ebrfaqe e l\u00ebmuar mat<br \/>\n4 Koh\u00eb t\u00eb shpejt\u00eb tharjeje<br \/>\n5 Zgjidhje ekonomike<br \/>\n6 Veti shum\u00eb t\u00eb mira n\u00eb punueshm\u00ebri dhe nivelim<\/p>\n<p><strong>Rekomandimet p\u00ebr p\u00ebrdorim<\/strong><br \/>\n<a href=\"https:\/\/deutschcolor.com\/al\/product-category\/bojra\/\" target=\"_blank\" rel=\"noopener\">Boj\u00eb Hidromat<\/a> p\u00ebr mbrojtje ambientale. P\u00ebrdoret n\u00eb t\u00eb gjith\u00eb muret dhe tavan\u00ebt e brendsh\u00ebm, t\u00eb rinj, t\u00eb vjet\u00ebr dhe t\u00eb lyer m\u00eb par\u00eb me <a href=\"https:\/\/deutschcolor.com\/al\/product-category\/bojra\/\">boj\u00eb<\/a>, me baz\u00eb <a href=\"https:\/\/sq.wikipedia.org\/wiki\/%C3%87imento\">\u00e7imento<\/a>, g\u00eblqere, gips, dhe n\u00eb \u00e7do lloj ambienti t\u00eb brendsh\u00ebm, dhoma gjumi, tualete, dhoma nden jeje, ambiente zyrash, sh\u00ebrbimesh etj.<\/p>\n<p>###<\/p>\n<p><strong>Ruajtja<\/strong><br \/>\n24 muaj n\u00ebse ruhet n\u00eb nj\u00eb vend t\u00eb that\u00eb, larg burimeve t\u00eb nxeht\u00ebsis\u00eb, n\u00eb nj\u00eb temperatur\u00eb midis +5\u00b0C dhe +30\u00b0C. Mbrojeni nga ngrica.<\/p>\n<p><strong>Sh\u00ebnime<\/strong><br \/>\n1 N\u00eb sip\u00ebrfaqe t\u00eb betonit t\u00eb fresk\u00ebt produkti rekomandohet t\u00eb aplikohet t\u00eb pakt\u00ebn pas 30-40 dit\u00ebsh.<br \/>\n2 Rekomandohet q\u00eb t\u00eb shmanget aplikimi i produktit n\u00eb temperatura n\u00ebn 5\u00baC.<\/p>\n<script type=\"application\/ld+json\">\r\n{\r\n  \"@context\": \"https:\/\/schema.org\/\",\r\n  \"@type\": \"Product\",\r\n  \"@id\": \"https:\/\/deutschcolor.com\/al\/product\/hydro-dc-mbrojtje-ambientale\/\",\r\n  \"name\": \"Hydro DC\",\r\n  \"image\": \"https:\/\/deutschcolor.com\/al\/wp-content\/uploads\/2019\/04\/Hydro-DC-min-1.png\",\r\n  \"description\": \"Boj\u00eb Hidromat P\u00ebr Mbrojtje Ambientale. Veti shum\u00eb t\u00eb mira n\u00eb punueshm\u00ebri dhe nivelim, P\u00ebrdoret n\u00eb t\u00eb gjith\u00eb muret dhe tavan\u00ebt e brendsh\u00ebm.\",\r\n  \"sku\": \"23836\",\r\n  \"mpn\": \"23836\",\r\n  \"brand\": {\r\n    \"@type\": \"Brand\",\r\n    \"name\": \"Deutsch Color\"\r\n  },\r\n  \"offers\": {\r\n    \"@type\": \"Offer\",\r\n    \"priceCurrency\": \"EUR\",\r\n    \"price\": \"1.00\",\r\n    \"availability\": \"https:\/\/schema.org\/InStock\",\r\n    \"url\": \"https:\/\/deutschcolor.com\/al\/product\/hydro-dc-mbrojtje-ambientale\/\"\r\n  },\r\n  \"keywords\": \"Boj\u00eb Hidromat Mbrojtje Ambientale\",\r\n  \"additionalProperty\": [\r\n    {\r\n      \"@type\": \"PropertyValue\",\r\n      \"name\": \"Data e Skadenc\u00ebs\",\r\n      \"value\": \"2026-12-31\"\r\n    },\r\n    {\r\n      \"@type\": \"PropertyValue\",\r\n      \"name\": \"Skeda Teknike\",\r\n      \"value\": \"https:\/\/deutschcolor.com\/al\/wp-content\/uploads\/2019\/04\/Hydro-DC.pdf\"\r\n    }\r\n  ]\r\n}\r\n<\/script>\r\n\n","protected":false},"excerpt":{"rendered":"<p>Boj\u00eb hidromat me baz\u00eb emulsioni akrilik, shum\u00eb ekonomike dhe e p\u00ebrshtatshme p\u00ebr p\u00ebrdorim t\u00eb brendsh\u00ebm<\/p>\n","protected":false},"featured_media":24579,"comment_status":"closed","ping_status":"closed","template":"","meta":{"_glsr_average":0,"_glsr_ranking":0,"_glsr_reviews":0},"class_list":["post-23836","product","type-product","status-publish","has-post-thumbnail","hentry","product_cat-bojra","product_cat-bojera-per-ambiente-te-brendshme"],"yoast_head":"<!-- This site is optimized with the Yoast SEO plugin v15.0 - https:\/\/yoast.com\/wordpress\/plugins\/seo\/ -->\n<title>Boj\u00eb Hidromat P\u00ebr Mbrojtje Ambientale - Deutsch Color - Tharje e Shpejt\u00eb<\/title>\n<meta name=\"description\" content=\"Boj\u00eb Hidromat P\u00ebr Mbrojtje Ambientale. Veti shum\u00eb t\u00eb mira n\u00eb punueshm\u00ebri dhe nivelim, P\u00ebrdoret n\u00eb t\u00eb gjith\u00eb muret dhe tavan\u00ebt e brendsh\u00ebm.\" \/>\n<meta name=\"robots\" content=\"index, follow, max-snippet:-1, max-image-preview:large, max-video-preview:-1\" \/>\n<link rel=\"canonical\" href=\"https:\/\/deutschcolor.com\/al\/product\/hydro-dc-mbrojtje-ambientale\/\" \/>\n<meta property=\"og:locale\" content=\"en_US\" \/>\n<meta property=\"og:type\" content=\"article\" \/>\n<meta property=\"og:title\" content=\"Boj\u00eb Hidromat P\u00ebr Mbrojtje Ambientale - Deutsch Color - Tharje e Shpejt\u00eb\" \/>\n<meta property=\"og:description\" content=\"Boj\u00eb Hidromat P\u00ebr Mbrojtje Ambientale. Veti shum\u00eb t\u00eb mira n\u00eb punueshm\u00ebri dhe nivelim, P\u00ebrdoret n\u00eb t\u00eb gjith\u00eb muret dhe tavan\u00ebt e brendsh\u00ebm.\" \/>\n<meta property=\"og:url\" content=\"https:\/\/deutschcolor.com\/al\/product\/hydro-dc-mbrojtje-ambientale\/\" \/>\n<meta property=\"og:site_name\" content=\"Deutschcolor\" \/>\n<meta property=\"article:publisher\" content=\"https:\/\/www.facebook.com\/deutschcolorofficial\" \/>\n<meta property=\"article:modified_time\" content=\"2025-07-14T12:21:59+00:00\" \/>\n<meta property=\"og:image\" content=\"https:\/\/deutschcolor.com\/al\/wp-content\/uploads\/2019\/04\/Hydro-DC-min-1.png\" \/>\n\t<meta property=\"og:image:width\" content=\"1000\" \/>\n\t<meta property=\"og:image:height\" content=\"1000\" \/>\n<meta name=\"twitter:card\" content=\"summary_large_image\" \/>\n<script type=\"application\/ld+json\" class=\"yoast-schema-graph\">{\"@context\":\"https:\/\/schema.org\",\"@graph\":[{\"@type\":\"WebSite\",\"@id\":\"https:\/\/deutschcolor.com\/al\/#website\",\"url\":\"https:\/\/deutschcolor.com\/al\/\",\"name\":\"Deutschcolor\",\"description\":\"Deutschcolor Albania\",\"potentialAction\":[{\"@type\":\"SearchAction\",\"target\":\"https:\/\/deutschcolor.com\/al\/?s={search_term_string}\",\"query-input\":\"required name=search_term_string\"}],\"inLanguage\":\"en-US\"},{\"@type\":\"ImageObject\",\"@id\":\"https:\/\/deutschcolor.com\/al\/product\/hydro-dc-mbrojtje-ambientale\/#primaryimage\",\"inLanguage\":\"en-US\",\"url\":\"https:\/\/deutschcolor.com\/al\/wp-content\/uploads\/2019\/04\/Hydro-DC-min-1.png\",\"width\":1000,\"height\":1000,\"caption\":\"Boj\\u00eb Hidromat P\\u00ebr Mbrojtje Ambientale. Zgjidhje ekonomike ne Deutsch Color\"},{\"@type\":\"WebPage\",\"@id\":\"https:\/\/deutschcolor.com\/al\/product\/hydro-dc-mbrojtje-ambientale\/#webpage\",\"url\":\"https:\/\/deutschcolor.com\/al\/product\/hydro-dc-mbrojtje-ambientale\/\",\"name\":\"Boj\\u00eb Hidromat P\\u00ebr Mbrojtje Ambientale - Deutsch Color - Tharje e Shpejt\\u00eb\",\"isPartOf\":{\"@id\":\"https:\/\/deutschcolor.com\/al\/#website\"},\"primaryImageOfPage\":{\"@id\":\"https:\/\/deutschcolor.com\/al\/product\/hydro-dc-mbrojtje-ambientale\/#primaryimage\"},\"datePublished\":\"2019-04-20T20:19:50+00:00\",\"dateModified\":\"2025-07-14T12:21:59+00:00\",\"description\":\"Boj\\u00eb Hidromat P\\u00ebr Mbrojtje Ambientale. Veti shum\\u00eb t\\u00eb mira n\\u00eb punueshm\\u00ebri dhe nivelim, P\\u00ebrdoret n\\u00eb t\\u00eb gjith\\u00eb muret dhe tavan\\u00ebt e brendsh\\u00ebm.\",\"breadcrumb\":{\"@id\":\"https:\/\/deutschcolor.com\/al\/product\/hydro-dc-mbrojtje-ambientale\/#breadcrumb\"},\"inLanguage\":\"en-US\",\"potentialAction\":[{\"@type\":\"ReadAction\",\"target\":[\"https:\/\/deutschcolor.com\/al\/product\/hydro-dc-mbrojtje-ambientale\/\"]}]},{\"@type\":\"BreadcrumbList\",\"@id\":\"https:\/\/deutschcolor.com\/al\/product\/hydro-dc-mbrojtje-ambientale\/#breadcrumb\",\"itemListElement\":[{\"@type\":\"ListItem\",\"position\":1,\"item\":{\"@type\":\"WebPage\",\"@id\":\"https:\/\/deutschcolor.com\/al\/\",\"url\":\"https:\/\/deutschcolor.com\/al\/\",\"name\":\"Home\"}},{\"@type\":\"ListItem\",\"position\":2,\"item\":{\"@type\":\"WebPage\",\"@id\":\"https:\/\/deutschcolor.com\/al\/shop\/\",\"url\":\"https:\/\/deutschcolor.com\/al\/shop\/\",\"name\":\"SHOP\"}},{\"@type\":\"ListItem\",\"position\":3,\"item\":{\"@type\":\"WebPage\",\"@id\":\"https:\/\/deutschcolor.com\/al\/product-category\/bojra\/\",\"url\":\"https:\/\/deutschcolor.com\/al\/product-category\/bojra\/\",\"name\":\"Bojra\"}},{\"@type\":\"ListItem\",\"position\":4,\"item\":{\"@type\":\"WebPage\",\"@id\":\"https:\/\/deutschcolor.com\/al\/product-category\/bojra\/bojera-per-ambiente-te-brendshme\/\",\"url\":\"https:\/\/deutschcolor.com\/al\/product-category\/bojra\/bojera-per-ambiente-te-brendshme\/\",\"name\":\"8.1. Boj\\u00ebra p\\u00ebr ambiente t\\u00eb brendshme\"}},{\"@type\":\"ListItem\",\"position\":5,\"item\":{\"@type\":\"WebPage\",\"@id\":\"https:\/\/deutschcolor.com\/al\/product\/hydro-dc-mbrojtje-ambientale\/\",\"url\":\"https:\/\/deutschcolor.com\/al\/product\/hydro-dc-mbrojtje-ambientale\/\",\"name\":\"Hydro DC\"}}]}]}<\/script>\n<!-- \/ Yoast SEO plugin. -->","_links":{"self":[{"href":"https:\/\/deutschcolor.com\/al\/wp-json\/wp\/v2\/product\/23836","targetHints":{"allow":["GET"]}}],"collection":[{"href":"https:\/\/deutschcolor.com\/al\/wp-json\/wp\/v2\/product"}],"about":[{"href":"https:\/\/deutschcolor.com\/al\/wp-json\/wp\/v2\/types\/product"}],"replies":[{"embeddable":true,"href":"https:\/\/deutschcolor.com\/al\/wp-json\/wp\/v2\/comments?post=23836"}],"wp:featuredmedia":[{"embeddable":true,"href":"https:\/\/deutschcolor.com\/al\/wp-json\/wp\/v2\/media\/24579"}],"wp:attachment":[{"href":"https:\/\/deutschcolor.com\/al\/wp-json\/wp\/v2\/media?parent=23836"}],"curies":[{"name":"wp","href":"https:\/\/api.w.org\/{rel}","templated":true}]}}