{"id":23841,"date":"2019-04-20T20:23:09","date_gmt":"2019-04-20T20:23:09","guid":{"rendered":"https:\/\/deutschcolor.com\/al\/?post_type=product&#038;p=23841"},"modified":"2025-07-09T14:30:34","modified_gmt":"2025-07-09T14:30:34","slug":"alpen-classic-ql-11","status":"publish","type":"product","link":"https:\/\/deutschcolor.com\/al\/product\/alpen-classic-ql-11\/","title":{"rendered":"Alpen Classic QL 11"},"content":{"rendered":"<p><strong>Karakteristikat e produktit<\/strong><br \/>\n1 Sip\u00ebrfaqe mat<br \/>\n2 Bardh\u00ebsi superiore<br \/>\n3 Gjendet n\u00eb 4 baza W, P, D dhe TR<br \/>\n4 Veti shume t\u00eb mira n\u00eb punueshm\u00ebri dhe nivelim<br \/>\n5 Efekt shum\u00eb t\u00eb mir\u00eb n\u00eb mbulueshm\u00ebrin\u00eb e hijeve<br \/>\n6 Aft\u00ebsi t\u00eb mira ngjit\u00ebse dhe koh\u00eb t\u00eb shkurt\u00ebr tharjeje<\/p>\n<p><strong>Rekomandimet p\u00ebr p\u00ebrdorim<\/strong><br \/>\nP\u00ebrdoret n\u00eb t\u00eb gjith\u00eb muret e jasht\u00ebm, t\u00eb rinj, t\u00eb vjet\u00ebr dhe t\u00eb lyer m\u00eb par\u00eb me <a href=\"https:\/\/deutschcolor.com\/al\/product-category\/bojra\/\">boj\u00eb<\/a> me baz\u00eb, \u00e7imento, g\u00eblqere, etj, \u00e7do lloj ambienti t\u00eb jasht\u00ebm, fasade me grafiato, fino, stuko, etj, gjithashtu p\u00ebr lyerjen e sip\u00ebrfaqeve t\u00eb betonit t\u00eb paratrajtuar me <a href=\"https:\/\/deutschcolor.com\/al\/product-category\/bojra\/astar\/\">astar<\/a>.<\/p>\n<p>###<br \/>\n<strong>Ruajtja<\/strong><br \/>\n36 muaj n\u00ebse ruhet n\u00eb nj\u00eb vend t\u00eb that\u00eb, larg burimeve t\u00eb nxeht\u00ebsis\u00eb, n\u00eb nj\u00eb temperatur\u00eb midis +5\u00b0C dhe +30\u00b0C. Mbrojeni nga ngrica.<\/p>\n<p><strong>Sh\u00ebnime<\/strong><br \/>\n\u2022 N\u00eb sip\u00ebrfaqe t\u00eb betonit t\u00eb fresk\u00ebt produkti rekomandohet t\u00eb aplikohet t\u00eb pakt\u00ebn pas 30-40 dit\u00ebsh.<br \/>\n\u2022 Rekomandohet q\u00eb t\u00eb shmanget aplikimi i produktit n\u00eb temperatura n\u00ebn 5\u00baC.<\/p>\n<p>###<\/p>\n<p>P\u00ebr m\u00eb shume bojera p\u00ebr ambiente te jashtme <a href=\"https:\/\/deutschcolor.com\/al\/product-category\/bojra\/\">kliko ketu<\/a><\/p>\n\n","protected":false},"excerpt":{"rendered":"<p>Boj\u00eb akrilike e nj\u00eb cil\u00ebsie premium, me rezistenc\u00eb t\u00eb lart\u00eb ndaj kushteve t\u00eb ndryshme atmosferike, me baz\u00eb emulsioni akrilik<\/p>\n","protected":false},"featured_media":24434,"comment_status":"closed","ping_status":"closed","template":"","meta":{"_glsr_average":0,"_glsr_ranking":0,"_glsr_reviews":0},"class_list":["post-23841","product","type-product","status-publish","has-post-thumbnail","hentry","product_cat-bojra","product_cat-bojera-per-ambiente-te-jashtme"],"yoast_head":"<!-- This site is optimized with the Yoast SEO plugin v15.0 - https:\/\/yoast.com\/wordpress\/plugins\/seo\/ -->\n<title>Bojera profesionale- Alpen Classic QL 11 - Deutsch Color - Boj\u00eb Gjermane.<\/title>\n<meta name=\"description\" content=\"Bojera profesionale p\u00ebrdoren p\u00ebr t\u00eb gjith\u00eb muret e jasht\u00ebm, t\u00eb rinj, t\u00eb vjet\u00ebr dhe t\u00eb lyer m\u00eb par\u00eb me boj\u00eb me baz\u00eb, \u00e7imento, g\u00eblqere, etj\" \/>\n<meta name=\"robots\" content=\"index, follow, max-snippet:-1, max-image-preview:large, max-video-preview:-1\" \/>\n<link rel=\"canonical\" href=\"https:\/\/deutschcolor.com\/al\/product\/alpen-classic-ql-11\/\" \/>\n<meta property=\"og:locale\" content=\"en_US\" \/>\n<meta property=\"og:type\" content=\"article\" \/>\n<meta property=\"og:title\" content=\"Bojera profesionale- Alpen Classic QL 11 - Deutsch Color - Boj\u00eb Gjermane.\" \/>\n<meta property=\"og:description\" content=\"Bojera profesionale p\u00ebrdoren p\u00ebr t\u00eb gjith\u00eb muret e jasht\u00ebm, t\u00eb rinj, t\u00eb vjet\u00ebr dhe t\u00eb lyer m\u00eb par\u00eb me boj\u00eb me baz\u00eb, \u00e7imento, g\u00eblqere, etj\" \/>\n<meta property=\"og:url\" content=\"https:\/\/deutschcolor.com\/al\/product\/alpen-classic-ql-11\/\" \/>\n<meta property=\"og:site_name\" content=\"Deutschcolor\" \/>\n<meta property=\"article:publisher\" content=\"https:\/\/www.facebook.com\/deutschcolorofficial\" \/>\n<meta property=\"article:modified_time\" content=\"2025-07-09T14:30:34+00:00\" \/>\n<meta property=\"og:image\" content=\"https:\/\/deutschcolor.com\/al\/wp-content\/uploads\/2019\/04\/Alpen-Classic-QL11-min.png\" \/>\n\t<meta property=\"og:image:width\" content=\"1000\" \/>\n\t<meta property=\"og:image:height\" content=\"1000\" \/>\n<meta name=\"twitter:card\" content=\"summary_large_image\" \/>\n<script type=\"application\/ld+json\" class=\"yoast-schema-graph\">{\"@context\":\"https:\/\/schema.org\",\"@graph\":[{\"@type\":\"WebSite\",\"@id\":\"https:\/\/deutschcolor.com\/al\/#website\",\"url\":\"https:\/\/deutschcolor.com\/al\/\",\"name\":\"Deutschcolor\",\"description\":\"Deutschcolor Albania\",\"potentialAction\":[{\"@type\":\"SearchAction\",\"target\":\"https:\/\/deutschcolor.com\/al\/?s={search_term_string}\",\"query-input\":\"required name=search_term_string\"}],\"inLanguage\":\"en-US\"},{\"@type\":\"ImageObject\",\"@id\":\"https:\/\/deutschcolor.com\/al\/product\/alpen-classic-ql-11\/#primaryimage\",\"inLanguage\":\"en-US\",\"url\":\"https:\/\/deutschcolor.com\/al\/wp-content\/uploads\/2019\/04\/Alpen-Classic-QL11-min.png\",\"width\":1000,\"height\":1000,\"caption\":\"Bojera profesionale Alpen Classic QL11, ngjitje e larte dhe bardhesi e shkelqyer ne Deutsch Color\"},{\"@type\":\"WebPage\",\"@id\":\"https:\/\/deutschcolor.com\/al\/product\/alpen-classic-ql-11\/#webpage\",\"url\":\"https:\/\/deutschcolor.com\/al\/product\/alpen-classic-ql-11\/\",\"name\":\"Bojera profesionale- Alpen Classic QL 11 - Deutsch Color - Boj\\u00eb Gjermane.\",\"isPartOf\":{\"@id\":\"https:\/\/deutschcolor.com\/al\/#website\"},\"primaryImageOfPage\":{\"@id\":\"https:\/\/deutschcolor.com\/al\/product\/alpen-classic-ql-11\/#primaryimage\"},\"datePublished\":\"2019-04-20T20:23:09+00:00\",\"dateModified\":\"2025-07-09T14:30:34+00:00\",\"description\":\"Bojera profesionale p\\u00ebrdoren p\\u00ebr t\\u00eb gjith\\u00eb muret e jasht\\u00ebm, t\\u00eb rinj, t\\u00eb vjet\\u00ebr dhe t\\u00eb lyer m\\u00eb par\\u00eb me boj\\u00eb me baz\\u00eb, \\u00e7imento, g\\u00eblqere, etj\",\"breadcrumb\":{\"@id\":\"https:\/\/deutschcolor.com\/al\/product\/alpen-classic-ql-11\/#breadcrumb\"},\"inLanguage\":\"en-US\",\"potentialAction\":[{\"@type\":\"ReadAction\",\"target\":[\"https:\/\/deutschcolor.com\/al\/product\/alpen-classic-ql-11\/\"]}]},{\"@type\":\"BreadcrumbList\",\"@id\":\"https:\/\/deutschcolor.com\/al\/product\/alpen-classic-ql-11\/#breadcrumb\",\"itemListElement\":[{\"@type\":\"ListItem\",\"position\":1,\"item\":{\"@type\":\"WebPage\",\"@id\":\"https:\/\/deutschcolor.com\/al\/\",\"url\":\"https:\/\/deutschcolor.com\/al\/\",\"name\":\"Home\"}},{\"@type\":\"ListItem\",\"position\":2,\"item\":{\"@type\":\"WebPage\",\"@id\":\"https:\/\/deutschcolor.com\/al\/shop\/\",\"url\":\"https:\/\/deutschcolor.com\/al\/shop\/\",\"name\":\"SHOP\"}},{\"@type\":\"ListItem\",\"position\":3,\"item\":{\"@type\":\"WebPage\",\"@id\":\"https:\/\/deutschcolor.com\/al\/product-category\/bojra\/\",\"url\":\"https:\/\/deutschcolor.com\/al\/product-category\/bojra\/\",\"name\":\"Bojra\"}},{\"@type\":\"ListItem\",\"position\":4,\"item\":{\"@type\":\"WebPage\",\"@id\":\"https:\/\/deutschcolor.com\/al\/product-category\/bojra\/bojera-per-ambiente-te-jashtme\/\",\"url\":\"https:\/\/deutschcolor.com\/al\/product-category\/bojra\/bojera-per-ambiente-te-jashtme\/\",\"name\":\"8.2. Boj\\u00ebra p\\u00ebr ambiente t\\u00eb jashtme\"}},{\"@type\":\"ListItem\",\"position\":5,\"item\":{\"@type\":\"WebPage\",\"@id\":\"https:\/\/deutschcolor.com\/al\/product\/alpen-classic-ql-11\/\",\"url\":\"https:\/\/deutschcolor.com\/al\/product\/alpen-classic-ql-11\/\",\"name\":\"Alpen Classic QL 11\"}}]}]}<\/script>\n<!-- \/ Yoast SEO plugin. -->","_links":{"self":[{"href":"https:\/\/deutschcolor.com\/al\/wp-json\/wp\/v2\/product\/23841","targetHints":{"allow":["GET"]}}],"collection":[{"href":"https:\/\/deutschcolor.com\/al\/wp-json\/wp\/v2\/product"}],"about":[{"href":"https:\/\/deutschcolor.com\/al\/wp-json\/wp\/v2\/types\/product"}],"replies":[{"embeddable":true,"href":"https:\/\/deutschcolor.com\/al\/wp-json\/wp\/v2\/comments?post=23841"}],"wp:featuredmedia":[{"embeddable":true,"href":"https:\/\/deutschcolor.com\/al\/wp-json\/wp\/v2\/media\/24434"}],"wp:attachment":[{"href":"https:\/\/deutschcolor.com\/al\/wp-json\/wp\/v2\/media?parent=23841"}],"curies":[{"name":"wp","href":"https:\/\/api.w.org\/{rel}","templated":true}]}}