{"id":23850,"date":"2019-04-20T20:47:02","date_gmt":"2019-04-20T20:47:02","guid":{"rendered":"https:\/\/deutschcolor.com\/al\/?post_type=product&#038;p=23850"},"modified":"2025-04-03T06:35:48","modified_gmt":"2025-04-03T06:35:48","slug":"alpen-profi-21","status":"publish","type":"product","link":"https:\/\/deutschcolor.com\/al\/product\/alpen-profi-21\/","title":{"rendered":"Alpen profi 21"},"content":{"rendered":"<p><strong>Karakteristikat e produktit<\/strong><br \/>\n\u2022 <a href=\"https:\/\/deutschcolor.com\/al\/product-category\/bojra\/bojera-per-ambiente-te-jashtme\/\">Bardh\u00ebsi superiore<\/a><br \/>\n\u2022 Sip\u00ebrfaqe e l\u00ebmuar mat<br \/>\n\u2022 Mbulueshm\u00ebri e shk\u00eblqyer<br \/>\n\u2022 Gjendet n\u00eb 3 baza W, P dhe D<br \/>\n\u2022 Punueshm\u00ebri dhe nivelim shum\u00eb t\u00eb mir\u00eb<br \/>\n\u2022 Ngjitje shum\u00eb e fort\u00eb dhe tharje e shpejt\u00eb<br \/>\n\u2022 <a href=\"https:\/\/deutschcolor.com\/al\/colors\/\">Ngjyra<\/a> t\u00eb q\u00ebndrueshme p\u00ebr nj\u00eb koh\u00eb t\u00eb gjat\u00eb<br \/>\n\u2022 Rezistenc\u00eb t\u00eb lart\u00eb ndaj kushteve atmosferike<\/p>\n<p><strong>Rekomandimet p\u00ebr p\u00ebrdorim<\/strong><br \/>\nP\u00ebrdoret n\u00eb t\u00eb gjith\u00eb muret e jasht\u00ebm, t\u00eb rinj, t\u00eb vjet\u00ebr dhe t\u00eb lyer m\u00eb par\u00eb me boj\u00eb me baz\u00eb, \u00e7imento, g\u00eblqere, etj, e \u00e7do lloj ambienti t\u00eb jasht\u00ebm, fasade me <a href=\"https:\/\/deutschcolor.com\/al\/shop\/\">grafiato<\/a>, fino, stuko, etj, <a href=\"https:\/\/deutschcolor.com\/al\/product-category\/bojra\/bojera-per-ambiente-te-jashtme\/\">Bardh\u00ebsi superiore<\/a> p\u00ebrdoret gjithashtu n\u00eb sip\u00ebrfaqet e betonit t\u00eb paratrajtuar me astar.<\/p>\n<p>###<\/p>\n<p><strong>Ruajtja<\/strong><br \/>\n36 muaj n\u00ebse ruhet n\u00eb nj\u00eb vend t\u00eb that\u00eb, larg burimeve t\u00eb nxeht\u00ebsis\u00eb, n\u00eb nj\u00eb temperatur\u00eb midis 5\u00b0C dhe +30\u00b0C. Mbrojeni nga ngrica.<\/p>\n<p><strong>Sh\u00ebnime<\/strong><br \/>\n\u2022 N\u00eb sip\u00ebrfaqe t\u00eb betonit t\u00eb fresk\u00ebt produkti rekomandohet t\u00eb aplikohet t\u00eb pakt\u00ebn pas 30-40 dit\u00ebsh.<br \/>\n\u2022 Rekomandohet q\u00eb t\u00eb shmanget aplikimi i produktit n\u00eb temperatura n\u00ebn 5\u00baC. ose pak para shiut.<\/p>\n<p>###<\/p>\n<p>P\u00ebr m\u00eb shum\u00eb boj\u00ebra p\u00ebr ambiente te jashtme <a href=\"https:\/\/deutschcolor.com\/al\/product-category\/bojra-per-metale\/bojera-per-metale\/\">kliko ketu<\/a>.<\/p>\n","protected":false},"excerpt":{"rendered":"<p>Boj\u00eb akrilike e nj\u00eb cil\u00ebsie t\u00eb lart\u00eb, me rezistenc\u00eb t\u00eb lart\u00eb ndaj kushteve t\u00eb ndryshme atmosferike dhe veti t\u00eb mira mbuluese<\/p>\n","protected":false},"featured_media":24436,"comment_status":"closed","ping_status":"closed","template":"","meta":{"_glsr_average":0,"_glsr_ranking":0,"_glsr_reviews":0},"class_list":["post-23850","product","type-product","status-publish","has-post-thumbnail","hentry","product_cat-bojra","product_cat-bojera-per-ambiente-te-jashtme"],"yoast_head":"<!-- This site is optimized with the Yoast SEO plugin v15.0 - https:\/\/yoast.com\/wordpress\/plugins\/seo\/ -->\n<title>Boj\u00eb p\u00ebr fasada t\u00eb jashtme - Alpen profi 21 - Deutschcolor<\/title>\n<meta name=\"description\" content=\"Boj\u00eb poliuretanik p\u00ebr fasada t\u00eb jashtme: bardh\u00ebsi e lart\u00eb, mbulueshm\u00ebri dhe mbrojtje ndaj kushteve atmosferike. Boje me bardh\u00ebsi superiore.\" \/>\n<meta name=\"robots\" content=\"index, follow, max-snippet:-1, max-image-preview:large, max-video-preview:-1\" \/>\n<link rel=\"canonical\" href=\"https:\/\/deutschcolor.com\/al\/product\/alpen-profi-21\/\" \/>\n<meta property=\"og:locale\" content=\"en_US\" \/>\n<meta property=\"og:type\" content=\"article\" \/>\n<meta property=\"og:title\" content=\"Boj\u00eb p\u00ebr fasada t\u00eb jashtme - Alpen profi 21 - Deutschcolor\" \/>\n<meta property=\"og:description\" content=\"Boj\u00eb poliuretanik p\u00ebr fasada t\u00eb jashtme: bardh\u00ebsi e lart\u00eb, mbulueshm\u00ebri dhe mbrojtje ndaj kushteve atmosferike. Boje me bardh\u00ebsi superiore.\" \/>\n<meta property=\"og:url\" content=\"https:\/\/deutschcolor.com\/al\/product\/alpen-profi-21\/\" \/>\n<meta property=\"og:site_name\" content=\"Deutschcolor\" \/>\n<meta property=\"article:publisher\" content=\"https:\/\/www.facebook.com\/deutschcolorofficial\" \/>\n<meta property=\"article:modified_time\" content=\"2025-04-03T06:35:48+00:00\" \/>\n<meta property=\"og:image\" content=\"https:\/\/deutschcolor.com\/al\/wp-content\/uploads\/2019\/04\/Alpen-Proffi-21-min.png\" \/>\n\t<meta property=\"og:image:width\" content=\"1000\" \/>\n\t<meta property=\"og:image:height\" content=\"1000\" \/>\n<meta name=\"twitter:card\" content=\"summary_large_image\" \/>\n<script type=\"application\/ld+json\" class=\"yoast-schema-graph\">{\"@context\":\"https:\/\/schema.org\",\"@graph\":[{\"@type\":\"WebSite\",\"@id\":\"https:\/\/deutschcolor.com\/al\/#website\",\"url\":\"https:\/\/deutschcolor.com\/al\/\",\"name\":\"Deutschcolor\",\"description\":\"Deutschcolor Albania\",\"potentialAction\":[{\"@type\":\"SearchAction\",\"target\":\"https:\/\/deutschcolor.com\/al\/?s={search_term_string}\",\"query-input\":\"required name=search_term_string\"}],\"inLanguage\":\"en-US\"},{\"@type\":\"ImageObject\",\"@id\":\"https:\/\/deutschcolor.com\/al\/product\/alpen-profi-21\/#primaryimage\",\"inLanguage\":\"en-US\",\"url\":\"https:\/\/deutschcolor.com\/al\/wp-content\/uploads\/2019\/04\/Alpen-Proffi-21-min.png\",\"width\":1000,\"height\":1000,\"caption\":\"Bojera per ambiente te jashtme me cilesi te larte.\"},{\"@type\":\"WebPage\",\"@id\":\"https:\/\/deutschcolor.com\/al\/product\/alpen-profi-21\/#webpage\",\"url\":\"https:\/\/deutschcolor.com\/al\/product\/alpen-profi-21\/\",\"name\":\"Boj\\u00eb p\\u00ebr fasada t\\u00eb jashtme - Alpen profi 21 - Deutschcolor\",\"isPartOf\":{\"@id\":\"https:\/\/deutschcolor.com\/al\/#website\"},\"primaryImageOfPage\":{\"@id\":\"https:\/\/deutschcolor.com\/al\/product\/alpen-profi-21\/#primaryimage\"},\"datePublished\":\"2019-04-20T20:47:02+00:00\",\"dateModified\":\"2025-04-03T06:35:48+00:00\",\"description\":\"Boj\\u00eb poliuretanik p\\u00ebr fasada t\\u00eb jashtme: bardh\\u00ebsi e lart\\u00eb, mbulueshm\\u00ebri dhe mbrojtje ndaj kushteve atmosferike. Boje me bardh\\u00ebsi superiore.\",\"breadcrumb\":{\"@id\":\"https:\/\/deutschcolor.com\/al\/product\/alpen-profi-21\/#breadcrumb\"},\"inLanguage\":\"en-US\",\"potentialAction\":[{\"@type\":\"ReadAction\",\"target\":[\"https:\/\/deutschcolor.com\/al\/product\/alpen-profi-21\/\"]}]},{\"@type\":\"BreadcrumbList\",\"@id\":\"https:\/\/deutschcolor.com\/al\/product\/alpen-profi-21\/#breadcrumb\",\"itemListElement\":[{\"@type\":\"ListItem\",\"position\":1,\"item\":{\"@type\":\"WebPage\",\"@id\":\"https:\/\/deutschcolor.com\/al\/\",\"url\":\"https:\/\/deutschcolor.com\/al\/\",\"name\":\"Home\"}},{\"@type\":\"ListItem\",\"position\":2,\"item\":{\"@type\":\"WebPage\",\"@id\":\"https:\/\/deutschcolor.com\/al\/shop\/\",\"url\":\"https:\/\/deutschcolor.com\/al\/shop\/\",\"name\":\"SHOP\"}},{\"@type\":\"ListItem\",\"position\":3,\"item\":{\"@type\":\"WebPage\",\"@id\":\"https:\/\/deutschcolor.com\/al\/product-category\/bojra\/\",\"url\":\"https:\/\/deutschcolor.com\/al\/product-category\/bojra\/\",\"name\":\"Bojra\"}},{\"@type\":\"ListItem\",\"position\":4,\"item\":{\"@type\":\"WebPage\",\"@id\":\"https:\/\/deutschcolor.com\/al\/product-category\/bojra\/bojera-per-ambiente-te-jashtme\/\",\"url\":\"https:\/\/deutschcolor.com\/al\/product-category\/bojra\/bojera-per-ambiente-te-jashtme\/\",\"name\":\"8.2. Boj\\u00ebra p\\u00ebr ambiente t\\u00eb jashtme\"}},{\"@type\":\"ListItem\",\"position\":5,\"item\":{\"@type\":\"WebPage\",\"@id\":\"https:\/\/deutschcolor.com\/al\/product\/alpen-profi-21\/\",\"url\":\"https:\/\/deutschcolor.com\/al\/product\/alpen-profi-21\/\",\"name\":\"Alpen profi 21\"}}]}]}<\/script>\n<!-- \/ Yoast SEO plugin. -->","_links":{"self":[{"href":"https:\/\/deutschcolor.com\/al\/wp-json\/wp\/v2\/product\/23850","targetHints":{"allow":["GET"]}}],"collection":[{"href":"https:\/\/deutschcolor.com\/al\/wp-json\/wp\/v2\/product"}],"about":[{"href":"https:\/\/deutschcolor.com\/al\/wp-json\/wp\/v2\/types\/product"}],"replies":[{"embeddable":true,"href":"https:\/\/deutschcolor.com\/al\/wp-json\/wp\/v2\/comments?post=23850"}],"wp:featuredmedia":[{"embeddable":true,"href":"https:\/\/deutschcolor.com\/al\/wp-json\/wp\/v2\/media\/24436"}],"wp:attachment":[{"href":"https:\/\/deutschcolor.com\/al\/wp-json\/wp\/v2\/media?parent=23850"}],"curies":[{"name":"wp","href":"https:\/\/api.w.org\/{rel}","templated":true}]}}