{"id":23855,"date":"2019-04-20T20:49:25","date_gmt":"2019-04-20T20:49:25","guid":{"rendered":"https:\/\/deutschcolor.com\/al\/?post_type=product&#038;p=23855"},"modified":"2025-04-11T09:09:06","modified_gmt":"2025-04-11T09:09:06","slug":"alpen-profi-32","status":"publish","type":"product","link":"https:\/\/deutschcolor.com\/al\/product\/alpen-profi-32\/","title":{"rendered":"Alpen Profi &#8211; 32"},"content":{"rendered":"<p><strong>Karakteristikat e produktit<\/strong><br \/>\n1 Aft\u00ebsi t\u00eb mira ngjitjeje<br \/>\n2 Sip\u00ebrfaqe e l\u00ebmuar mat<br \/>\n3 Gjendet n\u00eb 2 baza, W dhe P<br \/>\n4 Mbulueshm\u00ebri shume e mir\u00eb<br \/>\n5 Zgjidhje ekonomike p\u00ebr p\u00ebrdorim t\u00eb jasht\u00ebm<\/p>\n<p><strong>Rekomandimet p\u00ebr p\u00ebrdorim<\/strong><br \/>\nBoj\u00eb plastike. P\u00ebrdoret n\u00eb t\u00eb gjith\u00eb muret e jasht\u00ebm, t\u00eb rinj, t\u00eb vjet\u00ebr dhe t\u00eb lyer m\u00eb par\u00eb me<a href=\"https:\/\/deutschcolor.com\/al\/product-category\/bojra\/\"> boj\u00eb plastike me baz\u00eb<\/a>, \u00e7imento, g\u00eblqere, si dhe \u00e7do lloj ambienti t\u00eb jasht\u00ebm, <a href=\"https:\/\/deutschcolor.com\/al\/shop\/\">fasade me grafiato<\/a>, fino, stuko, etj, gjithashtu sip\u00ebrfaqet e betonit t\u00eb paratrajtuar me astar.<\/p>\n<p>###<\/p>\n<p><strong>Ruajtja<\/strong><br \/>\n36 muaj n\u00ebse ruhet n\u00eb nj\u00eb vend t\u00eb that\u00eb, larg burimeve t\u00eb nxeht\u00ebsis\u00eb, n\u00eb nj\u00eb temperatur\u00eb midis +5\u00b0C dhe +30\u00b0C. Mbrojeni nga ngrica.<\/p>\n<p><strong>Sh\u00ebnime<\/strong><br \/>\n\u2022 N\u00eb sip\u00ebrfaqe t\u00eb betonit t\u00eb fresk\u00ebt produkti rekomandohet t\u00eb aplikohet t\u00eb pakt\u00ebn pas 30-40 dit\u00ebsh.<br \/>\n\u2022 Rekomandohet q\u00eb t\u00eb shmanget aplikimi i produktit n\u00eb temperatura n\u00ebn 5\u00baC. ose pak para shiut.<\/p>\n<p>###<\/p>\n<p>P\u00ebr me shume bojra <a href=\"https:\/\/deutschcolor.com\/al\/product-category\/bojra\/\">kliko ketu<\/a>.<\/p>\n","protected":false},"excerpt":{"rendered":"<p>Boj\u00eb akrilike ekonomike p\u00ebr p\u00ebrdorim t\u00eb jasht\u00ebm me veti t\u00eb mira mbuluese dhe niveluese<\/p>\n","protected":false},"featured_media":24437,"comment_status":"closed","ping_status":"closed","template":"","meta":{"_glsr_average":0,"_glsr_ranking":0,"_glsr_reviews":0},"class_list":["post-23855","product","type-product","status-publish","has-post-thumbnail","hentry","product_cat-bojra","product_cat-bojera-per-ambiente-te-jashtme"],"yoast_head":"<!-- This site is optimized with the Yoast SEO plugin v15.0 - https:\/\/yoast.com\/wordpress\/plugins\/seo\/ -->\n<title>Boj\u00eb plastike p\u00ebr muret e jasht\u00ebme - Alpen Profi - 32 - Deutsch Color<\/title>\n<meta name=\"description\" content=\"Boj\u00eb plastike p\u00ebr muret e jasht\u00ebme, t\u00eb rinj, t\u00eb vjet\u00ebr dhe t\u00eb lyer m\u00eb par\u00eb me boj\u00eb me baz\u00eb, \u00e7imento, etj. Zgjidhje ideale rezistence e larte.\" \/>\n<meta name=\"robots\" content=\"index, follow, max-snippet:-1, max-image-preview:large, max-video-preview:-1\" \/>\n<link rel=\"canonical\" href=\"https:\/\/deutschcolor.com\/al\/product\/alpen-profi-32\/\" \/>\n<meta property=\"og:locale\" content=\"en_US\" \/>\n<meta property=\"og:type\" content=\"article\" \/>\n<meta property=\"og:title\" content=\"Boj\u00eb plastike p\u00ebr muret e jasht\u00ebme - Alpen Profi - 32 - Deutsch Color\" \/>\n<meta property=\"og:description\" content=\"Boj\u00eb plastike p\u00ebr muret e jasht\u00ebme, t\u00eb rinj, t\u00eb vjet\u00ebr dhe t\u00eb lyer m\u00eb par\u00eb me boj\u00eb me baz\u00eb, \u00e7imento, etj. Zgjidhje ideale rezistence e larte.\" \/>\n<meta property=\"og:url\" content=\"https:\/\/deutschcolor.com\/al\/product\/alpen-profi-32\/\" \/>\n<meta property=\"og:site_name\" content=\"Deutschcolor\" \/>\n<meta property=\"article:publisher\" content=\"https:\/\/www.facebook.com\/deutschcolorofficial\" \/>\n<meta property=\"article:modified_time\" content=\"2025-04-11T09:09:06+00:00\" \/>\n<meta property=\"og:image\" content=\"https:\/\/deutschcolor.com\/al\/wp-content\/uploads\/2019\/04\/Alpen-Profi-32-min.png\" \/>\n\t<meta property=\"og:image:width\" content=\"1000\" \/>\n\t<meta property=\"og:image:height\" content=\"1000\" \/>\n<meta name=\"twitter:card\" content=\"summary_large_image\" \/>\n<script type=\"application\/ld+json\" class=\"yoast-schema-graph\">{\"@context\":\"https:\/\/schema.org\",\"@graph\":[{\"@type\":\"WebSite\",\"@id\":\"https:\/\/deutschcolor.com\/al\/#website\",\"url\":\"https:\/\/deutschcolor.com\/al\/\",\"name\":\"Deutschcolor\",\"description\":\"Deutschcolor Albania\",\"potentialAction\":[{\"@type\":\"SearchAction\",\"target\":\"https:\/\/deutschcolor.com\/al\/?s={search_term_string}\",\"query-input\":\"required name=search_term_string\"}],\"inLanguage\":\"en-US\"},{\"@type\":\"ImageObject\",\"@id\":\"https:\/\/deutschcolor.com\/al\/product\/alpen-profi-32\/#primaryimage\",\"inLanguage\":\"en-US\",\"url\":\"https:\/\/deutschcolor.com\/al\/wp-content\/uploads\/2019\/04\/Alpen-Profi-32-min.png\",\"width\":1000,\"height\":1000,\"caption\":\"Bojra te nje cilesie te larte. Alpen Profi 32 eshte nje boje ekologjike.\"},{\"@type\":\"WebPage\",\"@id\":\"https:\/\/deutschcolor.com\/al\/product\/alpen-profi-32\/#webpage\",\"url\":\"https:\/\/deutschcolor.com\/al\/product\/alpen-profi-32\/\",\"name\":\"Boj\\u00eb plastike p\\u00ebr muret e jasht\\u00ebme - Alpen Profi - 32 - Deutsch Color\",\"isPartOf\":{\"@id\":\"https:\/\/deutschcolor.com\/al\/#website\"},\"primaryImageOfPage\":{\"@id\":\"https:\/\/deutschcolor.com\/al\/product\/alpen-profi-32\/#primaryimage\"},\"datePublished\":\"2019-04-20T20:49:25+00:00\",\"dateModified\":\"2025-04-11T09:09:06+00:00\",\"description\":\"Boj\\u00eb plastike p\\u00ebr muret e jasht\\u00ebme, t\\u00eb rinj, t\\u00eb vjet\\u00ebr dhe t\\u00eb lyer m\\u00eb par\\u00eb me boj\\u00eb me baz\\u00eb, \\u00e7imento, etj. Zgjidhje ideale rezistence e larte.\",\"breadcrumb\":{\"@id\":\"https:\/\/deutschcolor.com\/al\/product\/alpen-profi-32\/#breadcrumb\"},\"inLanguage\":\"en-US\",\"potentialAction\":[{\"@type\":\"ReadAction\",\"target\":[\"https:\/\/deutschcolor.com\/al\/product\/alpen-profi-32\/\"]}]},{\"@type\":\"BreadcrumbList\",\"@id\":\"https:\/\/deutschcolor.com\/al\/product\/alpen-profi-32\/#breadcrumb\",\"itemListElement\":[{\"@type\":\"ListItem\",\"position\":1,\"item\":{\"@type\":\"WebPage\",\"@id\":\"https:\/\/deutschcolor.com\/al\/\",\"url\":\"https:\/\/deutschcolor.com\/al\/\",\"name\":\"Home\"}},{\"@type\":\"ListItem\",\"position\":2,\"item\":{\"@type\":\"WebPage\",\"@id\":\"https:\/\/deutschcolor.com\/al\/shop\/\",\"url\":\"https:\/\/deutschcolor.com\/al\/shop\/\",\"name\":\"SHOP\"}},{\"@type\":\"ListItem\",\"position\":3,\"item\":{\"@type\":\"WebPage\",\"@id\":\"https:\/\/deutschcolor.com\/al\/product-category\/bojra\/\",\"url\":\"https:\/\/deutschcolor.com\/al\/product-category\/bojra\/\",\"name\":\"Bojra\"}},{\"@type\":\"ListItem\",\"position\":4,\"item\":{\"@type\":\"WebPage\",\"@id\":\"https:\/\/deutschcolor.com\/al\/product-category\/bojra\/bojera-per-ambiente-te-jashtme\/\",\"url\":\"https:\/\/deutschcolor.com\/al\/product-category\/bojra\/bojera-per-ambiente-te-jashtme\/\",\"name\":\"8.2. Boj\\u00ebra p\\u00ebr ambiente t\\u00eb jashtme\"}},{\"@type\":\"ListItem\",\"position\":5,\"item\":{\"@type\":\"WebPage\",\"@id\":\"https:\/\/deutschcolor.com\/al\/product\/alpen-profi-32\/\",\"url\":\"https:\/\/deutschcolor.com\/al\/product\/alpen-profi-32\/\",\"name\":\"Alpen Profi &#8211; 32\"}}]}]}<\/script>\n<!-- \/ Yoast SEO plugin. -->","_links":{"self":[{"href":"https:\/\/deutschcolor.com\/al\/wp-json\/wp\/v2\/product\/23855","targetHints":{"allow":["GET"]}}],"collection":[{"href":"https:\/\/deutschcolor.com\/al\/wp-json\/wp\/v2\/product"}],"about":[{"href":"https:\/\/deutschcolor.com\/al\/wp-json\/wp\/v2\/types\/product"}],"replies":[{"embeddable":true,"href":"https:\/\/deutschcolor.com\/al\/wp-json\/wp\/v2\/comments?post=23855"}],"wp:featuredmedia":[{"embeddable":true,"href":"https:\/\/deutschcolor.com\/al\/wp-json\/wp\/v2\/media\/24437"}],"wp:attachment":[{"href":"https:\/\/deutschcolor.com\/al\/wp-json\/wp\/v2\/media?parent=23855"}],"curies":[{"name":"wp","href":"https:\/\/api.w.org\/{rel}","templated":true}]}}