{"id":23868,"date":"2019-04-20T20:57:55","date_gmt":"2019-04-20T20:57:55","guid":{"rendered":"https:\/\/deutschcolor.com\/al\/?post_type=product&#038;p=23868"},"modified":"2025-07-17T06:45:19","modified_gmt":"2025-07-17T06:45:19","slug":"alpen-silicon-s47","status":"publish","type":"product","link":"https:\/\/deutschcolor.com\/al\/product\/alpen-silicon-s47\/","title":{"rendered":"Alpen Silicon S47"},"content":{"rendered":"<h2 style=\"font-size: 15px; font-weight: normal;\">Karakteristikat Kryesore T\u00eb Produktit<\/h2>\n<ol>\n<li>Bardh\u00ebsi superiore dhe p\u00ebrfundim estetik cil\u00ebsor<\/li>\n<li>Formul\u00eb e disponueshme n\u00eb 3 baza: W, P dhe D<\/li>\n<li>Rezistenc\u00eb e lart\u00eb ndaj kushteve atmosferike dhe lag\u00ebshtir\u00ebs<\/li>\n<li>Sip\u00ebrfaqe e l\u00ebmuar mat me ngjitje t\u00eb fort\u00eb<\/li>\n<li>Ngjyra t\u00eb q\u00ebndrueshme p\u00ebr periudha t\u00eb gjata<\/li>\n<li>Mbulueshm\u00ebri, punueshm\u00ebri dhe nivelim i shk\u00eblqyer<\/li>\n<li>Lejon p\u00ebrshkueshm\u00ebri t\u00eb avujve t\u00eb ujit duke ruajtur ndjeshm\u00ebrin\u00eb ndaj ujit<\/li>\n<\/ol>\n<h3 style=\"font-size: 15px; font-weight: normal;\">Zbatimi Dhe P\u00ebrdorimi<\/h3>\n<p>E p\u00ebrshtatshme p\u00ebr t\u00eb gjitha llojet e mureve t\u00eb jasht\u00ebm: t\u00eb rinj, t\u00eb vjet\u00ebr ose t\u00eb lyer m\u00eb par\u00eb me boj\u00eb me baz\u00eb \u00e7imentoje apo g\u00eblqere. Rekomandohet p\u00ebr p\u00ebrdorim n\u00eb ambiente t\u00eb jashtme si fasada me grafiato, fino ose stuko, si dhe n\u00eb zona bregdetare p\u00ebr shkak t\u00eb rezistenc\u00ebs ndaj lag\u00ebshtir\u00ebs dhe krip\u00ebs s\u00eb detit.<\/p>\n<p>Produkti \u00ebsht\u00eb gjithashtu ideal p\u00ebr sip\u00ebrfaqe betoni t\u00eb trajtuara me astar paraprak.<\/p>\n<h3 style=\"font-size: 15px; font-weight: normal;\">Kujdes Dhe Ruajtje<\/h3>\n<p>Ruhet deri n\u00eb 36 muaj n\u00eb nj\u00eb ambient t\u00eb that\u00eb, larg nxeht\u00ebsis\u00eb dhe n\u00eb temperatur\u00eb midis +5\u00b0C dhe +30\u00b0C. Mbrojeni nga ngrica.<\/p>\n<p><strong>Sh\u00ebnim:<\/strong> N\u00eb sip\u00ebrfaqet e reja t\u00eb betonit, p\u00ebrdoreni vet\u00ebm pas 30-40 dit\u00ebsh nga p\u00ebrfundimi i punimeve.<\/p>\n<h3 style=\"font-size: 15px; font-weight: normal;\">M\u00ebsoni M\u00eb Shum\u00eb<\/h3>\n<p>P\u00ebr m\u00eb shum\u00eb lloje <a href=\"https:\/\/deutschcolor.com\/al\/product-category\/bojera\/\" target=\"_blank\" rel=\"noopener\">boj\u00ebrash klikoni k\u00ebtu<\/a>.<\/p>\n<p>Lexoni m\u00eb shum\u00eb rreth <a href=\"https:\/\/en.wikipedia.org\/wiki\/Exterior_paint\" target=\"_blank\" rel=\"nofollow noopener\">boj\u00ebrave p\u00ebr fasada n\u00eb Wikipedia<\/a> dhe si ndikojn\u00eb n\u00eb mbrojtjen e mureve t\u00eb jashtme.<\/p>\n<p>P\u00ebr m\u00eb shume bojra <a href=\"https:\/\/deutschcolor.com\/al\/product-category\/bojra\/\">kliko ketu<\/a>.<\/p>\n","protected":false},"excerpt":{"rendered":"<p><a href=\"https:\/\/deutschcolor.com\/al\/product-category\/bojra\/\">Boj\u00eb<\/a> e nj\u00eb cil\u00ebsie t\u00eb lart\u00eb, me rezistenc\u00eb t\u00eb lart\u00eb ndaj kushteve t\u00eb ndryshme atmosferike, me baz\u00eb emulsioni akrilik-silikonik.<\/p>\n","protected":false},"featured_media":24440,"comment_status":"closed","ping_status":"closed","template":"","meta":{"_glsr_average":0,"_glsr_ranking":0,"_glsr_reviews":0},"class_list":["post-23868","product","type-product","status-publish","has-post-thumbnail","hentry","product_cat-bojra","product_cat-bojera-per-ambiente-te-jashtme"],"yoast_head":"<!-- This site is optimized with the Yoast SEO plugin v15.0 - https:\/\/yoast.com\/wordpress\/plugins\/seo\/ -->\n<title>Boj\u00eb P\u00ebrdoret P\u00ebr Fasada me Grafiato - Alpen Silicon S47 - Deutschcolor<\/title>\n<meta name=\"description\" content=\"P\u00ebrdorimi i boj\u00ebs me baz\u00eb \u00e7imento p\u00ebr mure t\u00eb jasht\u00ebm t\u00eb rinj dhe t\u00eb vjet\u00ebr, p\u00ebrfshir\u00eb fasada me grafiato, fino, stuko dhe m\u00eb shum\u00eb.\" \/>\n<meta name=\"robots\" content=\"index, follow, max-snippet:-1, max-image-preview:large, max-video-preview:-1\" \/>\n<link rel=\"canonical\" href=\"https:\/\/deutschcolor.com\/al\/product\/alpen-silicon-s47\/\" \/>\n<meta property=\"og:locale\" content=\"en_US\" \/>\n<meta property=\"og:type\" content=\"article\" \/>\n<meta property=\"og:title\" content=\"Boj\u00eb P\u00ebrdoret P\u00ebr Fasada me Grafiato - Alpen Silicon S47 - Deutschcolor\" \/>\n<meta property=\"og:description\" content=\"P\u00ebrdorimi i boj\u00ebs me baz\u00eb \u00e7imento p\u00ebr mure t\u00eb jasht\u00ebm t\u00eb rinj dhe t\u00eb vjet\u00ebr, p\u00ebrfshir\u00eb fasada me grafiato, fino, stuko dhe m\u00eb shum\u00eb.\" \/>\n<meta property=\"og:url\" content=\"https:\/\/deutschcolor.com\/al\/product\/alpen-silicon-s47\/\" \/>\n<meta property=\"og:site_name\" content=\"Deutschcolor\" \/>\n<meta property=\"article:publisher\" content=\"https:\/\/www.facebook.com\/deutschcolorofficial\" \/>\n<meta property=\"article:modified_time\" content=\"2025-07-17T06:45:19+00:00\" \/>\n<meta property=\"og:image\" content=\"https:\/\/deutschcolor.com\/al\/wp-content\/uploads\/2019\/04\/Alpen-Silicon-S47-min.png\" \/>\n\t<meta property=\"og:image:width\" content=\"1000\" \/>\n\t<meta property=\"og:image:height\" content=\"1000\" \/>\n<meta name=\"twitter:card\" content=\"summary_large_image\" \/>\n<script type=\"application\/ld+json\" class=\"yoast-schema-graph\">{\"@context\":\"https:\/\/schema.org\",\"@graph\":[{\"@type\":\"WebSite\",\"@id\":\"https:\/\/deutschcolor.com\/al\/#website\",\"url\":\"https:\/\/deutschcolor.com\/al\/\",\"name\":\"Deutschcolor\",\"description\":\"Deutschcolor Albania\",\"potentialAction\":[{\"@type\":\"SearchAction\",\"target\":\"https:\/\/deutschcolor.com\/al\/?s={search_term_string}\",\"query-input\":\"required name=search_term_string\"}],\"inLanguage\":\"en-US\"},{\"@type\":\"ImageObject\",\"@id\":\"https:\/\/deutschcolor.com\/al\/product\/alpen-silicon-s47\/#primaryimage\",\"inLanguage\":\"en-US\",\"url\":\"https:\/\/deutschcolor.com\/al\/wp-content\/uploads\/2019\/04\/Alpen-Silicon-S47-min.png\",\"width\":1000,\"height\":1000,\"caption\":\"Boj\\u00eb e nj\\u00eb cil\\u00ebsie t\\u00eb lart\\u00eb, p\\u00ebrdoret gjithashtu p\\u00ebr fasada me grafiato vetem ne Deutsch Color\"},{\"@type\":\"WebPage\",\"@id\":\"https:\/\/deutschcolor.com\/al\/product\/alpen-silicon-s47\/#webpage\",\"url\":\"https:\/\/deutschcolor.com\/al\/product\/alpen-silicon-s47\/\",\"name\":\"Boj\\u00eb P\\u00ebrdoret P\\u00ebr Fasada me Grafiato - Alpen Silicon S47 - Deutschcolor\",\"isPartOf\":{\"@id\":\"https:\/\/deutschcolor.com\/al\/#website\"},\"primaryImageOfPage\":{\"@id\":\"https:\/\/deutschcolor.com\/al\/product\/alpen-silicon-s47\/#primaryimage\"},\"datePublished\":\"2019-04-20T20:57:55+00:00\",\"dateModified\":\"2025-07-17T06:45:19+00:00\",\"description\":\"P\\u00ebrdorimi i boj\\u00ebs me baz\\u00eb \\u00e7imento p\\u00ebr mure t\\u00eb jasht\\u00ebm t\\u00eb rinj dhe t\\u00eb vjet\\u00ebr, p\\u00ebrfshir\\u00eb fasada me grafiato, fino, stuko dhe m\\u00eb shum\\u00eb.\",\"breadcrumb\":{\"@id\":\"https:\/\/deutschcolor.com\/al\/product\/alpen-silicon-s47\/#breadcrumb\"},\"inLanguage\":\"en-US\",\"potentialAction\":[{\"@type\":\"ReadAction\",\"target\":[\"https:\/\/deutschcolor.com\/al\/product\/alpen-silicon-s47\/\"]}]},{\"@type\":\"BreadcrumbList\",\"@id\":\"https:\/\/deutschcolor.com\/al\/product\/alpen-silicon-s47\/#breadcrumb\",\"itemListElement\":[{\"@type\":\"ListItem\",\"position\":1,\"item\":{\"@type\":\"WebPage\",\"@id\":\"https:\/\/deutschcolor.com\/al\/\",\"url\":\"https:\/\/deutschcolor.com\/al\/\",\"name\":\"Home\"}},{\"@type\":\"ListItem\",\"position\":2,\"item\":{\"@type\":\"WebPage\",\"@id\":\"https:\/\/deutschcolor.com\/al\/shop\/\",\"url\":\"https:\/\/deutschcolor.com\/al\/shop\/\",\"name\":\"SHOP\"}},{\"@type\":\"ListItem\",\"position\":3,\"item\":{\"@type\":\"WebPage\",\"@id\":\"https:\/\/deutschcolor.com\/al\/product-category\/bojra\/\",\"url\":\"https:\/\/deutschcolor.com\/al\/product-category\/bojra\/\",\"name\":\"Bojra\"}},{\"@type\":\"ListItem\",\"position\":4,\"item\":{\"@type\":\"WebPage\",\"@id\":\"https:\/\/deutschcolor.com\/al\/product-category\/bojra\/bojera-per-ambiente-te-jashtme\/\",\"url\":\"https:\/\/deutschcolor.com\/al\/product-category\/bojra\/bojera-per-ambiente-te-jashtme\/\",\"name\":\"8.2. Boj\\u00ebra p\\u00ebr ambiente t\\u00eb jashtme\"}},{\"@type\":\"ListItem\",\"position\":5,\"item\":{\"@type\":\"WebPage\",\"@id\":\"https:\/\/deutschcolor.com\/al\/product\/alpen-silicon-s47\/\",\"url\":\"https:\/\/deutschcolor.com\/al\/product\/alpen-silicon-s47\/\",\"name\":\"Alpen Silicon S47\"}}]}]}<\/script>\n<!-- \/ Yoast SEO plugin. -->","_links":{"self":[{"href":"https:\/\/deutschcolor.com\/al\/wp-json\/wp\/v2\/product\/23868","targetHints":{"allow":["GET"]}}],"collection":[{"href":"https:\/\/deutschcolor.com\/al\/wp-json\/wp\/v2\/product"}],"about":[{"href":"https:\/\/deutschcolor.com\/al\/wp-json\/wp\/v2\/types\/product"}],"replies":[{"embeddable":true,"href":"https:\/\/deutschcolor.com\/al\/wp-json\/wp\/v2\/comments?post=23868"}],"wp:featuredmedia":[{"embeddable":true,"href":"https:\/\/deutschcolor.com\/al\/wp-json\/wp\/v2\/media\/24440"}],"wp:attachment":[{"href":"https:\/\/deutschcolor.com\/al\/wp-json\/wp\/v2\/media?parent=23868"}],"curies":[{"name":"wp","href":"https:\/\/api.w.org\/{rel}","templated":true}]}}