{"id":23876,"date":"2019-04-20T21:02:35","date_gmt":"2019-04-20T21:02:35","guid":{"rendered":"https:\/\/deutschcolor.com\/al\/?post_type=product&#038;p=23876"},"modified":"2025-02-21T08:10:46","modified_gmt":"2025-02-21T08:10:46","slug":"sauber-lack","status":"publish","type":"product","link":"https:\/\/deutschcolor.com\/al\/product\/sauber-lack\/","title":{"rendered":"Sauber Lack"},"content":{"rendered":"<p><strong>Karakteristikat e produktit<\/strong><br \/>\n\u2022 Elastromerik<br \/>\n\u2022 Aft\u00ebsi mbrojt\u00ebse ndaj motit<br \/>\n\u2022 Heqja e grafitit vet\u00ebm me uj\u00eb<br \/>\n\u2022 Jet\u00ebgjat\u00ebsia e sh\u00ebrbimit 10-15 vjet<br \/>\n\u2022 Aft\u00ebsi t\u00eb mira niveluese dhe mbuluese<br \/>\n\u2022 Nuk p\u00ebrmban substanca t\u00eb rrezikshme<\/p>\n<p><strong>Rekomandimet p\u00ebr p\u00ebrdorim<\/strong><\/p>\n<p>###<\/p>\n<p><strong>Ruajtja<\/strong><br \/>\n36 muaj n\u00ebse ruhet n\u00eb nj\u00eb vend t\u00eb that\u00eb, larg burimeve t\u00eb nxeht\u00ebsis\u00eb, n\u00eb nj\u00eb temperatur\u00eb midis +5\u00b0C dhe +30\u00b0C. Mbrojeni nga ngrica.<\/p>\n<p><strong>Sh\u00ebnime<\/strong><br \/>\n\u2022 N\u00eb sip\u00ebrfaqet e reja t\u00eb betonit, rekomandohet t\u00eb p\u00ebrdoret produkti s\u00eb paku pasi kan\u00eb kaluar rreth 30-40 dit\u00eb.<\/p>\n","protected":false},"excerpt":{"rendered":"<p>Boj\u00eb me baz\u00eb siloksani nj\u00eb komponent\u00ebshe, e projektuar p\u00ebr p\u00ebrdorim mbi betonin e varf\u00ebr ose sip\u00ebrfaqet e betonit dhe \u00e7elikut t\u00eb lyera m\u00eb par\u00eb<\/p>\n","protected":false},"featured_media":24442,"comment_status":"closed","ping_status":"closed","template":"","meta":{"_glsr_average":0,"_glsr_ranking":0,"_glsr_reviews":0},"class_list":["post-23876","product","type-product","status-publish","has-post-thumbnail","hentry","product_cat-bojra","product_cat-bojera-per-ambiente-te-jashtme"],"yoast_head":"<!-- This site is optimized with the Yoast SEO plugin v15.0 - https:\/\/yoast.com\/wordpress\/plugins\/seo\/ -->\n<title>Sauber Lack - Boje tjengullash - Deutsch Color - Boj\u00eb e nj\u00eb cil\u00ebsie t\u00eb lart\u00eb<\/title>\n<meta name=\"description\" content=\"Boje tjengullash, N\u00eb sip\u00ebrfaqet e reja t\u00eb betonit, rekomandohet t\u00eb p\u00ebrdoret produkti s\u00eb paku pasi kan\u00eb kaluar rreth 30-40 dit\u00eb.\" \/>\n<meta name=\"robots\" content=\"index, follow, max-snippet:-1, max-image-preview:large, max-video-preview:-1\" \/>\n<link rel=\"canonical\" href=\"https:\/\/deutschcolor.com\/al\/product\/sauber-lack\/\" \/>\n<meta property=\"og:locale\" content=\"en_US\" \/>\n<meta property=\"og:type\" content=\"article\" \/>\n<meta property=\"og:title\" content=\"Sauber Lack - Boje tjengullash - Deutsch Color - Boj\u00eb e nj\u00eb cil\u00ebsie t\u00eb lart\u00eb\" \/>\n<meta property=\"og:description\" content=\"Boje tjengullash, N\u00eb sip\u00ebrfaqet e reja t\u00eb betonit, rekomandohet t\u00eb p\u00ebrdoret produkti s\u00eb paku pasi kan\u00eb kaluar rreth 30-40 dit\u00eb.\" \/>\n<meta property=\"og:url\" content=\"https:\/\/deutschcolor.com\/al\/product\/sauber-lack\/\" \/>\n<meta property=\"og:site_name\" content=\"Deutschcolor\" \/>\n<meta property=\"article:publisher\" content=\"https:\/\/www.facebook.com\/deutschcolorofficial\" \/>\n<meta property=\"article:modified_time\" content=\"2025-02-21T08:10:46+00:00\" \/>\n<meta property=\"og:image\" content=\"https:\/\/deutschcolor.com\/al\/wp-content\/uploads\/2019\/04\/Sauber-Lack-min.png\" \/>\n\t<meta property=\"og:image:width\" content=\"1000\" \/>\n\t<meta property=\"og:image:height\" content=\"1000\" \/>\n<meta name=\"twitter:card\" content=\"summary_large_image\" \/>\n<script type=\"application\/ld+json\" class=\"yoast-schema-graph\">{\"@context\":\"https:\/\/schema.org\",\"@graph\":[{\"@type\":\"WebSite\",\"@id\":\"https:\/\/deutschcolor.com\/al\/#website\",\"url\":\"https:\/\/deutschcolor.com\/al\/\",\"name\":\"Deutschcolor\",\"description\":\"Deutschcolor Albania\",\"potentialAction\":[{\"@type\":\"SearchAction\",\"target\":\"https:\/\/deutschcolor.com\/al\/?s={search_term_string}\",\"query-input\":\"required name=search_term_string\"}],\"inLanguage\":\"en-US\"},{\"@type\":\"ImageObject\",\"@id\":\"https:\/\/deutschcolor.com\/al\/product\/sauber-lack\/#primaryimage\",\"inLanguage\":\"en-US\",\"url\":\"https:\/\/deutschcolor.com\/al\/wp-content\/uploads\/2019\/04\/Sauber-Lack-min.png\",\"width\":1000,\"height\":1000},{\"@type\":\"WebPage\",\"@id\":\"https:\/\/deutschcolor.com\/al\/product\/sauber-lack\/#webpage\",\"url\":\"https:\/\/deutschcolor.com\/al\/product\/sauber-lack\/\",\"name\":\"Sauber Lack - Boje tjengullash - Deutsch Color - Boj\\u00eb e nj\\u00eb cil\\u00ebsie t\\u00eb lart\\u00eb\",\"isPartOf\":{\"@id\":\"https:\/\/deutschcolor.com\/al\/#website\"},\"primaryImageOfPage\":{\"@id\":\"https:\/\/deutschcolor.com\/al\/product\/sauber-lack\/#primaryimage\"},\"datePublished\":\"2019-04-20T21:02:35+00:00\",\"dateModified\":\"2025-02-21T08:10:46+00:00\",\"description\":\"Boje tjengullash, N\\u00eb sip\\u00ebrfaqet e reja t\\u00eb betonit, rekomandohet t\\u00eb p\\u00ebrdoret produkti s\\u00eb paku pasi kan\\u00eb kaluar rreth 30-40 dit\\u00eb.\",\"breadcrumb\":{\"@id\":\"https:\/\/deutschcolor.com\/al\/product\/sauber-lack\/#breadcrumb\"},\"inLanguage\":\"en-US\",\"potentialAction\":[{\"@type\":\"ReadAction\",\"target\":[\"https:\/\/deutschcolor.com\/al\/product\/sauber-lack\/\"]}]},{\"@type\":\"BreadcrumbList\",\"@id\":\"https:\/\/deutschcolor.com\/al\/product\/sauber-lack\/#breadcrumb\",\"itemListElement\":[{\"@type\":\"ListItem\",\"position\":1,\"item\":{\"@type\":\"WebPage\",\"@id\":\"https:\/\/deutschcolor.com\/al\/\",\"url\":\"https:\/\/deutschcolor.com\/al\/\",\"name\":\"Home\"}},{\"@type\":\"ListItem\",\"position\":2,\"item\":{\"@type\":\"WebPage\",\"@id\":\"https:\/\/deutschcolor.com\/al\/shop\/\",\"url\":\"https:\/\/deutschcolor.com\/al\/shop\/\",\"name\":\"SHOP\"}},{\"@type\":\"ListItem\",\"position\":3,\"item\":{\"@type\":\"WebPage\",\"@id\":\"https:\/\/deutschcolor.com\/al\/product-category\/bojra\/\",\"url\":\"https:\/\/deutschcolor.com\/al\/product-category\/bojra\/\",\"name\":\"Bojra\"}},{\"@type\":\"ListItem\",\"position\":4,\"item\":{\"@type\":\"WebPage\",\"@id\":\"https:\/\/deutschcolor.com\/al\/product-category\/bojra\/bojera-per-ambiente-te-jashtme\/\",\"url\":\"https:\/\/deutschcolor.com\/al\/product-category\/bojra\/bojera-per-ambiente-te-jashtme\/\",\"name\":\"8.2. Boj\\u00ebra p\\u00ebr ambiente t\\u00eb jashtme\"}},{\"@type\":\"ListItem\",\"position\":5,\"item\":{\"@type\":\"WebPage\",\"@id\":\"https:\/\/deutschcolor.com\/al\/product\/sauber-lack\/\",\"url\":\"https:\/\/deutschcolor.com\/al\/product\/sauber-lack\/\",\"name\":\"Sauber Lack\"}}]}]}<\/script>\n<!-- \/ Yoast SEO plugin. -->","_links":{"self":[{"href":"https:\/\/deutschcolor.com\/al\/wp-json\/wp\/v2\/product\/23876","targetHints":{"allow":["GET"]}}],"collection":[{"href":"https:\/\/deutschcolor.com\/al\/wp-json\/wp\/v2\/product"}],"about":[{"href":"https:\/\/deutschcolor.com\/al\/wp-json\/wp\/v2\/types\/product"}],"replies":[{"embeddable":true,"href":"https:\/\/deutschcolor.com\/al\/wp-json\/wp\/v2\/comments?post=23876"}],"wp:featuredmedia":[{"embeddable":true,"href":"https:\/\/deutschcolor.com\/al\/wp-json\/wp\/v2\/media\/24442"}],"wp:attachment":[{"href":"https:\/\/deutschcolor.com\/al\/wp-json\/wp\/v2\/media?parent=23876"}],"curies":[{"name":"wp","href":"https:\/\/api.w.org\/{rel}","templated":true}]}}