{"id":23883,"date":"2019-04-20T21:07:02","date_gmt":"2019-04-20T21:07:02","guid":{"rendered":"https:\/\/deutschcolor.com\/al\/?post_type=product&#038;p=23883"},"modified":"2025-02-19T11:24:05","modified_gmt":"2025-02-19T11:24:05","slug":"epo-glaze","status":"publish","type":"product","link":"https:\/\/deutschcolor.com\/al\/product\/epo-glaze\/","title":{"rendered":"Epo Glaze"},"content":{"rendered":"<p><strong>Karakteristikat e produktit<\/strong><br \/>\n\u2022 Shk\u00eblqim i lart\u00eb<br \/>\n\u2022 Ngjitje e shk\u00eblqyer<br \/>\n\u2022 Transparenc\u00eb e lart\u00eb<br \/>\n\u2022 Rezistenc\u00eb e lart\u00eb kimike<br \/>\n\u2022 Rezistenc\u00eb e lart\u00eb ndaj g\u00ebrryerjes<\/p>\n<p><strong>Rekomandimet p\u00ebr p\u00ebrdorim<\/strong><br \/>\nP\u00ebrdoret n\u00eb t\u00eb gjitha dyshemet\u00eb e brendshme dhe t\u00eb jashtme, ku duam t\u00eb krijojm\u00eb ambiente me efekte dekorative, p\u00ebr nivelimin e t\u00eb gjith\u00eb dyshemeve t\u00eb brendshme dhe t\u00eb jashtme, pas vendosjes s\u00eb imazhit me efekt 3D, p\u00ebr lyerjen dhe mbrojtjen e sip\u00ebrfaqeve t\u00eb b\u00ebra me sistem mikro\u00e7iment ose betoni dekorativ duke i dh\u00ebn\u00eb mbrojtje nga agjent\u00ebt atmosferik\u00eb.<\/p>\n<p>###<\/p>\n<p><strong>Ruajtja<\/strong><br \/>\n36 muaj n\u00ebse ruhet n\u00eb nj\u00eb vend t\u00eb that\u00eb, larg burimeve t\u00eb nxeht\u00ebsis\u00eb, n\u00eb nj\u00eb temperatur\u00eb midis +5\u00b0C dhe +30\u00b0C. Mbrojeni nga ngrica.<\/p>\n<p><strong>Sh\u00ebnime<\/strong><br \/>\n\u2022 Aplikojeni kur temperatura e shtres\u00ebs \u00ebsht\u00eb t\u00eb pakt\u00ebn 5\u00b0C.<br \/>\n\u2022 Mos e aplikoni n\u00ebse shtresa \u00ebsht\u00eb e lagur ose ka gjasa t\u00eb laget.<br \/>\n\u2022 Mos e aplikoni n\u00eb qoft\u00eb se moti \u00ebsht\u00eb duke u p\u00ebrkeq\u00ebsuar qart\u00eb ose \u00ebsht\u00eb i pafavorsh\u00ebm p\u00ebr aplikim.<br \/>\n\u2022 Mos e aplikoni n\u00eb kushte t\u00eb er\u00ebs s\u00eb lart\u00eb.<\/p>\n","protected":false},"excerpt":{"rendered":"<p>Llak transparent dy komponent\u00ebsh me baz\u00eb epokside p\u00ebr krijimin e dyshemeve dekorative dhe me efekt 3D<\/p>\n","protected":false},"featured_media":24543,"comment_status":"closed","ping_status":"closed","template":"","meta":{"_glsr_average":0,"_glsr_ranking":0,"_glsr_reviews":0},"class_list":["post-23883","product","type-product","status-publish","has-post-thumbnail","hentry","product_cat-dysheme-dokorative-sportive-dhe-industriale","product_cat-boje-me-baze-epokside-per-dysheme"],"yoast_head":"<!-- This site is optimized with the Yoast SEO plugin v15.0 - https:\/\/yoast.com\/wordpress\/plugins\/seo\/ -->\n<title>Epo Glaze - komponent\u00eb p\u00ebr pishina - Deutsch Color- Ngjitje e shk\u00eblqyer<\/title>\n<meta name=\"description\" content=\"Komponent\u00eb p\u00ebr pishina. Boj\u00eb baz\u00eb epokside me dy komponent\u00eb p\u00ebr pishina. Ngjitje e shk\u00eblqyer,rezistenc\u00eb e lart\u00eb ndaj g\u00ebrryerjes (konsumimit).\" \/>\n<meta name=\"robots\" content=\"index, follow, max-snippet:-1, max-image-preview:large, max-video-preview:-1\" \/>\n<link rel=\"canonical\" href=\"https:\/\/deutschcolor.com\/al\/product\/epo-glaze\/\" \/>\n<meta property=\"og:locale\" content=\"en_US\" \/>\n<meta property=\"og:type\" content=\"article\" \/>\n<meta property=\"og:title\" content=\"Epo Glaze - komponent\u00eb p\u00ebr pishina - Deutsch Color- Ngjitje e shk\u00eblqyer\" \/>\n<meta property=\"og:description\" content=\"Komponent\u00eb p\u00ebr pishina. Boj\u00eb baz\u00eb epokside me dy komponent\u00eb p\u00ebr pishina. Ngjitje e shk\u00eblqyer,rezistenc\u00eb e lart\u00eb ndaj g\u00ebrryerjes (konsumimit).\" \/>\n<meta property=\"og:url\" content=\"https:\/\/deutschcolor.com\/al\/product\/epo-glaze\/\" \/>\n<meta property=\"og:site_name\" content=\"Deutschcolor\" \/>\n<meta property=\"article:publisher\" content=\"https:\/\/www.facebook.com\/deutschcolorofficial\" \/>\n<meta property=\"article:modified_time\" content=\"2025-02-19T11:24:05+00:00\" \/>\n<meta property=\"og:image\" content=\"https:\/\/deutschcolor.com\/al\/wp-content\/uploads\/2019\/04\/epo-Glaze-min.png\" \/>\n\t<meta property=\"og:image:width\" content=\"1000\" \/>\n\t<meta property=\"og:image:height\" content=\"1000\" \/>\n<meta name=\"twitter:card\" content=\"summary_large_image\" \/>\n<script type=\"application\/ld+json\" class=\"yoast-schema-graph\">{\"@context\":\"https:\/\/schema.org\",\"@graph\":[{\"@type\":\"WebSite\",\"@id\":\"https:\/\/deutschcolor.com\/al\/#website\",\"url\":\"https:\/\/deutschcolor.com\/al\/\",\"name\":\"Deutschcolor\",\"description\":\"Deutschcolor Albania\",\"potentialAction\":[{\"@type\":\"SearchAction\",\"target\":\"https:\/\/deutschcolor.com\/al\/?s={search_term_string}\",\"query-input\":\"required name=search_term_string\"}],\"inLanguage\":\"en-US\"},{\"@type\":\"ImageObject\",\"@id\":\"https:\/\/deutschcolor.com\/al\/product\/epo-glaze\/#primaryimage\",\"inLanguage\":\"en-US\",\"url\":\"https:\/\/deutschcolor.com\/al\/wp-content\/uploads\/2019\/04\/epo-Glaze-min.png\",\"width\":1000,\"height\":1000},{\"@type\":\"WebPage\",\"@id\":\"https:\/\/deutschcolor.com\/al\/product\/epo-glaze\/#webpage\",\"url\":\"https:\/\/deutschcolor.com\/al\/product\/epo-glaze\/\",\"name\":\"Epo Glaze - komponent\\u00eb p\\u00ebr pishina - Deutsch Color- Ngjitje e shk\\u00eblqyer\",\"isPartOf\":{\"@id\":\"https:\/\/deutschcolor.com\/al\/#website\"},\"primaryImageOfPage\":{\"@id\":\"https:\/\/deutschcolor.com\/al\/product\/epo-glaze\/#primaryimage\"},\"datePublished\":\"2019-04-20T21:07:02+00:00\",\"dateModified\":\"2025-02-19T11:24:05+00:00\",\"description\":\"Komponent\\u00eb p\\u00ebr pishina. Boj\\u00eb baz\\u00eb epokside me dy komponent\\u00eb p\\u00ebr pishina. Ngjitje e shk\\u00eblqyer,rezistenc\\u00eb e lart\\u00eb ndaj g\\u00ebrryerjes (konsumimit).\",\"breadcrumb\":{\"@id\":\"https:\/\/deutschcolor.com\/al\/product\/epo-glaze\/#breadcrumb\"},\"inLanguage\":\"en-US\",\"potentialAction\":[{\"@type\":\"ReadAction\",\"target\":[\"https:\/\/deutschcolor.com\/al\/product\/epo-glaze\/\"]}]},{\"@type\":\"BreadcrumbList\",\"@id\":\"https:\/\/deutschcolor.com\/al\/product\/epo-glaze\/#breadcrumb\",\"itemListElement\":[{\"@type\":\"ListItem\",\"position\":1,\"item\":{\"@type\":\"WebPage\",\"@id\":\"https:\/\/deutschcolor.com\/al\/\",\"url\":\"https:\/\/deutschcolor.com\/al\/\",\"name\":\"Home\"}},{\"@type\":\"ListItem\",\"position\":2,\"item\":{\"@type\":\"WebPage\",\"@id\":\"https:\/\/deutschcolor.com\/al\/shop\/\",\"url\":\"https:\/\/deutschcolor.com\/al\/shop\/\",\"name\":\"SHOP\"}},{\"@type\":\"ListItem\",\"position\":3,\"item\":{\"@type\":\"WebPage\",\"@id\":\"https:\/\/deutschcolor.com\/al\/product-category\/dysheme-dokorative-sportive-dhe-industriale\/\",\"url\":\"https:\/\/deutschcolor.com\/al\/product-category\/dysheme-dokorative-sportive-dhe-industriale\/\",\"name\":\"Dysheme dekorative, sportive dhe industriale\"}},{\"@type\":\"ListItem\",\"position\":4,\"item\":{\"@type\":\"WebPage\",\"@id\":\"https:\/\/deutschcolor.com\/al\/product-category\/dysheme-dokorative-sportive-dhe-industriale\/boje-me-baze-epokside-per-dysheme\/\",\"url\":\"https:\/\/deutschcolor.com\/al\/product-category\/dysheme-dokorative-sportive-dhe-industriale\/boje-me-baze-epokside-per-dysheme\/\",\"name\":\"4.3. Boj\\u00eb me baz\\u00eb epokside p\\u00ebr dysheme\"}},{\"@type\":\"ListItem\",\"position\":5,\"item\":{\"@type\":\"WebPage\",\"@id\":\"https:\/\/deutschcolor.com\/al\/product\/epo-glaze\/\",\"url\":\"https:\/\/deutschcolor.com\/al\/product\/epo-glaze\/\",\"name\":\"Epo Glaze\"}}]}]}<\/script>\n<!-- \/ Yoast SEO plugin. -->","_links":{"self":[{"href":"https:\/\/deutschcolor.com\/al\/wp-json\/wp\/v2\/product\/23883","targetHints":{"allow":["GET"]}}],"collection":[{"href":"https:\/\/deutschcolor.com\/al\/wp-json\/wp\/v2\/product"}],"about":[{"href":"https:\/\/deutschcolor.com\/al\/wp-json\/wp\/v2\/types\/product"}],"replies":[{"embeddable":true,"href":"https:\/\/deutschcolor.com\/al\/wp-json\/wp\/v2\/comments?post=23883"}],"wp:featuredmedia":[{"embeddable":true,"href":"https:\/\/deutschcolor.com\/al\/wp-json\/wp\/v2\/media\/24543"}],"wp:attachment":[{"href":"https:\/\/deutschcolor.com\/al\/wp-json\/wp\/v2\/media?parent=23883"}],"curies":[{"name":"wp","href":"https:\/\/api.w.org\/{rel}","templated":true}]}}