{"id":23886,"date":"2019-04-20T21:10:59","date_gmt":"2019-04-20T21:10:59","guid":{"rendered":"https:\/\/deutschcolor.com\/al\/?post_type=product&#038;p=23886"},"modified":"2025-04-09T14:27:47","modified_gmt":"2025-04-09T14:27:47","slug":"boden-farbe-boje-epokside","status":"publish","type":"product","link":"https:\/\/deutschcolor.com\/al\/product\/boden-farbe-boje-epokside\/","title":{"rendered":"Boden Farbe"},"content":{"rendered":"<p><strong>Karakteristikat e produktit<\/strong><br \/>\n1 Shk\u00eblqim i lart\u00eb<br \/>\n2 Ngjitje e shk\u00eblqyer<br \/>\n3 Q\u00ebndrueshm\u00ebri ndaj klorimit<br \/>\n4 Rezistenc\u00eb e lart\u00eb ndaj g\u00ebrryerjes dhe ujit t\u00eb kripur<\/p>\n<p><strong>Rekomandimet p\u00ebr p\u00ebrdorim<\/strong><br \/>\nP\u00ebrdoret n\u00eb t\u00eb gjitha dyshemet\u00eb e brendshme dhe t\u00eb jashtme, ku duam t\u00eb krijojm\u00eb ambiente me rezistenc\u00eb t\u00eb lart\u00eb kimike dhe mekanike, p\u00ebr nivelimin e t\u00eb gjith\u00eb dyshemeve t\u00eb brendshme dhe jashtme, pas vendosjes s\u00eb shtres\u00ebs s\u00eb betonit. <a href=\"https:\/\/deutschcolor.com\/al\/product-category\/bojra\/\">Bojra<\/a> epokside p\u00ebrdoret p\u00ebr lyerjen dhe mbrojtjen e sip\u00ebrfaqeve t\u00eb betonit ku kemi aktivitet t\u00eb lart\u00eb mekanik si edhe agresion kimik, t\u00eb tilla si oficina, spitale, ambiente industriale, pompa karburanti, depo farmaceutike, etj.<\/p>\n<p>###<\/p>\n<p><strong>Ruajtja<\/strong><br \/>\n36 muaj n\u00ebse ruhet n\u00eb nj\u00eb vend t\u00eb that\u00eb, larg burimeve t\u00eb nxeht\u00ebsis\u00eb, n\u00eb nj\u00eb temperatur\u00eb midis +5\u00b0C dhe +30\u00b0C. Mbrojeni nga ngrica.<\/p>\n<p><strong>Sh\u00ebnime<\/strong><br \/>\n\u2022 N\u00eb sip\u00ebrfaqet e fresk\u00ebta t\u00eb betonit produkti rekomandohet t\u00eb aplikohet t\u00eb pakt\u00ebn pas 30-40 dit\u00ebsh.<br \/>\n\u2022 Rekomandohet t\u00eb shmangni aplikimin e produktit n\u00eb temperatura n\u00ebn 5\u00baC.<\/p>\n<div style=\"display: none;\">\n<h5>Boje epokside<\/h5>\n<p>However Ne kemi nj\u00eb vizion t\u00eb fuqish\u00ebm. Similarly, Prodhim, Zhvillim dhe Shp\u00ebrndarje. Ne synojm\u00eb t\u00eb p\u00ebrmbushim t\u00eb gjitha nevojat e klient\u00ebve n\u00eb fush\u00ebn e bojrave me t\u00eb gjitha nuancat e larmit\u00eb e tyre estetike dhe teknologjike. However Do t\u00eb vazhdojm\u00eb t\u00eb hulumtojm\u00eb mbi metoda t\u00eb reja dhe efektive p\u00ebr t\u00eb arritur objektivin ton\u00eb n\u00eb rrug\u00ebn e suksesit.<br \/>\n<b>Above all<\/b>, Derim\u00ebtani, kemi arritur nj\u00eb status shum\u00ebkomb\u00ebsh t\u00eb mark\u00ebs son\u00eb. Similarly, Vizioni yn\u00eb afatgjat\u00eb \u00ebsht\u00eb q\u00eb t\u00eb jemi t\u00eb pranish\u00ebm n\u00eb \u00e7do ambient tuajin n\u00ebp\u00ebrmjet konceptit t\u00eb boj\u00ebrave.<\/p>\n<h5><a href=\"https:\/\/deutschcolor.com\/al\/product-category\/bojra\/\">Bojra<\/a><\/h5>\n<p>Above all, si pjes\u00eb e objektivave tan\u00eb strategjik\u00eb, ne fokusohemi n\u00eb ofrimin e nj\u00eb produkti t\u00eb q\u00ebndruesh\u00ebm, afatgjat\u00eb. N\u00eb treg me \u00e7mim t\u00eb arsyesh\u00ebm dhe t\u00eb p\u00ebrballuesh\u00ebm nga t\u00eb gjitha shtresat ekonomike. Above all, Boje epokside.<\/p>\n<p>Above all, Strategjit\u00eb tona t\u00eb p\u00ebrgjithshme synojn\u00eb zgjerimin mbi asete t\u00eb reja. However Duke hapur nj\u00eb num\u00ebr t\u00eb madh filialesh n\u00eb nivel global.However gjithashtu duke zhvilluar produkte t\u00eb reja p\u00ebr t\u00eb sjell\u00eb n\u00eb treg dhe p\u00ebr t\u00eb arritur q\u00ebllimin e p\u00ebrmbushjes s\u00eb k\u00ebrkesave t\u00eb klient\u00ebve brenda industris\u00eb s\u00eb bojrave.<\/p>\n<p><em>As a result, <\/em>Duke zgjeruar bizneset tona n\u00eb nivel komb\u00ebtar, ne po krijojm\u00eb mund\u00ebsi t\u00eb pafundme q\u00eb individ\u00eb t\u00eb ndrysh\u00ebm t\u00eb bashkohen me ne n\u00eb k\u00ebt\u00eb rrug\u00ebtim suksesi dhe t\u00eb jen\u00eb pjes\u00eb e nj\u00eb perandorie t\u00eb ardhshme. Pjestar\u00ebt e ekipit ton\u00eb k\u00ebrkimor profesional marrin parasysh t\u00eb gjitha reagimet e klient\u00ebve tan\u00eb me synim ofrimin e nj\u00eb produkti t\u00eb shk\u00eblqyer p\u00ebr tregun ton\u00eb. Boje epokside.<\/p>\n<p>However, Nj\u00eb faktor tjet\u00ebr ky\u00e7 ku ne fokusohemi \u00ebsht\u00eb marketimi i mark\u00ebs son\u00eb. Similarly, Ne e njohim r\u00ebnd\u00ebsin\u00eb e informimit t\u00eb t\u00eb gjith\u00eb klient\u00ebve rreth ofertave tona.However gjithashtu programit t\u00eb besnik\u00ebris\u00eb s\u00eb klient\u00ebve, ndaj ne ruajm\u00eb nj\u00eb standard t\u00eb lart\u00eb <a href=\"http:\/\/deltahome.al\/en\/\">marketingu dhe reklamimi.<\/a><\/p>\n<\/div>\n","protected":false},"excerpt":{"rendered":"<p>Boj\u00eb dy komponent\u00ebshe me baz\u00eb epokside p\u00ebr krijimin e dyshemeve industriale me rezistenc\u00eb kimike dhe mekanike t\u00eb lart\u00eb<\/p>\n","protected":false},"featured_media":24446,"comment_status":"closed","ping_status":"closed","template":"","meta":{"_glsr_average":0,"_glsr_ranking":0,"_glsr_reviews":0},"class_list":["post-23886","product","type-product","status-publish","has-post-thumbnail","hentry","product_cat-dysheme-dokorative-sportive-dhe-industriale","product_cat-boje-me-baze-epokside-per-dysheme"],"yoast_head":"<!-- This site is optimized with the Yoast SEO plugin v15.0 - https:\/\/yoast.com\/wordpress\/plugins\/seo\/ -->\n<title>Boje Epokside Boden Farbe - Deutsch Color - Zgjedhja juaj profesionale<\/title>\n<meta name=\"description\" content=\"Boje epokside, Boj\u00eb dy komponent\u00ebshe me baz\u00eb epokside p\u00ebr krijimin e dyshemeve industriale me rezistenc\u00eb kimike dhe mekanike t\u00eb lart\u00eb.\" \/>\n<meta name=\"robots\" content=\"index, follow, max-snippet:-1, max-image-preview:large, max-video-preview:-1\" \/>\n<link rel=\"canonical\" href=\"https:\/\/deutschcolor.com\/al\/product\/boden-farbe-boje-epokside\/\" \/>\n<meta property=\"og:locale\" content=\"en_US\" \/>\n<meta property=\"og:type\" content=\"article\" \/>\n<meta property=\"og:title\" content=\"Boje Epokside Boden Farbe - Deutsch Color - Zgjedhja juaj profesionale\" \/>\n<meta property=\"og:description\" content=\"Boje epokside, Boj\u00eb dy komponent\u00ebshe me baz\u00eb epokside p\u00ebr krijimin e dyshemeve industriale me rezistenc\u00eb kimike dhe mekanike t\u00eb lart\u00eb.\" \/>\n<meta property=\"og:url\" content=\"https:\/\/deutschcolor.com\/al\/product\/boden-farbe-boje-epokside\/\" \/>\n<meta property=\"og:site_name\" content=\"Deutschcolor\" \/>\n<meta property=\"article:publisher\" content=\"https:\/\/www.facebook.com\/deutschcolorofficial\" \/>\n<meta property=\"article:modified_time\" content=\"2025-04-09T14:27:47+00:00\" \/>\n<meta property=\"og:image\" content=\"https:\/\/deutschcolor.com\/al\/wp-content\/uploads\/2019\/04\/Boden-Farbe-min.png\" \/>\n\t<meta property=\"og:image:width\" content=\"1000\" \/>\n\t<meta property=\"og:image:height\" content=\"1000\" \/>\n<meta name=\"twitter:card\" content=\"summary_large_image\" \/>\n<script type=\"application\/ld+json\" class=\"yoast-schema-graph\">{\"@context\":\"https:\/\/schema.org\",\"@graph\":[{\"@type\":\"WebSite\",\"@id\":\"https:\/\/deutschcolor.com\/al\/#website\",\"url\":\"https:\/\/deutschcolor.com\/al\/\",\"name\":\"Deutschcolor\",\"description\":\"Deutschcolor Albania\",\"potentialAction\":[{\"@type\":\"SearchAction\",\"target\":\"https:\/\/deutschcolor.com\/al\/?s={search_term_string}\",\"query-input\":\"required name=search_term_string\"}],\"inLanguage\":\"en-US\"},{\"@type\":\"ImageObject\",\"@id\":\"https:\/\/deutschcolor.com\/al\/product\/boden-farbe-boje-epokside\/#primaryimage\",\"inLanguage\":\"en-US\",\"url\":\"https:\/\/deutschcolor.com\/al\/wp-content\/uploads\/2019\/04\/Boden-Farbe-min.png\",\"width\":1000,\"height\":1000,\"caption\":\"Boje epokside Deutsch Color\"},{\"@type\":\"WebPage\",\"@id\":\"https:\/\/deutschcolor.com\/al\/product\/boden-farbe-boje-epokside\/#webpage\",\"url\":\"https:\/\/deutschcolor.com\/al\/product\/boden-farbe-boje-epokside\/\",\"name\":\"Boje Epokside Boden Farbe - Deutsch Color - Zgjedhja juaj profesionale\",\"isPartOf\":{\"@id\":\"https:\/\/deutschcolor.com\/al\/#website\"},\"primaryImageOfPage\":{\"@id\":\"https:\/\/deutschcolor.com\/al\/product\/boden-farbe-boje-epokside\/#primaryimage\"},\"datePublished\":\"2019-04-20T21:10:59+00:00\",\"dateModified\":\"2025-04-09T14:27:47+00:00\",\"description\":\"Boje epokside, Boj\\u00eb dy komponent\\u00ebshe me baz\\u00eb epokside p\\u00ebr krijimin e dyshemeve industriale me rezistenc\\u00eb kimike dhe mekanike t\\u00eb lart\\u00eb.\",\"breadcrumb\":{\"@id\":\"https:\/\/deutschcolor.com\/al\/product\/boden-farbe-boje-epokside\/#breadcrumb\"},\"inLanguage\":\"en-US\",\"potentialAction\":[{\"@type\":\"ReadAction\",\"target\":[\"https:\/\/deutschcolor.com\/al\/product\/boden-farbe-boje-epokside\/\"]}]},{\"@type\":\"BreadcrumbList\",\"@id\":\"https:\/\/deutschcolor.com\/al\/product\/boden-farbe-boje-epokside\/#breadcrumb\",\"itemListElement\":[{\"@type\":\"ListItem\",\"position\":1,\"item\":{\"@type\":\"WebPage\",\"@id\":\"https:\/\/deutschcolor.com\/al\/\",\"url\":\"https:\/\/deutschcolor.com\/al\/\",\"name\":\"Home\"}},{\"@type\":\"ListItem\",\"position\":2,\"item\":{\"@type\":\"WebPage\",\"@id\":\"https:\/\/deutschcolor.com\/al\/shop\/\",\"url\":\"https:\/\/deutschcolor.com\/al\/shop\/\",\"name\":\"SHOP\"}},{\"@type\":\"ListItem\",\"position\":3,\"item\":{\"@type\":\"WebPage\",\"@id\":\"https:\/\/deutschcolor.com\/al\/product-category\/dysheme-dokorative-sportive-dhe-industriale\/\",\"url\":\"https:\/\/deutschcolor.com\/al\/product-category\/dysheme-dokorative-sportive-dhe-industriale\/\",\"name\":\"Dysheme dekorative, sportive dhe industriale\"}},{\"@type\":\"ListItem\",\"position\":4,\"item\":{\"@type\":\"WebPage\",\"@id\":\"https:\/\/deutschcolor.com\/al\/product-category\/dysheme-dokorative-sportive-dhe-industriale\/boje-me-baze-epokside-per-dysheme\/\",\"url\":\"https:\/\/deutschcolor.com\/al\/product-category\/dysheme-dokorative-sportive-dhe-industriale\/boje-me-baze-epokside-per-dysheme\/\",\"name\":\"4.3. Boj\\u00eb me baz\\u00eb epokside p\\u00ebr dysheme\"}},{\"@type\":\"ListItem\",\"position\":5,\"item\":{\"@type\":\"WebPage\",\"@id\":\"https:\/\/deutschcolor.com\/al\/product\/boden-farbe-boje-epokside\/\",\"url\":\"https:\/\/deutschcolor.com\/al\/product\/boden-farbe-boje-epokside\/\",\"name\":\"Boden Farbe\"}}]}]}<\/script>\n<!-- \/ Yoast SEO plugin. -->","_links":{"self":[{"href":"https:\/\/deutschcolor.com\/al\/wp-json\/wp\/v2\/product\/23886","targetHints":{"allow":["GET"]}}],"collection":[{"href":"https:\/\/deutschcolor.com\/al\/wp-json\/wp\/v2\/product"}],"about":[{"href":"https:\/\/deutschcolor.com\/al\/wp-json\/wp\/v2\/types\/product"}],"replies":[{"embeddable":true,"href":"https:\/\/deutschcolor.com\/al\/wp-json\/wp\/v2\/comments?post=23886"}],"wp:featuredmedia":[{"embeddable":true,"href":"https:\/\/deutschcolor.com\/al\/wp-json\/wp\/v2\/media\/24446"}],"wp:attachment":[{"href":"https:\/\/deutschcolor.com\/al\/wp-json\/wp\/v2\/media?parent=23886"}],"curies":[{"name":"wp","href":"https:\/\/api.w.org\/{rel}","templated":true}]}}