{"id":23889,"date":"2019-04-20T21:14:27","date_gmt":"2019-04-20T21:14:27","guid":{"rendered":"https:\/\/deutschcolor.com\/al\/?post_type=product&#038;p=23889"},"modified":"2024-12-06T10:09:45","modified_gmt":"2024-12-06T10:09:45","slug":"macht-tiefgrund-wasser","status":"publish","type":"product","link":"https:\/\/deutschcolor.com\/al\/product\/macht-tiefgrund-wasser\/","title":{"rendered":"Macht Tiefgrund Wasser"},"content":{"rendered":"<p><strong>Karakteristikat e produktit<\/strong><br \/>\n\u2022 Hollimi 1:1<br \/>\n\u2022 Ngjyra boj\u00ebqielli<br \/>\n\u2022 Shkall\u00eb hapjeje 250m2<br \/>\n\u2022 Ngjitje shum\u00eb e fort\u00eb dhe tharje e shpejt\u00eb<br \/>\n\u2022 Sip\u00ebrfaqe e shk\u00eblqyeshme p\u00ebr t\u00eb gjitha llojet e bojrave me baz\u00eb uji si dhe uniforme n\u00eb dor\u00ebn e fundit<br \/>\n\u2022 Aplikim i leht\u00eb, dep\u00ebrtim i lart\u00eb dhe norm\u00eb e lart\u00eb e p\u00ebrhapjes<\/p>\n<p><strong>Rekomandimet p\u00ebr p\u00ebrdorim<\/strong><br \/>\nP\u00ebrdoret n\u00eb t\u00eb gjith\u00eb muret dhe tavan\u00ebt e brendsh\u00ebm, t\u00eb rinj, t\u00eb vjet\u00ebr dhe t\u00eb lyer m\u00eb par\u00eb me boj\u00eb, p\u00ebr lyerjen e \u00e7do lloj ambienti t\u00eb brendsh\u00ebm, dhoma gjumi, tualete, dhoma ndenjjeje, ambiente zyrash, sh\u00ebrbimesh etj. Gjithashtu sugjerohet t\u00eb aplikohet n\u00eb fasada t\u00eb jashtme.<\/p>\n<p>###<\/p>\n<p><strong>Ruajtja<\/strong><br \/>\n36 muaj n\u00ebse ruhet n\u00eb nj\u00eb vend t\u00eb that\u00eb, larg burimeve t\u00eb nxeht\u00ebsis\u00eb, n\u00eb nj\u00eb temperatur\u00eb midis +5\u00b0C dhe +30\u00b0C. Mbrojeni nga ngrica.<\/p>\n<p><strong>Sh\u00ebnime<\/strong><br \/>\n\u2022 N\u00eb sip\u00ebrfaqe t\u00eb betonit t\u00eb fresk\u00ebt produkti rekomandohet t\u00eb aplikohet t\u00eb pakt\u00ebn pas 30-40 dit\u00ebsh.<br \/>\n\u2022 Rekomandohet t\u00eb shmangni aplikimin e produktit n\u00eb temperatura n\u00ebn 5\u00baC ose pak para shiut.<\/p>\n<div style=\"display: none;\">\n<h5>Astar akrilik<\/h5>\n<p>However Ne kemi nj\u00eb vizion t\u00eb fuqish\u00ebm. Similarly, Prodhim, Zhvillim dhe Shp\u00ebrndarje. Ne synojm\u00eb t\u00eb p\u00ebrmbushim t\u00eb gjitha nevojat e klient\u00ebve n\u00eb fush\u00ebn e bojrave me t\u00eb gjitha nuancat e larmit\u00eb e tyre estetike dhe teknologjike. However Do t\u00eb vazhdojm\u00eb t\u00eb hulumtojm\u00eb mbi metoda t\u00eb reja dhe efektive p\u00ebr t\u00eb arritur objektivin ton\u00eb n\u00eb rrug\u00ebn e suksesit.<br \/>\n<b>Above all<\/b>, Derim\u00ebtani, kemi arritur nj\u00eb status shum\u00ebkomb\u00ebsh t\u00eb mark\u00ebs son\u00eb. Similarly, Vizioni yn\u00eb afatgjat\u00eb \u00ebsht\u00eb q\u00eb t\u00eb jemi t\u00eb pranish\u00ebm n\u00eb \u00e7do ambient tuajin n\u00ebp\u00ebrmjet konceptit t\u00eb boj\u00ebrave.<\/p>\n<h5><a href=\"https:\/\/deutschcolor.com\/al\/product-category\/bojra\/\">Bojra<\/a><\/h5>\n<p>Above all, si pjes\u00eb e objektivave tan\u00eb strategjik\u00eb, ne fokusohemi n\u00eb ofrimin e nj\u00eb produkti t\u00eb q\u00ebndruesh\u00ebm, afatgjat\u00eb. N\u00eb treg me \u00e7mim t\u00eb arsyesh\u00ebm dhe t\u00eb p\u00ebrballuesh\u00ebm nga t\u00eb gjitha shtresat ekonomike. Above all, Llak me ngjyre per dru.<\/p>\n<p>Above all, Strategjit\u00eb tona t\u00eb p\u00ebrgjithshme synojn\u00eb zgjerimin mbi asete t\u00eb reja. However Duke hapur nj\u00eb num\u00ebr t\u00eb madh filialesh n\u00eb nivel global.However gjithashtu duke zhvilluar produkte t\u00eb reja p\u00ebr t\u00eb sjell\u00eb n\u00eb treg dhe p\u00ebr t\u00eb arritur q\u00ebllimin e p\u00ebrmbushjes s\u00eb k\u00ebrkesave t\u00eb klient\u00ebve brenda industris\u00eb s\u00eb bojrave.<\/p>\n<p><em>As a result, <\/em>Duke zgjeruar bizneset tona n\u00eb nivel komb\u00ebtar, ne po krijojm\u00eb mund\u00ebsi t\u00eb pafundme q\u00eb individ\u00eb t\u00eb ndrysh\u00ebm t\u00eb bashkohen me ne n\u00eb k\u00ebt\u00eb rrug\u00ebtim suksesi dhe t\u00eb jen\u00eb pjes\u00eb e nj\u00eb perandorie t\u00eb ardhshme. Pjestar\u00ebt e ekipit ton\u00eb k\u00ebrkimor profesional marrin parasysh t\u00eb gjitha reagimet e klient\u00ebve tan\u00eb me synim ofrimin e nj\u00eb produkti t\u00eb shk\u00eblqyer p\u00ebr tregun ton\u00eb. Llak me ngjyre per dru.<\/p>\n<p>However, Astar akrilik nj\u00eb faktor tjet\u00ebr ky\u00e7 ku ne fokusohemi \u00ebsht\u00eb marketimi i mark\u00ebs son\u00eb. Similarly, Ne e njohim r\u00ebnd\u00ebsin\u00eb e informimit t\u00eb t\u00eb gjith\u00eb klient\u00ebve rreth ofertave tona.However gjithashtu programit t\u00eb besnik\u00ebris\u00eb s\u00eb klient\u00ebve, ndaj ne ruajm\u00eb nj\u00eb standard t\u00eb lart\u00eb <a href=\"http:\/\/deltahome.al\/en\/\">marketingu dhe reklamimi.<\/a><\/p>\n<\/div>\n","protected":false},"excerpt":{"rendered":"<p>Astar akrilik universal me baz\u00eb uji me veti t\u00eb shk\u00eblqyera dep\u00ebrtuese q\u00eb ofron ngjitje dhe izolim perfekt<\/p>\n","protected":false},"featured_media":24447,"comment_status":"closed","ping_status":"closed","template":"","meta":{"_glsr_average":0,"_glsr_ranking":0,"_glsr_reviews":0},"class_list":["post-23889","product","type-product","status-publish","has-post-thumbnail","hentry","product_cat-bojra","product_cat-astar"],"yoast_head":"<!-- This site is optimized with the Yoast SEO plugin v15.0 - https:\/\/yoast.com\/wordpress\/plugins\/seo\/ -->\n<title>Macht Tiefgrund Wasser - Astar akrilik - Deutsch Color<\/title>\n<meta name=\"description\" content=\"Astar akrilik universal me baz\u00eb uji me veti t\u00eb shk\u00eblqyera dep\u00ebrtuese q\u00eb ofron ngjitje dhe izolim perfekt. Macht Tiefgrund Wasser\" \/>\n<meta name=\"robots\" content=\"index, follow, max-snippet:-1, max-image-preview:large, max-video-preview:-1\" \/>\n<link rel=\"canonical\" href=\"https:\/\/deutschcolor.com\/al\/product\/macht-tiefgrund-wasser\/\" \/>\n<meta property=\"og:locale\" content=\"en_US\" \/>\n<meta property=\"og:type\" content=\"article\" \/>\n<meta property=\"og:title\" content=\"Macht Tiefgrund Wasser - Astar akrilik - Deutsch Color\" \/>\n<meta property=\"og:description\" content=\"Astar akrilik universal me baz\u00eb uji me veti t\u00eb shk\u00eblqyera dep\u00ebrtuese q\u00eb ofron ngjitje dhe izolim perfekt. Macht Tiefgrund Wasser\" \/>\n<meta property=\"og:url\" content=\"https:\/\/deutschcolor.com\/al\/product\/macht-tiefgrund-wasser\/\" \/>\n<meta property=\"og:site_name\" content=\"Deutschcolor\" \/>\n<meta property=\"article:publisher\" content=\"https:\/\/www.facebook.com\/deutschcolorofficial\" \/>\n<meta property=\"article:modified_time\" content=\"2024-12-06T10:09:45+00:00\" \/>\n<meta property=\"og:image\" content=\"https:\/\/deutschcolor.com\/al\/wp-content\/uploads\/2019\/04\/MACHT-TIEFGRUND-WASSER-min.png\" \/>\n\t<meta property=\"og:image:width\" content=\"1000\" \/>\n\t<meta property=\"og:image:height\" content=\"1000\" \/>\n<meta name=\"twitter:card\" content=\"summary_large_image\" \/>\n<script type=\"application\/ld+json\" class=\"yoast-schema-graph\">{\"@context\":\"https:\/\/schema.org\",\"@graph\":[{\"@type\":\"WebSite\",\"@id\":\"https:\/\/deutschcolor.com\/al\/#website\",\"url\":\"https:\/\/deutschcolor.com\/al\/\",\"name\":\"Deutschcolor\",\"description\":\"Deutschcolor Albania\",\"potentialAction\":[{\"@type\":\"SearchAction\",\"target\":\"https:\/\/deutschcolor.com\/al\/?s={search_term_string}\",\"query-input\":\"required name=search_term_string\"}],\"inLanguage\":\"en-US\"},{\"@type\":\"ImageObject\",\"@id\":\"https:\/\/deutschcolor.com\/al\/product\/macht-tiefgrund-wasser\/#primaryimage\",\"inLanguage\":\"en-US\",\"url\":\"https:\/\/deutschcolor.com\/al\/wp-content\/uploads\/2019\/04\/MACHT-TIEFGRUND-WASSER-min.png\",\"width\":1000,\"height\":1000,\"caption\":\"Astar akrilik\"},{\"@type\":\"WebPage\",\"@id\":\"https:\/\/deutschcolor.com\/al\/product\/macht-tiefgrund-wasser\/#webpage\",\"url\":\"https:\/\/deutschcolor.com\/al\/product\/macht-tiefgrund-wasser\/\",\"name\":\"Macht Tiefgrund Wasser - Astar akrilik - Deutsch Color\",\"isPartOf\":{\"@id\":\"https:\/\/deutschcolor.com\/al\/#website\"},\"primaryImageOfPage\":{\"@id\":\"https:\/\/deutschcolor.com\/al\/product\/macht-tiefgrund-wasser\/#primaryimage\"},\"datePublished\":\"2019-04-20T21:14:27+00:00\",\"dateModified\":\"2024-12-06T10:09:45+00:00\",\"description\":\"Astar akrilik universal me baz\\u00eb uji me veti t\\u00eb shk\\u00eblqyera dep\\u00ebrtuese q\\u00eb ofron ngjitje dhe izolim perfekt. Macht Tiefgrund Wasser\",\"breadcrumb\":{\"@id\":\"https:\/\/deutschcolor.com\/al\/product\/macht-tiefgrund-wasser\/#breadcrumb\"},\"inLanguage\":\"en-US\",\"potentialAction\":[{\"@type\":\"ReadAction\",\"target\":[\"https:\/\/deutschcolor.com\/al\/product\/macht-tiefgrund-wasser\/\"]}]},{\"@type\":\"BreadcrumbList\",\"@id\":\"https:\/\/deutschcolor.com\/al\/product\/macht-tiefgrund-wasser\/#breadcrumb\",\"itemListElement\":[{\"@type\":\"ListItem\",\"position\":1,\"item\":{\"@type\":\"WebPage\",\"@id\":\"https:\/\/deutschcolor.com\/al\/\",\"url\":\"https:\/\/deutschcolor.com\/al\/\",\"name\":\"Home\"}},{\"@type\":\"ListItem\",\"position\":2,\"item\":{\"@type\":\"WebPage\",\"@id\":\"https:\/\/deutschcolor.com\/al\/shop\/\",\"url\":\"https:\/\/deutschcolor.com\/al\/shop\/\",\"name\":\"SHOP\"}},{\"@type\":\"ListItem\",\"position\":3,\"item\":{\"@type\":\"WebPage\",\"@id\":\"https:\/\/deutschcolor.com\/al\/product-category\/bojra\/\",\"url\":\"https:\/\/deutschcolor.com\/al\/product-category\/bojra\/\",\"name\":\"Bojra\"}},{\"@type\":\"ListItem\",\"position\":4,\"item\":{\"@type\":\"WebPage\",\"@id\":\"https:\/\/deutschcolor.com\/al\/product-category\/bojra\/astar\/\",\"url\":\"https:\/\/deutschcolor.com\/al\/product-category\/bojra\/astar\/\",\"name\":\"8.3. Astar\"}},{\"@type\":\"ListItem\",\"position\":5,\"item\":{\"@type\":\"WebPage\",\"@id\":\"https:\/\/deutschcolor.com\/al\/product\/macht-tiefgrund-wasser\/\",\"url\":\"https:\/\/deutschcolor.com\/al\/product\/macht-tiefgrund-wasser\/\",\"name\":\"Macht Tiefgrund Wasser\"}}]}]}<\/script>\n<!-- \/ Yoast SEO plugin. -->","_links":{"self":[{"href":"https:\/\/deutschcolor.com\/al\/wp-json\/wp\/v2\/product\/23889","targetHints":{"allow":["GET"]}}],"collection":[{"href":"https:\/\/deutschcolor.com\/al\/wp-json\/wp\/v2\/product"}],"about":[{"href":"https:\/\/deutschcolor.com\/al\/wp-json\/wp\/v2\/types\/product"}],"replies":[{"embeddable":true,"href":"https:\/\/deutschcolor.com\/al\/wp-json\/wp\/v2\/comments?post=23889"}],"wp:featuredmedia":[{"embeddable":true,"href":"https:\/\/deutschcolor.com\/al\/wp-json\/wp\/v2\/media\/24447"}],"wp:attachment":[{"href":"https:\/\/deutschcolor.com\/al\/wp-json\/wp\/v2\/media?parent=23889"}],"curies":[{"name":"wp","href":"https:\/\/api.w.org\/{rel}","templated":true}]}}