{"id":23898,"date":"2019-04-20T21:20:42","date_gmt":"2019-04-20T21:20:42","guid":{"rendered":"https:\/\/deutschcolor.com\/al\/?post_type=product&#038;p=23898"},"modified":"2025-04-10T09:28:01","modified_gmt":"2025-04-10T09:28:01","slug":"boden-grund","status":"publish","type":"product","link":"https:\/\/deutschcolor.com\/al\/product\/boden-grund\/","title":{"rendered":"Boden Grund"},"content":{"rendered":"<p><strong>Karakteristikat e produktit<\/strong><br \/>\n1 Dep\u00ebrtim i lart\u00eb<br \/>\n2 Ngjitje e shk\u00eblqyer<br \/>\n3 P\u00ebrforcim i sip\u00ebrfaqes<br \/>\n4 Rezistenc\u00eb e lart\u00eb kimike<br \/>\n5 Rezistenc\u00eb e lart\u00eb ndaj g\u00ebrryerjes (konsumimit)<\/p>\n<p><strong>Rekomandimet p\u00ebr p\u00ebrdorim<\/strong><br \/>\nDysheme dekorative. P\u00ebrdoret n\u00eb t\u00eb gjitha dyshemet\u00eb e brendshme dhe t\u00eb jashtme, ku duam t\u00eb krijojm\u00eb ambiente me rezistenc\u00eb t\u00eb lart\u00eb kimike dhe mekanike, pas vendosjes s\u00eb shtres\u00ebs s\u00eb betonit dhe para aplikimit t\u00eb <a href=\"https:\/\/deutschcolor.com\/al\/product-category\/bojra\/\">boj\u00ebs epokside<\/a> si dhe p\u00ebr lyerjen dhe mbrojtjen e sip\u00ebrfaqeve t\u00eb betonit ku kemi aktivitet t\u00eb lart\u00eb mekanik si edhe agresion kimik para se t\u00eb trajtohet me boj\u00ebn epokside, t\u00eb tilla si oficina, spitale, ambiente industriale, pompa karburanti, depo farmaceutike, etj, para se t\u00eb b\u00ebhet trajtimi final me boj\u00ebn epokside.<\/p>\n<p>###<\/p>\n<p><strong>Ruajtja<\/strong><br \/>\n36 muaj n\u00ebse ruhet n\u00eb nj\u00eb vend t\u00eb that\u00eb, larg burimeve t\u00eb nxeht\u00ebsis\u00eb, n\u00eb nj\u00eb temperatur\u00eb midis +5\u00b0C dhe +30\u00b0C. Mbrojeni nga ngrica.<\/p>\n<p><strong>Sh\u00ebnime<\/strong><br \/>\n\u2022 N\u00eb sip\u00ebrfaqe t\u00eb betonit t\u00eb fresk\u00ebt produkti rekomandohet t\u00eb aplikohet t\u00eb pakt\u00ebn pas 30-40 dit\u00ebsh.<br \/>\n\u2022 Rekomandohet t\u00eb shmangni aplikimin e produktit n\u00eb temperatura n\u00ebn 5\u00baC.<\/p>\n<p>###<\/p>\n<p>P\u00ebr m\u00eb shume produkte <a href=\"https:\/\/deutschcolor.com\/al\/product-category\/dysheme-dokorative-sportive-dhe-industriale\/\">kliko ketu<\/a>.<\/p>\n","protected":false},"excerpt":{"rendered":"<p>Astar epoksid dy komponent\u00ebsh me baz\u00eb uji i nj\u00eb cil\u00ebsie t\u00eb lart\u00eb. I p\u00ebrshtatsh\u00ebm p\u00ebr p\u00ebrdorim t\u00eb brendsh\u00ebm dhe t\u00eb jasht\u00ebm para aplikimit t\u00eb Boden Farbe dhe Ocean Blue<\/p>\n","protected":false},"featured_media":24542,"comment_status":"closed","ping_status":"closed","template":"","meta":{"_glsr_average":0,"_glsr_ranking":0,"_glsr_reviews":0},"class_list":["post-23898","product","type-product","status-publish","has-post-thumbnail","hentry","product_cat-dysheme-dokorative-sportive-dhe-industriale","product_cat-astare-me-baze-epokside"],"yoast_head":"<!-- This site is optimized with the Yoast SEO plugin v15.0 - https:\/\/yoast.com\/wordpress\/plugins\/seo\/ -->\n<title>Dysheme dekorativeBoden Grund - Deutsch Color Albania<\/title>\n<meta name=\"description\" content=\"Dysheme dekorative. P\u00ebrdoret n\u00eb ambiente brendshme dhe t\u00eb jashtme, ku duam t\u00eb krijojm\u00eb ambiente me rezistenc\u00eb t\u00eb lart\u00eb kimike dhe mekanike,\" \/>\n<meta name=\"robots\" content=\"index, follow, max-snippet:-1, max-image-preview:large, max-video-preview:-1\" \/>\n<link rel=\"canonical\" href=\"https:\/\/deutschcolor.com\/al\/product\/boden-grund\/\" \/>\n<meta property=\"og:locale\" content=\"en_US\" \/>\n<meta property=\"og:type\" content=\"article\" \/>\n<meta property=\"og:title\" content=\"Dysheme dekorativeBoden Grund - Deutsch Color Albania\" \/>\n<meta property=\"og:description\" content=\"Dysheme dekorative. P\u00ebrdoret n\u00eb ambiente brendshme dhe t\u00eb jashtme, ku duam t\u00eb krijojm\u00eb ambiente me rezistenc\u00eb t\u00eb lart\u00eb kimike dhe mekanike,\" \/>\n<meta property=\"og:url\" content=\"https:\/\/deutschcolor.com\/al\/product\/boden-grund\/\" \/>\n<meta property=\"og:site_name\" content=\"Deutschcolor\" \/>\n<meta property=\"article:publisher\" content=\"https:\/\/www.facebook.com\/deutschcolorofficial\" \/>\n<meta property=\"article:modified_time\" content=\"2025-04-10T09:28:01+00:00\" \/>\n<meta property=\"og:image\" content=\"https:\/\/deutschcolor.com\/al\/wp-content\/uploads\/2019\/04\/BODEN-GRUND-min.png\" \/>\n\t<meta property=\"og:image:width\" content=\"1000\" \/>\n\t<meta property=\"og:image:height\" content=\"1000\" \/>\n<meta name=\"twitter:card\" content=\"summary_large_image\" \/>\n<script type=\"application\/ld+json\" class=\"yoast-schema-graph\">{\"@context\":\"https:\/\/schema.org\",\"@graph\":[{\"@type\":\"WebSite\",\"@id\":\"https:\/\/deutschcolor.com\/al\/#website\",\"url\":\"https:\/\/deutschcolor.com\/al\/\",\"name\":\"Deutschcolor\",\"description\":\"Deutschcolor Albania\",\"potentialAction\":[{\"@type\":\"SearchAction\",\"target\":\"https:\/\/deutschcolor.com\/al\/?s={search_term_string}\",\"query-input\":\"required name=search_term_string\"}],\"inLanguage\":\"en-US\"},{\"@type\":\"ImageObject\",\"@id\":\"https:\/\/deutschcolor.com\/al\/product\/boden-grund\/#primaryimage\",\"inLanguage\":\"en-US\",\"url\":\"https:\/\/deutschcolor.com\/al\/wp-content\/uploads\/2019\/04\/BODEN-GRUND-min.png\",\"width\":1000,\"height\":1000,\"caption\":\"Dysheme dekorative, P\\u00ebrdoret n\\u00eb t\\u00eb gjitha dyshemet\\u00eb e brendshme dhe t\\u00eb jashtme, ku duam t\\u00eb krijojm\\u00eb ambiente me rezistenc\\u00eb t\\u00eb lart\\u00eb kimike dhe mekanike.\"},{\"@type\":\"WebPage\",\"@id\":\"https:\/\/deutschcolor.com\/al\/product\/boden-grund\/#webpage\",\"url\":\"https:\/\/deutschcolor.com\/al\/product\/boden-grund\/\",\"name\":\"Dysheme dekorativeBoden Grund - Deutsch Color Albania\",\"isPartOf\":{\"@id\":\"https:\/\/deutschcolor.com\/al\/#website\"},\"primaryImageOfPage\":{\"@id\":\"https:\/\/deutschcolor.com\/al\/product\/boden-grund\/#primaryimage\"},\"datePublished\":\"2019-04-20T21:20:42+00:00\",\"dateModified\":\"2025-04-10T09:28:01+00:00\",\"description\":\"Dysheme dekorative. P\\u00ebrdoret n\\u00eb ambiente brendshme dhe t\\u00eb jashtme, ku duam t\\u00eb krijojm\\u00eb ambiente me rezistenc\\u00eb t\\u00eb lart\\u00eb kimike dhe mekanike,\",\"breadcrumb\":{\"@id\":\"https:\/\/deutschcolor.com\/al\/product\/boden-grund\/#breadcrumb\"},\"inLanguage\":\"en-US\",\"potentialAction\":[{\"@type\":\"ReadAction\",\"target\":[\"https:\/\/deutschcolor.com\/al\/product\/boden-grund\/\"]}]},{\"@type\":\"BreadcrumbList\",\"@id\":\"https:\/\/deutschcolor.com\/al\/product\/boden-grund\/#breadcrumb\",\"itemListElement\":[{\"@type\":\"ListItem\",\"position\":1,\"item\":{\"@type\":\"WebPage\",\"@id\":\"https:\/\/deutschcolor.com\/al\/\",\"url\":\"https:\/\/deutschcolor.com\/al\/\",\"name\":\"Home\"}},{\"@type\":\"ListItem\",\"position\":2,\"item\":{\"@type\":\"WebPage\",\"@id\":\"https:\/\/deutschcolor.com\/al\/shop\/\",\"url\":\"https:\/\/deutschcolor.com\/al\/shop\/\",\"name\":\"SHOP\"}},{\"@type\":\"ListItem\",\"position\":3,\"item\":{\"@type\":\"WebPage\",\"@id\":\"https:\/\/deutschcolor.com\/al\/product-category\/dysheme-dokorative-sportive-dhe-industriale\/\",\"url\":\"https:\/\/deutschcolor.com\/al\/product-category\/dysheme-dokorative-sportive-dhe-industriale\/\",\"name\":\"Dysheme dekorative, sportive dhe industriale\"}},{\"@type\":\"ListItem\",\"position\":4,\"item\":{\"@type\":\"WebPage\",\"@id\":\"https:\/\/deutschcolor.com\/al\/product-category\/dysheme-dokorative-sportive-dhe-industriale\/astare-me-baze-epokside\/\",\"url\":\"https:\/\/deutschcolor.com\/al\/product-category\/dysheme-dokorative-sportive-dhe-industriale\/astare-me-baze-epokside\/\",\"name\":\"4.5. Astar\\u00eb me baz\\u00eb epokside\"}},{\"@type\":\"ListItem\",\"position\":5,\"item\":{\"@type\":\"WebPage\",\"@id\":\"https:\/\/deutschcolor.com\/al\/product\/boden-grund\/\",\"url\":\"https:\/\/deutschcolor.com\/al\/product\/boden-grund\/\",\"name\":\"Boden Grund\"}}]}]}<\/script>\n<!-- \/ Yoast SEO plugin. -->","_links":{"self":[{"href":"https:\/\/deutschcolor.com\/al\/wp-json\/wp\/v2\/product\/23898","targetHints":{"allow":["GET"]}}],"collection":[{"href":"https:\/\/deutschcolor.com\/al\/wp-json\/wp\/v2\/product"}],"about":[{"href":"https:\/\/deutschcolor.com\/al\/wp-json\/wp\/v2\/types\/product"}],"replies":[{"embeddable":true,"href":"https:\/\/deutschcolor.com\/al\/wp-json\/wp\/v2\/comments?post=23898"}],"wp:featuredmedia":[{"embeddable":true,"href":"https:\/\/deutschcolor.com\/al\/wp-json\/wp\/v2\/media\/24542"}],"wp:attachment":[{"href":"https:\/\/deutschcolor.com\/al\/wp-json\/wp\/v2\/media?parent=23898"}],"curies":[{"name":"wp","href":"https:\/\/api.w.org\/{rel}","templated":true}]}}