{"id":23908,"date":"2019-04-20T21:32:38","date_gmt":"2019-04-20T21:32:38","guid":{"rendered":"https:\/\/deutschcolor.com\/al\/?post_type=product&#038;p=23908"},"modified":"2024-11-27T09:39:31","modified_gmt":"2024-11-27T09:39:31","slug":"dc-basics","status":"publish","type":"product","link":"https:\/\/deutschcolor.com\/al\/product\/dc-basics\/","title":{"rendered":"DC Basics"},"content":{"rendered":"<p><strong>Karakteristikat e produktit<\/strong><br \/>\n\u2022 Shp\u00ebrndahet leht\u00ebsisht<br \/>\n\u2022 Fuqi e madhe ngjyrosjeje<br \/>\n\u2022 P\u00ebr p\u00ebrdorim t\u00eb brendsh\u00ebm<\/p>\n<p><strong>Rekomandimet p\u00ebr p\u00ebrdorim<\/strong><br \/>\nP\u00ebrdoret p\u00ebr pigmentimin e bojrave me baz\u00eb uji t\u00eb linj\u00ebs plastike dhe hidromateve vet\u00ebm p\u00ebr bazat W. Me pas p\u00ebrzihet me an\u00eb t\u00eb nj\u00eb mikseri elektrik.<\/p>\n<p>###<\/p>\n<p><strong>Ruajtja<\/strong><br \/>\n36 muaj n\u00ebse ruhet n\u00eb nj\u00eb vend t\u00eb that\u00eb, larg burimeve t\u00eb nxeht\u00ebsis\u00eb, n\u00eb nj\u00eb temperatur\u00eb midis +5\u00b0C dhe +30\u00b0C. Mbrojeni nga ngrica.<\/p>\n<div style=\"display: none;\">\n<h5>Pigment<\/h5>\n<p>Ne kemi nj\u00eb vizion t\u00eb fuqish\u00ebm. Prodhim, Zhvillim dhe Shp\u00ebrndarje. Ne synojm\u00eb t\u00eb p\u00ebrmbushim t\u00eb gjitha nevojat e klient\u00ebve n\u00eb fush\u00ebn e bojrave me t\u00eb gjitha nuancat e larmit\u00eb e tyre estetike dhe teknologjike. Do t\u00eb vazhdojm\u00eb t\u00eb hulumtojm\u00eb mbi metoda t\u00eb reja dhe efektive p\u00ebr t\u00eb arritur objektivin ton\u00eb n\u00eb rrug\u00ebn e suksesit.<br \/>\nDerim\u00ebtani, kemi arritur nj\u00eb status shum\u00ebkomb\u00ebsh t\u00eb mark\u00ebs son\u00eb. Vizioni yn\u00eb afatgjat\u00eb \u00ebsht\u00eb q\u00eb t\u00eb jemi t\u00eb pranish\u00ebm n\u00eb \u00e7do ambient tuajin n\u00ebp\u00ebrmjet konceptit t\u00eb Pigment.<\/p>\n<h5><a href=\"https:\/\/deutschcolor.com\/al\/product-category\/bojra\/\">Bojra<\/a><\/h5>\n<p>Si pjes\u00eb e objektivave tan\u00eb strategjik\u00eb, ne fokusohemi n\u00eb ofrimin e nj\u00eb produkti t\u00eb q\u00ebndruesh\u00ebm, afatgjat\u00eb. N\u00eb treg me \u00e7mim t\u00eb arsyesh\u00ebm dhe t\u00eb p\u00ebrballuesh\u00ebm nga t\u00eb gjitha shtresat ekonomike.<\/p>\n<p>Strategjit\u00eb tona t\u00eb p\u00ebrgjithshme synojn\u00eb zgjerimin mbi asete t\u00eb reja. <a href=\"http:\/\/deltahome.al\/en\/about-us\/\">Duke hapur nj\u00eb n<\/a>um\u00ebr t\u00eb madh filialesh n\u00eb nivel global. Gjithashtu duke zhvilluar produkte t\u00eb reja p\u00ebr t\u00eb sjell\u00eb n\u00eb treg dhe p\u00ebr t\u00eb arritur q\u00ebllimin e p\u00ebrmbushjes s\u00eb k\u00ebrkesave t\u00eb klient\u00ebve brenda industris\u00eb s\u00eb bojrave.<\/p>\n<p>Duke zgjeruar bizneset tona n\u00eb nivel komb\u00ebtar, ne po krijojm\u00eb mund\u00ebsi t\u00eb pafundme q\u00eb individ\u00eb t\u00eb ndrysh\u00ebm t\u00eb bashkohen me ne n\u00eb k\u00ebt\u00eb rrug\u00ebtim suksesi dhe t\u00eb jen\u00eb pjes\u00eb e nj\u00eb perandorie t\u00eb ardhshme. Pjestar\u00ebt e ekipit ton\u00eb k\u00ebrkimor profesional marrin parasysh t\u00eb gjitha reagimet e klient\u00ebve tan\u00eb me synim ofrimin e nj\u00eb produkti t\u00eb shk\u00eblqyer p\u00ebr tregun ton\u00eb.<\/p>\n<p>Nj\u00eb faktor tjet\u00ebr ky\u00e7 ku ne fokusohemi \u00ebsht\u00eb marketimi i mark\u00ebs son\u00eb. Ne e njohim r\u00ebnd\u00ebsin\u00eb e informimit t\u00eb t\u00eb gjith\u00eb klient\u00ebve rreth ofertave tona. Gjithashtu programit t\u00eb besnik\u00ebris\u00eb s\u00eb klient\u00ebve, ndaj ne ruajm\u00eb nj\u00eb standard t\u00eb lart\u00eb marketingu dhe reklamimi.<\/p>\n<\/div>\n","protected":false},"excerpt":{"rendered":"<p>Pigmente t\u00eb koncentruara t\u00eb cilat p\u00ebrdoren p\u00ebr pigmentimin e bojrave me baz\u00eb PVA-VEOVA<\/p>\n","protected":false},"featured_media":24452,"comment_status":"closed","ping_status":"closed","template":"","meta":{"_glsr_average":0,"_glsr_ranking":0,"_glsr_reviews":0},"class_list":["post-23908","product","type-product","status-publish","has-post-thumbnail","hentry","product_cat-bojra","product_cat-produkte-shoqeruese-bojra"],"yoast_head":"<!-- This site is optimized with the Yoast SEO plugin v15.0 - https:\/\/yoast.com\/wordpress\/plugins\/seo\/ -->\n<title>Pigment - DC Basics - Deutsch Color - Zgjedhja juaj profesionale<\/title>\n<meta name=\"description\" content=\"DC Basics --- L200.00 \u2013 L480.00--- Pigment t\u00eb koncentruara t\u00eb cilat p\u00ebrdoren p\u00ebr pigmentimin e bojrave me baz\u00eb PVA-VEOVA. Deutsch Color\" \/>\n<meta name=\"robots\" content=\"index, follow, max-snippet:-1, max-image-preview:large, max-video-preview:-1\" \/>\n<link rel=\"canonical\" href=\"https:\/\/deutschcolor.com\/al\/product\/dc-basics\/\" \/>\n<meta property=\"og:locale\" content=\"en_US\" \/>\n<meta property=\"og:type\" content=\"article\" \/>\n<meta property=\"og:title\" content=\"Pigment - DC Basics - Deutsch Color - Zgjedhja juaj profesionale\" \/>\n<meta property=\"og:description\" content=\"DC Basics --- L200.00 \u2013 L480.00--- Pigment t\u00eb koncentruara t\u00eb cilat p\u00ebrdoren p\u00ebr pigmentimin e bojrave me baz\u00eb PVA-VEOVA. Deutsch Color\" \/>\n<meta property=\"og:url\" content=\"https:\/\/deutschcolor.com\/al\/product\/dc-basics\/\" \/>\n<meta property=\"og:site_name\" content=\"Deutschcolor\" \/>\n<meta property=\"article:publisher\" content=\"https:\/\/www.facebook.com\/deutschcolorofficial\" \/>\n<meta property=\"article:modified_time\" content=\"2024-11-27T09:39:31+00:00\" \/>\n<meta property=\"og:image\" content=\"https:\/\/deutschcolor.com\/al\/wp-content\/uploads\/2019\/04\/DC-Basis-min.png\" \/>\n\t<meta property=\"og:image:width\" content=\"1000\" \/>\n\t<meta property=\"og:image:height\" content=\"1000\" \/>\n<meta name=\"twitter:card\" content=\"summary_large_image\" \/>\n<script type=\"application\/ld+json\" class=\"yoast-schema-graph\">{\"@context\":\"https:\/\/schema.org\",\"@graph\":[{\"@type\":\"WebSite\",\"@id\":\"https:\/\/deutschcolor.com\/al\/#website\",\"url\":\"https:\/\/deutschcolor.com\/al\/\",\"name\":\"Deutschcolor\",\"description\":\"Deutschcolor Albania\",\"potentialAction\":[{\"@type\":\"SearchAction\",\"target\":\"https:\/\/deutschcolor.com\/al\/?s={search_term_string}\",\"query-input\":\"required name=search_term_string\"}],\"inLanguage\":\"en-US\"},{\"@type\":\"ImageObject\",\"@id\":\"https:\/\/deutschcolor.com\/al\/product\/dc-basics\/#primaryimage\",\"inLanguage\":\"en-US\",\"url\":\"https:\/\/deutschcolor.com\/al\/wp-content\/uploads\/2019\/04\/DC-Basis-min.png\",\"width\":1000,\"height\":1000,\"caption\":\"Pigment DC basics\"},{\"@type\":\"WebPage\",\"@id\":\"https:\/\/deutschcolor.com\/al\/product\/dc-basics\/#webpage\",\"url\":\"https:\/\/deutschcolor.com\/al\/product\/dc-basics\/\",\"name\":\"Pigment - DC Basics - Deutsch Color - Zgjedhja juaj profesionale\",\"isPartOf\":{\"@id\":\"https:\/\/deutschcolor.com\/al\/#website\"},\"primaryImageOfPage\":{\"@id\":\"https:\/\/deutschcolor.com\/al\/product\/dc-basics\/#primaryimage\"},\"datePublished\":\"2019-04-20T21:32:38+00:00\",\"dateModified\":\"2024-11-27T09:39:31+00:00\",\"description\":\"DC Basics --- L200.00 \\u2013 L480.00--- Pigment t\\u00eb koncentruara t\\u00eb cilat p\\u00ebrdoren p\\u00ebr pigmentimin e bojrave me baz\\u00eb PVA-VEOVA. Deutsch Color\",\"breadcrumb\":{\"@id\":\"https:\/\/deutschcolor.com\/al\/product\/dc-basics\/#breadcrumb\"},\"inLanguage\":\"en-US\",\"potentialAction\":[{\"@type\":\"ReadAction\",\"target\":[\"https:\/\/deutschcolor.com\/al\/product\/dc-basics\/\"]}]},{\"@type\":\"BreadcrumbList\",\"@id\":\"https:\/\/deutschcolor.com\/al\/product\/dc-basics\/#breadcrumb\",\"itemListElement\":[{\"@type\":\"ListItem\",\"position\":1,\"item\":{\"@type\":\"WebPage\",\"@id\":\"https:\/\/deutschcolor.com\/al\/\",\"url\":\"https:\/\/deutschcolor.com\/al\/\",\"name\":\"Home\"}},{\"@type\":\"ListItem\",\"position\":2,\"item\":{\"@type\":\"WebPage\",\"@id\":\"https:\/\/deutschcolor.com\/al\/shop\/\",\"url\":\"https:\/\/deutschcolor.com\/al\/shop\/\",\"name\":\"SHOP\"}},{\"@type\":\"ListItem\",\"position\":3,\"item\":{\"@type\":\"WebPage\",\"@id\":\"https:\/\/deutschcolor.com\/al\/product-category\/bojra\/\",\"url\":\"https:\/\/deutschcolor.com\/al\/product-category\/bojra\/\",\"name\":\"Bojra\"}},{\"@type\":\"ListItem\",\"position\":4,\"item\":{\"@type\":\"WebPage\",\"@id\":\"https:\/\/deutschcolor.com\/al\/product-category\/bojra\/produkte-shoqeruese-bojra\/\",\"url\":\"https:\/\/deutschcolor.com\/al\/product-category\/bojra\/produkte-shoqeruese-bojra\/\",\"name\":\"8.6. Produkte shoq\\u00ebruese\"}},{\"@type\":\"ListItem\",\"position\":5,\"item\":{\"@type\":\"WebPage\",\"@id\":\"https:\/\/deutschcolor.com\/al\/product\/dc-basics\/\",\"url\":\"https:\/\/deutschcolor.com\/al\/product\/dc-basics\/\",\"name\":\"DC Basics\"}}]}]}<\/script>\n<!-- \/ Yoast SEO plugin. -->","_links":{"self":[{"href":"https:\/\/deutschcolor.com\/al\/wp-json\/wp\/v2\/product\/23908","targetHints":{"allow":["GET"]}}],"collection":[{"href":"https:\/\/deutschcolor.com\/al\/wp-json\/wp\/v2\/product"}],"about":[{"href":"https:\/\/deutschcolor.com\/al\/wp-json\/wp\/v2\/types\/product"}],"replies":[{"embeddable":true,"href":"https:\/\/deutschcolor.com\/al\/wp-json\/wp\/v2\/comments?post=23908"}],"wp:featuredmedia":[{"embeddable":true,"href":"https:\/\/deutschcolor.com\/al\/wp-json\/wp\/v2\/media\/24452"}],"wp:attachment":[{"href":"https:\/\/deutschcolor.com\/al\/wp-json\/wp\/v2\/media?parent=23908"}],"curies":[{"name":"wp","href":"https:\/\/api.w.org\/{rel}","templated":true}]}}