{"id":23913,"date":"2019-04-20T21:35:39","date_gmt":"2019-04-20T21:35:39","guid":{"rendered":"https:\/\/deutschcolor.com\/al\/?post_type=product&#038;p=23913"},"modified":"2025-02-21T07:47:16","modified_gmt":"2025-02-21T07:47:16","slug":"off-farbe","status":"publish","type":"product","link":"https:\/\/deutschcolor.com\/al\/product\/off-farbe\/","title":{"rendered":"Off Farbe"},"content":{"rendered":"<p><strong>Karakteristikat e produktit<\/strong><br \/>\n\u2022 P\u00ebrmbajtje e lart\u00eb t\u00eb klorurit t\u00eb metilit<br \/>\n\u2022 Zbut boj\u00ebn dhe hiqet leht\u00eb nga suporti<\/p>\n<p><strong>Rekomandimet p\u00ebr p\u00ebrdorim<\/strong><br \/>\nP\u00ebrdoret n\u00eb t\u00eb gjith\u00eb ato ambiente ose sip\u00ebrfaqe ku duam t\u00eb eleminojm\u00eb boj\u00ebn e vjet\u00ebr dhe t\u00eb aplikojm\u00eb boj\u00eb t\u00eb re. Heqjen e boj\u00ebrave me baz\u00eb akrilike, PVA-VEOVA si edhe t\u00eb atyre me baz\u00eb silikoni.<\/p>\n<p>###<\/p>\n<p><strong>Ruajtja<\/strong><br \/>\n36 muaj n\u00ebse ruhet n\u00eb nj\u00eb vend t\u00eb that\u00eb, larg burimeve t\u00eb nxeht\u00ebsis\u00eb, n\u00eb nj\u00eb temperatur\u00eb midis +5\u00b0C dhe +30\u00b0C. Mbrojeni nga ngrica.<\/p>\n","protected":false},"excerpt":{"rendered":"<p>Solucion ujor i klorurit t\u00eb metilit p\u00ebr heqjen e boj\u00ebs s\u00eb vjet\u00ebr nga muri, druri dhe metalet<\/p>\n","protected":false},"featured_media":24453,"comment_status":"closed","ping_status":"closed","template":"","meta":{"_glsr_average":0,"_glsr_ranking":0,"_glsr_reviews":0},"class_list":["post-23913","product","type-product","status-publish","has-post-thumbnail","hentry","product_cat-bojra","product_cat-produkte-shoqeruese-bojra"],"yoast_head":"<!-- This site is optimized with the Yoast SEO plugin v15.0 - https:\/\/yoast.com\/wordpress\/plugins\/seo\/ -->\n<title>Eleminojm\u00eb boj\u00ebn e vjet\u00ebr - Off Farbe - Deutschcolor - Aplikojm\u00eb boj\u00eb t\u00eb re<\/title>\n<meta name=\"description\" content=\"P\u00ebrdoret n\u00eb t\u00eb gjith\u00eb ato ambiente ose sip\u00ebrfaqe ku duam t\u00eb eleminojm\u00eb boj\u00ebn e vjet\u00ebr dhe t\u00eb aplikojm\u00eb boj\u00eb t\u00eb re.\" \/>\n<meta name=\"robots\" content=\"index, follow, max-snippet:-1, max-image-preview:large, max-video-preview:-1\" \/>\n<link rel=\"canonical\" href=\"https:\/\/deutschcolor.com\/al\/product\/off-farbe\/\" \/>\n<meta property=\"og:locale\" content=\"en_US\" \/>\n<meta property=\"og:type\" content=\"article\" \/>\n<meta property=\"og:title\" content=\"Eleminojm\u00eb boj\u00ebn e vjet\u00ebr - Off Farbe - Deutschcolor - Aplikojm\u00eb boj\u00eb t\u00eb re\" \/>\n<meta property=\"og:description\" content=\"P\u00ebrdoret n\u00eb t\u00eb gjith\u00eb ato ambiente ose sip\u00ebrfaqe ku duam t\u00eb eleminojm\u00eb boj\u00ebn e vjet\u00ebr dhe t\u00eb aplikojm\u00eb boj\u00eb t\u00eb re.\" \/>\n<meta property=\"og:url\" content=\"https:\/\/deutschcolor.com\/al\/product\/off-farbe\/\" \/>\n<meta property=\"og:site_name\" content=\"Deutschcolor\" \/>\n<meta property=\"article:publisher\" content=\"https:\/\/www.facebook.com\/deutschcolorofficial\" \/>\n<meta property=\"article:modified_time\" content=\"2025-02-21T07:47:16+00:00\" \/>\n<meta property=\"og:image\" content=\"https:\/\/deutschcolor.com\/al\/wp-content\/uploads\/2019\/04\/Off-farbe-min.png\" \/>\n\t<meta property=\"og:image:width\" content=\"1000\" \/>\n\t<meta property=\"og:image:height\" content=\"1000\" \/>\n<meta name=\"twitter:card\" content=\"summary_large_image\" \/>\n<script type=\"application\/ld+json\" class=\"yoast-schema-graph\">{\"@context\":\"https:\/\/schema.org\",\"@graph\":[{\"@type\":\"WebSite\",\"@id\":\"https:\/\/deutschcolor.com\/al\/#website\",\"url\":\"https:\/\/deutschcolor.com\/al\/\",\"name\":\"Deutschcolor\",\"description\":\"Deutschcolor Albania\",\"potentialAction\":[{\"@type\":\"SearchAction\",\"target\":\"https:\/\/deutschcolor.com\/al\/?s={search_term_string}\",\"query-input\":\"required name=search_term_string\"}],\"inLanguage\":\"en-US\"},{\"@type\":\"ImageObject\",\"@id\":\"https:\/\/deutschcolor.com\/al\/product\/off-farbe\/#primaryimage\",\"inLanguage\":\"en-US\",\"url\":\"https:\/\/deutschcolor.com\/al\/wp-content\/uploads\/2019\/04\/Off-farbe-min.png\",\"width\":1000,\"height\":1000},{\"@type\":\"WebPage\",\"@id\":\"https:\/\/deutschcolor.com\/al\/product\/off-farbe\/#webpage\",\"url\":\"https:\/\/deutschcolor.com\/al\/product\/off-farbe\/\",\"name\":\"Eleminojm\\u00eb boj\\u00ebn e vjet\\u00ebr - Off Farbe - Deutschcolor - Aplikojm\\u00eb boj\\u00eb t\\u00eb re\",\"isPartOf\":{\"@id\":\"https:\/\/deutschcolor.com\/al\/#website\"},\"primaryImageOfPage\":{\"@id\":\"https:\/\/deutschcolor.com\/al\/product\/off-farbe\/#primaryimage\"},\"datePublished\":\"2019-04-20T21:35:39+00:00\",\"dateModified\":\"2025-02-21T07:47:16+00:00\",\"description\":\"P\\u00ebrdoret n\\u00eb t\\u00eb gjith\\u00eb ato ambiente ose sip\\u00ebrfaqe ku duam t\\u00eb eleminojm\\u00eb boj\\u00ebn e vjet\\u00ebr dhe t\\u00eb aplikojm\\u00eb boj\\u00eb t\\u00eb re.\",\"breadcrumb\":{\"@id\":\"https:\/\/deutschcolor.com\/al\/product\/off-farbe\/#breadcrumb\"},\"inLanguage\":\"en-US\",\"potentialAction\":[{\"@type\":\"ReadAction\",\"target\":[\"https:\/\/deutschcolor.com\/al\/product\/off-farbe\/\"]}]},{\"@type\":\"BreadcrumbList\",\"@id\":\"https:\/\/deutschcolor.com\/al\/product\/off-farbe\/#breadcrumb\",\"itemListElement\":[{\"@type\":\"ListItem\",\"position\":1,\"item\":{\"@type\":\"WebPage\",\"@id\":\"https:\/\/deutschcolor.com\/al\/\",\"url\":\"https:\/\/deutschcolor.com\/al\/\",\"name\":\"Home\"}},{\"@type\":\"ListItem\",\"position\":2,\"item\":{\"@type\":\"WebPage\",\"@id\":\"https:\/\/deutschcolor.com\/al\/shop\/\",\"url\":\"https:\/\/deutschcolor.com\/al\/shop\/\",\"name\":\"SHOP\"}},{\"@type\":\"ListItem\",\"position\":3,\"item\":{\"@type\":\"WebPage\",\"@id\":\"https:\/\/deutschcolor.com\/al\/product-category\/bojra\/\",\"url\":\"https:\/\/deutschcolor.com\/al\/product-category\/bojra\/\",\"name\":\"Bojra\"}},{\"@type\":\"ListItem\",\"position\":4,\"item\":{\"@type\":\"WebPage\",\"@id\":\"https:\/\/deutschcolor.com\/al\/product-category\/bojra\/produkte-shoqeruese-bojra\/\",\"url\":\"https:\/\/deutschcolor.com\/al\/product-category\/bojra\/produkte-shoqeruese-bojra\/\",\"name\":\"8.6. Produkte shoq\\u00ebruese\"}},{\"@type\":\"ListItem\",\"position\":5,\"item\":{\"@type\":\"WebPage\",\"@id\":\"https:\/\/deutschcolor.com\/al\/product\/off-farbe\/\",\"url\":\"https:\/\/deutschcolor.com\/al\/product\/off-farbe\/\",\"name\":\"Off Farbe\"}}]}]}<\/script>\n<!-- \/ Yoast SEO plugin. -->","_links":{"self":[{"href":"https:\/\/deutschcolor.com\/al\/wp-json\/wp\/v2\/product\/23913","targetHints":{"allow":["GET"]}}],"collection":[{"href":"https:\/\/deutschcolor.com\/al\/wp-json\/wp\/v2\/product"}],"about":[{"href":"https:\/\/deutschcolor.com\/al\/wp-json\/wp\/v2\/types\/product"}],"replies":[{"embeddable":true,"href":"https:\/\/deutschcolor.com\/al\/wp-json\/wp\/v2\/comments?post=23913"}],"wp:featuredmedia":[{"embeddable":true,"href":"https:\/\/deutschcolor.com\/al\/wp-json\/wp\/v2\/media\/24453"}],"wp:attachment":[{"href":"https:\/\/deutschcolor.com\/al\/wp-json\/wp\/v2\/media?parent=23913"}],"curies":[{"name":"wp","href":"https:\/\/api.w.org\/{rel}","templated":true}]}}