{"id":23925,"date":"2019-04-20T21:47:19","date_gmt":"2019-04-20T21:47:19","guid":{"rendered":"https:\/\/deutschcolor.com\/al\/?post_type=product&#038;p=23925"},"modified":"2025-02-21T07:28:11","modified_gmt":"2025-02-21T07:28:11","slug":"vintage-art","status":"publish","type":"product","link":"https:\/\/deutschcolor.com\/al\/product\/vintage-art\/","title":{"rendered":"Vintage Art"},"content":{"rendered":"<p><strong>Karakteristikat e produktit<\/strong><br \/>\n\u2022 Rezistent ndaj ujit<br \/>\n\u2022 Me efekt shk\u00eblqimi<br \/>\n\u2022 Aplikim i leht\u00eb dhe ngjitje e fort\u00eb<br \/>\n\u2022 Sip\u00ebrfaqe e ngjashme me betonin<\/p>\n<p><strong>Rekomandimet p\u00ebr p\u00ebrdorim<\/strong><br \/>\nVintage Art mund t\u00eb aplikohet n\u00eb ambiente t\u00eb brendshme dhe t\u00eb jashtme si p\u00ebr shembull me baz\u00eb \u00e7imento, \u00e7imentog\u00eblqere, sip\u00ebrfaqe betoni, sip\u00ebrfaqe gipsi dhe panele gipsi, boj\u00ebra t\u00eb vjetra dhe shtresa. Mund t\u00eb aplikohet mbi sisteme t\u00eb izolimit termik n\u00eb fasada t\u00eb objekteve.<\/p>\n<p>###<\/p>\n<p><strong>Ruajtja<\/strong><br \/>\n36 muaj n\u00ebse ruhet n\u00eb nj\u00eb vend t\u00eb that\u00eb, larg burimeve t\u00eb nxeht\u00ebsis\u00eb, n\u00eb nj\u00eb temperatur\u00eb midis +5\u00b0C dhe +30\u00b0C. Mbrojeni nga ngrica.<\/p>\n<p><strong>Sh\u00ebnime<\/strong><br \/>\n\u2022 Konsumi ndikohet shum\u00eb nga aft\u00ebsia absorbuese dhe ashp\u00ebrsia e sip\u00ebrfaqes e cila do t\u00eb lyhet. N\u00eb var\u00ebsi t\u00eb aplikimit dhe sip\u00ebrfaqes shkalla e hapjes varion nga 1-1.5 kg\/m2.<\/p>\n","protected":false},"excerpt":{"rendered":"<p>Stuko dekorative me efekt betoni me baz\u00eb rezine akrilike dhe silikonike p\u00ebr p\u00ebrdorim t\u00eb brendsh\u00ebm dhe t\u00eb jasht\u00ebm<\/p>\n","protected":false},"featured_media":24456,"comment_status":"closed","ping_status":"closed","template":"","meta":{"_glsr_average":0,"_glsr_ranking":0,"_glsr_reviews":0},"class_list":["post-23925","product","type-product","status-publish","has-post-thumbnail","hentry","product_cat-bojra","product_cat-bojera-dekorative"],"yoast_head":"<!-- This site is optimized with the Yoast SEO plugin v15.0 - https:\/\/yoast.com\/wordpress\/plugins\/seo\/ -->\n<title>Stuko me baz\u00eb uji - Vintage Art - Deutsch Color - Zgjedhja juaj profesionale<\/title>\n<meta name=\"description\" content=\"Stuko me baz\u00eb uji, akrilik-silikon, gati p\u00ebr p\u00ebrdorim, q\u00eb jep nj\u00eb efekt dekorativ t\u00eb sip\u00ebrfaqes s\u00eb betonit. Zgjedhja juaj profesionale.\" \/>\n<meta name=\"robots\" content=\"index, follow, max-snippet:-1, max-image-preview:large, max-video-preview:-1\" \/>\n<link rel=\"canonical\" href=\"https:\/\/deutschcolor.com\/al\/product\/vintage-art\/\" \/>\n<meta property=\"og:locale\" content=\"en_US\" \/>\n<meta property=\"og:type\" content=\"article\" \/>\n<meta property=\"og:title\" content=\"Stuko me baz\u00eb uji - Vintage Art - Deutsch Color - Zgjedhja juaj profesionale\" \/>\n<meta property=\"og:description\" content=\"Stuko me baz\u00eb uji, akrilik-silikon, gati p\u00ebr p\u00ebrdorim, q\u00eb jep nj\u00eb efekt dekorativ t\u00eb sip\u00ebrfaqes s\u00eb betonit. Zgjedhja juaj profesionale.\" \/>\n<meta property=\"og:url\" content=\"https:\/\/deutschcolor.com\/al\/product\/vintage-art\/\" \/>\n<meta property=\"og:site_name\" content=\"Deutschcolor\" \/>\n<meta property=\"article:publisher\" content=\"https:\/\/www.facebook.com\/deutschcolorofficial\" \/>\n<meta property=\"article:modified_time\" content=\"2025-02-21T07:28:11+00:00\" \/>\n<meta property=\"og:image\" content=\"https:\/\/deutschcolor.com\/al\/wp-content\/uploads\/2019\/04\/VINTAGE-ART-min.png\" \/>\n\t<meta property=\"og:image:width\" content=\"1000\" \/>\n\t<meta property=\"og:image:height\" content=\"1000\" \/>\n<meta name=\"twitter:card\" content=\"summary_large_image\" \/>\n<script type=\"application\/ld+json\" class=\"yoast-schema-graph\">{\"@context\":\"https:\/\/schema.org\",\"@graph\":[{\"@type\":\"WebSite\",\"@id\":\"https:\/\/deutschcolor.com\/al\/#website\",\"url\":\"https:\/\/deutschcolor.com\/al\/\",\"name\":\"Deutschcolor\",\"description\":\"Deutschcolor Albania\",\"potentialAction\":[{\"@type\":\"SearchAction\",\"target\":\"https:\/\/deutschcolor.com\/al\/?s={search_term_string}\",\"query-input\":\"required name=search_term_string\"}],\"inLanguage\":\"en-US\"},{\"@type\":\"ImageObject\",\"@id\":\"https:\/\/deutschcolor.com\/al\/product\/vintage-art\/#primaryimage\",\"inLanguage\":\"en-US\",\"url\":\"https:\/\/deutschcolor.com\/al\/wp-content\/uploads\/2019\/04\/VINTAGE-ART-min.png\",\"width\":1000,\"height\":1000},{\"@type\":\"WebPage\",\"@id\":\"https:\/\/deutschcolor.com\/al\/product\/vintage-art\/#webpage\",\"url\":\"https:\/\/deutschcolor.com\/al\/product\/vintage-art\/\",\"name\":\"Stuko me baz\\u00eb uji - Vintage Art - Deutsch Color - Zgjedhja juaj profesionale\",\"isPartOf\":{\"@id\":\"https:\/\/deutschcolor.com\/al\/#website\"},\"primaryImageOfPage\":{\"@id\":\"https:\/\/deutschcolor.com\/al\/product\/vintage-art\/#primaryimage\"},\"datePublished\":\"2019-04-20T21:47:19+00:00\",\"dateModified\":\"2025-02-21T07:28:11+00:00\",\"description\":\"Stuko me baz\\u00eb uji, akrilik-silikon, gati p\\u00ebr p\\u00ebrdorim, q\\u00eb jep nj\\u00eb efekt dekorativ t\\u00eb sip\\u00ebrfaqes s\\u00eb betonit. Zgjedhja juaj profesionale.\",\"breadcrumb\":{\"@id\":\"https:\/\/deutschcolor.com\/al\/product\/vintage-art\/#breadcrumb\"},\"inLanguage\":\"en-US\",\"potentialAction\":[{\"@type\":\"ReadAction\",\"target\":[\"https:\/\/deutschcolor.com\/al\/product\/vintage-art\/\"]}]},{\"@type\":\"BreadcrumbList\",\"@id\":\"https:\/\/deutschcolor.com\/al\/product\/vintage-art\/#breadcrumb\",\"itemListElement\":[{\"@type\":\"ListItem\",\"position\":1,\"item\":{\"@type\":\"WebPage\",\"@id\":\"https:\/\/deutschcolor.com\/al\/\",\"url\":\"https:\/\/deutschcolor.com\/al\/\",\"name\":\"Home\"}},{\"@type\":\"ListItem\",\"position\":2,\"item\":{\"@type\":\"WebPage\",\"@id\":\"https:\/\/deutschcolor.com\/al\/shop\/\",\"url\":\"https:\/\/deutschcolor.com\/al\/shop\/\",\"name\":\"SHOP\"}},{\"@type\":\"ListItem\",\"position\":3,\"item\":{\"@type\":\"WebPage\",\"@id\":\"https:\/\/deutschcolor.com\/al\/product-category\/bojra\/\",\"url\":\"https:\/\/deutschcolor.com\/al\/product-category\/bojra\/\",\"name\":\"Bojra\"}},{\"@type\":\"ListItem\",\"position\":4,\"item\":{\"@type\":\"WebPage\",\"@id\":\"https:\/\/deutschcolor.com\/al\/product-category\/bojra\/bojera-dekorative\/\",\"url\":\"https:\/\/deutschcolor.com\/al\/product-category\/bojra\/bojera-dekorative\/\",\"name\":\"8.5. Boj\\u00ebra dekorative\"}},{\"@type\":\"ListItem\",\"position\":5,\"item\":{\"@type\":\"WebPage\",\"@id\":\"https:\/\/deutschcolor.com\/al\/product\/vintage-art\/\",\"url\":\"https:\/\/deutschcolor.com\/al\/product\/vintage-art\/\",\"name\":\"Vintage Art\"}}]}]}<\/script>\n<!-- \/ Yoast SEO plugin. -->","_links":{"self":[{"href":"https:\/\/deutschcolor.com\/al\/wp-json\/wp\/v2\/product\/23925","targetHints":{"allow":["GET"]}}],"collection":[{"href":"https:\/\/deutschcolor.com\/al\/wp-json\/wp\/v2\/product"}],"about":[{"href":"https:\/\/deutschcolor.com\/al\/wp-json\/wp\/v2\/types\/product"}],"replies":[{"embeddable":true,"href":"https:\/\/deutschcolor.com\/al\/wp-json\/wp\/v2\/comments?post=23925"}],"wp:featuredmedia":[{"embeddable":true,"href":"https:\/\/deutschcolor.com\/al\/wp-json\/wp\/v2\/media\/24456"}],"wp:attachment":[{"href":"https:\/\/deutschcolor.com\/al\/wp-json\/wp\/v2\/media?parent=23925"}],"curies":[{"name":"wp","href":"https:\/\/api.w.org\/{rel}","templated":true}]}}