{"id":23929,"date":"2019-04-20T21:49:09","date_gmt":"2019-04-20T21:49:09","guid":{"rendered":"https:\/\/deutschcolor.com\/al\/?post_type=product&#038;p=23929"},"modified":"2025-05-08T10:35:13","modified_gmt":"2025-05-08T10:35:13","slug":"dorex","status":"publish","type":"product","link":"https:\/\/deutschcolor.com\/al\/product\/dorex\/","title":{"rendered":"Dorex"},"content":{"rendered":"<p><strong>Karakteristikat e produktit<\/strong><br \/>\n1 Pa amoniak<br \/>\n2 Ngjitje e fort\u00eb<br \/>\n3 Aplikim i leht\u00eb<br \/>\n4 Efekt zb\u00ebrthimi<br \/>\n5 Rezistenc\u00eb ndaj ujit<br \/>\n6 Q\u00ebndrueshm\u00ebri e mir\u00eb<\/p>\n<p><strong>Rekomandimet p\u00ebr p\u00ebrdorim<\/strong><br \/>\nStuko me baz\u00eb uji. Dorex mund t\u00eb aplikohet brenda mbi; suvatime t\u00eb reja dhe t\u00eb vjetra t\u00eb bazuara n\u00eb ngjit\u00ebs hidraulik\u00eb, sip\u00ebrfaqe betoni, sip\u00ebrfaqe suvatimi dhe kompensate, boj\u00ebra t\u00eb vjetra dhe shtresa q\u00eb jan\u00eb organike ose minerale, t\u00eb thata, kompakte, absorbuese dhe kohezive, konglomerate t\u00eb llojeve t\u00eb ndryshme q\u00eb sigurojn\u00eb absorbim mineral, sip\u00ebrfaqe druri, kompensate, kompensate t\u00eb presuar dhe t\u00eb ngjashme, p\u00ebr sa koh\u00eb q\u00eb sip\u00ebrfaqja trajtohet me veshjen e duhur t\u00eb baz\u00ebs.<\/p>\n<p>###<\/p>\n<p><strong>Ruajtja<\/strong><br \/>\n24 muaj, ruajtur n\u00eb vende t\u00eb thata t\u00eb brendshme.<\/p>\n<p><strong>Sh\u00ebnime<\/strong><br \/>\n1 N\u00eb sip\u00ebrfaqet e fresk\u00ebta t\u00eb betonit produkti rekomandohet t\u00eb aplikohet t\u00eb pakt\u00ebn pas 30-40 dit\u00ebsh.<br \/>\n2 Rekomandohet t\u00eb shmangni aplikimin e produktit n\u00eb temperatura n\u00ebn 5\u00baC<\/p>\n<p>###<\/p>\n<p>Boj\u00ebra Dekorative <a href=\"https:\/\/deutschcolor.com\/al\/product-category\/bojra\/\" target=\"_blank\" rel=\"noopener\">kliko ketu<\/a>. Partneret Tane <a href=\"https:\/\/deltacorporation.eu\/\" target=\"_blank\" rel=\"noopener\">Delta Corporation<\/a>.<\/p>\n","protected":false},"excerpt":{"rendered":"<p>Stuko dekorative me efekt plasaritje<\/p>\n","protected":false},"featured_media":24457,"comment_status":"closed","ping_status":"closed","template":"","meta":{"_glsr_average":0,"_glsr_ranking":0,"_glsr_reviews":0},"class_list":["post-23929","product","type-product","status-publish","has-post-thumbnail","hentry","product_cat-bojra","product_cat-bojera-dekorative"],"yoast_head":"<!-- This site is optimized with the Yoast SEO plugin v15.0 - https:\/\/yoast.com\/wordpress\/plugins\/seo\/ -->\n<title>Stuko me baz\u00eb uji - Dorex - Deutsch Color - Zgjedhja juaj profesionale<\/title>\n<meta name=\"description\" content=\"DOREX: Stuko me baz\u00eb uji, akrilik-silikon, gati p\u00ebr p\u00ebrdorim, e p\u00ebrshtatshme p\u00ebr stukim dhe q\u00eb mund\u00ebson efekt dekorativ.\" \/>\n<meta name=\"robots\" content=\"index, follow, max-snippet:-1, max-image-preview:large, max-video-preview:-1\" \/>\n<link rel=\"canonical\" href=\"https:\/\/deutschcolor.com\/al\/product\/dorex\/\" \/>\n<meta property=\"og:locale\" content=\"en_US\" \/>\n<meta property=\"og:type\" content=\"article\" \/>\n<meta property=\"og:title\" content=\"Stuko me baz\u00eb uji - Dorex - Deutsch Color - Zgjedhja juaj profesionale\" \/>\n<meta property=\"og:description\" content=\"DOREX: Stuko me baz\u00eb uji, akrilik-silikon, gati p\u00ebr p\u00ebrdorim, e p\u00ebrshtatshme p\u00ebr stukim dhe q\u00eb mund\u00ebson efekt dekorativ.\" \/>\n<meta property=\"og:url\" content=\"https:\/\/deutschcolor.com\/al\/product\/dorex\/\" \/>\n<meta property=\"og:site_name\" content=\"Deutschcolor\" \/>\n<meta property=\"article:publisher\" content=\"https:\/\/www.facebook.com\/deutschcolorofficial\" \/>\n<meta property=\"article:modified_time\" content=\"2025-05-08T10:35:13+00:00\" \/>\n<meta property=\"og:image\" content=\"https:\/\/deutschcolor.com\/al\/wp-content\/uploads\/2019\/04\/Dorex-min.png\" \/>\n\t<meta property=\"og:image:width\" content=\"1000\" \/>\n\t<meta property=\"og:image:height\" content=\"1000\" \/>\n<meta name=\"twitter:card\" content=\"summary_large_image\" \/>\n<script type=\"application\/ld+json\" class=\"yoast-schema-graph\">{\"@context\":\"https:\/\/schema.org\",\"@graph\":[{\"@type\":\"WebSite\",\"@id\":\"https:\/\/deutschcolor.com\/al\/#website\",\"url\":\"https:\/\/deutschcolor.com\/al\/\",\"name\":\"Deutschcolor\",\"description\":\"Deutschcolor Albania\",\"potentialAction\":[{\"@type\":\"SearchAction\",\"target\":\"https:\/\/deutschcolor.com\/al\/?s={search_term_string}\",\"query-input\":\"required name=search_term_string\"}],\"inLanguage\":\"en-US\"},{\"@type\":\"ImageObject\",\"@id\":\"https:\/\/deutschcolor.com\/al\/product\/dorex\/#primaryimage\",\"inLanguage\":\"en-US\",\"url\":\"https:\/\/deutschcolor.com\/al\/wp-content\/uploads\/2019\/04\/Dorex-min.png\",\"width\":1000,\"height\":1000,\"caption\":\"DOREX: Stuko me baz\\u00eb uji, akrilik-silikon, nga Deutsch Color\"},{\"@type\":\"WebPage\",\"@id\":\"https:\/\/deutschcolor.com\/al\/product\/dorex\/#webpage\",\"url\":\"https:\/\/deutschcolor.com\/al\/product\/dorex\/\",\"name\":\"Stuko me baz\\u00eb uji - Dorex - Deutsch Color - Zgjedhja juaj profesionale\",\"isPartOf\":{\"@id\":\"https:\/\/deutschcolor.com\/al\/#website\"},\"primaryImageOfPage\":{\"@id\":\"https:\/\/deutschcolor.com\/al\/product\/dorex\/#primaryimage\"},\"datePublished\":\"2019-04-20T21:49:09+00:00\",\"dateModified\":\"2025-05-08T10:35:13+00:00\",\"description\":\"DOREX: Stuko me baz\\u00eb uji, akrilik-silikon, gati p\\u00ebr p\\u00ebrdorim, e p\\u00ebrshtatshme p\\u00ebr stukim dhe q\\u00eb mund\\u00ebson efekt dekorativ.\",\"breadcrumb\":{\"@id\":\"https:\/\/deutschcolor.com\/al\/product\/dorex\/#breadcrumb\"},\"inLanguage\":\"en-US\",\"potentialAction\":[{\"@type\":\"ReadAction\",\"target\":[\"https:\/\/deutschcolor.com\/al\/product\/dorex\/\"]}]},{\"@type\":\"BreadcrumbList\",\"@id\":\"https:\/\/deutschcolor.com\/al\/product\/dorex\/#breadcrumb\",\"itemListElement\":[{\"@type\":\"ListItem\",\"position\":1,\"item\":{\"@type\":\"WebPage\",\"@id\":\"https:\/\/deutschcolor.com\/al\/\",\"url\":\"https:\/\/deutschcolor.com\/al\/\",\"name\":\"Home\"}},{\"@type\":\"ListItem\",\"position\":2,\"item\":{\"@type\":\"WebPage\",\"@id\":\"https:\/\/deutschcolor.com\/al\/shop\/\",\"url\":\"https:\/\/deutschcolor.com\/al\/shop\/\",\"name\":\"SHOP\"}},{\"@type\":\"ListItem\",\"position\":3,\"item\":{\"@type\":\"WebPage\",\"@id\":\"https:\/\/deutschcolor.com\/al\/product-category\/bojra\/\",\"url\":\"https:\/\/deutschcolor.com\/al\/product-category\/bojra\/\",\"name\":\"Bojra\"}},{\"@type\":\"ListItem\",\"position\":4,\"item\":{\"@type\":\"WebPage\",\"@id\":\"https:\/\/deutschcolor.com\/al\/product-category\/bojra\/bojera-dekorative\/\",\"url\":\"https:\/\/deutschcolor.com\/al\/product-category\/bojra\/bojera-dekorative\/\",\"name\":\"8.5. Boj\\u00ebra dekorative\"}},{\"@type\":\"ListItem\",\"position\":5,\"item\":{\"@type\":\"WebPage\",\"@id\":\"https:\/\/deutschcolor.com\/al\/product\/dorex\/\",\"url\":\"https:\/\/deutschcolor.com\/al\/product\/dorex\/\",\"name\":\"Dorex\"}}]}]}<\/script>\n<!-- \/ Yoast SEO plugin. -->","_links":{"self":[{"href":"https:\/\/deutschcolor.com\/al\/wp-json\/wp\/v2\/product\/23929","targetHints":{"allow":["GET"]}}],"collection":[{"href":"https:\/\/deutschcolor.com\/al\/wp-json\/wp\/v2\/product"}],"about":[{"href":"https:\/\/deutschcolor.com\/al\/wp-json\/wp\/v2\/types\/product"}],"replies":[{"embeddable":true,"href":"https:\/\/deutschcolor.com\/al\/wp-json\/wp\/v2\/comments?post=23929"}],"wp:featuredmedia":[{"embeddable":true,"href":"https:\/\/deutschcolor.com\/al\/wp-json\/wp\/v2\/media\/24457"}],"wp:attachment":[{"href":"https:\/\/deutschcolor.com\/al\/wp-json\/wp\/v2\/media?parent=23929"}],"curies":[{"name":"wp","href":"https:\/\/api.w.org\/{rel}","templated":true}]}}