{"id":23933,"date":"2019-04-20T21:50:53","date_gmt":"2019-04-20T21:50:53","guid":{"rendered":"https:\/\/deutschcolor.com\/al\/?post_type=product&#038;p=23933"},"modified":"2025-02-21T07:39:27","modified_gmt":"2025-02-21T07:39:27","slug":"rust-effect","status":"publish","type":"product","link":"https:\/\/deutschcolor.com\/al\/product\/rust-effect\/","title":{"rendered":"Rust Effect"},"content":{"rendered":"<p><strong>Karakteristikat e produktit<\/strong><br \/>\n\u2022 Pa amoniak<br \/>\n\u2022 Efekt estetik<br \/>\n\u2022 Ngjitje e fort\u00eb<br \/>\n\u2022 Aplikim i leht\u00eb<br \/>\n\u2022 Efekt ndryshku<br \/>\n\u2022 Pa tkurrje dhe Nuk krijon \u00e7arje<\/p>\n<p><strong>Rekomandimet p\u00ebr p\u00ebrdorim<\/strong><br \/>\nMe procedura t\u00eb ndryshme aplikimi, Rust Effect mund t\u00eb p\u00ebrdoret mbi lla\u00e7e, suvatime t\u00eb p\u00ebrziera m\u00eb par\u00eb, t\u00eb reja dhe t\u00eb im\u00ebta, suvatime ekzistuese gelqere, panele gipsi, boj\u00ebra sintetike dhe minerale ekzistuese, konglomerate t\u00eb ndryshme minerale thith\u00ebse, n\u00eb sip\u00ebrfaqe t\u00eb ndryshme kompensate, fib\u00ebrta, MDF, duri, n\u00eb n\u00ebnshtresa polivinil kloruri, n\u00ebnshtresa \u00e7eliku t\u00eb zinkura, n\u00ebnshtresa hekuri, fibro\u00e7imento.<\/p>\n<p>###<\/p>\n<p><strong>Ruajtja<\/strong><br \/>\n24 muaj, ruajtur n\u00eb vende t\u00eb thata t\u00eb brendshme.<\/p>\n<p><strong>Sh\u00ebnime<\/strong><br \/>\n\u2022 N\u00eb sip\u00ebrfaqet e fresk\u00ebta t\u00eb betonit produkti rekomandohet t\u00eb aplikohet t\u00eb pakt\u00ebn pas 30-40 dit\u00ebsh.<br \/>\n\u2022 Rekomandohet t\u00eb shmangni aplikimin e produktit n\u00eb temperatura n\u00ebn 5\u00baC.<\/p>\n","protected":false},"excerpt":{"rendered":"<p>Boj\u00eb dekorative q\u00eb jep efektin e ndryshkut<\/p>\n","protected":false},"featured_media":24458,"comment_status":"closed","ping_status":"closed","template":"","meta":{"_glsr_average":0,"_glsr_ranking":0,"_glsr_reviews":0},"class_list":["post-23933","product","type-product","status-publish","has-post-thumbnail","hentry","product_cat-bojra","product_cat-bojera-dekorative"],"yoast_head":"<!-- This site is optimized with the Yoast SEO plugin v15.0 - https:\/\/yoast.com\/wordpress\/plugins\/seo\/ -->\n<title>Veshje dekorative - Rust Effect - Deutsch Color - Zgjedhja e produktit ideal<\/title>\n<meta name=\"description\" content=\"Veshje dekorative me efekt ndryshku, gati p\u00ebr p\u00ebrdorim, p\u00ebr p\u00ebrdorim t\u00eb brendsh\u00ebm dhe t\u00eb jasht\u00ebm. Pa amoniak, efekt estetik, ngjitje e fort\u00eb.\" \/>\n<meta name=\"robots\" content=\"index, follow, max-snippet:-1, max-image-preview:large, max-video-preview:-1\" \/>\n<link rel=\"canonical\" href=\"https:\/\/deutschcolor.com\/al\/product\/rust-effect\/\" \/>\n<meta property=\"og:locale\" content=\"en_US\" \/>\n<meta property=\"og:type\" content=\"article\" \/>\n<meta property=\"og:title\" content=\"Veshje dekorative - Rust Effect - Deutsch Color - Zgjedhja e produktit ideal\" \/>\n<meta property=\"og:description\" content=\"Veshje dekorative me efekt ndryshku, gati p\u00ebr p\u00ebrdorim, p\u00ebr p\u00ebrdorim t\u00eb brendsh\u00ebm dhe t\u00eb jasht\u00ebm. Pa amoniak, efekt estetik, ngjitje e fort\u00eb.\" \/>\n<meta property=\"og:url\" content=\"https:\/\/deutschcolor.com\/al\/product\/rust-effect\/\" \/>\n<meta property=\"og:site_name\" content=\"Deutschcolor\" \/>\n<meta property=\"article:publisher\" content=\"https:\/\/www.facebook.com\/deutschcolorofficial\" \/>\n<meta property=\"article:modified_time\" content=\"2025-02-21T07:39:27+00:00\" \/>\n<meta property=\"og:image\" content=\"https:\/\/deutschcolor.com\/al\/wp-content\/uploads\/2019\/04\/Rust-effect-kova-min.png\" \/>\n\t<meta property=\"og:image:width\" content=\"1000\" \/>\n\t<meta property=\"og:image:height\" content=\"1000\" \/>\n<meta name=\"twitter:card\" content=\"summary_large_image\" \/>\n<script type=\"application\/ld+json\" class=\"yoast-schema-graph\">{\"@context\":\"https:\/\/schema.org\",\"@graph\":[{\"@type\":\"WebSite\",\"@id\":\"https:\/\/deutschcolor.com\/al\/#website\",\"url\":\"https:\/\/deutschcolor.com\/al\/\",\"name\":\"Deutschcolor\",\"description\":\"Deutschcolor Albania\",\"potentialAction\":[{\"@type\":\"SearchAction\",\"target\":\"https:\/\/deutschcolor.com\/al\/?s={search_term_string}\",\"query-input\":\"required name=search_term_string\"}],\"inLanguage\":\"en-US\"},{\"@type\":\"ImageObject\",\"@id\":\"https:\/\/deutschcolor.com\/al\/product\/rust-effect\/#primaryimage\",\"inLanguage\":\"en-US\",\"url\":\"https:\/\/deutschcolor.com\/al\/wp-content\/uploads\/2019\/04\/Rust-effect-kova-min.png\",\"width\":1000,\"height\":1000},{\"@type\":\"WebPage\",\"@id\":\"https:\/\/deutschcolor.com\/al\/product\/rust-effect\/#webpage\",\"url\":\"https:\/\/deutschcolor.com\/al\/product\/rust-effect\/\",\"name\":\"Veshje dekorative - Rust Effect - Deutsch Color - Zgjedhja e produktit ideal\",\"isPartOf\":{\"@id\":\"https:\/\/deutschcolor.com\/al\/#website\"},\"primaryImageOfPage\":{\"@id\":\"https:\/\/deutschcolor.com\/al\/product\/rust-effect\/#primaryimage\"},\"datePublished\":\"2019-04-20T21:50:53+00:00\",\"dateModified\":\"2025-02-21T07:39:27+00:00\",\"description\":\"Veshje dekorative me efekt ndryshku, gati p\\u00ebr p\\u00ebrdorim, p\\u00ebr p\\u00ebrdorim t\\u00eb brendsh\\u00ebm dhe t\\u00eb jasht\\u00ebm. Pa amoniak, efekt estetik, ngjitje e fort\\u00eb.\",\"breadcrumb\":{\"@id\":\"https:\/\/deutschcolor.com\/al\/product\/rust-effect\/#breadcrumb\"},\"inLanguage\":\"en-US\",\"potentialAction\":[{\"@type\":\"ReadAction\",\"target\":[\"https:\/\/deutschcolor.com\/al\/product\/rust-effect\/\"]}]},{\"@type\":\"BreadcrumbList\",\"@id\":\"https:\/\/deutschcolor.com\/al\/product\/rust-effect\/#breadcrumb\",\"itemListElement\":[{\"@type\":\"ListItem\",\"position\":1,\"item\":{\"@type\":\"WebPage\",\"@id\":\"https:\/\/deutschcolor.com\/al\/\",\"url\":\"https:\/\/deutschcolor.com\/al\/\",\"name\":\"Home\"}},{\"@type\":\"ListItem\",\"position\":2,\"item\":{\"@type\":\"WebPage\",\"@id\":\"https:\/\/deutschcolor.com\/al\/shop\/\",\"url\":\"https:\/\/deutschcolor.com\/al\/shop\/\",\"name\":\"SHOP\"}},{\"@type\":\"ListItem\",\"position\":3,\"item\":{\"@type\":\"WebPage\",\"@id\":\"https:\/\/deutschcolor.com\/al\/product-category\/bojra\/\",\"url\":\"https:\/\/deutschcolor.com\/al\/product-category\/bojra\/\",\"name\":\"Bojra\"}},{\"@type\":\"ListItem\",\"position\":4,\"item\":{\"@type\":\"WebPage\",\"@id\":\"https:\/\/deutschcolor.com\/al\/product-category\/bojra\/bojera-dekorative\/\",\"url\":\"https:\/\/deutschcolor.com\/al\/product-category\/bojra\/bojera-dekorative\/\",\"name\":\"8.5. Boj\\u00ebra dekorative\"}},{\"@type\":\"ListItem\",\"position\":5,\"item\":{\"@type\":\"WebPage\",\"@id\":\"https:\/\/deutschcolor.com\/al\/product\/rust-effect\/\",\"url\":\"https:\/\/deutschcolor.com\/al\/product\/rust-effect\/\",\"name\":\"Rust Effect\"}}]}]}<\/script>\n<!-- \/ Yoast SEO plugin. -->","_links":{"self":[{"href":"https:\/\/deutschcolor.com\/al\/wp-json\/wp\/v2\/product\/23933","targetHints":{"allow":["GET"]}}],"collection":[{"href":"https:\/\/deutschcolor.com\/al\/wp-json\/wp\/v2\/product"}],"about":[{"href":"https:\/\/deutschcolor.com\/al\/wp-json\/wp\/v2\/types\/product"}],"replies":[{"embeddable":true,"href":"https:\/\/deutschcolor.com\/al\/wp-json\/wp\/v2\/comments?post=23933"}],"wp:featuredmedia":[{"embeddable":true,"href":"https:\/\/deutschcolor.com\/al\/wp-json\/wp\/v2\/media\/24458"}],"wp:attachment":[{"href":"https:\/\/deutschcolor.com\/al\/wp-json\/wp\/v2\/media?parent=23933"}],"curies":[{"name":"wp","href":"https:\/\/api.w.org\/{rel}","templated":true}]}}