{"id":23944,"date":"2019-04-20T21:58:28","date_gmt":"2019-04-20T21:58:28","guid":{"rendered":"https:\/\/deutschcolor.com\/al\/?post_type=product&#038;p=23944"},"modified":"2025-02-20T09:02:42","modified_gmt":"2025-02-20T09:02:42","slug":"schnellgrund","status":"publish","type":"product","link":"https:\/\/deutschcolor.com\/al\/product\/schnellgrund\/","title":{"rendered":"Schnellgrund"},"content":{"rendered":"<p><strong>Karakteristikat e produktit<\/strong><br \/>\n\u2022 Pa plumb dhe krom<br \/>\n\u2022 Mbrojtje nga korrozioni<br \/>\n\u2022 Veti t\u00eb shk\u00eblqyera mbushjeje<br \/>\n\u2022 Mbulueshm\u00ebri shum\u00eb t\u00eb mir\u00eb<br \/>\n\u2022 Ngjyr\u00eb t\u00eb zez\u00eb dhe t\u00eb bardh\u00eb<br \/>\n\u2022 Punueshm\u00ebri dhe nivelim perfekt<br \/>\n\u2022 Ngjitje e fort\u00eb, elasticitet i lart\u00eb dhe tharje e shpejt\u00eb<\/p>\n<p><strong>Rekomandimet p\u00ebr p\u00ebrdorim<\/strong><br \/>\nRekomandohet t\u00eb p\u00ebrdoret si astar mbi t\u00eb gjitha sip\u00ebrfaqet metalike q\u00eb jan\u00eb t\u00eb destinuara p\u00ebr p\u00ebrdorim n\u00eb ambiente t\u00eb brendshme dhe kryesisht t\u00eb jashtme. P\u00ebrdoret p\u00ebr lyerjen e konstruksioneve metalike q\u00eb jan\u00eb t\u00eb destinuara p\u00ebr p\u00ebrdorim n\u00eb ambiente industriale, si kapanone, ura, shkall\u00eb, etj.<br \/>\n###<br \/>\n<strong>Ruajtja<\/strong><br \/>\n36 muaj, me kusht q\u00eb kana\u00e7et t\u00eb jen\u00eb t\u00eb mbyllura dhe n\u00eb kushte normale ruajtjeje.<\/p>\n<p><strong>Sh\u00ebnime<\/strong><br \/>\n\u2022 Rekomandohet q\u00eb t\u00eb shmanget aplikimi i produktit n\u00eb temperatura n\u00ebn 5\u00baC<\/p>\n","protected":false},"excerpt":{"rendered":"<p>Astar antikorroziv p\u00ebr sip\u00ebrfaqe metalike me baz\u00eb alkide, me baz\u00eb solventi i nj\u00eb cil\u00ebsie t\u00eb lart\u00eb dhe tharje shum\u00eb t\u00eb shpejt\u00eb.<\/p>\n","protected":false},"featured_media":24461,"comment_status":"closed","ping_status":"closed","template":"","meta":{"_glsr_average":0,"_glsr_ranking":0,"_glsr_reviews":0},"class_list":["post-23944","product","type-product","status-publish","has-post-thumbnail","hentry","product_cat-bojra-per-metale","product_cat-astare-bojra-per-metale"],"yoast_head":"<!-- This site is optimized with the Yoast SEO plugin v15.0 - https:\/\/yoast.com\/wordpress\/plugins\/seo\/ -->\n<title>Schnellgrund - Astar antikorroziv- Deutschcolor - Zgjedhja juaj profesionale<\/title>\n<meta name=\"description\" content=\"Astar antikorroziv p\u00ebr sip\u00ebrfaqe metalike me baz\u00eb alkide, me baz\u00eb solventi i nj\u00eb cil\u00ebsie t\u00eb lart\u00eb dhe tharje shum\u00eb t\u00eb shpejt\u00eb.\" \/>\n<meta name=\"robots\" content=\"index, follow, max-snippet:-1, max-image-preview:large, max-video-preview:-1\" \/>\n<link rel=\"canonical\" href=\"https:\/\/deutschcolor.com\/al\/product\/schnellgrund\/\" \/>\n<meta property=\"og:locale\" content=\"en_US\" \/>\n<meta property=\"og:type\" content=\"article\" \/>\n<meta property=\"og:title\" content=\"Schnellgrund - Astar antikorroziv- Deutschcolor - Zgjedhja juaj profesionale\" \/>\n<meta property=\"og:description\" content=\"Astar antikorroziv p\u00ebr sip\u00ebrfaqe metalike me baz\u00eb alkide, me baz\u00eb solventi i nj\u00eb cil\u00ebsie t\u00eb lart\u00eb dhe tharje shum\u00eb t\u00eb shpejt\u00eb.\" \/>\n<meta property=\"og:url\" content=\"https:\/\/deutschcolor.com\/al\/product\/schnellgrund\/\" \/>\n<meta property=\"og:site_name\" content=\"Deutschcolor\" \/>\n<meta property=\"article:publisher\" content=\"https:\/\/www.facebook.com\/deutschcolorofficial\" \/>\n<meta property=\"article:modified_time\" content=\"2025-02-20T09:02:42+00:00\" \/>\n<meta property=\"og:image\" content=\"https:\/\/deutschcolor.com\/al\/wp-content\/uploads\/2019\/04\/SCHNELGRUND-min.png\" \/>\n\t<meta property=\"og:image:width\" content=\"1000\" \/>\n\t<meta property=\"og:image:height\" content=\"1000\" \/>\n<meta name=\"twitter:card\" content=\"summary_large_image\" \/>\n<script type=\"application\/ld+json\" class=\"yoast-schema-graph\">{\"@context\":\"https:\/\/schema.org\",\"@graph\":[{\"@type\":\"WebSite\",\"@id\":\"https:\/\/deutschcolor.com\/al\/#website\",\"url\":\"https:\/\/deutschcolor.com\/al\/\",\"name\":\"Deutschcolor\",\"description\":\"Deutschcolor Albania\",\"potentialAction\":[{\"@type\":\"SearchAction\",\"target\":\"https:\/\/deutschcolor.com\/al\/?s={search_term_string}\",\"query-input\":\"required name=search_term_string\"}],\"inLanguage\":\"en-US\"},{\"@type\":\"ImageObject\",\"@id\":\"https:\/\/deutschcolor.com\/al\/product\/schnellgrund\/#primaryimage\",\"inLanguage\":\"en-US\",\"url\":\"https:\/\/deutschcolor.com\/al\/wp-content\/uploads\/2019\/04\/SCHNELGRUND-min.png\",\"width\":1000,\"height\":1000},{\"@type\":\"WebPage\",\"@id\":\"https:\/\/deutschcolor.com\/al\/product\/schnellgrund\/#webpage\",\"url\":\"https:\/\/deutschcolor.com\/al\/product\/schnellgrund\/\",\"name\":\"Schnellgrund - Astar antikorroziv- Deutschcolor - Zgjedhja juaj profesionale\",\"isPartOf\":{\"@id\":\"https:\/\/deutschcolor.com\/al\/#website\"},\"primaryImageOfPage\":{\"@id\":\"https:\/\/deutschcolor.com\/al\/product\/schnellgrund\/#primaryimage\"},\"datePublished\":\"2019-04-20T21:58:28+00:00\",\"dateModified\":\"2025-02-20T09:02:42+00:00\",\"description\":\"Astar antikorroziv p\\u00ebr sip\\u00ebrfaqe metalike me baz\\u00eb alkide, me baz\\u00eb solventi i nj\\u00eb cil\\u00ebsie t\\u00eb lart\\u00eb dhe tharje shum\\u00eb t\\u00eb shpejt\\u00eb.\",\"breadcrumb\":{\"@id\":\"https:\/\/deutschcolor.com\/al\/product\/schnellgrund\/#breadcrumb\"},\"inLanguage\":\"en-US\",\"potentialAction\":[{\"@type\":\"ReadAction\",\"target\":[\"https:\/\/deutschcolor.com\/al\/product\/schnellgrund\/\"]}]},{\"@type\":\"BreadcrumbList\",\"@id\":\"https:\/\/deutschcolor.com\/al\/product\/schnellgrund\/#breadcrumb\",\"itemListElement\":[{\"@type\":\"ListItem\",\"position\":1,\"item\":{\"@type\":\"WebPage\",\"@id\":\"https:\/\/deutschcolor.com\/al\/\",\"url\":\"https:\/\/deutschcolor.com\/al\/\",\"name\":\"Home\"}},{\"@type\":\"ListItem\",\"position\":2,\"item\":{\"@type\":\"WebPage\",\"@id\":\"https:\/\/deutschcolor.com\/al\/shop\/\",\"url\":\"https:\/\/deutschcolor.com\/al\/shop\/\",\"name\":\"SHOP\"}},{\"@type\":\"ListItem\",\"position\":3,\"item\":{\"@type\":\"WebPage\",\"@id\":\"https:\/\/deutschcolor.com\/al\/product-category\/bojra-per-metale\/\",\"url\":\"https:\/\/deutschcolor.com\/al\/product-category\/bojra-per-metale\/\",\"name\":\"Bojra p\\u00ebr metale\"}},{\"@type\":\"ListItem\",\"position\":4,\"item\":{\"@type\":\"WebPage\",\"@id\":\"https:\/\/deutschcolor.com\/al\/product-category\/bojra-per-metale\/astare-bojra-per-metale\/\",\"url\":\"https:\/\/deutschcolor.com\/al\/product-category\/bojra-per-metale\/astare-bojra-per-metale\/\",\"name\":\"9.1. Astar\\u00eb\"}},{\"@type\":\"ListItem\",\"position\":5,\"item\":{\"@type\":\"WebPage\",\"@id\":\"https:\/\/deutschcolor.com\/al\/product\/schnellgrund\/\",\"url\":\"https:\/\/deutschcolor.com\/al\/product\/schnellgrund\/\",\"name\":\"Schnellgrund\"}}]}]}<\/script>\n<!-- \/ Yoast SEO plugin. -->","_links":{"self":[{"href":"https:\/\/deutschcolor.com\/al\/wp-json\/wp\/v2\/product\/23944","targetHints":{"allow":["GET"]}}],"collection":[{"href":"https:\/\/deutschcolor.com\/al\/wp-json\/wp\/v2\/product"}],"about":[{"href":"https:\/\/deutschcolor.com\/al\/wp-json\/wp\/v2\/types\/product"}],"replies":[{"embeddable":true,"href":"https:\/\/deutschcolor.com\/al\/wp-json\/wp\/v2\/comments?post=23944"}],"wp:featuredmedia":[{"embeddable":true,"href":"https:\/\/deutschcolor.com\/al\/wp-json\/wp\/v2\/media\/24461"}],"wp:attachment":[{"href":"https:\/\/deutschcolor.com\/al\/wp-json\/wp\/v2\/media?parent=23944"}],"curies":[{"name":"wp","href":"https:\/\/api.w.org\/{rel}","templated":true}]}}