{"id":23948,"date":"2019-04-20T22:00:12","date_gmt":"2019-04-20T22:00:12","guid":{"rendered":"https:\/\/deutschcolor.com\/al\/?post_type=product&#038;p=23948"},"modified":"2025-04-29T12:34:43","modified_gmt":"2025-04-29T12:34:43","slug":"epo-grund-s","status":"publish","type":"product","link":"https:\/\/deutschcolor.com\/al\/product\/epo-grund-s\/","title":{"rendered":"Epo Grund S"},"content":{"rendered":"<p><strong>Karakteristikat e produktit<\/strong><br \/>\n1 Tharje e shpejt\u00eb<br \/>\n2 Ngjitje n\u00eb <a href=\"https:\/\/deutschcolor.com\/al\/product-category\/bojra\/\">boj\u00eb<\/a> alkide<br \/>\n3 Mbrojtje nga korrozioni<br \/>\n4 <a href=\"https:\/\/deutschcolor.com\/al\/product-category\/ngjites\/\">Ngjitje<\/a> e shk\u00eblqyer n\u00eb sip\u00ebrfaqe metalike<br \/>\n5 Rezistenc\u00eb t\u00eb lart\u00eb kimike ndaj g\u00ebrryerjes (konsumimit)<br \/>\n6 Ngjitje perfekte dhe dep\u00ebrtim i lart\u00eb n\u00eb sip\u00ebrfaqe me ndryshk<\/p>\n<p><strong>Rekomandimet p\u00ebr p\u00ebrdorim<\/strong><br \/>\nRekomandohet t\u00eb p\u00ebrdoret si <a href=\"https:\/\/deutschcolor.com\/al\/product-category\/produktet-me-baze-poliuretani\/\">astar<\/a> mbi t\u00eb gjitha sip\u00ebrfaqet metalike q\u00eb jan\u00eb t\u00eb destinuara p\u00ebr p\u00ebrdorim n\u00eb ambiente t\u00eb brendshme dhe kryesisht t\u00eb jashtme. P\u00ebrdoret sidomos n\u00eb ato raste kur k\u00ebrkohet rezistenc\u00eb shum\u00eb e lart\u00eb ndaj ndryshkut dhe kur sip\u00ebrfaqet metalike jan\u00eb t\u00eb ekspozuara ndaj agjent\u00ebve korrodues. P\u00ebrdoret p\u00ebr lyerjen e konstruksioneve metalike q\u00eb jan\u00eb t\u00eb destinuara p\u00ebr p\u00ebrdorim n\u00eb ambiente industriale, si kapanone, ura, shkall\u00eb, \u00e7isterna metalike, makineri, etj.<br \/>\n###<br \/>\n<strong>Ruajtja<\/strong><br \/>\n36 muaj, me kusht q\u00eb kana\u00e7et t\u00eb jen\u00eb t\u00eb mbyllura dhe n\u00eb kushte normale ruajtjeje.<\/p>\n<p><strong>Sh\u00ebnime<\/strong><br \/>\n\u2022 Rekomandohet q\u00eb t\u00eb shmanget aplikimi i produktit n\u00eb temperatura n\u00ebn 5\u00baC<\/p>\n","protected":false},"excerpt":{"rendered":"<p>Astar epoksid dy komponent\u00ebsh, i forcuar me poliamid, q\u00eb p\u00ebrmban fosfat zinku dhe ka veti t\u00eb shk\u00eblqyera ndaj korrozionit<\/p>\n","protected":false},"featured_media":24462,"comment_status":"closed","ping_status":"closed","template":"","meta":{"_glsr_average":0,"_glsr_ranking":0,"_glsr_reviews":0},"class_list":["post-23948","product","type-product","status-publish","has-post-thumbnail","hentry","product_cat-bojra-per-metale","product_cat-astare-bojra-per-metale"],"yoast_head":"<!-- This site is optimized with the Yoast SEO plugin v15.0 - https:\/\/yoast.com\/wordpress\/plugins\/seo\/ -->\n<title>Astar epoksid dy komponent\u00ebsh - Epo Grund S - Deutsch Color<\/title>\n<meta name=\"description\" content=\"Astar epoksid dy komponent\u00ebsh, i forcuar me poliamid, q\u00eb p\u00ebrmban fosfat zinku dhe ka veti t\u00eb shk\u00eblqyera ndaj korrozionit\" \/>\n<meta name=\"robots\" content=\"index, follow, max-snippet:-1, max-image-preview:large, max-video-preview:-1\" \/>\n<link rel=\"canonical\" href=\"https:\/\/deutschcolor.com\/al\/product\/epo-grund-s\/\" \/>\n<meta property=\"og:locale\" content=\"en_US\" \/>\n<meta property=\"og:type\" content=\"article\" \/>\n<meta property=\"og:title\" content=\"Astar epoksid dy komponent\u00ebsh - Epo Grund S - Deutsch Color\" \/>\n<meta property=\"og:description\" content=\"Astar epoksid dy komponent\u00ebsh, i forcuar me poliamid, q\u00eb p\u00ebrmban fosfat zinku dhe ka veti t\u00eb shk\u00eblqyera ndaj korrozionit\" \/>\n<meta property=\"og:url\" content=\"https:\/\/deutschcolor.com\/al\/product\/epo-grund-s\/\" \/>\n<meta property=\"og:site_name\" content=\"Deutschcolor\" \/>\n<meta property=\"article:publisher\" content=\"https:\/\/www.facebook.com\/deutschcolorofficial\" \/>\n<meta property=\"article:modified_time\" content=\"2025-04-29T12:34:43+00:00\" \/>\n<meta property=\"og:image\" content=\"https:\/\/deutschcolor.com\/al\/wp-content\/uploads\/2019\/04\/Epo-Grund-S-min.png\" \/>\n\t<meta property=\"og:image:width\" content=\"1000\" \/>\n\t<meta property=\"og:image:height\" content=\"1000\" \/>\n<meta name=\"twitter:card\" content=\"summary_large_image\" \/>\n<script type=\"application\/ld+json\" class=\"yoast-schema-graph\">{\"@context\":\"https:\/\/schema.org\",\"@graph\":[{\"@type\":\"WebSite\",\"@id\":\"https:\/\/deutschcolor.com\/al\/#website\",\"url\":\"https:\/\/deutschcolor.com\/al\/\",\"name\":\"Deutschcolor\",\"description\":\"Deutschcolor Albania\",\"potentialAction\":[{\"@type\":\"SearchAction\",\"target\":\"https:\/\/deutschcolor.com\/al\/?s={search_term_string}\",\"query-input\":\"required name=search_term_string\"}],\"inLanguage\":\"en-US\"},{\"@type\":\"ImageObject\",\"@id\":\"https:\/\/deutschcolor.com\/al\/product\/epo-grund-s\/#primaryimage\",\"inLanguage\":\"en-US\",\"url\":\"https:\/\/deutschcolor.com\/al\/wp-content\/uploads\/2019\/04\/Epo-Grund-S-min.png\",\"width\":1000,\"height\":1000,\"caption\":\"Astar epoksid dy komponent\\u00ebsh, nga Deutsch Color\"},{\"@type\":\"WebPage\",\"@id\":\"https:\/\/deutschcolor.com\/al\/product\/epo-grund-s\/#webpage\",\"url\":\"https:\/\/deutschcolor.com\/al\/product\/epo-grund-s\/\",\"name\":\"Astar epoksid dy komponent\\u00ebsh - Epo Grund S - Deutsch Color\",\"isPartOf\":{\"@id\":\"https:\/\/deutschcolor.com\/al\/#website\"},\"primaryImageOfPage\":{\"@id\":\"https:\/\/deutschcolor.com\/al\/product\/epo-grund-s\/#primaryimage\"},\"datePublished\":\"2019-04-20T22:00:12+00:00\",\"dateModified\":\"2025-04-29T12:34:43+00:00\",\"description\":\"Astar epoksid dy komponent\\u00ebsh, i forcuar me poliamid, q\\u00eb p\\u00ebrmban fosfat zinku dhe ka veti t\\u00eb shk\\u00eblqyera ndaj korrozionit\",\"breadcrumb\":{\"@id\":\"https:\/\/deutschcolor.com\/al\/product\/epo-grund-s\/#breadcrumb\"},\"inLanguage\":\"en-US\",\"potentialAction\":[{\"@type\":\"ReadAction\",\"target\":[\"https:\/\/deutschcolor.com\/al\/product\/epo-grund-s\/\"]}]},{\"@type\":\"BreadcrumbList\",\"@id\":\"https:\/\/deutschcolor.com\/al\/product\/epo-grund-s\/#breadcrumb\",\"itemListElement\":[{\"@type\":\"ListItem\",\"position\":1,\"item\":{\"@type\":\"WebPage\",\"@id\":\"https:\/\/deutschcolor.com\/al\/\",\"url\":\"https:\/\/deutschcolor.com\/al\/\",\"name\":\"Home\"}},{\"@type\":\"ListItem\",\"position\":2,\"item\":{\"@type\":\"WebPage\",\"@id\":\"https:\/\/deutschcolor.com\/al\/shop\/\",\"url\":\"https:\/\/deutschcolor.com\/al\/shop\/\",\"name\":\"SHOP\"}},{\"@type\":\"ListItem\",\"position\":3,\"item\":{\"@type\":\"WebPage\",\"@id\":\"https:\/\/deutschcolor.com\/al\/product-category\/bojra-per-metale\/\",\"url\":\"https:\/\/deutschcolor.com\/al\/product-category\/bojra-per-metale\/\",\"name\":\"Bojra p\\u00ebr metale\"}},{\"@type\":\"ListItem\",\"position\":4,\"item\":{\"@type\":\"WebPage\",\"@id\":\"https:\/\/deutschcolor.com\/al\/product-category\/bojra-per-metale\/astare-bojra-per-metale\/\",\"url\":\"https:\/\/deutschcolor.com\/al\/product-category\/bojra-per-metale\/astare-bojra-per-metale\/\",\"name\":\"9.1. Astar\\u00eb\"}},{\"@type\":\"ListItem\",\"position\":5,\"item\":{\"@type\":\"WebPage\",\"@id\":\"https:\/\/deutschcolor.com\/al\/product\/epo-grund-s\/\",\"url\":\"https:\/\/deutschcolor.com\/al\/product\/epo-grund-s\/\",\"name\":\"Epo Grund S\"}}]}]}<\/script>\n<!-- \/ Yoast SEO plugin. -->","_links":{"self":[{"href":"https:\/\/deutschcolor.com\/al\/wp-json\/wp\/v2\/product\/23948","targetHints":{"allow":["GET"]}}],"collection":[{"href":"https:\/\/deutschcolor.com\/al\/wp-json\/wp\/v2\/product"}],"about":[{"href":"https:\/\/deutschcolor.com\/al\/wp-json\/wp\/v2\/types\/product"}],"replies":[{"embeddable":true,"href":"https:\/\/deutschcolor.com\/al\/wp-json\/wp\/v2\/comments?post=23948"}],"wp:featuredmedia":[{"embeddable":true,"href":"https:\/\/deutschcolor.com\/al\/wp-json\/wp\/v2\/media\/24462"}],"wp:attachment":[{"href":"https:\/\/deutschcolor.com\/al\/wp-json\/wp\/v2\/media?parent=23948"}],"curies":[{"name":"wp","href":"https:\/\/api.w.org\/{rel}","templated":true}]}}