{"id":23951,"date":"2019-04-20T22:01:52","date_gmt":"2019-04-20T22:01:52","guid":{"rendered":"https:\/\/deutschcolor.com\/al\/?post_type=product&#038;p=23951"},"modified":"2025-05-03T13:55:26","modified_gmt":"2025-05-03T13:55:26","slug":"grundpox-2k","status":"publish","type":"product","link":"https:\/\/deutschcolor.com\/al\/product\/grundpox-2k\/","title":{"rendered":"Grundpox 2K"},"content":{"rendered":"<p><strong>Karakteristikat e produktit<\/strong><br \/>\n1 Tharje e shpejt\u00eb<br \/>\n2 Ngjitje e shk\u00eblqyer<br \/>\n3 Mbrojtje e lart\u00eb ndaj korrozionit<br \/>\n4 Rezistenc\u00eb e lart\u00eb ndaj g\u00ebrryerjes dhe ujit t\u00eb detit<br \/>\n5 Mund t\u00eb p\u00ebrdoret si astar ose shtres\u00eb e mesme n\u00eb mjedise atmosferike agresive<\/p>\n<p><strong>Rekomandimet p\u00ebr p\u00ebrdorim<\/strong><br \/>\nRekomandohet t\u00eb p\u00ebrdoret si astar mbi t\u00eb gjitha sip\u00ebrfaqet metalike q\u00eb jan\u00eb t\u00eb destinuara p\u00ebr p\u00ebrdorim n\u00eb ambiente t\u00eb brendshme dhe kryesisht t\u00eb jashtme. P\u00ebrdoret sidomos n\u00eb ato raste kur k\u00ebrkohet rezistenc\u00eb shum\u00eb e lart\u00eb ndaj ndryshkut dhe kur sip\u00ebrfaqet metalike jan\u00eb t\u00eb ekspozuara ndaj agjent\u00ebve korrodues. P\u00ebrdoret p\u00ebr lyerjen e konstruksioneve metalike q\u00eb jan\u00eb t\u00eb destinuara p\u00ebr p\u00ebrdorim n\u00eb ambiente industriale, si p\u00ebr shembull kapanone, ura, shkall\u00eb, cisterna metalike, makineri, etj. Rekomandohet t\u00eb p\u00ebrdoret kryesisht n\u00eb industrin\u00eb detare p\u00ebr lyerjen e mjeteve t\u00eb transportit, anijeve si edhe p\u00ebr makinerit\u00eb e pun\u00ebs n\u00eb zona portuale.<br \/>\n###<br \/>\n<strong>Ruajtja<\/strong><br \/>\n36 muaj, me kusht q\u00eb kana\u00e7et t\u00eb jen\u00eb t\u00eb mbyllura dhe n\u00eb kushte normale ruajtjeje.<\/p>\n<p><strong>Sh\u00ebnime<\/strong><br \/>\n\u2022 Rekomandohet q\u00eb t\u00eb shmanget aplikimi i produktit n\u00eb temperatura n\u00ebn 5\u00baC<\/p>\n","protected":false},"excerpt":{"rendered":"<p>Astar epoksid dy komponent\u00ebsh i cil\u00ebsis\u00eb superiore me p\u00ebrmbajtje fosfat zinku p\u00ebr sip\u00ebrfaqe t\u00eb ekspozuara ndaj mjediseve agresive<\/p>\n","protected":false},"featured_media":24463,"comment_status":"closed","ping_status":"closed","template":"","meta":{"_glsr_average":0,"_glsr_ranking":0,"_glsr_reviews":0},"class_list":["post-23951","product","type-product","status-publish","has-post-thumbnail","hentry","product_cat-bojra-per-metale","product_cat-astare-bojra-per-metale"],"yoast_head":"<!-- This site is optimized with the Yoast SEO plugin v15.0 - https:\/\/yoast.com\/wordpress\/plugins\/seo\/ -->\n<title>Grundpox 2K - Astar p\u00ebr metale - Deutschcolor - Zgjedhja juaj profesionale<\/title>\n<meta name=\"description\" content=\"Astar p\u00ebr metale: \u00cbsht\u00eb nj\u00eb boj\u00eb epokside bikomponente, e cila p\u00ebrmban amina. Ajo ofron ngjitje t\u00eb shk\u00eblqyer dhe tharje t\u00eb shpejt\u00eb.\" \/>\n<meta name=\"robots\" content=\"index, follow, max-snippet:-1, max-image-preview:large, max-video-preview:-1\" \/>\n<link rel=\"canonical\" href=\"https:\/\/deutschcolor.com\/al\/product\/grundpox-2k\/\" \/>\n<meta property=\"og:locale\" content=\"en_US\" \/>\n<meta property=\"og:type\" content=\"article\" \/>\n<meta property=\"og:title\" content=\"Grundpox 2K - Astar p\u00ebr metale - Deutschcolor - Zgjedhja juaj profesionale\" \/>\n<meta property=\"og:description\" content=\"Astar p\u00ebr metale: \u00cbsht\u00eb nj\u00eb boj\u00eb epokside bikomponente, e cila p\u00ebrmban amina. Ajo ofron ngjitje t\u00eb shk\u00eblqyer dhe tharje t\u00eb shpejt\u00eb.\" \/>\n<meta property=\"og:url\" content=\"https:\/\/deutschcolor.com\/al\/product\/grundpox-2k\/\" \/>\n<meta property=\"og:site_name\" content=\"Deutschcolor\" \/>\n<meta property=\"article:publisher\" content=\"https:\/\/www.facebook.com\/deutschcolorofficial\" \/>\n<meta property=\"article:modified_time\" content=\"2025-05-03T13:55:26+00:00\" \/>\n<meta property=\"og:image\" content=\"https:\/\/deutschcolor.com\/al\/wp-content\/uploads\/2019\/04\/Grundpox-2K-1lt-min.png\" \/>\n\t<meta property=\"og:image:width\" content=\"1000\" \/>\n\t<meta property=\"og:image:height\" content=\"1000\" \/>\n<meta name=\"twitter:card\" content=\"summary_large_image\" \/>\n<script type=\"application\/ld+json\" class=\"yoast-schema-graph\">{\"@context\":\"https:\/\/schema.org\",\"@graph\":[{\"@type\":\"WebSite\",\"@id\":\"https:\/\/deutschcolor.com\/al\/#website\",\"url\":\"https:\/\/deutschcolor.com\/al\/\",\"name\":\"Deutschcolor\",\"description\":\"Deutschcolor Albania\",\"potentialAction\":[{\"@type\":\"SearchAction\",\"target\":\"https:\/\/deutschcolor.com\/al\/?s={search_term_string}\",\"query-input\":\"required name=search_term_string\"}],\"inLanguage\":\"en-US\"},{\"@type\":\"ImageObject\",\"@id\":\"https:\/\/deutschcolor.com\/al\/product\/grundpox-2k\/#primaryimage\",\"inLanguage\":\"en-US\",\"url\":\"https:\/\/deutschcolor.com\/al\/wp-content\/uploads\/2019\/04\/Grundpox-2K-1lt-min.png\",\"width\":1000,\"height\":1000},{\"@type\":\"WebPage\",\"@id\":\"https:\/\/deutschcolor.com\/al\/product\/grundpox-2k\/#webpage\",\"url\":\"https:\/\/deutschcolor.com\/al\/product\/grundpox-2k\/\",\"name\":\"Grundpox 2K - Astar p\\u00ebr metale - Deutschcolor - Zgjedhja juaj profesionale\",\"isPartOf\":{\"@id\":\"https:\/\/deutschcolor.com\/al\/#website\"},\"primaryImageOfPage\":{\"@id\":\"https:\/\/deutschcolor.com\/al\/product\/grundpox-2k\/#primaryimage\"},\"datePublished\":\"2019-04-20T22:01:52+00:00\",\"dateModified\":\"2025-05-03T13:55:26+00:00\",\"description\":\"Astar p\\u00ebr metale: \\u00cbsht\\u00eb nj\\u00eb boj\\u00eb epokside bikomponente, e cila p\\u00ebrmban amina. Ajo ofron ngjitje t\\u00eb shk\\u00eblqyer dhe tharje t\\u00eb shpejt\\u00eb.\",\"breadcrumb\":{\"@id\":\"https:\/\/deutschcolor.com\/al\/product\/grundpox-2k\/#breadcrumb\"},\"inLanguage\":\"en-US\",\"potentialAction\":[{\"@type\":\"ReadAction\",\"target\":[\"https:\/\/deutschcolor.com\/al\/product\/grundpox-2k\/\"]}]},{\"@type\":\"BreadcrumbList\",\"@id\":\"https:\/\/deutschcolor.com\/al\/product\/grundpox-2k\/#breadcrumb\",\"itemListElement\":[{\"@type\":\"ListItem\",\"position\":1,\"item\":{\"@type\":\"WebPage\",\"@id\":\"https:\/\/deutschcolor.com\/al\/\",\"url\":\"https:\/\/deutschcolor.com\/al\/\",\"name\":\"Home\"}},{\"@type\":\"ListItem\",\"position\":2,\"item\":{\"@type\":\"WebPage\",\"@id\":\"https:\/\/deutschcolor.com\/al\/shop\/\",\"url\":\"https:\/\/deutschcolor.com\/al\/shop\/\",\"name\":\"SHOP\"}},{\"@type\":\"ListItem\",\"position\":3,\"item\":{\"@type\":\"WebPage\",\"@id\":\"https:\/\/deutschcolor.com\/al\/product-category\/bojra-per-metale\/\",\"url\":\"https:\/\/deutschcolor.com\/al\/product-category\/bojra-per-metale\/\",\"name\":\"Bojra p\\u00ebr metale\"}},{\"@type\":\"ListItem\",\"position\":4,\"item\":{\"@type\":\"WebPage\",\"@id\":\"https:\/\/deutschcolor.com\/al\/product-category\/bojra-per-metale\/astare-bojra-per-metale\/\",\"url\":\"https:\/\/deutschcolor.com\/al\/product-category\/bojra-per-metale\/astare-bojra-per-metale\/\",\"name\":\"9.1. Astar\\u00eb\"}},{\"@type\":\"ListItem\",\"position\":5,\"item\":{\"@type\":\"WebPage\",\"@id\":\"https:\/\/deutschcolor.com\/al\/product\/grundpox-2k\/\",\"url\":\"https:\/\/deutschcolor.com\/al\/product\/grundpox-2k\/\",\"name\":\"Grundpox 2K\"}}]}]}<\/script>\n<!-- \/ Yoast SEO plugin. -->","_links":{"self":[{"href":"https:\/\/deutschcolor.com\/al\/wp-json\/wp\/v2\/product\/23951","targetHints":{"allow":["GET"]}}],"collection":[{"href":"https:\/\/deutschcolor.com\/al\/wp-json\/wp\/v2\/product"}],"about":[{"href":"https:\/\/deutschcolor.com\/al\/wp-json\/wp\/v2\/types\/product"}],"replies":[{"embeddable":true,"href":"https:\/\/deutschcolor.com\/al\/wp-json\/wp\/v2\/comments?post=23951"}],"wp:featuredmedia":[{"embeddable":true,"href":"https:\/\/deutschcolor.com\/al\/wp-json\/wp\/v2\/media\/24463"}],"wp:attachment":[{"href":"https:\/\/deutschcolor.com\/al\/wp-json\/wp\/v2\/media?parent=23951"}],"curies":[{"name":"wp","href":"https:\/\/api.w.org\/{rel}","templated":true}]}}