{"id":23954,"date":"2019-04-20T22:03:54","date_gmt":"2019-04-20T22:03:54","guid":{"rendered":"https:\/\/deutschcolor.com\/al\/?post_type=product&#038;p=23954"},"modified":"2025-05-08T09:28:38","modified_gmt":"2025-05-08T09:28:38","slug":"grundrub","status":"publish","type":"product","link":"https:\/\/deutschcolor.com\/al\/product\/grundrub\/","title":{"rendered":"Grundrub"},"content":{"rendered":"<p><strong>Karakteristikat e produktit<\/strong><br \/>\n1 Tharje e shpejt\u00eb<br \/>\n2 Ngjitje e shk\u00eblqyer<br \/>\n3 Rezistenc\u00eb kimike ndaj g\u00ebrryerjes dhe ujit t\u00eb detit<br \/>\n4 Mund t\u00eb p\u00ebrdoret si astar ose shtres\u00eb e mesme n\u00eb mjedise atmosferike agresive<\/p>\n<p><strong>Rekomandimet p\u00ebr p\u00ebrdorim<\/strong><br \/>\nP\u00ebrdoret si astar mbi t\u00eb gjitha sip\u00ebrfaqet <a href=\"https:\/\/deutschcolor.com\/al\/product-category\/bojra-per-metale\/\">metalike<\/a> q\u00eb jan\u00eb t\u00eb destinuara p\u00ebr p\u00ebrdorim n\u00eb ambiente t\u00eb brendshme dhe kryesisht t\u00eb jashtme. Gjithashtu n\u00eb ato raste kur k\u00ebrkohet rezistenc\u00eb shum\u00eb e lart\u00eb ndaj ndryshkut dhe kur sip\u00ebrfaqet metalike jan\u00eb t\u00eb ekspozuara ndaj agjent\u00ebve korrodues.<br \/>\n###<br \/>\n<strong>Ruajtja<\/strong><br \/>\n36 muaj, me kusht q\u00eb kana\u00e7et t\u00eb jen\u00eb t\u00eb mbyllura dhe n\u00eb kushte normale ruajtjeje.<\/p>\n<p><strong>Sh\u00ebnime<\/strong><br \/>\n\u2022 Rekomandohet q\u00eb t\u00eb shmanget aplikimi i produktit n\u00eb temperatura n\u00ebn 5\u00baC<\/p>\n","protected":false},"excerpt":{"rendered":"<p>Astar epoksid dy komponent\u00ebsh p\u00ebr sip\u00ebrfaqe metalike me p\u00ebrmbajtje fosfat zinku i nj\u00eb cil\u00ebsie t\u00eb lart\u00eb<\/p>\n","protected":false},"featured_media":24464,"comment_status":"closed","ping_status":"closed","template":"","meta":{"_glsr_average":0,"_glsr_ranking":0,"_glsr_reviews":0},"class_list":["post-23954","product","type-product","status-publish","has-post-thumbnail","hentry","product_cat-bojra-per-metale","product_cat-astare-bojra-per-metale"],"yoast_head":"<!-- This site is optimized with the Yoast SEO plugin v15.0 - https:\/\/yoast.com\/wordpress\/plugins\/seo\/ -->\n<title>Grundrub - Astar epoksid - Deutschcolor - Bojra p\u00ebr metale<\/title>\n<meta name=\"description\" content=\"Produkt p\u00ebr \u00e7elik karbon. Astar epoksid dy komponent\u00ebsh p\u00ebr sip\u00ebrfaqe metalike me p\u00ebrmbajtje fosfat zinku i nj\u00eb cil\u00ebsie t\u00eb lart\u00eb.\" \/>\n<meta name=\"robots\" content=\"index, follow, max-snippet:-1, max-image-preview:large, max-video-preview:-1\" \/>\n<link rel=\"canonical\" href=\"https:\/\/deutschcolor.com\/al\/product\/grundrub\/\" \/>\n<meta property=\"og:locale\" content=\"en_US\" \/>\n<meta property=\"og:type\" content=\"article\" \/>\n<meta property=\"og:title\" content=\"Grundrub - Astar epoksid - Deutschcolor - Bojra p\u00ebr metale\" \/>\n<meta property=\"og:description\" content=\"Produkt p\u00ebr \u00e7elik karbon. Astar epoksid dy komponent\u00ebsh p\u00ebr sip\u00ebrfaqe metalike me p\u00ebrmbajtje fosfat zinku i nj\u00eb cil\u00ebsie t\u00eb lart\u00eb.\" \/>\n<meta property=\"og:url\" content=\"https:\/\/deutschcolor.com\/al\/product\/grundrub\/\" \/>\n<meta property=\"og:site_name\" content=\"Deutschcolor\" \/>\n<meta property=\"article:publisher\" content=\"https:\/\/www.facebook.com\/deutschcolorofficial\" \/>\n<meta property=\"article:modified_time\" content=\"2025-05-08T09:28:38+00:00\" \/>\n<meta property=\"og:image\" content=\"https:\/\/deutschcolor.com\/al\/wp-content\/uploads\/2019\/04\/Grundrub-1lt-min.png\" \/>\n\t<meta property=\"og:image:width\" content=\"1000\" \/>\n\t<meta property=\"og:image:height\" content=\"1000\" \/>\n<meta name=\"twitter:card\" content=\"summary_large_image\" \/>\n<script type=\"application\/ld+json\" class=\"yoast-schema-graph\">{\"@context\":\"https:\/\/schema.org\",\"@graph\":[{\"@type\":\"WebSite\",\"@id\":\"https:\/\/deutschcolor.com\/al\/#website\",\"url\":\"https:\/\/deutschcolor.com\/al\/\",\"name\":\"Deutschcolor\",\"description\":\"Deutschcolor Albania\",\"potentialAction\":[{\"@type\":\"SearchAction\",\"target\":\"https:\/\/deutschcolor.com\/al\/?s={search_term_string}\",\"query-input\":\"required name=search_term_string\"}],\"inLanguage\":\"en-US\"},{\"@type\":\"ImageObject\",\"@id\":\"https:\/\/deutschcolor.com\/al\/product\/grundrub\/#primaryimage\",\"inLanguage\":\"en-US\",\"url\":\"https:\/\/deutschcolor.com\/al\/wp-content\/uploads\/2019\/04\/Grundrub-1lt-min.png\",\"width\":1000,\"height\":1000},{\"@type\":\"WebPage\",\"@id\":\"https:\/\/deutschcolor.com\/al\/product\/grundrub\/#webpage\",\"url\":\"https:\/\/deutschcolor.com\/al\/product\/grundrub\/\",\"name\":\"Grundrub - Astar epoksid - Deutschcolor - Bojra p\\u00ebr metale\",\"isPartOf\":{\"@id\":\"https:\/\/deutschcolor.com\/al\/#website\"},\"primaryImageOfPage\":{\"@id\":\"https:\/\/deutschcolor.com\/al\/product\/grundrub\/#primaryimage\"},\"datePublished\":\"2019-04-20T22:03:54+00:00\",\"dateModified\":\"2025-05-08T09:28:38+00:00\",\"description\":\"Produkt p\\u00ebr \\u00e7elik karbon. Astar epoksid dy komponent\\u00ebsh p\\u00ebr sip\\u00ebrfaqe metalike me p\\u00ebrmbajtje fosfat zinku i nj\\u00eb cil\\u00ebsie t\\u00eb lart\\u00eb.\",\"breadcrumb\":{\"@id\":\"https:\/\/deutschcolor.com\/al\/product\/grundrub\/#breadcrumb\"},\"inLanguage\":\"en-US\",\"potentialAction\":[{\"@type\":\"ReadAction\",\"target\":[\"https:\/\/deutschcolor.com\/al\/product\/grundrub\/\"]}]},{\"@type\":\"BreadcrumbList\",\"@id\":\"https:\/\/deutschcolor.com\/al\/product\/grundrub\/#breadcrumb\",\"itemListElement\":[{\"@type\":\"ListItem\",\"position\":1,\"item\":{\"@type\":\"WebPage\",\"@id\":\"https:\/\/deutschcolor.com\/al\/\",\"url\":\"https:\/\/deutschcolor.com\/al\/\",\"name\":\"Home\"}},{\"@type\":\"ListItem\",\"position\":2,\"item\":{\"@type\":\"WebPage\",\"@id\":\"https:\/\/deutschcolor.com\/al\/shop\/\",\"url\":\"https:\/\/deutschcolor.com\/al\/shop\/\",\"name\":\"SHOP\"}},{\"@type\":\"ListItem\",\"position\":3,\"item\":{\"@type\":\"WebPage\",\"@id\":\"https:\/\/deutschcolor.com\/al\/product-category\/bojra-per-metale\/\",\"url\":\"https:\/\/deutschcolor.com\/al\/product-category\/bojra-per-metale\/\",\"name\":\"Bojra p\\u00ebr metale\"}},{\"@type\":\"ListItem\",\"position\":4,\"item\":{\"@type\":\"WebPage\",\"@id\":\"https:\/\/deutschcolor.com\/al\/product-category\/bojra-per-metale\/astare-bojra-per-metale\/\",\"url\":\"https:\/\/deutschcolor.com\/al\/product-category\/bojra-per-metale\/astare-bojra-per-metale\/\",\"name\":\"9.1. Astar\\u00eb\"}},{\"@type\":\"ListItem\",\"position\":5,\"item\":{\"@type\":\"WebPage\",\"@id\":\"https:\/\/deutschcolor.com\/al\/product\/grundrub\/\",\"url\":\"https:\/\/deutschcolor.com\/al\/product\/grundrub\/\",\"name\":\"Grundrub\"}}]}]}<\/script>\n<!-- \/ Yoast SEO plugin. -->","_links":{"self":[{"href":"https:\/\/deutschcolor.com\/al\/wp-json\/wp\/v2\/product\/23954","targetHints":{"allow":["GET"]}}],"collection":[{"href":"https:\/\/deutschcolor.com\/al\/wp-json\/wp\/v2\/product"}],"about":[{"href":"https:\/\/deutschcolor.com\/al\/wp-json\/wp\/v2\/types\/product"}],"replies":[{"embeddable":true,"href":"https:\/\/deutschcolor.com\/al\/wp-json\/wp\/v2\/comments?post=23954"}],"wp:featuredmedia":[{"embeddable":true,"href":"https:\/\/deutschcolor.com\/al\/wp-json\/wp\/v2\/media\/24464"}],"wp:attachment":[{"href":"https:\/\/deutschcolor.com\/al\/wp-json\/wp\/v2\/media?parent=23954"}],"curies":[{"name":"wp","href":"https:\/\/api.w.org\/{rel}","templated":true}]}}