{"id":23958,"date":"2019-04-21T07:01:29","date_gmt":"2019-04-21T07:01:29","guid":{"rendered":"https:\/\/deutschcolor.com\/al\/?post_type=product&#038;p=23958"},"modified":"2025-04-03T06:44:22","modified_gmt":"2025-04-03T06:44:22","slug":"alpenlack-340","status":"publish","type":"product","link":"https:\/\/deutschcolor.com\/al\/product\/alpenlack-340\/","title":{"rendered":"Alpenlack 340"},"content":{"rendered":"<p><strong>Karakteristikat e produktit<\/strong><br \/>\n\u2022 Gjendet n\u00eb 24 ngjyra<br \/>\n\u2022 Punueshm\u00ebri e shk\u00eblqyer<br \/>\n\u2022 Rezistenc\u00eb superiore ndaj goditjeve<br \/>\n\u2022 Ngjitje e fort\u00eb dhe koh\u00eb e shkurt\u00ebr tharjeje<br \/>\n\u2022 Aft\u00ebsi t\u00eb shk\u00eblqyera mbuluese dhe niveluese<br \/>\n\u2022 Nuk p\u00ebrmban komponime t\u00eb kromit dhe t\u00eb plumbit<br \/>\n\u2022 Mund\u00ebson mbrojtje t\u00eb plote ndaj agjent\u00ebve korroziv\u00eb<\/p>\n<p><strong>Rekomandimet p\u00ebr p\u00ebrdorim<\/strong><br \/>\nRekomandohet t\u00eb p\u00ebrdoret si boj\u00eb mbi t\u00eb gjitha sip\u00ebrfaqet metalike q\u00eb jan\u00eb t\u00eb destinuara p\u00ebr p\u00ebrdorim n\u00eb ambiente t\u00eb brendshme dhe kryesisht t\u00eb jashtme. P\u00ebrdoret p\u00ebr lyerjen e konstruksioneve metalike q\u00eb jan\u00eb t\u00eb destinuara p\u00ebr p\u00ebrdorim n\u00eb ambiente industriale si p\u00ebr shembull kapanone, ura, shkall\u00eb, kangjella, dyer metalike, etj.<br \/>\n###<br \/>\n<strong>Ruajtja<\/strong><br \/>\n36 muaj, me kusht q\u00eb kana\u00e7et t\u00eb jen\u00eb t\u00eb mbyllura dhe n\u00eb kushte normale ruajtjeje.<\/p>\n<p><strong>Sh\u00ebnime<\/strong><br \/>\n\u2022 Rekomandohet q\u00eb t\u00eb shmanget aplikimi i produktit n\u00eb temperatura n\u00ebn 5\u00baC.<\/p>\n<p>###<\/p>\n<p>P\u00ebr m\u00eb shume Bojera metalike <a href=\"https:\/\/deutschcolor.com\/al\/product-category\/bojra-per-metale\/\">kliko ketu<\/a>.<\/p>\n","protected":false},"excerpt":{"rendered":"<p>Boj\u00eb p\u00ebr metale me cil\u00ebsi premium q\u00eb jep sip\u00ebrfaqe me shum\u00eb shk\u00eblqim dhe rezistente ndaj g\u00ebrvishtjes<\/p>\n","protected":false},"featured_media":24465,"comment_status":"closed","ping_status":"closed","template":"","meta":{"_glsr_average":0,"_glsr_ranking":0,"_glsr_reviews":0},"class_list":["post-23958","product","type-product","status-publish","has-post-thumbnail","hentry","product_cat-bojra-per-metale","product_cat-bojera-per-metale"],"yoast_head":"<!-- This site is optimized with the Yoast SEO plugin v15.0 - https:\/\/yoast.com\/wordpress\/plugins\/seo\/ -->\n<title>Alpenlack 340 - Boj\u00eb vaji p\u00ebr sip\u00ebrfaqe prej metali - Deutsch Color<\/title>\n<meta name=\"description\" content=\"Boj\u00eb vaji p\u00ebr lyerjen e sip\u00ebrfaqeve prej metali, e cila siguron mbrotje nga korrozioni. Ofron nj\u00eb mbulim dhe nivelim t\u00eb p\u00ebrsosur.\" \/>\n<meta name=\"robots\" content=\"index, follow, max-snippet:-1, max-image-preview:large, max-video-preview:-1\" \/>\n<link rel=\"canonical\" href=\"https:\/\/deutschcolor.com\/al\/product\/alpenlack-340\/\" \/>\n<meta property=\"og:locale\" content=\"en_US\" \/>\n<meta property=\"og:type\" content=\"article\" \/>\n<meta property=\"og:title\" content=\"Alpenlack 340 - Boj\u00eb vaji p\u00ebr sip\u00ebrfaqe prej metali - Deutsch Color\" \/>\n<meta property=\"og:description\" content=\"Boj\u00eb vaji p\u00ebr lyerjen e sip\u00ebrfaqeve prej metali, e cila siguron mbrotje nga korrozioni. Ofron nj\u00eb mbulim dhe nivelim t\u00eb p\u00ebrsosur.\" \/>\n<meta property=\"og:url\" content=\"https:\/\/deutschcolor.com\/al\/product\/alpenlack-340\/\" \/>\n<meta property=\"og:site_name\" content=\"Deutschcolor\" \/>\n<meta property=\"article:publisher\" content=\"https:\/\/www.facebook.com\/deutschcolorofficial\" \/>\n<meta property=\"article:modified_time\" content=\"2025-04-03T06:44:22+00:00\" \/>\n<meta property=\"og:image\" content=\"https:\/\/deutschcolor.com\/al\/wp-content\/uploads\/2019\/04\/ALPENLACK-340-min.png\" \/>\n\t<meta property=\"og:image:width\" content=\"1000\" \/>\n\t<meta property=\"og:image:height\" content=\"1000\" \/>\n<meta name=\"twitter:card\" content=\"summary_large_image\" \/>\n<script type=\"application\/ld+json\" class=\"yoast-schema-graph\">{\"@context\":\"https:\/\/schema.org\",\"@graph\":[{\"@type\":\"WebSite\",\"@id\":\"https:\/\/deutschcolor.com\/al\/#website\",\"url\":\"https:\/\/deutschcolor.com\/al\/\",\"name\":\"Deutschcolor\",\"description\":\"Deutschcolor Albania\",\"potentialAction\":[{\"@type\":\"SearchAction\",\"target\":\"https:\/\/deutschcolor.com\/al\/?s={search_term_string}\",\"query-input\":\"required name=search_term_string\"}],\"inLanguage\":\"en-US\"},{\"@type\":\"ImageObject\",\"@id\":\"https:\/\/deutschcolor.com\/al\/product\/alpenlack-340\/#primaryimage\",\"inLanguage\":\"en-US\",\"url\":\"https:\/\/deutschcolor.com\/al\/wp-content\/uploads\/2019\/04\/ALPENLACK-340-min.png\",\"width\":1000,\"height\":1000,\"caption\":\"Bojera metalike me ngjitje e fort\\u00eb dhe koh\\u00eb e shkurt\\u00ebr tharjeje\"},{\"@type\":\"WebPage\",\"@id\":\"https:\/\/deutschcolor.com\/al\/product\/alpenlack-340\/#webpage\",\"url\":\"https:\/\/deutschcolor.com\/al\/product\/alpenlack-340\/\",\"name\":\"Alpenlack 340 - Boj\\u00eb vaji p\\u00ebr sip\\u00ebrfaqe prej metali - Deutsch Color\",\"isPartOf\":{\"@id\":\"https:\/\/deutschcolor.com\/al\/#website\"},\"primaryImageOfPage\":{\"@id\":\"https:\/\/deutschcolor.com\/al\/product\/alpenlack-340\/#primaryimage\"},\"datePublished\":\"2019-04-21T07:01:29+00:00\",\"dateModified\":\"2025-04-03T06:44:22+00:00\",\"description\":\"Boj\\u00eb vaji p\\u00ebr lyerjen e sip\\u00ebrfaqeve prej metali, e cila siguron mbrotje nga korrozioni. Ofron nj\\u00eb mbulim dhe nivelim t\\u00eb p\\u00ebrsosur.\",\"breadcrumb\":{\"@id\":\"https:\/\/deutschcolor.com\/al\/product\/alpenlack-340\/#breadcrumb\"},\"inLanguage\":\"en-US\",\"potentialAction\":[{\"@type\":\"ReadAction\",\"target\":[\"https:\/\/deutschcolor.com\/al\/product\/alpenlack-340\/\"]}]},{\"@type\":\"BreadcrumbList\",\"@id\":\"https:\/\/deutschcolor.com\/al\/product\/alpenlack-340\/#breadcrumb\",\"itemListElement\":[{\"@type\":\"ListItem\",\"position\":1,\"item\":{\"@type\":\"WebPage\",\"@id\":\"https:\/\/deutschcolor.com\/al\/\",\"url\":\"https:\/\/deutschcolor.com\/al\/\",\"name\":\"Home\"}},{\"@type\":\"ListItem\",\"position\":2,\"item\":{\"@type\":\"WebPage\",\"@id\":\"https:\/\/deutschcolor.com\/al\/shop\/\",\"url\":\"https:\/\/deutschcolor.com\/al\/shop\/\",\"name\":\"SHOP\"}},{\"@type\":\"ListItem\",\"position\":3,\"item\":{\"@type\":\"WebPage\",\"@id\":\"https:\/\/deutschcolor.com\/al\/product-category\/bojra-per-metale\/\",\"url\":\"https:\/\/deutschcolor.com\/al\/product-category\/bojra-per-metale\/\",\"name\":\"Bojra p\\u00ebr metale\"}},{\"@type\":\"ListItem\",\"position\":4,\"item\":{\"@type\":\"WebPage\",\"@id\":\"https:\/\/deutschcolor.com\/al\/product-category\/bojra-per-metale\/bojera-per-metale\/\",\"url\":\"https:\/\/deutschcolor.com\/al\/product-category\/bojra-per-metale\/bojera-per-metale\/\",\"name\":\"9.2. Boj\\u00ebra p\\u00ebr metale\"}},{\"@type\":\"ListItem\",\"position\":5,\"item\":{\"@type\":\"WebPage\",\"@id\":\"https:\/\/deutschcolor.com\/al\/product\/alpenlack-340\/\",\"url\":\"https:\/\/deutschcolor.com\/al\/product\/alpenlack-340\/\",\"name\":\"Alpenlack 340\"}}]}]}<\/script>\n<!-- \/ Yoast SEO plugin. -->","_links":{"self":[{"href":"https:\/\/deutschcolor.com\/al\/wp-json\/wp\/v2\/product\/23958","targetHints":{"allow":["GET"]}}],"collection":[{"href":"https:\/\/deutschcolor.com\/al\/wp-json\/wp\/v2\/product"}],"about":[{"href":"https:\/\/deutschcolor.com\/al\/wp-json\/wp\/v2\/types\/product"}],"replies":[{"embeddable":true,"href":"https:\/\/deutschcolor.com\/al\/wp-json\/wp\/v2\/comments?post=23958"}],"wp:featuredmedia":[{"embeddable":true,"href":"https:\/\/deutschcolor.com\/al\/wp-json\/wp\/v2\/media\/24465"}],"wp:attachment":[{"href":"https:\/\/deutschcolor.com\/al\/wp-json\/wp\/v2\/media?parent=23958"}],"curies":[{"name":"wp","href":"https:\/\/api.w.org\/{rel}","templated":true}]}}