{"id":23963,"date":"2019-04-21T07:04:34","date_gmt":"2019-04-21T07:04:34","guid":{"rendered":"https:\/\/deutschcolor.com\/al\/?post_type=product&#038;p=23963"},"modified":"2025-03-31T06:44:15","modified_gmt":"2025-03-31T06:44:15","slug":"holz-und-metal-270","status":"publish","type":"product","link":"https:\/\/deutschcolor.com\/al\/product\/holz-und-metal-270\/","title":{"rendered":"Holz Und Metal 270"},"content":{"rendered":"<p><strong>Karakteristikat e produktit<\/strong><br \/>\n\u2022 Pa plumb dhe krom<br \/>\n\u2022 Gjendet n\u00eb 14 ngjyra<br \/>\n\u2022 Bojera p\u00ebr metale me rezistence t\u00eb larte atmosferike<br \/>\n\u2022 Mbulueshm\u00ebri e shk\u00eblqyer<br \/>\n\u2022 Punueshm\u00ebri dhe nivelim shum\u00eb t\u00eb mir\u00eb<br \/>\n\u2022 Ngjyra brilante t\u00eb q\u00ebndrueshme p\u00ebr nj\u00eb koh\u00eb t\u00eb gjat\u00eb<br \/>\n\u2022 Q\u00ebndrueshm\u00ebri ndaj kushteve t\u00eb pafavorshme t\u00eb motit, ndotjes atmosferike<\/p>\n<p><strong>Rekomandimet p\u00ebr p\u00ebrdorim<\/strong><br \/>\nRekomandohet t\u00eb p\u00ebrdoret si boj\u00eb mbi t\u00eb gjitha sip\u00ebrfaqet metalike dhe drusore q\u00eb jan\u00eb t\u00eb destinuara p\u00ebr p\u00ebrdorim n\u00eb ambiente t\u00eb brendshme dhe t\u00eb jashtme. <a href=\"https:\/\/deutschcolor.com\/al\/product-category\/bojra-per-metale\/\">Bojera p\u00ebr metale<\/a>, p\u00ebrdoret p\u00ebr lyerjen e konstruksioneve metalike q\u00eb jan\u00eb t\u00eb destinuara p\u00ebr p\u00ebrdorim n\u00eb ambiente industriale si p\u00ebr shembull kapanone, ura, shkall\u00eb, kangjella, dyer metalike, etj. P\u00ebrdoret p\u00ebr lyerjen e gardheve t\u00eb b\u00ebra me ristela druri, shkall\u00ebve prej druri, parmak\u00ebve prej druri, etj.<br \/>\n###<br \/>\n<strong>Ruajtja<\/strong><br \/>\n36 muaj, me kusht q\u00eb kana\u00e7et t\u00eb jen\u00eb t\u00eb mbyllura dhe n\u00eb kushte normale ruajtjeje.<\/p>\n<p><strong>Sh\u00ebnime<\/strong><br \/>\n\u2022 Rekomandohet q\u00eb t\u00eb shmanget aplikimi i produktit n\u00eb temperatura n\u00ebn 5\u00baC<\/p>\n<p>###<\/p>\n<p>P\u00ebr m\u00eb shume produkte <a href=\"https:\/\/deutschcolor.com\/al\/product-category\/bojra-per-metale\/bojera-per-metale\/\">kliko ketu<\/a>.<\/p>\n","protected":false},"excerpt":{"rendered":"<p>Boj\u00eb p\u00ebr metale dhe dru me veti shum\u00eb t\u00eb mira mbuluese dhe shk\u00eblqim t\u00eb lart\u00eb<\/p>\n","protected":false},"featured_media":24466,"comment_status":"closed","ping_status":"closed","template":"","meta":{"_glsr_average":0,"_glsr_ranking":0,"_glsr_reviews":0},"class_list":["post-23963","product","type-product","status-publish","has-post-thumbnail","hentry","product_cat-bojra-per-metale","product_cat-bojera-per-metale"],"yoast_head":"<!-- This site is optimized with the Yoast SEO plugin v15.0 - https:\/\/yoast.com\/wordpress\/plugins\/seo\/ -->\n<title>Bojera p\u00ebr metale - Holz Und Metal 270 - Deutsch Color - Zgjidhje ideale.<\/title>\n<meta name=\"description\" content=\"Bojera p\u00ebr metale. P\u00ebrdoret p\u00ebr lyerjen e gardheve t\u00eb b\u00ebra me ristela druri, shkall\u00ebve prej druri, parmak\u00ebve prej druri, etj.\" \/>\n<meta name=\"robots\" content=\"index, follow, max-snippet:-1, max-image-preview:large, max-video-preview:-1\" \/>\n<link rel=\"canonical\" href=\"https:\/\/deutschcolor.com\/al\/product\/holz-und-metal-270\/\" \/>\n<meta property=\"og:locale\" content=\"en_US\" \/>\n<meta property=\"og:type\" content=\"article\" \/>\n<meta property=\"og:title\" content=\"Bojera p\u00ebr metale - Holz Und Metal 270 - Deutsch Color - Zgjidhje ideale.\" \/>\n<meta property=\"og:description\" content=\"Bojera p\u00ebr metale. P\u00ebrdoret p\u00ebr lyerjen e gardheve t\u00eb b\u00ebra me ristela druri, shkall\u00ebve prej druri, parmak\u00ebve prej druri, etj.\" \/>\n<meta property=\"og:url\" content=\"https:\/\/deutschcolor.com\/al\/product\/holz-und-metal-270\/\" \/>\n<meta property=\"og:site_name\" content=\"Deutschcolor\" \/>\n<meta property=\"article:publisher\" content=\"https:\/\/www.facebook.com\/deutschcolorofficial\" \/>\n<meta property=\"article:modified_time\" content=\"2025-03-31T06:44:15+00:00\" \/>\n<meta property=\"og:image\" content=\"https:\/\/deutschcolor.com\/al\/wp-content\/uploads\/2019\/04\/HOLZ-und-METAL-270-min.png\" \/>\n\t<meta property=\"og:image:width\" content=\"1000\" \/>\n\t<meta property=\"og:image:height\" content=\"1000\" \/>\n<meta name=\"twitter:card\" content=\"summary_large_image\" \/>\n<script type=\"application\/ld+json\" class=\"yoast-schema-graph\">{\"@context\":\"https:\/\/schema.org\",\"@graph\":[{\"@type\":\"WebSite\",\"@id\":\"https:\/\/deutschcolor.com\/al\/#website\",\"url\":\"https:\/\/deutschcolor.com\/al\/\",\"name\":\"Deutschcolor\",\"description\":\"Deutschcolor Albania\",\"potentialAction\":[{\"@type\":\"SearchAction\",\"target\":\"https:\/\/deutschcolor.com\/al\/?s={search_term_string}\",\"query-input\":\"required name=search_term_string\"}],\"inLanguage\":\"en-US\"},{\"@type\":\"ImageObject\",\"@id\":\"https:\/\/deutschcolor.com\/al\/product\/holz-und-metal-270\/#primaryimage\",\"inLanguage\":\"en-US\",\"url\":\"https:\/\/deutschcolor.com\/al\/wp-content\/uploads\/2019\/04\/HOLZ-und-METAL-270-min.png\",\"width\":1000,\"height\":1000},{\"@type\":\"WebPage\",\"@id\":\"https:\/\/deutschcolor.com\/al\/product\/holz-und-metal-270\/#webpage\",\"url\":\"https:\/\/deutschcolor.com\/al\/product\/holz-und-metal-270\/\",\"name\":\"Bojera p\\u00ebr metale - Holz Und Metal 270 - Deutsch Color - Zgjidhje ideale.\",\"isPartOf\":{\"@id\":\"https:\/\/deutschcolor.com\/al\/#website\"},\"primaryImageOfPage\":{\"@id\":\"https:\/\/deutschcolor.com\/al\/product\/holz-und-metal-270\/#primaryimage\"},\"datePublished\":\"2019-04-21T07:04:34+00:00\",\"dateModified\":\"2025-03-31T06:44:15+00:00\",\"description\":\"Bojera p\\u00ebr metale. P\\u00ebrdoret p\\u00ebr lyerjen e gardheve t\\u00eb b\\u00ebra me ristela druri, shkall\\u00ebve prej druri, parmak\\u00ebve prej druri, etj.\",\"breadcrumb\":{\"@id\":\"https:\/\/deutschcolor.com\/al\/product\/holz-und-metal-270\/#breadcrumb\"},\"inLanguage\":\"en-US\",\"potentialAction\":[{\"@type\":\"ReadAction\",\"target\":[\"https:\/\/deutschcolor.com\/al\/product\/holz-und-metal-270\/\"]}]},{\"@type\":\"BreadcrumbList\",\"@id\":\"https:\/\/deutschcolor.com\/al\/product\/holz-und-metal-270\/#breadcrumb\",\"itemListElement\":[{\"@type\":\"ListItem\",\"position\":1,\"item\":{\"@type\":\"WebPage\",\"@id\":\"https:\/\/deutschcolor.com\/al\/\",\"url\":\"https:\/\/deutschcolor.com\/al\/\",\"name\":\"Home\"}},{\"@type\":\"ListItem\",\"position\":2,\"item\":{\"@type\":\"WebPage\",\"@id\":\"https:\/\/deutschcolor.com\/al\/shop\/\",\"url\":\"https:\/\/deutschcolor.com\/al\/shop\/\",\"name\":\"SHOP\"}},{\"@type\":\"ListItem\",\"position\":3,\"item\":{\"@type\":\"WebPage\",\"@id\":\"https:\/\/deutschcolor.com\/al\/product-category\/bojra-per-metale\/\",\"url\":\"https:\/\/deutschcolor.com\/al\/product-category\/bojra-per-metale\/\",\"name\":\"Bojra p\\u00ebr metale\"}},{\"@type\":\"ListItem\",\"position\":4,\"item\":{\"@type\":\"WebPage\",\"@id\":\"https:\/\/deutschcolor.com\/al\/product-category\/bojra-per-metale\/bojera-per-metale\/\",\"url\":\"https:\/\/deutschcolor.com\/al\/product-category\/bojra-per-metale\/bojera-per-metale\/\",\"name\":\"9.2. Boj\\u00ebra p\\u00ebr metale\"}},{\"@type\":\"ListItem\",\"position\":5,\"item\":{\"@type\":\"WebPage\",\"@id\":\"https:\/\/deutschcolor.com\/al\/product\/holz-und-metal-270\/\",\"url\":\"https:\/\/deutschcolor.com\/al\/product\/holz-und-metal-270\/\",\"name\":\"Holz Und Metal 270\"}}]}]}<\/script>\n<!-- \/ Yoast SEO plugin. -->","_links":{"self":[{"href":"https:\/\/deutschcolor.com\/al\/wp-json\/wp\/v2\/product\/23963","targetHints":{"allow":["GET"]}}],"collection":[{"href":"https:\/\/deutschcolor.com\/al\/wp-json\/wp\/v2\/product"}],"about":[{"href":"https:\/\/deutschcolor.com\/al\/wp-json\/wp\/v2\/types\/product"}],"replies":[{"embeddable":true,"href":"https:\/\/deutschcolor.com\/al\/wp-json\/wp\/v2\/comments?post=23963"}],"wp:featuredmedia":[{"embeddable":true,"href":"https:\/\/deutschcolor.com\/al\/wp-json\/wp\/v2\/media\/24466"}],"wp:attachment":[{"href":"https:\/\/deutschcolor.com\/al\/wp-json\/wp\/v2\/media?parent=23963"}],"curies":[{"name":"wp","href":"https:\/\/api.w.org\/{rel}","templated":true}]}}