{"id":23967,"date":"2019-04-21T07:06:56","date_gmt":"2019-04-21T07:06:56","guid":{"rendered":"https:\/\/deutschcolor.com\/al\/?post_type=product&#038;p=23967"},"modified":"2025-02-20T10:22:24","modified_gmt":"2025-02-20T10:22:24","slug":"spezial-lack","status":"publish","type":"product","link":"https:\/\/deutschcolor.com\/al\/product\/spezial-lack\/","title":{"rendered":"Spezial Lack"},"content":{"rendered":"<p><strong>Karakteristikat e produktit<\/strong><br \/>\n\u2022 Pa plumb dhe krom<br \/>\n\u2022 Mbulueshm\u00ebri perfekte<br \/>\n\u2022 Mbrojtje e plot\u00eb antikorrozive<br \/>\n\u2022 Rezistenc\u00eb superiore ndaj gerryerjes<br \/>\n\u2022 Ngjitje e fort\u00eb dhe tharje shum\u00eb e shpejt\u00eb<br \/>\n\u2022 Gjendet n\u00eb 2 ngjyra, t\u00eb bardh\u00eb dhe t\u00eb zez\u00eb<br \/>\n\u2022 Ngjyra t\u00eb q\u00ebndrueshme p\u00ebr nj\u00eb koh\u00eb t\u00eb gjat\u00eb<\/p>\n<p><strong>Rekomandimet p\u00ebr p\u00ebrdorim<\/strong><br \/>\nRekomandohet t\u00eb p\u00ebrdoret si boj\u00eb mbi t\u00eb gjitha sip\u00ebrfaqet metalike q\u00eb jan\u00eb t\u00eb destinuara p\u00ebr p\u00ebrdorim n\u00eb ambiente t\u00eb brendshme dhe t\u00eb jashtme. P\u00ebrdoret p\u00ebr lyerjen e konstruksioneve metalike q\u00eb jan\u00eb t\u00eb destinuara p\u00ebr p\u00ebrdorim n\u00eb ambiente industriale si p\u00ebr shembull kapanone, ura, shkall\u00eb, kangjella, dyer metalike, etj.<br \/>\n###<\/p>\n<p><strong>Ruajtja<\/strong><br \/>\n36 muaj, me kusht q\u00eb kana\u00e7et t\u00eb jen\u00eb t\u00eb mbyllura dhe n\u00eb kushte normale ruajtjeje.<\/p>\n<p><strong>Sh\u00ebnime<\/strong><br \/>\n\u2022 Rekomandohet q\u00eb t\u00eb shmanget aplikimi i produktit n\u00eb temperatura n\u00ebn 5\u00baC<\/p>\n","protected":false},"excerpt":{"rendered":"<p>Boj\u00eb p\u00ebr metale me shk\u00eblqim t\u00eb lart\u00eb, tharje t\u00eb shpejt\u00eb dhe rezistenc\u00eb t\u00eb lart\u00eb ndaj g\u00ebrvishtjes<\/p>\n","protected":false},"featured_media":24467,"comment_status":"closed","ping_status":"closed","template":"","meta":{"_glsr_average":0,"_glsr_ranking":0,"_glsr_reviews":0},"class_list":["post-23967","product","type-product","status-publish","has-post-thumbnail","hentry","product_cat-bojra-per-metale","product_cat-bojera-per-metale"],"yoast_head":"<!-- This site is optimized with the Yoast SEO plugin v15.0 - https:\/\/yoast.com\/wordpress\/plugins\/seo\/ -->\n<title>Spezial Lack - Boj\u00eb me shk\u00eblqim - Deutschcolor Zgjedhja juaj profesionale<\/title>\n<meta name=\"description\" content=\"Boj\u00eb me shk\u00eblqim, me tharje t\u00eb shpejt\u00eb, me baz\u00eb tret\u00ebsi me cil\u00ebsi t\u00eb shk\u00eblqyeshme p\u00ebr sip\u00ebrfaqet metalike. Mbrojtje e plot\u00eb antikorozive.\" \/>\n<meta name=\"robots\" content=\"index, follow, max-snippet:-1, max-image-preview:large, max-video-preview:-1\" \/>\n<link rel=\"canonical\" href=\"https:\/\/deutschcolor.com\/al\/product\/spezial-lack\/\" \/>\n<meta property=\"og:locale\" content=\"en_US\" \/>\n<meta property=\"og:type\" content=\"article\" \/>\n<meta property=\"og:title\" content=\"Spezial Lack - Boj\u00eb me shk\u00eblqim - Deutschcolor Zgjedhja juaj profesionale\" \/>\n<meta property=\"og:description\" content=\"Boj\u00eb me shk\u00eblqim, me tharje t\u00eb shpejt\u00eb, me baz\u00eb tret\u00ebsi me cil\u00ebsi t\u00eb shk\u00eblqyeshme p\u00ebr sip\u00ebrfaqet metalike. Mbrojtje e plot\u00eb antikorozive.\" \/>\n<meta property=\"og:url\" content=\"https:\/\/deutschcolor.com\/al\/product\/spezial-lack\/\" \/>\n<meta property=\"og:site_name\" content=\"Deutschcolor\" \/>\n<meta property=\"article:publisher\" content=\"https:\/\/www.facebook.com\/deutschcolorofficial\" \/>\n<meta property=\"article:modified_time\" content=\"2025-02-20T10:22:24+00:00\" \/>\n<meta property=\"og:image\" content=\"https:\/\/deutschcolor.com\/al\/wp-content\/uploads\/2019\/04\/SPEZIAL-LACK-min.png\" \/>\n\t<meta property=\"og:image:width\" content=\"1000\" \/>\n\t<meta property=\"og:image:height\" content=\"1000\" \/>\n<meta name=\"twitter:card\" content=\"summary_large_image\" \/>\n<script type=\"application\/ld+json\" class=\"yoast-schema-graph\">{\"@context\":\"https:\/\/schema.org\",\"@graph\":[{\"@type\":\"WebSite\",\"@id\":\"https:\/\/deutschcolor.com\/al\/#website\",\"url\":\"https:\/\/deutschcolor.com\/al\/\",\"name\":\"Deutschcolor\",\"description\":\"Deutschcolor Albania\",\"potentialAction\":[{\"@type\":\"SearchAction\",\"target\":\"https:\/\/deutschcolor.com\/al\/?s={search_term_string}\",\"query-input\":\"required name=search_term_string\"}],\"inLanguage\":\"en-US\"},{\"@type\":\"ImageObject\",\"@id\":\"https:\/\/deutschcolor.com\/al\/product\/spezial-lack\/#primaryimage\",\"inLanguage\":\"en-US\",\"url\":\"https:\/\/deutschcolor.com\/al\/wp-content\/uploads\/2019\/04\/SPEZIAL-LACK-min.png\",\"width\":1000,\"height\":1000},{\"@type\":\"WebPage\",\"@id\":\"https:\/\/deutschcolor.com\/al\/product\/spezial-lack\/#webpage\",\"url\":\"https:\/\/deutschcolor.com\/al\/product\/spezial-lack\/\",\"name\":\"Spezial Lack - Boj\\u00eb me shk\\u00eblqim - Deutschcolor Zgjedhja juaj profesionale\",\"isPartOf\":{\"@id\":\"https:\/\/deutschcolor.com\/al\/#website\"},\"primaryImageOfPage\":{\"@id\":\"https:\/\/deutschcolor.com\/al\/product\/spezial-lack\/#primaryimage\"},\"datePublished\":\"2019-04-21T07:06:56+00:00\",\"dateModified\":\"2025-02-20T10:22:24+00:00\",\"description\":\"Boj\\u00eb me shk\\u00eblqim, me tharje t\\u00eb shpejt\\u00eb, me baz\\u00eb tret\\u00ebsi me cil\\u00ebsi t\\u00eb shk\\u00eblqyeshme p\\u00ebr sip\\u00ebrfaqet metalike. Mbrojtje e plot\\u00eb antikorozive.\",\"breadcrumb\":{\"@id\":\"https:\/\/deutschcolor.com\/al\/product\/spezial-lack\/#breadcrumb\"},\"inLanguage\":\"en-US\",\"potentialAction\":[{\"@type\":\"ReadAction\",\"target\":[\"https:\/\/deutschcolor.com\/al\/product\/spezial-lack\/\"]}]},{\"@type\":\"BreadcrumbList\",\"@id\":\"https:\/\/deutschcolor.com\/al\/product\/spezial-lack\/#breadcrumb\",\"itemListElement\":[{\"@type\":\"ListItem\",\"position\":1,\"item\":{\"@type\":\"WebPage\",\"@id\":\"https:\/\/deutschcolor.com\/al\/\",\"url\":\"https:\/\/deutschcolor.com\/al\/\",\"name\":\"Home\"}},{\"@type\":\"ListItem\",\"position\":2,\"item\":{\"@type\":\"WebPage\",\"@id\":\"https:\/\/deutschcolor.com\/al\/shop\/\",\"url\":\"https:\/\/deutschcolor.com\/al\/shop\/\",\"name\":\"SHOP\"}},{\"@type\":\"ListItem\",\"position\":3,\"item\":{\"@type\":\"WebPage\",\"@id\":\"https:\/\/deutschcolor.com\/al\/product-category\/bojra-per-metale\/\",\"url\":\"https:\/\/deutschcolor.com\/al\/product-category\/bojra-per-metale\/\",\"name\":\"Bojra p\\u00ebr metale\"}},{\"@type\":\"ListItem\",\"position\":4,\"item\":{\"@type\":\"WebPage\",\"@id\":\"https:\/\/deutschcolor.com\/al\/product-category\/bojra-per-metale\/bojera-per-metale\/\",\"url\":\"https:\/\/deutschcolor.com\/al\/product-category\/bojra-per-metale\/bojera-per-metale\/\",\"name\":\"9.2. Boj\\u00ebra p\\u00ebr metale\"}},{\"@type\":\"ListItem\",\"position\":5,\"item\":{\"@type\":\"WebPage\",\"@id\":\"https:\/\/deutschcolor.com\/al\/product\/spezial-lack\/\",\"url\":\"https:\/\/deutschcolor.com\/al\/product\/spezial-lack\/\",\"name\":\"Spezial Lack\"}}]}]}<\/script>\n<!-- \/ Yoast SEO plugin. -->","_links":{"self":[{"href":"https:\/\/deutschcolor.com\/al\/wp-json\/wp\/v2\/product\/23967","targetHints":{"allow":["GET"]}}],"collection":[{"href":"https:\/\/deutschcolor.com\/al\/wp-json\/wp\/v2\/product"}],"about":[{"href":"https:\/\/deutschcolor.com\/al\/wp-json\/wp\/v2\/types\/product"}],"replies":[{"embeddable":true,"href":"https:\/\/deutschcolor.com\/al\/wp-json\/wp\/v2\/comments?post=23967"}],"wp:featuredmedia":[{"embeddable":true,"href":"https:\/\/deutschcolor.com\/al\/wp-json\/wp\/v2\/media\/24467"}],"wp:attachment":[{"href":"https:\/\/deutschcolor.com\/al\/wp-json\/wp\/v2\/media?parent=23967"}],"curies":[{"name":"wp","href":"https:\/\/api.w.org\/{rel}","templated":true}]}}