{"id":23980,"date":"2019-04-21T07:14:00","date_gmt":"2019-04-21T07:14:00","guid":{"rendered":"https:\/\/deutschcolor.com\/al\/?post_type=product&#038;p=23980"},"modified":"2025-02-20T11:42:11","modified_gmt":"2025-02-20T11:42:11","slug":"faust-lack-sn","status":"publish","type":"product","link":"https:\/\/deutschcolor.com\/al\/product\/faust-lack-sn\/","title":{"rendered":"Faust Lack SN"},"content":{"rendered":"<p><strong>Karakteristikat e produktit<\/strong><br \/>\n\u2022 Bardh\u00ebsi superiore<br \/>\n\u2022 Sip\u00ebrfaqe e p\u00ebrsosur<br \/>\n\u2022 Mbulueshm\u00ebri e shk\u00eblqyer<br \/>\n\u2022 Punueshm\u00ebri dhe nivelim perfekt<br \/>\n\u2022 P\u00ebrmban adetiv kund\u00ebr zverdhjes<br \/>\n\u2022 Gjendet n\u00eb 4 baza W, P, D dhe TR<br \/>\n\u2022 E pigmentueshme sipas sistemit DCTS<br \/>\n\u2022 Ngjitje shum\u00eb e fort\u00eb dhe tharje e shpejt\u00eb<\/p>\n<p><strong>Rekomandimet p\u00ebr p\u00ebrdorim<\/strong><br \/>\nRekomandohet t\u00eb p\u00ebrdoret si boj\u00eb mbi t\u00eb gjitha sip\u00ebrfaqet metalike dhe drusore q\u00eb jan\u00eb t\u00eb destinuara p\u00ebr p\u00ebrdorim n\u00eb ambiente t\u00eb brendshme dhe t\u00eb jashtme. P\u00ebrdoret p\u00ebr lyerjen e konstruksioneve metalike q\u00eb jan\u00eb t\u00eb destinuara p\u00ebr p\u00ebrdorim si p\u00ebr shembull shkall\u00eb, kangjella, dyer metalike, etj. P\u00ebrdoret p\u00ebr lyerjen e gardheve t\u00eb b\u00ebra me ristela druri, shkall\u00ebve prej druri, parmak\u00ebve prej druri, etj.<br \/>\n###<br \/>\n<strong>Ruajtja<\/strong><br \/>\n36 muaj, me kusht q\u00eb kana\u00e7et t\u00eb jen\u00eb t\u00eb mbyllura dhe n\u00eb kushte normale ruajtjeje..<\/p>\n<p><strong>Sh\u00ebnime<\/strong><br \/>\n\u2022 Rekomandohet t\u00eb mos b\u00ebhet aplikimi i produktit n\u00ebn temperatura n\u00eb vler\u00eb m\u00eb posht\u00eb 5\u00baC.<br \/>\n\u2022 Bazat e Faust Lack GL p\u00ebrdoren vet\u00ebm p\u00ebr prodhimin e nuancave me ngjyr\u00eb n\u00ebp\u00ebrmjet sistemit DCTS.<\/p>\n","protected":false},"excerpt":{"rendered":"<p>Boj\u00eb p\u00ebr dru dhe p\u00ebr metal me gjysm\u00eb shk\u00eblqim me baz\u00eb uji me formul\u00ebn m\u00eb inovative dhe ekologjike Wasser Protect<\/p>\n","protected":false},"featured_media":24471,"comment_status":"closed","ping_status":"closed","template":"","meta":{"_glsr_average":0,"_glsr_ranking":0,"_glsr_reviews":0},"class_list":["post-23980","product","type-product","status-publish","has-post-thumbnail","hentry","product_cat-bojra-per-metale","product_cat-bojera-per-metale"],"yoast_head":"<!-- This site is optimized with the Yoast SEO plugin v15.0 - https:\/\/yoast.com\/wordpress\/plugins\/seo\/ -->\n<title>Inovative dhe Ekologjike - Faust Lack SN - Deutschcolor Zgjidhje perfekte.<\/title>\n<meta name=\"description\" content=\"Boj\u00eb p\u00ebr dru dhe p\u00ebr metal me gjysm\u00eb shk\u00eblqim me baz\u00eb uji me formul\u00ebn m\u00eb inovative dhe ekologjike Wasser Protect.\" \/>\n<meta name=\"robots\" content=\"index, follow, max-snippet:-1, max-image-preview:large, max-video-preview:-1\" \/>\n<link rel=\"canonical\" href=\"https:\/\/deutschcolor.com\/al\/product\/faust-lack-sn\/\" \/>\n<meta property=\"og:locale\" content=\"en_US\" \/>\n<meta property=\"og:type\" content=\"article\" \/>\n<meta property=\"og:title\" content=\"Inovative dhe Ekologjike - Faust Lack SN - Deutschcolor Zgjidhje perfekte.\" \/>\n<meta property=\"og:description\" content=\"Boj\u00eb p\u00ebr dru dhe p\u00ebr metal me gjysm\u00eb shk\u00eblqim me baz\u00eb uji me formul\u00ebn m\u00eb inovative dhe ekologjike Wasser Protect.\" \/>\n<meta property=\"og:url\" content=\"https:\/\/deutschcolor.com\/al\/product\/faust-lack-sn\/\" \/>\n<meta property=\"og:site_name\" content=\"Deutschcolor\" \/>\n<meta property=\"article:publisher\" content=\"https:\/\/www.facebook.com\/deutschcolorofficial\" \/>\n<meta property=\"article:modified_time\" content=\"2025-02-20T11:42:11+00:00\" \/>\n<meta property=\"og:image\" content=\"https:\/\/deutschcolor.com\/al\/wp-content\/uploads\/2019\/04\/Faust-Lack-SN-min.png\" \/>\n\t<meta property=\"og:image:width\" content=\"1000\" \/>\n\t<meta property=\"og:image:height\" content=\"1000\" \/>\n<meta name=\"twitter:card\" content=\"summary_large_image\" \/>\n<script type=\"application\/ld+json\" class=\"yoast-schema-graph\">{\"@context\":\"https:\/\/schema.org\",\"@graph\":[{\"@type\":\"WebSite\",\"@id\":\"https:\/\/deutschcolor.com\/al\/#website\",\"url\":\"https:\/\/deutschcolor.com\/al\/\",\"name\":\"Deutschcolor\",\"description\":\"Deutschcolor Albania\",\"potentialAction\":[{\"@type\":\"SearchAction\",\"target\":\"https:\/\/deutschcolor.com\/al\/?s={search_term_string}\",\"query-input\":\"required name=search_term_string\"}],\"inLanguage\":\"en-US\"},{\"@type\":\"ImageObject\",\"@id\":\"https:\/\/deutschcolor.com\/al\/product\/faust-lack-sn\/#primaryimage\",\"inLanguage\":\"en-US\",\"url\":\"https:\/\/deutschcolor.com\/al\/wp-content\/uploads\/2019\/04\/Faust-Lack-SN-min.png\",\"width\":1000,\"height\":1000},{\"@type\":\"WebPage\",\"@id\":\"https:\/\/deutschcolor.com\/al\/product\/faust-lack-sn\/#webpage\",\"url\":\"https:\/\/deutschcolor.com\/al\/product\/faust-lack-sn\/\",\"name\":\"Inovative dhe Ekologjike - Faust Lack SN - Deutschcolor Zgjidhje perfekte.\",\"isPartOf\":{\"@id\":\"https:\/\/deutschcolor.com\/al\/#website\"},\"primaryImageOfPage\":{\"@id\":\"https:\/\/deutschcolor.com\/al\/product\/faust-lack-sn\/#primaryimage\"},\"datePublished\":\"2019-04-21T07:14:00+00:00\",\"dateModified\":\"2025-02-20T11:42:11+00:00\",\"description\":\"Boj\\u00eb p\\u00ebr dru dhe p\\u00ebr metal me gjysm\\u00eb shk\\u00eblqim me baz\\u00eb uji me formul\\u00ebn m\\u00eb inovative dhe ekologjike Wasser Protect.\",\"breadcrumb\":{\"@id\":\"https:\/\/deutschcolor.com\/al\/product\/faust-lack-sn\/#breadcrumb\"},\"inLanguage\":\"en-US\",\"potentialAction\":[{\"@type\":\"ReadAction\",\"target\":[\"https:\/\/deutschcolor.com\/al\/product\/faust-lack-sn\/\"]}]},{\"@type\":\"BreadcrumbList\",\"@id\":\"https:\/\/deutschcolor.com\/al\/product\/faust-lack-sn\/#breadcrumb\",\"itemListElement\":[{\"@type\":\"ListItem\",\"position\":1,\"item\":{\"@type\":\"WebPage\",\"@id\":\"https:\/\/deutschcolor.com\/al\/\",\"url\":\"https:\/\/deutschcolor.com\/al\/\",\"name\":\"Home\"}},{\"@type\":\"ListItem\",\"position\":2,\"item\":{\"@type\":\"WebPage\",\"@id\":\"https:\/\/deutschcolor.com\/al\/shop\/\",\"url\":\"https:\/\/deutschcolor.com\/al\/shop\/\",\"name\":\"SHOP\"}},{\"@type\":\"ListItem\",\"position\":3,\"item\":{\"@type\":\"WebPage\",\"@id\":\"https:\/\/deutschcolor.com\/al\/product-category\/bojra-per-metale\/\",\"url\":\"https:\/\/deutschcolor.com\/al\/product-category\/bojra-per-metale\/\",\"name\":\"Bojra p\\u00ebr metale\"}},{\"@type\":\"ListItem\",\"position\":4,\"item\":{\"@type\":\"WebPage\",\"@id\":\"https:\/\/deutschcolor.com\/al\/product-category\/bojra-per-metale\/bojera-per-metale\/\",\"url\":\"https:\/\/deutschcolor.com\/al\/product-category\/bojra-per-metale\/bojera-per-metale\/\",\"name\":\"9.2. Boj\\u00ebra p\\u00ebr metale\"}},{\"@type\":\"ListItem\",\"position\":5,\"item\":{\"@type\":\"WebPage\",\"@id\":\"https:\/\/deutschcolor.com\/al\/product\/faust-lack-sn\/\",\"url\":\"https:\/\/deutschcolor.com\/al\/product\/faust-lack-sn\/\",\"name\":\"Faust Lack SN\"}}]}]}<\/script>\n<!-- \/ Yoast SEO plugin. -->","_links":{"self":[{"href":"https:\/\/deutschcolor.com\/al\/wp-json\/wp\/v2\/product\/23980","targetHints":{"allow":["GET"]}}],"collection":[{"href":"https:\/\/deutschcolor.com\/al\/wp-json\/wp\/v2\/product"}],"about":[{"href":"https:\/\/deutschcolor.com\/al\/wp-json\/wp\/v2\/types\/product"}],"replies":[{"embeddable":true,"href":"https:\/\/deutschcolor.com\/al\/wp-json\/wp\/v2\/comments?post=23980"}],"wp:featuredmedia":[{"embeddable":true,"href":"https:\/\/deutschcolor.com\/al\/wp-json\/wp\/v2\/media\/24471"}],"wp:attachment":[{"href":"https:\/\/deutschcolor.com\/al\/wp-json\/wp\/v2\/media?parent=23980"}],"curies":[{"name":"wp","href":"https:\/\/api.w.org\/{rel}","templated":true}]}}