{"id":23986,"date":"2019-04-21T07:20:19","date_gmt":"2019-04-21T07:20:19","guid":{"rendered":"https:\/\/deutschcolor.com\/al\/?post_type=product&#038;p=23986"},"modified":"2025-07-17T09:14:17","modified_gmt":"2025-07-17T09:14:17","slug":"epo-farbe-sv","status":"publish","type":"product","link":"https:\/\/deutschcolor.com\/al\/product\/epo-farbe-sv\/","title":{"rendered":"Epo Farbe SV"},"content":{"rendered":"<p><strong>Karakteristikat e produktit &#8211; Boj\u00eb profesionale ekologjike<\/strong><br \/>\n1 Rezistenc\u00eb UV<br \/>\n2 Shk\u00eblqim i lart\u00eb<br \/>\n3 Ngjitje e shk\u00eblqyer<br \/>\n4 Ngjitje n\u00eb boj\u00eb alkide<br \/>\n5 Ngjitje n\u00eb sip\u00ebrfaqe me ndryshk<br \/>\n6 Dep\u00ebrtim i lart\u00eb n\u00eb sip\u00ebrfaqe me ndryshk<br \/>\n7 Rezistenc\u00eb kimike ndaj g\u00ebrryerjes dhe ujit<\/p>\n<p><strong>Rekomandimet p\u00ebr p\u00ebrdorim<\/strong><br \/>\nRekomandohet t\u00eb p\u00ebrdoret si boj\u00eb <strong>profesionale ekologjike <\/strong>mbi t\u00eb gjitha sip\u00ebrfaqet metalike q\u00eb jan\u00eb t\u00eb destinuara p\u00ebr p\u00ebrdorim n\u00eb ambiente t\u00eb brendshme dhe kryesisht t\u00eb jashtme. P\u00ebrdoret sidomos n\u00eb ato raste kur k\u00ebrkohet rezistenc\u00eb shum\u00eb e lart\u00eb dhe kur sip\u00ebrfaqet metalike jan\u00eb t\u00eb ekspozuara ndaj agjent\u00ebve korrodues.<\/p>\n<p>P\u00ebrdoret p\u00ebr lyerjen e konstruksioneve metalike q\u00eb jan\u00eb t\u00eb destinuara p\u00ebr p\u00ebrdorim n\u00eb ambiente industriale veti ekologjike dhe profesionale si p\u00ebr shembull kapanone, ura, shkall\u00eb, cisterna metalike, makineri, etj.<\/p>\n<p>Rekomandohet t\u00eb p\u00ebrdoret kryesisht n\u00eb industrin\u00eb detare p\u00ebr lyerjen e mjeteve t\u00eb transportit, anijeve si edhe p\u00ebr makinerit\u00eb e pun\u00ebs n\u00eb zona portuale.<br \/>\n###<br \/>\n<strong>Ruajtja<\/strong><br \/>\n36 muaj, me kusht q\u00eb kana\u00e7et t\u00eb jen\u00eb t\u00eb mbyllura dhe n\u00eb kushte normale ruajtjeje.<\/p>\n<p><strong>Sh\u00ebnime<\/strong><br \/>\n\u2022 Rekomandohet q\u00eb t\u00eb shmanget aplikimi i produktit n\u00eb temperatura n\u00ebn 5\u00baC<br \/>\n###<br \/>\nBoj\u00ebra p\u00ebr Metale <a href=\"https:\/\/deutschcolor.com\/al\/product-category\/bojra-per-metale\/\" target=\"_blank\" rel=\"noopener\">kliko ketu<\/a>. Partneret tane <a href=\"https:\/\/deltacorporation.eu\/\" target=\"_blank\" rel=\"noopener\">Delta Corporation<\/a>.<\/p>\n","protected":false},"excerpt":{"rendered":"<p>Boj\u00eb profesionale ekologjike p\u00ebr sip\u00ebrfaqe metalike dy komponent\u00ebsh me baz\u00eb epokside, e disponueshme n\u00eb disa ngjyra t\u00eb ndryshme.<\/p>\n","protected":false},"featured_media":24473,"comment_status":"closed","ping_status":"closed","template":"","meta":{"_glsr_average":0,"_glsr_ranking":0,"_glsr_reviews":0},"class_list":["post-23986","product","type-product","status-publish","has-post-thumbnail","hentry","product_cat-bojra-per-metale","product_cat-bojera-per-metale"],"yoast_head":"<!-- This site is optimized with the Yoast SEO plugin v15.0 - https:\/\/yoast.com\/wordpress\/plugins\/seo\/ -->\n<title>Boj\u00eb Metalike dy Komponent\u00ebsh - Deutsch Color - Profesionale &amp; Ekologjike<\/title>\n<meta name=\"description\" content=\"Boj\u00eb profesionale ekologjike p\u00ebr sip\u00ebrfaqe metalike dy komponent\u00ebsh me baz\u00eb epokside, e disponueshme n\u00eb disa ngjyra t\u00eb ndryshme.\" \/>\n<meta name=\"robots\" content=\"index, follow, max-snippet:-1, max-image-preview:large, max-video-preview:-1\" \/>\n<link rel=\"canonical\" href=\"https:\/\/deutschcolor.com\/al\/product\/epo-farbe-sv\/\" \/>\n<meta property=\"og:locale\" content=\"en_US\" \/>\n<meta property=\"og:type\" content=\"article\" \/>\n<meta property=\"og:title\" content=\"Boj\u00eb Metalike dy Komponent\u00ebsh - Deutsch Color - Profesionale &amp; Ekologjike\" \/>\n<meta property=\"og:description\" content=\"Boj\u00eb profesionale ekologjike p\u00ebr sip\u00ebrfaqe metalike dy komponent\u00ebsh me baz\u00eb epokside, e disponueshme n\u00eb disa ngjyra t\u00eb ndryshme.\" \/>\n<meta property=\"og:url\" content=\"https:\/\/deutschcolor.com\/al\/product\/epo-farbe-sv\/\" \/>\n<meta property=\"og:site_name\" content=\"Deutschcolor\" \/>\n<meta property=\"article:publisher\" content=\"https:\/\/www.facebook.com\/deutschcolorofficial\" \/>\n<meta property=\"article:modified_time\" content=\"2025-07-17T09:14:17+00:00\" \/>\n<meta property=\"og:image\" content=\"https:\/\/deutschcolor.com\/al\/wp-content\/uploads\/2019\/04\/Eepo-Farbe-SV-min.png\" \/>\n\t<meta property=\"og:image:width\" content=\"1000\" \/>\n\t<meta property=\"og:image:height\" content=\"1000\" \/>\n<meta name=\"twitter:card\" content=\"summary_large_image\" \/>\n<script type=\"application\/ld+json\" class=\"yoast-schema-graph\">{\"@context\":\"https:\/\/schema.org\",\"@graph\":[{\"@type\":\"WebSite\",\"@id\":\"https:\/\/deutschcolor.com\/al\/#website\",\"url\":\"https:\/\/deutschcolor.com\/al\/\",\"name\":\"Deutschcolor\",\"description\":\"Deutschcolor Albania\",\"potentialAction\":[{\"@type\":\"SearchAction\",\"target\":\"https:\/\/deutschcolor.com\/al\/?s={search_term_string}\",\"query-input\":\"required name=search_term_string\"}],\"inLanguage\":\"en-US\"},{\"@type\":\"ImageObject\",\"@id\":\"https:\/\/deutschcolor.com\/al\/product\/epo-farbe-sv\/#primaryimage\",\"inLanguage\":\"en-US\",\"url\":\"https:\/\/deutschcolor.com\/al\/wp-content\/uploads\/2019\/04\/Eepo-Farbe-SV-min.png\",\"width\":1000,\"height\":1000,\"caption\":\"Boj\\u00eb p\\u00ebr sip\\u00ebrfaqe metalike dy komponent\\u00ebsh me baz\\u00eb epokside\"},{\"@type\":\"WebPage\",\"@id\":\"https:\/\/deutschcolor.com\/al\/product\/epo-farbe-sv\/#webpage\",\"url\":\"https:\/\/deutschcolor.com\/al\/product\/epo-farbe-sv\/\",\"name\":\"Boj\\u00eb Metalike dy Komponent\\u00ebsh - Deutsch Color - Profesionale & Ekologjike\",\"isPartOf\":{\"@id\":\"https:\/\/deutschcolor.com\/al\/#website\"},\"primaryImageOfPage\":{\"@id\":\"https:\/\/deutschcolor.com\/al\/product\/epo-farbe-sv\/#primaryimage\"},\"datePublished\":\"2019-04-21T07:20:19+00:00\",\"dateModified\":\"2025-07-17T09:14:17+00:00\",\"description\":\"Boj\\u00eb profesionale ekologjike p\\u00ebr sip\\u00ebrfaqe metalike dy komponent\\u00ebsh me baz\\u00eb epokside, e disponueshme n\\u00eb disa ngjyra t\\u00eb ndryshme.\",\"breadcrumb\":{\"@id\":\"https:\/\/deutschcolor.com\/al\/product\/epo-farbe-sv\/#breadcrumb\"},\"inLanguage\":\"en-US\",\"potentialAction\":[{\"@type\":\"ReadAction\",\"target\":[\"https:\/\/deutschcolor.com\/al\/product\/epo-farbe-sv\/\"]}]},{\"@type\":\"BreadcrumbList\",\"@id\":\"https:\/\/deutschcolor.com\/al\/product\/epo-farbe-sv\/#breadcrumb\",\"itemListElement\":[{\"@type\":\"ListItem\",\"position\":1,\"item\":{\"@type\":\"WebPage\",\"@id\":\"https:\/\/deutschcolor.com\/al\/\",\"url\":\"https:\/\/deutschcolor.com\/al\/\",\"name\":\"Home\"}},{\"@type\":\"ListItem\",\"position\":2,\"item\":{\"@type\":\"WebPage\",\"@id\":\"https:\/\/deutschcolor.com\/al\/shop\/\",\"url\":\"https:\/\/deutschcolor.com\/al\/shop\/\",\"name\":\"SHOP\"}},{\"@type\":\"ListItem\",\"position\":3,\"item\":{\"@type\":\"WebPage\",\"@id\":\"https:\/\/deutschcolor.com\/al\/product-category\/bojra-per-metale\/\",\"url\":\"https:\/\/deutschcolor.com\/al\/product-category\/bojra-per-metale\/\",\"name\":\"Bojra p\\u00ebr metale\"}},{\"@type\":\"ListItem\",\"position\":4,\"item\":{\"@type\":\"WebPage\",\"@id\":\"https:\/\/deutschcolor.com\/al\/product-category\/bojra-per-metale\/bojera-per-metale\/\",\"url\":\"https:\/\/deutschcolor.com\/al\/product-category\/bojra-per-metale\/bojera-per-metale\/\",\"name\":\"9.2. Boj\\u00ebra p\\u00ebr metale\"}},{\"@type\":\"ListItem\",\"position\":5,\"item\":{\"@type\":\"WebPage\",\"@id\":\"https:\/\/deutschcolor.com\/al\/product\/epo-farbe-sv\/\",\"url\":\"https:\/\/deutschcolor.com\/al\/product\/epo-farbe-sv\/\",\"name\":\"Epo Farbe SV\"}}]}]}<\/script>\n<!-- \/ Yoast SEO plugin. -->","_links":{"self":[{"href":"https:\/\/deutschcolor.com\/al\/wp-json\/wp\/v2\/product\/23986","targetHints":{"allow":["GET"]}}],"collection":[{"href":"https:\/\/deutschcolor.com\/al\/wp-json\/wp\/v2\/product"}],"about":[{"href":"https:\/\/deutschcolor.com\/al\/wp-json\/wp\/v2\/types\/product"}],"replies":[{"embeddable":true,"href":"https:\/\/deutschcolor.com\/al\/wp-json\/wp\/v2\/comments?post=23986"}],"wp:featuredmedia":[{"embeddable":true,"href":"https:\/\/deutschcolor.com\/al\/wp-json\/wp\/v2\/media\/24473"}],"wp:attachment":[{"href":"https:\/\/deutschcolor.com\/al\/wp-json\/wp\/v2\/media?parent=23986"}],"curies":[{"name":"wp","href":"https:\/\/api.w.org\/{rel}","templated":true}]}}