{"id":23989,"date":"2019-04-21T07:22:20","date_gmt":"2019-04-21T07:22:20","guid":{"rendered":"https:\/\/deutschcolor.com\/al\/?post_type=product&#038;p=23989"},"modified":"2025-04-03T06:58:15","modified_gmt":"2025-04-03T06:58:15","slug":"auto-farbe-2k","status":"publish","type":"product","link":"https:\/\/deutschcolor.com\/al\/product\/auto-farbe-2k\/","title":{"rendered":"Auto Farbe 2K"},"content":{"rendered":"<p><strong>Karakteristikat e produktit<\/strong><br \/>\n\u2022 <a href=\"https:\/\/deutschcolor.com\/al\/colors\/\">Ngjyra<\/a> brilante<br \/>\n\u2022 Tharje e shpejt\u00eb<br \/>\n\u2022 Rezistenc\u00eb e lart\u00eb kimike<br \/>\n\u2022 Efekt i mir\u00eb llustrues dhe afatgjat\u00eb<br \/>\n\u2022 Rezistuese ndaj g\u00ebrvishtjes.<\/p>\n<p><strong>Rekomandimet p\u00ebr p\u00ebrdorim<\/strong><br \/>\n<a href=\"https:\/\/deutschcolor.com\/al\/product-category\/bojra-per-metale\/\">Boje p\u00ebr metale<\/a>. Rekomandohet t\u00eb p\u00ebrdoret kryesisht n\u00eb industrin\u00eb automobilistike p\u00ebr lyerjen e mjeteve t\u00eb transportit rrugor, makina, kamiona, motor\u00e7ikleta, etj.<br \/>\n###<br \/>\n<strong>Ruajtja<\/strong><br \/>\n36 muaj, me kusht q\u00eb kana\u00e7et t\u00eb jen\u00eb t\u00eb mbyllura dhe n\u00eb kushte normale ruajtjeje.<\/p>\n<p><strong>Sh\u00ebnime<\/strong><br \/>\n\u2022 Rekomandohet q\u00eb t\u00eb shmanget aplikimi i produktit n\u00eb temperatura n\u00ebn 5\u00baC<\/p>\n<p>###<\/p>\n<p>P\u00ebr m\u00eb shume bojra metalike <a href=\"https:\/\/deutschcolor.com\/al\/product-category\/bojra-per-metale\/\">kliko ketu<\/a>.<\/p>\n","protected":false},"excerpt":{"rendered":"<p>Llak dy komponent\u00ebsh p\u00ebr sip\u00ebrfaqet metalike t\u00eb makinave ose kamion\u00ebve me baz\u00eb epokside dhe solventi e nj\u00eb cil\u00ebsie t\u00eb lart\u00eb<\/p>\n","protected":false},"featured_media":24474,"comment_status":"closed","ping_status":"closed","template":"","meta":{"_glsr_average":0,"_glsr_ranking":0,"_glsr_reviews":0},"class_list":["post-23989","product","type-product","status-publish","has-post-thumbnail","hentry","product_cat-bojra-per-metale","product_cat-bojera-per-metale"],"yoast_head":"<!-- This site is optimized with the Yoast SEO plugin v15.0 - https:\/\/yoast.com\/wordpress\/plugins\/seo\/ -->\n<title>Llust\u00ebr llaku - Auto Farbe 2K - Deutsch Color - Rezistuese ndaj g\u00ebrvishtjes.<\/title>\n<meta name=\"description\" content=\"Llust\u00ebr llaku me dy komponent\u00eb p\u00ebr lustrimin dhe pastrimin e n\u00ebnshtres\u00ebs. Shtres\u00eb e \u00e7el\u00ebt, rezistente ndaj g\u00ebrvishtjeve. Zgjidhja juaj ideale\" \/>\n<meta name=\"robots\" content=\"index, follow, max-snippet:-1, max-image-preview:large, max-video-preview:-1\" \/>\n<link rel=\"canonical\" href=\"https:\/\/deutschcolor.com\/al\/product\/auto-farbe-2k\/\" \/>\n<meta property=\"og:locale\" content=\"en_US\" \/>\n<meta property=\"og:type\" content=\"article\" \/>\n<meta property=\"og:title\" content=\"Llust\u00ebr llaku - Auto Farbe 2K - Deutsch Color - Rezistuese ndaj g\u00ebrvishtjes.\" \/>\n<meta property=\"og:description\" content=\"Llust\u00ebr llaku me dy komponent\u00eb p\u00ebr lustrimin dhe pastrimin e n\u00ebnshtres\u00ebs. Shtres\u00eb e \u00e7el\u00ebt, rezistente ndaj g\u00ebrvishtjeve. Zgjidhja juaj ideale\" \/>\n<meta property=\"og:url\" content=\"https:\/\/deutschcolor.com\/al\/product\/auto-farbe-2k\/\" \/>\n<meta property=\"og:site_name\" content=\"Deutschcolor\" \/>\n<meta property=\"article:publisher\" content=\"https:\/\/www.facebook.com\/deutschcolorofficial\" \/>\n<meta property=\"article:modified_time\" content=\"2025-04-03T06:58:15+00:00\" \/>\n<meta property=\"og:image\" content=\"https:\/\/deutschcolor.com\/al\/wp-content\/uploads\/2019\/04\/Auto-Farbe-2K-1lt-min.png\" \/>\n\t<meta property=\"og:image:width\" content=\"1000\" \/>\n\t<meta property=\"og:image:height\" content=\"1000\" \/>\n<meta name=\"twitter:card\" content=\"summary_large_image\" \/>\n<script type=\"application\/ld+json\" class=\"yoast-schema-graph\">{\"@context\":\"https:\/\/schema.org\",\"@graph\":[{\"@type\":\"WebSite\",\"@id\":\"https:\/\/deutschcolor.com\/al\/#website\",\"url\":\"https:\/\/deutschcolor.com\/al\/\",\"name\":\"Deutschcolor\",\"description\":\"Deutschcolor Albania\",\"potentialAction\":[{\"@type\":\"SearchAction\",\"target\":\"https:\/\/deutschcolor.com\/al\/?s={search_term_string}\",\"query-input\":\"required name=search_term_string\"}],\"inLanguage\":\"en-US\"},{\"@type\":\"ImageObject\",\"@id\":\"https:\/\/deutschcolor.com\/al\/product\/auto-farbe-2k\/#primaryimage\",\"inLanguage\":\"en-US\",\"url\":\"https:\/\/deutschcolor.com\/al\/wp-content\/uploads\/2019\/04\/Auto-Farbe-2K-1lt-min.png\",\"width\":1000,\"height\":1000,\"caption\":\"Boje p\\u00ebr metale. Rekomandohet t\\u00eb p\\u00ebrdoret kryesisht n\\u00eb industrin\\u00eb automobilistike p\\u00ebr lyerjen e mjeteve t\\u00eb transportit rrugor.\"},{\"@type\":\"WebPage\",\"@id\":\"https:\/\/deutschcolor.com\/al\/product\/auto-farbe-2k\/#webpage\",\"url\":\"https:\/\/deutschcolor.com\/al\/product\/auto-farbe-2k\/\",\"name\":\"Llust\\u00ebr llaku - Auto Farbe 2K - Deutsch Color - Rezistuese ndaj g\\u00ebrvishtjes.\",\"isPartOf\":{\"@id\":\"https:\/\/deutschcolor.com\/al\/#website\"},\"primaryImageOfPage\":{\"@id\":\"https:\/\/deutschcolor.com\/al\/product\/auto-farbe-2k\/#primaryimage\"},\"datePublished\":\"2019-04-21T07:22:20+00:00\",\"dateModified\":\"2025-04-03T06:58:15+00:00\",\"description\":\"Llust\\u00ebr llaku me dy komponent\\u00eb p\\u00ebr lustrimin dhe pastrimin e n\\u00ebnshtres\\u00ebs. Shtres\\u00eb e \\u00e7el\\u00ebt, rezistente ndaj g\\u00ebrvishtjeve. Zgjidhja juaj ideale\",\"breadcrumb\":{\"@id\":\"https:\/\/deutschcolor.com\/al\/product\/auto-farbe-2k\/#breadcrumb\"},\"inLanguage\":\"en-US\",\"potentialAction\":[{\"@type\":\"ReadAction\",\"target\":[\"https:\/\/deutschcolor.com\/al\/product\/auto-farbe-2k\/\"]}]},{\"@type\":\"BreadcrumbList\",\"@id\":\"https:\/\/deutschcolor.com\/al\/product\/auto-farbe-2k\/#breadcrumb\",\"itemListElement\":[{\"@type\":\"ListItem\",\"position\":1,\"item\":{\"@type\":\"WebPage\",\"@id\":\"https:\/\/deutschcolor.com\/al\/\",\"url\":\"https:\/\/deutschcolor.com\/al\/\",\"name\":\"Home\"}},{\"@type\":\"ListItem\",\"position\":2,\"item\":{\"@type\":\"WebPage\",\"@id\":\"https:\/\/deutschcolor.com\/al\/shop\/\",\"url\":\"https:\/\/deutschcolor.com\/al\/shop\/\",\"name\":\"SHOP\"}},{\"@type\":\"ListItem\",\"position\":3,\"item\":{\"@type\":\"WebPage\",\"@id\":\"https:\/\/deutschcolor.com\/al\/product-category\/bojra-per-metale\/\",\"url\":\"https:\/\/deutschcolor.com\/al\/product-category\/bojra-per-metale\/\",\"name\":\"Bojra p\\u00ebr metale\"}},{\"@type\":\"ListItem\",\"position\":4,\"item\":{\"@type\":\"WebPage\",\"@id\":\"https:\/\/deutschcolor.com\/al\/product-category\/bojra-per-metale\/bojera-per-metale\/\",\"url\":\"https:\/\/deutschcolor.com\/al\/product-category\/bojra-per-metale\/bojera-per-metale\/\",\"name\":\"9.2. Boj\\u00ebra p\\u00ebr metale\"}},{\"@type\":\"ListItem\",\"position\":5,\"item\":{\"@type\":\"WebPage\",\"@id\":\"https:\/\/deutschcolor.com\/al\/product\/auto-farbe-2k\/\",\"url\":\"https:\/\/deutschcolor.com\/al\/product\/auto-farbe-2k\/\",\"name\":\"Auto Farbe 2K\"}}]}]}<\/script>\n<!-- \/ Yoast SEO plugin. -->","_links":{"self":[{"href":"https:\/\/deutschcolor.com\/al\/wp-json\/wp\/v2\/product\/23989","targetHints":{"allow":["GET"]}}],"collection":[{"href":"https:\/\/deutschcolor.com\/al\/wp-json\/wp\/v2\/product"}],"about":[{"href":"https:\/\/deutschcolor.com\/al\/wp-json\/wp\/v2\/types\/product"}],"replies":[{"embeddable":true,"href":"https:\/\/deutschcolor.com\/al\/wp-json\/wp\/v2\/comments?post=23989"}],"wp:featuredmedia":[{"embeddable":true,"href":"https:\/\/deutschcolor.com\/al\/wp-json\/wp\/v2\/media\/24474"}],"wp:attachment":[{"href":"https:\/\/deutschcolor.com\/al\/wp-json\/wp\/v2\/media?parent=23989"}],"curies":[{"name":"wp","href":"https:\/\/api.w.org\/{rel}","templated":true}]}}