{"id":23992,"date":"2019-04-21T07:23:51","date_gmt":"2019-04-21T07:23:51","guid":{"rendered":"https:\/\/deutschcolor.com\/al\/?post_type=product&#038;p=23992"},"modified":"2025-04-05T09:24:50","modified_gmt":"2025-04-05T09:24:50","slug":"auto-glassur-2k","status":"publish","type":"product","link":"https:\/\/deutschcolor.com\/al\/product\/auto-glassur-2k\/","title":{"rendered":"Auto Glassur 2K"},"content":{"rendered":"<h1 style=\"font-size: 15px; font-weight: normal;\"><strong>Karakteristikat e produktit<\/strong><\/h1>\n<p>1 Rezistenc\u00eb mekanike<br \/>\n2 Rezistenc\u00eb n\u00eb g\u00ebrvishtje<br \/>\n3 Rezistenc\u00eb e lart\u00eb kimike<br \/>\n4 Aplikim mbi boj\u00ebn metalike<br \/>\n5 Efekt i mir\u00eb llustrues dhe afatgjat\u00eb<br \/>\n<a href=\"https:\/\/deutschcolor.com\/al\/product-category\/bojra-per-metale\/\">6 Boje p\u00ebr metale<\/a> me rezistence te larte<\/p>\n<h2 style=\"font-size: 15px; font-weight: normal;\"><strong>Rekomandimet p\u00ebr p\u00ebrdorim<\/strong><br \/>\nRekomandohet t\u00eb p\u00ebrdoret kryesisht n\u00eb industrin\u00eb automobilistike p\u00ebr lyerjen e mjeteve t\u00eb transportit rrugor, makina, kamiona, motor\u00e7ikleta, etj.<\/h2>\n<p>###<br \/>\n<strong>Ruajtja<\/strong><br \/>\n36 muaj, me kusht q\u00eb kana\u00e7et t\u00eb jen\u00eb t\u00eb mbyllura dhe n\u00eb kushte normale ruajtjeje.<\/p>\n<p><strong>Sh\u00ebnime<\/strong><br \/>\n\u2022 Rekomandohet q\u00eb t\u00eb shmanget aplikimi i produktit n\u00eb temperatura n\u00ebn 5\u00baC<\/p>\n<p>###<\/p>\n<p>P\u00ebr m\u00eb shume bojra metalike <a href=\"https:\/\/deutschcolor.com\/al\/product-category\/bojra-per-metale\/\">kliko ketu<\/a>.<br \/>\nDyqani jome <a href=\"https:\/\/g.co\/kgs\/9a61piL\">kliko ketu<\/a>.<\/p>\n<h1 style=\"font-size: 15px; font-weight: normal;\">Ky llak epoksid \u00ebsht\u00eb ideal p\u00ebr sip\u00ebrfaqe metalike, duke ofruar q\u00ebndrueshm\u00ebri dhe performanc\u00eb t\u00eb lart\u00eb.<\/h1>\n<h2 style=\"font-size: 15px; font-weight: normal;\">P\u00ebr m\u00eb tep\u00ebr, <a href=\"https:\/\/deutschcolor.com\/al\/\">Deutsch Color<\/a> prodhon boj\u00ebra me veti mekanike t\u00eb avancuara, t\u00eb cilat zhvillohen n\u00eb nj\u00eb fabrik\u00eb moderne dhe ekologjike.<\/h2>\n<h3 style=\"font-size: 15px; font-weight: normal;\">Kompania \u00ebsht\u00eb e \u00e7ertifikuar sipas standardeve nd\u00ebrkomb\u00ebtare ISO 9001, ISO 14001 dhe OHSAS 18001, n\u00eb p\u00ebrputhje me Ligjin p\u00ebr Sh\u00ebndetin dhe Sigurin\u00eb.<\/h3>\n","protected":false},"excerpt":{"rendered":"<p>Llak p\u00ebr sip\u00ebrfaqe <a href=\"https:\/\/deutschcolor.com\/al\/product-category\/bojra-per-metale\/\">metalike<\/a> dy komponent\u00ebsh me baz\u00eb epokside me p\u00ebrmbajtje solventi, i nj\u00eb cil\u00ebsie t\u00eb lart\u00eb<\/p>\n","protected":false},"featured_media":24475,"comment_status":"closed","ping_status":"closed","template":"","meta":{"_glsr_average":0,"_glsr_ranking":0,"_glsr_reviews":0},"class_list":["post-23992","product","type-product","status-publish","has-post-thumbnail","hentry","product_cat-bojra-per-metale","product_cat-bojera-per-metale"],"yoast_head":"<!-- This site is optimized with the Yoast SEO plugin v15.0 - https:\/\/yoast.com\/wordpress\/plugins\/seo\/ -->\n<title>Llak p\u00ebr Sip\u00ebrfaqe Metalike Auto Glassur 2K - Deutsch Color Albania<\/title>\n<meta name=\"description\" content=\"Llak p\u00ebr sip\u00ebrfaqe metalike dy komponent\u00ebsh me baz\u00eb epokside me p\u00ebrmbajtje solventi, cil\u00ebsi t\u00eb lart\u00eb. Deutsch Color Albania.\" \/>\n<meta name=\"robots\" content=\"index, follow, max-snippet:-1, max-image-preview:large, max-video-preview:-1\" \/>\n<link rel=\"canonical\" href=\"https:\/\/deutschcolor.com\/al\/product\/auto-glassur-2k\/\" \/>\n<meta property=\"og:locale\" content=\"en_US\" \/>\n<meta property=\"og:type\" content=\"article\" \/>\n<meta property=\"og:title\" content=\"Llak p\u00ebr Sip\u00ebrfaqe Metalike Auto Glassur 2K - Deutsch Color Albania\" \/>\n<meta property=\"og:description\" content=\"Llak p\u00ebr sip\u00ebrfaqe metalike dy komponent\u00ebsh me baz\u00eb epokside me p\u00ebrmbajtje solventi, cil\u00ebsi t\u00eb lart\u00eb. Deutsch Color Albania.\" \/>\n<meta property=\"og:url\" content=\"https:\/\/deutschcolor.com\/al\/product\/auto-glassur-2k\/\" \/>\n<meta property=\"og:site_name\" content=\"Deutschcolor\" \/>\n<meta property=\"article:publisher\" content=\"https:\/\/www.facebook.com\/deutschcolorofficial\" \/>\n<meta property=\"article:modified_time\" content=\"2025-04-05T09:24:50+00:00\" \/>\n<meta property=\"og:image\" content=\"https:\/\/deutschcolor.com\/al\/wp-content\/uploads\/2019\/04\/Auto-Glasur-2K-1lt-min.png\" \/>\n\t<meta property=\"og:image:width\" content=\"1000\" \/>\n\t<meta property=\"og:image:height\" content=\"1000\" \/>\n<meta name=\"twitter:card\" content=\"summary_large_image\" \/>\n<script type=\"application\/ld+json\" class=\"yoast-schema-graph\">{\"@context\":\"https:\/\/schema.org\",\"@graph\":[{\"@type\":\"WebSite\",\"@id\":\"https:\/\/deutschcolor.com\/al\/#website\",\"url\":\"https:\/\/deutschcolor.com\/al\/\",\"name\":\"Deutschcolor\",\"description\":\"Deutschcolor Albania\",\"potentialAction\":[{\"@type\":\"SearchAction\",\"target\":\"https:\/\/deutschcolor.com\/al\/?s={search_term_string}\",\"query-input\":\"required name=search_term_string\"}],\"inLanguage\":\"en-US\"},{\"@type\":\"ImageObject\",\"@id\":\"https:\/\/deutschcolor.com\/al\/product\/auto-glassur-2k\/#primaryimage\",\"inLanguage\":\"en-US\",\"url\":\"https:\/\/deutschcolor.com\/al\/wp-content\/uploads\/2019\/04\/Auto-Glasur-2K-1lt-min.png\",\"width\":1000,\"height\":1000,\"caption\":\"Llak p\\u00ebr sip\\u00ebrfaqe metalike dy komponent\\u00ebsh me baz\\u00eb epokside me p\\u00ebrmbajtje solventi, i nj\\u00eb cil\\u00ebsie t\\u00eb lart\\u00eb\"},{\"@type\":\"WebPage\",\"@id\":\"https:\/\/deutschcolor.com\/al\/product\/auto-glassur-2k\/#webpage\",\"url\":\"https:\/\/deutschcolor.com\/al\/product\/auto-glassur-2k\/\",\"name\":\"Llak p\\u00ebr Sip\\u00ebrfaqe Metalike Auto Glassur 2K - Deutsch Color Albania\",\"isPartOf\":{\"@id\":\"https:\/\/deutschcolor.com\/al\/#website\"},\"primaryImageOfPage\":{\"@id\":\"https:\/\/deutschcolor.com\/al\/product\/auto-glassur-2k\/#primaryimage\"},\"datePublished\":\"2019-04-21T07:23:51+00:00\",\"dateModified\":\"2025-04-05T09:24:50+00:00\",\"description\":\"Llak p\\u00ebr sip\\u00ebrfaqe metalike dy komponent\\u00ebsh me baz\\u00eb epokside me p\\u00ebrmbajtje solventi, cil\\u00ebsi t\\u00eb lart\\u00eb. Deutsch Color Albania.\",\"breadcrumb\":{\"@id\":\"https:\/\/deutschcolor.com\/al\/product\/auto-glassur-2k\/#breadcrumb\"},\"inLanguage\":\"en-US\",\"potentialAction\":[{\"@type\":\"ReadAction\",\"target\":[\"https:\/\/deutschcolor.com\/al\/product\/auto-glassur-2k\/\"]}]},{\"@type\":\"BreadcrumbList\",\"@id\":\"https:\/\/deutschcolor.com\/al\/product\/auto-glassur-2k\/#breadcrumb\",\"itemListElement\":[{\"@type\":\"ListItem\",\"position\":1,\"item\":{\"@type\":\"WebPage\",\"@id\":\"https:\/\/deutschcolor.com\/al\/\",\"url\":\"https:\/\/deutschcolor.com\/al\/\",\"name\":\"Home\"}},{\"@type\":\"ListItem\",\"position\":2,\"item\":{\"@type\":\"WebPage\",\"@id\":\"https:\/\/deutschcolor.com\/al\/shop\/\",\"url\":\"https:\/\/deutschcolor.com\/al\/shop\/\",\"name\":\"SHOP\"}},{\"@type\":\"ListItem\",\"position\":3,\"item\":{\"@type\":\"WebPage\",\"@id\":\"https:\/\/deutschcolor.com\/al\/product-category\/bojra-per-metale\/\",\"url\":\"https:\/\/deutschcolor.com\/al\/product-category\/bojra-per-metale\/\",\"name\":\"Bojra p\\u00ebr metale\"}},{\"@type\":\"ListItem\",\"position\":4,\"item\":{\"@type\":\"WebPage\",\"@id\":\"https:\/\/deutschcolor.com\/al\/product-category\/bojra-per-metale\/bojera-per-metale\/\",\"url\":\"https:\/\/deutschcolor.com\/al\/product-category\/bojra-per-metale\/bojera-per-metale\/\",\"name\":\"9.2. Boj\\u00ebra p\\u00ebr metale\"}},{\"@type\":\"ListItem\",\"position\":5,\"item\":{\"@type\":\"WebPage\",\"@id\":\"https:\/\/deutschcolor.com\/al\/product\/auto-glassur-2k\/\",\"url\":\"https:\/\/deutschcolor.com\/al\/product\/auto-glassur-2k\/\",\"name\":\"Auto Glassur 2K\"}}]}]}<\/script>\n<!-- \/ Yoast SEO plugin. -->","_links":{"self":[{"href":"https:\/\/deutschcolor.com\/al\/wp-json\/wp\/v2\/product\/23992","targetHints":{"allow":["GET"]}}],"collection":[{"href":"https:\/\/deutschcolor.com\/al\/wp-json\/wp\/v2\/product"}],"about":[{"href":"https:\/\/deutschcolor.com\/al\/wp-json\/wp\/v2\/types\/product"}],"replies":[{"embeddable":true,"href":"https:\/\/deutschcolor.com\/al\/wp-json\/wp\/v2\/comments?post=23992"}],"wp:featuredmedia":[{"embeddable":true,"href":"https:\/\/deutschcolor.com\/al\/wp-json\/wp\/v2\/media\/24475"}],"wp:attachment":[{"href":"https:\/\/deutschcolor.com\/al\/wp-json\/wp\/v2\/media?parent=23992"}],"curies":[{"name":"wp","href":"https:\/\/api.w.org\/{rel}","templated":true}]}}