{"id":23999,"date":"2019-04-21T11:15:57","date_gmt":"2019-04-21T11:15:57","guid":{"rendered":"https:\/\/deutschcolor.com\/al\/?post_type=product&#038;p=23999"},"modified":"2025-02-20T13:21:45","modified_gmt":"2025-02-20T13:21:45","slug":"grundkyd","status":"publish","type":"product","link":"https:\/\/deutschcolor.com\/al\/product\/grundkyd\/","title":{"rendered":"Grundkyd"},"content":{"rendered":"<p><strong>Karakteristikat e produktit<\/strong><br \/>\n\u2022 Tharje e shpejt\u00eb<br \/>\n\u2022 Fleksibilitet i lart\u00eb<br \/>\n\u2022 Rezistenc\u00eb kimike<br \/>\n\u2022 Ngjitje e shk\u00eblqyer<br \/>\n\u2022 Rezistenc\u00eb ndaj ujit t\u00eb kripur<br \/>\n\u2022 Rezistenc\u00eb ndaj g\u00ebrryerjes (konsumimit)<\/p>\n<p><strong>Rekomandimet p\u00ebr p\u00ebrdorim<\/strong><br \/>\nRekomandohet t\u00eb p\u00ebrdoret kryesisht n\u00eb industrin\u00eb detare p\u00ebr lyerjen e mjeteve t\u00eb transportit si anijeve, makinerit\u00eb e pun\u00ebs n\u00eb zona portuale si dhe n\u00eb mjetet e transportit ajror.<br \/>\n###<br \/>\n<strong>Ruajtja<\/strong><br \/>\n36 muaj, me kusht q\u00eb kana\u00e7et t\u00eb jen\u00eb t\u00eb mbyllura dhe n\u00eb kushte normale ruajtjeje.<\/p>\n<p><strong>Sh\u00ebnime<\/strong><br \/>\n\u2022 Rekomandohet q\u00eb t\u00eb shmanget aplikimi i produktit n\u00eb temperatura n\u00ebn 5\u00baC.<\/p>\n","protected":false},"excerpt":{"rendered":"<p>Astar metalik p\u00ebr sip\u00ebrfaqe q\u00eb jan\u00eb t\u00eb ekspozuara me kushte atmosferike t\u00eb v\u00ebshtira me baz\u00eb alkide<\/p>\n","protected":false},"featured_media":24477,"comment_status":"closed","ping_status":"closed","template":"","meta":{"_glsr_average":0,"_glsr_ranking":0,"_glsr_reviews":0},"class_list":["post-23999","product","type-product","status-publish","has-post-thumbnail","hentry","product_cat-bojra-per-metale","product_cat-bojera-per-metale"],"yoast_head":"<!-- This site is optimized with the Yoast SEO plugin v15.0 - https:\/\/yoast.com\/wordpress\/plugins\/seo\/ -->\n<title>P\u00ebrdoret n\u00eb industri - Grundkyd - Deutschcolor - Zgjedhja juaj profesionale<\/title>\n<meta name=\"description\" content=\"P\u00ebrdoret n\u00eb industri detare p\u00ebr lyerjen e mjeteve t\u00eb transportit si anijeve, makinerit\u00eb e pun\u00ebs n\u00eb zona portuale dhe n\u00eb transportit ajror.\" \/>\n<meta name=\"robots\" content=\"index, follow, max-snippet:-1, max-image-preview:large, max-video-preview:-1\" \/>\n<link rel=\"canonical\" href=\"https:\/\/deutschcolor.com\/al\/product\/grundkyd\/\" \/>\n<meta property=\"og:locale\" content=\"en_US\" \/>\n<meta property=\"og:type\" content=\"article\" \/>\n<meta property=\"og:title\" content=\"P\u00ebrdoret n\u00eb industri - Grundkyd - Deutschcolor - Zgjedhja juaj profesionale\" \/>\n<meta property=\"og:description\" content=\"P\u00ebrdoret n\u00eb industri detare p\u00ebr lyerjen e mjeteve t\u00eb transportit si anijeve, makinerit\u00eb e pun\u00ebs n\u00eb zona portuale dhe n\u00eb transportit ajror.\" \/>\n<meta property=\"og:url\" content=\"https:\/\/deutschcolor.com\/al\/product\/grundkyd\/\" \/>\n<meta property=\"og:site_name\" content=\"Deutschcolor\" \/>\n<meta property=\"article:publisher\" content=\"https:\/\/www.facebook.com\/deutschcolorofficial\" \/>\n<meta property=\"article:modified_time\" content=\"2025-02-20T13:21:45+00:00\" \/>\n<meta property=\"og:image\" content=\"https:\/\/deutschcolor.com\/al\/wp-content\/uploads\/2019\/04\/Grundkyd-1lt-min.png\" \/>\n\t<meta property=\"og:image:width\" content=\"1000\" \/>\n\t<meta property=\"og:image:height\" content=\"1000\" \/>\n<meta name=\"twitter:card\" content=\"summary_large_image\" \/>\n<script type=\"application\/ld+json\" class=\"yoast-schema-graph\">{\"@context\":\"https:\/\/schema.org\",\"@graph\":[{\"@type\":\"WebSite\",\"@id\":\"https:\/\/deutschcolor.com\/al\/#website\",\"url\":\"https:\/\/deutschcolor.com\/al\/\",\"name\":\"Deutschcolor\",\"description\":\"Deutschcolor Albania\",\"potentialAction\":[{\"@type\":\"SearchAction\",\"target\":\"https:\/\/deutschcolor.com\/al\/?s={search_term_string}\",\"query-input\":\"required name=search_term_string\"}],\"inLanguage\":\"en-US\"},{\"@type\":\"ImageObject\",\"@id\":\"https:\/\/deutschcolor.com\/al\/product\/grundkyd\/#primaryimage\",\"inLanguage\":\"en-US\",\"url\":\"https:\/\/deutschcolor.com\/al\/wp-content\/uploads\/2019\/04\/Grundkyd-1lt-min.png\",\"width\":1000,\"height\":1000},{\"@type\":\"WebPage\",\"@id\":\"https:\/\/deutschcolor.com\/al\/product\/grundkyd\/#webpage\",\"url\":\"https:\/\/deutschcolor.com\/al\/product\/grundkyd\/\",\"name\":\"P\\u00ebrdoret n\\u00eb industri - Grundkyd - Deutschcolor - Zgjedhja juaj profesionale\",\"isPartOf\":{\"@id\":\"https:\/\/deutschcolor.com\/al\/#website\"},\"primaryImageOfPage\":{\"@id\":\"https:\/\/deutschcolor.com\/al\/product\/grundkyd\/#primaryimage\"},\"datePublished\":\"2019-04-21T11:15:57+00:00\",\"dateModified\":\"2025-02-20T13:21:45+00:00\",\"description\":\"P\\u00ebrdoret n\\u00eb industri detare p\\u00ebr lyerjen e mjeteve t\\u00eb transportit si anijeve, makinerit\\u00eb e pun\\u00ebs n\\u00eb zona portuale dhe n\\u00eb transportit ajror.\",\"breadcrumb\":{\"@id\":\"https:\/\/deutschcolor.com\/al\/product\/grundkyd\/#breadcrumb\"},\"inLanguage\":\"en-US\",\"potentialAction\":[{\"@type\":\"ReadAction\",\"target\":[\"https:\/\/deutschcolor.com\/al\/product\/grundkyd\/\"]}]},{\"@type\":\"BreadcrumbList\",\"@id\":\"https:\/\/deutschcolor.com\/al\/product\/grundkyd\/#breadcrumb\",\"itemListElement\":[{\"@type\":\"ListItem\",\"position\":1,\"item\":{\"@type\":\"WebPage\",\"@id\":\"https:\/\/deutschcolor.com\/al\/\",\"url\":\"https:\/\/deutschcolor.com\/al\/\",\"name\":\"Home\"}},{\"@type\":\"ListItem\",\"position\":2,\"item\":{\"@type\":\"WebPage\",\"@id\":\"https:\/\/deutschcolor.com\/al\/shop\/\",\"url\":\"https:\/\/deutschcolor.com\/al\/shop\/\",\"name\":\"SHOP\"}},{\"@type\":\"ListItem\",\"position\":3,\"item\":{\"@type\":\"WebPage\",\"@id\":\"https:\/\/deutschcolor.com\/al\/product-category\/bojra-per-metale\/\",\"url\":\"https:\/\/deutschcolor.com\/al\/product-category\/bojra-per-metale\/\",\"name\":\"Bojra p\\u00ebr metale\"}},{\"@type\":\"ListItem\",\"position\":4,\"item\":{\"@type\":\"WebPage\",\"@id\":\"https:\/\/deutschcolor.com\/al\/product-category\/bojra-per-metale\/bojera-per-metale\/\",\"url\":\"https:\/\/deutschcolor.com\/al\/product-category\/bojra-per-metale\/bojera-per-metale\/\",\"name\":\"9.2. Boj\\u00ebra p\\u00ebr metale\"}},{\"@type\":\"ListItem\",\"position\":5,\"item\":{\"@type\":\"WebPage\",\"@id\":\"https:\/\/deutschcolor.com\/al\/product\/grundkyd\/\",\"url\":\"https:\/\/deutschcolor.com\/al\/product\/grundkyd\/\",\"name\":\"Grundkyd\"}}]}]}<\/script>\n<!-- \/ Yoast SEO plugin. -->","_links":{"self":[{"href":"https:\/\/deutschcolor.com\/al\/wp-json\/wp\/v2\/product\/23999","targetHints":{"allow":["GET"]}}],"collection":[{"href":"https:\/\/deutschcolor.com\/al\/wp-json\/wp\/v2\/product"}],"about":[{"href":"https:\/\/deutschcolor.com\/al\/wp-json\/wp\/v2\/types\/product"}],"replies":[{"embeddable":true,"href":"https:\/\/deutschcolor.com\/al\/wp-json\/wp\/v2\/comments?post=23999"}],"wp:featuredmedia":[{"embeddable":true,"href":"https:\/\/deutschcolor.com\/al\/wp-json\/wp\/v2\/media\/24477"}],"wp:attachment":[{"href":"https:\/\/deutschcolor.com\/al\/wp-json\/wp\/v2\/media?parent=23999"}],"curies":[{"name":"wp","href":"https:\/\/api.w.org\/{rel}","templated":true}]}}