{"id":24003,"date":"2019-04-21T11:17:42","date_gmt":"2019-04-21T11:17:42","guid":{"rendered":"https:\/\/deutschcolor.com\/al\/?post_type=product&#038;p=24003"},"modified":"2025-02-20T13:32:43","modified_gmt":"2025-02-20T13:32:43","slug":"mardelux-2k","status":"publish","type":"product","link":"https:\/\/deutschcolor.com\/al\/product\/mardelux-2k\/","title":{"rendered":"Mardelux 2K"},"content":{"rendered":"<p><strong>Karakteristikat e produktit<\/strong><br \/>\n\u2022 Tharje e shpejt\u00eb<br \/>\n\u2022 Shk\u00eblqim perfekt<br \/>\n\u2022 Fleksibilitet i lart\u00eb<br \/>\n\u2022 Rezistenc\u00eb kimike<br \/>\n\u2022 Ngjitje e shk\u00eblqyer<br \/>\n\u2022 Me efekt shk\u00eblqimi afatgjat\u00eb<br \/>\n\u2022 Rezistenc\u00eb ndaj ujit t\u00eb kripur<br \/>\n\u2022 Rezistenc\u00eb e lart\u00eb ndaj g\u00ebrryerjes (konsumimit)<\/p>\n<p><strong>Rekomandimet p\u00ebr p\u00ebrdorim<\/strong><br \/>\nRekomandohet t\u00eb p\u00ebrdoret kryesisht n\u00eb industrin\u00eb automobilistike p\u00ebr lyerjen e mjeteve t\u00eb transportit ajror dhe detar.<br \/>\n###<br \/>\n<strong>Ruajtja<\/strong><br \/>\n36 muaj, me kusht q\u00eb kana\u00e7et t\u00eb jen\u00eb t\u00eb mbyllura dhe n\u00eb kushte normale ruajtjeje.<\/p>\n<p><strong>Sh\u00ebnime<\/strong><br \/>\n\u2022 Rekomandohet q\u00eb t\u00eb shmanget aplikimi i produktit n\u00eb temperatura n\u00ebn 5\u00baC<\/p>\n","protected":false},"excerpt":{"rendered":"<p>Boj\u00eb akrilike dy komponent\u00ebsh p\u00ebr sip\u00ebrfaqe t\u00eb ekspozuara n\u00eb kushte t\u00eb v\u00ebshtira atmosferike<\/p>\n","protected":false},"featured_media":24478,"comment_status":"closed","ping_status":"closed","template":"","meta":{"_glsr_average":0,"_glsr_ranking":0,"_glsr_reviews":0},"class_list":["post-24003","product","type-product","status-publish","has-post-thumbnail","hentry","product_cat-bojra-per-metale","product_cat-bojera-per-metale"],"yoast_head":"<!-- This site is optimized with the Yoast SEO plugin v15.0 - https:\/\/yoast.com\/wordpress\/plugins\/seo\/ -->\n<title>Veshje e sip\u00ebrme - Mardelux 2K - Deutschcolor - Zgjedhja juaj profesionale<\/title>\n<meta name=\"description\" content=\"Veshje e sip\u00ebrme mbi nj\u00eb prajm\u00ebr ekoksidi, nj\u00eb shk\u00eblqim i lart\u00eb \u00ebsht\u00eb e nevojshme p\u00ebr ekspozim agresiv atmosferik. Kategori C3 (ISO 12944-2).\" \/>\n<meta name=\"robots\" content=\"index, follow, max-snippet:-1, max-image-preview:large, max-video-preview:-1\" \/>\n<link rel=\"canonical\" href=\"https:\/\/deutschcolor.com\/al\/product\/mardelux-2k\/\" \/>\n<meta property=\"og:locale\" content=\"en_US\" \/>\n<meta property=\"og:type\" content=\"article\" \/>\n<meta property=\"og:title\" content=\"Veshje e sip\u00ebrme - Mardelux 2K - Deutschcolor - Zgjedhja juaj profesionale\" \/>\n<meta property=\"og:description\" content=\"Veshje e sip\u00ebrme mbi nj\u00eb prajm\u00ebr ekoksidi, nj\u00eb shk\u00eblqim i lart\u00eb \u00ebsht\u00eb e nevojshme p\u00ebr ekspozim agresiv atmosferik. Kategori C3 (ISO 12944-2).\" \/>\n<meta property=\"og:url\" content=\"https:\/\/deutschcolor.com\/al\/product\/mardelux-2k\/\" \/>\n<meta property=\"og:site_name\" content=\"Deutschcolor\" \/>\n<meta property=\"article:publisher\" content=\"https:\/\/www.facebook.com\/deutschcolorofficial\" \/>\n<meta property=\"article:modified_time\" content=\"2025-02-20T13:32:43+00:00\" \/>\n<meta property=\"og:image\" content=\"https:\/\/deutschcolor.com\/al\/wp-content\/uploads\/2019\/04\/Mardelux-2K-1lt-min.png\" \/>\n\t<meta property=\"og:image:width\" content=\"1000\" \/>\n\t<meta property=\"og:image:height\" content=\"1000\" \/>\n<meta name=\"twitter:card\" content=\"summary_large_image\" \/>\n<script type=\"application\/ld+json\" class=\"yoast-schema-graph\">{\"@context\":\"https:\/\/schema.org\",\"@graph\":[{\"@type\":\"WebSite\",\"@id\":\"https:\/\/deutschcolor.com\/al\/#website\",\"url\":\"https:\/\/deutschcolor.com\/al\/\",\"name\":\"Deutschcolor\",\"description\":\"Deutschcolor Albania\",\"potentialAction\":[{\"@type\":\"SearchAction\",\"target\":\"https:\/\/deutschcolor.com\/al\/?s={search_term_string}\",\"query-input\":\"required name=search_term_string\"}],\"inLanguage\":\"en-US\"},{\"@type\":\"ImageObject\",\"@id\":\"https:\/\/deutschcolor.com\/al\/product\/mardelux-2k\/#primaryimage\",\"inLanguage\":\"en-US\",\"url\":\"https:\/\/deutschcolor.com\/al\/wp-content\/uploads\/2019\/04\/Mardelux-2K-1lt-min.png\",\"width\":1000,\"height\":1000},{\"@type\":\"WebPage\",\"@id\":\"https:\/\/deutschcolor.com\/al\/product\/mardelux-2k\/#webpage\",\"url\":\"https:\/\/deutschcolor.com\/al\/product\/mardelux-2k\/\",\"name\":\"Veshje e sip\\u00ebrme - Mardelux 2K - Deutschcolor - Zgjedhja juaj profesionale\",\"isPartOf\":{\"@id\":\"https:\/\/deutschcolor.com\/al\/#website\"},\"primaryImageOfPage\":{\"@id\":\"https:\/\/deutschcolor.com\/al\/product\/mardelux-2k\/#primaryimage\"},\"datePublished\":\"2019-04-21T11:17:42+00:00\",\"dateModified\":\"2025-02-20T13:32:43+00:00\",\"description\":\"Veshje e sip\\u00ebrme mbi nj\\u00eb prajm\\u00ebr ekoksidi, nj\\u00eb shk\\u00eblqim i lart\\u00eb \\u00ebsht\\u00eb e nevojshme p\\u00ebr ekspozim agresiv atmosferik. Kategori C3 (ISO 12944-2).\",\"breadcrumb\":{\"@id\":\"https:\/\/deutschcolor.com\/al\/product\/mardelux-2k\/#breadcrumb\"},\"inLanguage\":\"en-US\",\"potentialAction\":[{\"@type\":\"ReadAction\",\"target\":[\"https:\/\/deutschcolor.com\/al\/product\/mardelux-2k\/\"]}]},{\"@type\":\"BreadcrumbList\",\"@id\":\"https:\/\/deutschcolor.com\/al\/product\/mardelux-2k\/#breadcrumb\",\"itemListElement\":[{\"@type\":\"ListItem\",\"position\":1,\"item\":{\"@type\":\"WebPage\",\"@id\":\"https:\/\/deutschcolor.com\/al\/\",\"url\":\"https:\/\/deutschcolor.com\/al\/\",\"name\":\"Home\"}},{\"@type\":\"ListItem\",\"position\":2,\"item\":{\"@type\":\"WebPage\",\"@id\":\"https:\/\/deutschcolor.com\/al\/shop\/\",\"url\":\"https:\/\/deutschcolor.com\/al\/shop\/\",\"name\":\"SHOP\"}},{\"@type\":\"ListItem\",\"position\":3,\"item\":{\"@type\":\"WebPage\",\"@id\":\"https:\/\/deutschcolor.com\/al\/product-category\/bojra-per-metale\/\",\"url\":\"https:\/\/deutschcolor.com\/al\/product-category\/bojra-per-metale\/\",\"name\":\"Bojra p\\u00ebr metale\"}},{\"@type\":\"ListItem\",\"position\":4,\"item\":{\"@type\":\"WebPage\",\"@id\":\"https:\/\/deutschcolor.com\/al\/product-category\/bojra-per-metale\/bojera-per-metale\/\",\"url\":\"https:\/\/deutschcolor.com\/al\/product-category\/bojra-per-metale\/bojera-per-metale\/\",\"name\":\"9.2. Boj\\u00ebra p\\u00ebr metale\"}},{\"@type\":\"ListItem\",\"position\":5,\"item\":{\"@type\":\"WebPage\",\"@id\":\"https:\/\/deutschcolor.com\/al\/product\/mardelux-2k\/\",\"url\":\"https:\/\/deutschcolor.com\/al\/product\/mardelux-2k\/\",\"name\":\"Mardelux 2K\"}}]}]}<\/script>\n<!-- \/ Yoast SEO plugin. -->","_links":{"self":[{"href":"https:\/\/deutschcolor.com\/al\/wp-json\/wp\/v2\/product\/24003","targetHints":{"allow":["GET"]}}],"collection":[{"href":"https:\/\/deutschcolor.com\/al\/wp-json\/wp\/v2\/product"}],"about":[{"href":"https:\/\/deutschcolor.com\/al\/wp-json\/wp\/v2\/types\/product"}],"replies":[{"embeddable":true,"href":"https:\/\/deutschcolor.com\/al\/wp-json\/wp\/v2\/comments?post=24003"}],"wp:featuredmedia":[{"embeddable":true,"href":"https:\/\/deutschcolor.com\/al\/wp-json\/wp\/v2\/media\/24478"}],"wp:attachment":[{"href":"https:\/\/deutschcolor.com\/al\/wp-json\/wp\/v2\/media?parent=24003"}],"curies":[{"name":"wp","href":"https:\/\/api.w.org\/{rel}","templated":true}]}}