{"id":24006,"date":"2019-04-21T11:20:11","date_gmt":"2019-04-21T11:20:11","guid":{"rendered":"https:\/\/deutschcolor.com\/al\/?post_type=product&#038;p=24006"},"modified":"2025-02-20T13:40:55","modified_gmt":"2025-02-20T13:40:55","slug":"mardelack","status":"publish","type":"product","link":"https:\/\/deutschcolor.com\/al\/product\/mardelack\/","title":{"rendered":"Mardelack"},"content":{"rendered":"<p><strong>Karakteristikat e produktit<\/strong><br \/>\n\u2022 Tharje e shpejt\u00eb<br \/>\n\u2022 Fleksibilitet i lart\u00eb<br \/>\n\u2022 Rezistenc\u00eb kimike<br \/>\n\u2022 Ngjitje e shk\u00eblqyer<br \/>\n\u2022 Rezistenc\u00eb ndaj ujit t\u00eb kripur<br \/>\n\u2022 Rezistenc\u00eb ndaj g\u00ebrryerjes (konsumimit)<\/p>\n<p><strong>Rekomandimet p\u00ebr p\u00ebrdorim<\/strong><br \/>\nMardelack \u00ebsht\u00eb nj\u00eb veshje monokomponente akrilike poliuretani, alifatike &#8211; akrilike, me mpiksje kimike p\u00ebr sip\u00ebrfaqe metalike si ura, depozita, \u00e7isterna, konstruksione metalike etj.<br \/>\n###<br \/>\n<strong>Ruajtja<\/strong><br \/>\n36 muaj, me kusht q\u00eb kana\u00e7et t\u00eb jen\u00eb t\u00eb mbyllura dhe n\u00eb kushte normale ruajtjeje.<\/p>\n<p><strong>Sh\u00ebnime<\/strong><br \/>\n\u2022 Rekomandohet q\u00eb t\u00eb shmanget aplikimi i produktit n\u00eb temperatura n\u00ebn 5\u00baC<\/p>\n","protected":false},"excerpt":{"rendered":"<p>Boj\u00eb akrilike nj\u00eb komponent\u00ebshe p\u00ebr sip\u00ebrfaqe metalike e disponueshme n\u00eb ngjyra t\u00eb ndryshme me nj\u00eb cil\u00ebsi t\u00eb lart\u00eb<\/p>\n","protected":false},"featured_media":24479,"comment_status":"closed","ping_status":"closed","template":"","meta":{"_glsr_average":0,"_glsr_ranking":0,"_glsr_reviews":0},"class_list":["post-24006","product","type-product","status-publish","has-post-thumbnail","hentry","product_cat-bojra-per-metale","product_cat-bojera-per-metale"],"yoast_head":"<!-- This site is optimized with the Yoast SEO plugin v15.0 - https:\/\/yoast.com\/wordpress\/plugins\/seo\/ -->\n<title>Veshje bikomponente - Mardelack - Deutschcolor - Ngjitje e shk\u00eblqyer<\/title>\n<meta name=\"description\" content=\"Veshje bikomponente akrilike poliuretani, alifatike -akrilike, me mpiksje kimike p\u00ebr sip\u00ebrfaqe metalike si p.sh.: makina, ura, depozita, etj.\" \/>\n<meta name=\"robots\" content=\"index, follow, max-snippet:-1, max-image-preview:large, max-video-preview:-1\" \/>\n<link rel=\"canonical\" href=\"https:\/\/deutschcolor.com\/al\/product\/mardelack\/\" \/>\n<meta property=\"og:locale\" content=\"en_US\" \/>\n<meta property=\"og:type\" content=\"article\" \/>\n<meta property=\"og:title\" content=\"Veshje bikomponente - Mardelack - Deutschcolor - Ngjitje e shk\u00eblqyer\" \/>\n<meta property=\"og:description\" content=\"Veshje bikomponente akrilike poliuretani, alifatike -akrilike, me mpiksje kimike p\u00ebr sip\u00ebrfaqe metalike si p.sh.: makina, ura, depozita, etj.\" \/>\n<meta property=\"og:url\" content=\"https:\/\/deutschcolor.com\/al\/product\/mardelack\/\" \/>\n<meta property=\"og:site_name\" content=\"Deutschcolor\" \/>\n<meta property=\"article:publisher\" content=\"https:\/\/www.facebook.com\/deutschcolorofficial\" \/>\n<meta property=\"article:modified_time\" content=\"2025-02-20T13:40:55+00:00\" \/>\n<meta property=\"og:image\" content=\"https:\/\/deutschcolor.com\/al\/wp-content\/uploads\/2019\/04\/Mardelack-1lt-min.png\" \/>\n\t<meta property=\"og:image:width\" content=\"1000\" \/>\n\t<meta property=\"og:image:height\" content=\"1000\" \/>\n<meta name=\"twitter:card\" content=\"summary_large_image\" \/>\n<script type=\"application\/ld+json\" class=\"yoast-schema-graph\">{\"@context\":\"https:\/\/schema.org\",\"@graph\":[{\"@type\":\"WebSite\",\"@id\":\"https:\/\/deutschcolor.com\/al\/#website\",\"url\":\"https:\/\/deutschcolor.com\/al\/\",\"name\":\"Deutschcolor\",\"description\":\"Deutschcolor Albania\",\"potentialAction\":[{\"@type\":\"SearchAction\",\"target\":\"https:\/\/deutschcolor.com\/al\/?s={search_term_string}\",\"query-input\":\"required name=search_term_string\"}],\"inLanguage\":\"en-US\"},{\"@type\":\"ImageObject\",\"@id\":\"https:\/\/deutschcolor.com\/al\/product\/mardelack\/#primaryimage\",\"inLanguage\":\"en-US\",\"url\":\"https:\/\/deutschcolor.com\/al\/wp-content\/uploads\/2019\/04\/Mardelack-1lt-min.png\",\"width\":1000,\"height\":1000},{\"@type\":\"WebPage\",\"@id\":\"https:\/\/deutschcolor.com\/al\/product\/mardelack\/#webpage\",\"url\":\"https:\/\/deutschcolor.com\/al\/product\/mardelack\/\",\"name\":\"Veshje bikomponente - Mardelack - Deutschcolor - Ngjitje e shk\\u00eblqyer\",\"isPartOf\":{\"@id\":\"https:\/\/deutschcolor.com\/al\/#website\"},\"primaryImageOfPage\":{\"@id\":\"https:\/\/deutschcolor.com\/al\/product\/mardelack\/#primaryimage\"},\"datePublished\":\"2019-04-21T11:20:11+00:00\",\"dateModified\":\"2025-02-20T13:40:55+00:00\",\"description\":\"Veshje bikomponente akrilike poliuretani, alifatike -akrilike, me mpiksje kimike p\\u00ebr sip\\u00ebrfaqe metalike si p.sh.: makina, ura, depozita, etj.\",\"breadcrumb\":{\"@id\":\"https:\/\/deutschcolor.com\/al\/product\/mardelack\/#breadcrumb\"},\"inLanguage\":\"en-US\",\"potentialAction\":[{\"@type\":\"ReadAction\",\"target\":[\"https:\/\/deutschcolor.com\/al\/product\/mardelack\/\"]}]},{\"@type\":\"BreadcrumbList\",\"@id\":\"https:\/\/deutschcolor.com\/al\/product\/mardelack\/#breadcrumb\",\"itemListElement\":[{\"@type\":\"ListItem\",\"position\":1,\"item\":{\"@type\":\"WebPage\",\"@id\":\"https:\/\/deutschcolor.com\/al\/\",\"url\":\"https:\/\/deutschcolor.com\/al\/\",\"name\":\"Home\"}},{\"@type\":\"ListItem\",\"position\":2,\"item\":{\"@type\":\"WebPage\",\"@id\":\"https:\/\/deutschcolor.com\/al\/shop\/\",\"url\":\"https:\/\/deutschcolor.com\/al\/shop\/\",\"name\":\"SHOP\"}},{\"@type\":\"ListItem\",\"position\":3,\"item\":{\"@type\":\"WebPage\",\"@id\":\"https:\/\/deutschcolor.com\/al\/product-category\/bojra-per-metale\/\",\"url\":\"https:\/\/deutschcolor.com\/al\/product-category\/bojra-per-metale\/\",\"name\":\"Bojra p\\u00ebr metale\"}},{\"@type\":\"ListItem\",\"position\":4,\"item\":{\"@type\":\"WebPage\",\"@id\":\"https:\/\/deutschcolor.com\/al\/product-category\/bojra-per-metale\/bojera-per-metale\/\",\"url\":\"https:\/\/deutschcolor.com\/al\/product-category\/bojra-per-metale\/bojera-per-metale\/\",\"name\":\"9.2. Boj\\u00ebra p\\u00ebr metale\"}},{\"@type\":\"ListItem\",\"position\":5,\"item\":{\"@type\":\"WebPage\",\"@id\":\"https:\/\/deutschcolor.com\/al\/product\/mardelack\/\",\"url\":\"https:\/\/deutschcolor.com\/al\/product\/mardelack\/\",\"name\":\"Mardelack\"}}]}]}<\/script>\n<!-- \/ Yoast SEO plugin. -->","_links":{"self":[{"href":"https:\/\/deutschcolor.com\/al\/wp-json\/wp\/v2\/product\/24006","targetHints":{"allow":["GET"]}}],"collection":[{"href":"https:\/\/deutschcolor.com\/al\/wp-json\/wp\/v2\/product"}],"about":[{"href":"https:\/\/deutschcolor.com\/al\/wp-json\/wp\/v2\/types\/product"}],"replies":[{"embeddable":true,"href":"https:\/\/deutschcolor.com\/al\/wp-json\/wp\/v2\/comments?post=24006"}],"wp:featuredmedia":[{"embeddable":true,"href":"https:\/\/deutschcolor.com\/al\/wp-json\/wp\/v2\/media\/24479"}],"wp:attachment":[{"href":"https:\/\/deutschcolor.com\/al\/wp-json\/wp\/v2\/media?parent=24006"}],"curies":[{"name":"wp","href":"https:\/\/api.w.org\/{rel}","templated":true}]}}