{"id":24010,"date":"2019-04-21T11:22:04","date_gmt":"2019-04-21T11:22:04","guid":{"rendered":"https:\/\/deutschcolor.com\/al\/?post_type=product&#038;p=24010"},"modified":"2025-03-24T08:36:09","modified_gmt":"2025-03-24T08:36:09","slug":"600-%cb%9ac-plus","status":"publish","type":"product","link":"https:\/\/deutschcolor.com\/al\/product\/600-%cb%9ac-plus\/","title":{"rendered":"600 \u02daC Plus"},"content":{"rendered":"<p><strong>Karakteristikat e produktit<\/strong><br \/>\n\u2022 <a href=\"https:\/\/deutschcolor.com\/al\/product-category\/bojra-per-metale\/\">Ngjitje e fort\u00eb<\/a><br \/>\n\u2022 Gjendet n\u00eb 20 ngjyra<br \/>\n\u2022 Shtres\u00eb shum\u00eb e fort\u00eb<br \/>\n\u2022 Rezistenc\u00eb n\u00eb temperatur\u00eb t\u00eb lart\u00eb deri n\u00eb 6000C<\/p>\n<p><strong>Rekomandimet p\u00ebr p\u00ebrdorim<\/strong><br \/>\nI p\u00ebrshtatsh\u00ebm p\u00ebr sip\u00ebrfaqet metalike, si soba, oxhaqet, marmitat e makinave si dhe p\u00ebr <a href=\"https:\/\/deutschcolor.com\/al\/shop\/\">aplikimet industriale<\/a> kur \u00ebsht\u00eb e nevojshme rezistenca ndaj temperaturave t\u00eb larta.<br \/>\n###<br \/>\n<strong>Ruajtja<\/strong><br \/>\n36 muaj, me kusht q\u00eb kana\u00e7et t\u00eb jen\u00eb t\u00eb mbyllura dhe n\u00eb kushte normale ruajtjeje.<\/p>\n<p><strong>Sh\u00ebnime<\/strong><br \/>\n\u2022 Rekomandohet q\u00eb t\u00eb shmanget aplikimi i produktit n\u00eb temperatura n\u00ebn 5\u00baC<br \/>\n\u2022 Produkti aplikohet pa nevoj\u00ebn e astarit.<\/p>\n","protected":false},"excerpt":{"rendered":"<p>Boj\u00eb metalike me rezistenc\u00eb ndaj temperaturave t\u00eb larta<\/p>\n","protected":false},"featured_media":24480,"comment_status":"closed","ping_status":"closed","template":"","meta":{"_glsr_average":0,"_glsr_ranking":0,"_glsr_reviews":0},"class_list":["post-24010","product","type-product","status-publish","has-post-thumbnail","hentry","product_cat-bojra-per-metale","product_cat-bojera-per-metale"],"yoast_head":"<!-- This site is optimized with the Yoast SEO plugin v15.0 - https:\/\/yoast.com\/wordpress\/plugins\/seo\/ -->\n<title>Ngjitje e fort\u00eb - 600 \u02daC Plus - Deutschcolor - Karakteristika t\u00eb mira aplikimi<\/title>\n<meta name=\"description\" content=\"Ngjitje e fort\u00eb. Boj\u00eb silic-alumin me cil\u00ebsi t\u00eb ve\u00e7ant\u00eb me rezistenc\u00eb t\u00eb shk\u00eblqyer ndaj temperaturave deri n\u00eb 600\u00b0C.\" \/>\n<meta name=\"robots\" content=\"index, follow, max-snippet:-1, max-image-preview:large, max-video-preview:-1\" \/>\n<link rel=\"canonical\" href=\"https:\/\/deutschcolor.com\/al\/product\/600-\u02dac-plus\/\" \/>\n<meta property=\"og:locale\" content=\"en_US\" \/>\n<meta property=\"og:type\" content=\"article\" \/>\n<meta property=\"og:title\" content=\"Ngjitje e fort\u00eb - 600 \u02daC Plus - Deutschcolor - Karakteristika t\u00eb mira aplikimi\" \/>\n<meta property=\"og:description\" content=\"Ngjitje e fort\u00eb. Boj\u00eb silic-alumin me cil\u00ebsi t\u00eb ve\u00e7ant\u00eb me rezistenc\u00eb t\u00eb shk\u00eblqyer ndaj temperaturave deri n\u00eb 600\u00b0C.\" \/>\n<meta property=\"og:url\" content=\"https:\/\/deutschcolor.com\/al\/product\/600-\u02dac-plus\/\" \/>\n<meta property=\"og:site_name\" content=\"Deutschcolor\" \/>\n<meta property=\"article:publisher\" content=\"https:\/\/www.facebook.com\/deutschcolorofficial\" \/>\n<meta property=\"article:modified_time\" content=\"2025-03-24T08:36:09+00:00\" \/>\n<meta property=\"og:image\" content=\"https:\/\/deutschcolor.com\/al\/wp-content\/uploads\/2019\/04\/600o-Plus-1lt-min.png\" \/>\n\t<meta property=\"og:image:width\" content=\"1000\" \/>\n\t<meta property=\"og:image:height\" content=\"1000\" \/>\n<meta name=\"twitter:card\" content=\"summary_large_image\" \/>\n<script type=\"application\/ld+json\" class=\"yoast-schema-graph\">{\"@context\":\"https:\/\/schema.org\",\"@graph\":[{\"@type\":\"WebSite\",\"@id\":\"https:\/\/deutschcolor.com\/al\/#website\",\"url\":\"https:\/\/deutschcolor.com\/al\/\",\"name\":\"Deutschcolor\",\"description\":\"Deutschcolor Albania\",\"potentialAction\":[{\"@type\":\"SearchAction\",\"target\":\"https:\/\/deutschcolor.com\/al\/?s={search_term_string}\",\"query-input\":\"required name=search_term_string\"}],\"inLanguage\":\"en-US\"},{\"@type\":\"ImageObject\",\"@id\":\"https:\/\/deutschcolor.com\/al\/product\/600-%cb%9ac-plus\/#primaryimage\",\"inLanguage\":\"en-US\",\"url\":\"https:\/\/deutschcolor.com\/al\/wp-content\/uploads\/2019\/04\/600o-Plus-1lt-min.png\",\"width\":1000,\"height\":1000,\"caption\":\"bojera per struktura metalike, cilesi e larte, rezistence ndaj kushteve atmosferike.\"},{\"@type\":\"WebPage\",\"@id\":\"https:\/\/deutschcolor.com\/al\/product\/600-%cb%9ac-plus\/#webpage\",\"url\":\"https:\/\/deutschcolor.com\/al\/product\/600-%cb%9ac-plus\/\",\"name\":\"Ngjitje e fort\\u00eb - 600 \\u02daC Plus - Deutschcolor - Karakteristika t\\u00eb mira aplikimi\",\"isPartOf\":{\"@id\":\"https:\/\/deutschcolor.com\/al\/#website\"},\"primaryImageOfPage\":{\"@id\":\"https:\/\/deutschcolor.com\/al\/product\/600-%cb%9ac-plus\/#primaryimage\"},\"datePublished\":\"2019-04-21T11:22:04+00:00\",\"dateModified\":\"2025-03-24T08:36:09+00:00\",\"description\":\"Ngjitje e fort\\u00eb. Boj\\u00eb silic-alumin me cil\\u00ebsi t\\u00eb ve\\u00e7ant\\u00eb me rezistenc\\u00eb t\\u00eb shk\\u00eblqyer ndaj temperaturave deri n\\u00eb 600\\u00b0C.\",\"breadcrumb\":{\"@id\":\"https:\/\/deutschcolor.com\/al\/product\/600-%cb%9ac-plus\/#breadcrumb\"},\"inLanguage\":\"en-US\",\"potentialAction\":[{\"@type\":\"ReadAction\",\"target\":[\"https:\/\/deutschcolor.com\/al\/product\/600-%cb%9ac-plus\/\"]}]},{\"@type\":\"BreadcrumbList\",\"@id\":\"https:\/\/deutschcolor.com\/al\/product\/600-%cb%9ac-plus\/#breadcrumb\",\"itemListElement\":[{\"@type\":\"ListItem\",\"position\":1,\"item\":{\"@type\":\"WebPage\",\"@id\":\"https:\/\/deutschcolor.com\/al\/\",\"url\":\"https:\/\/deutschcolor.com\/al\/\",\"name\":\"Home\"}},{\"@type\":\"ListItem\",\"position\":2,\"item\":{\"@type\":\"WebPage\",\"@id\":\"https:\/\/deutschcolor.com\/al\/shop\/\",\"url\":\"https:\/\/deutschcolor.com\/al\/shop\/\",\"name\":\"SHOP\"}},{\"@type\":\"ListItem\",\"position\":3,\"item\":{\"@type\":\"WebPage\",\"@id\":\"https:\/\/deutschcolor.com\/al\/product-category\/bojra-per-metale\/\",\"url\":\"https:\/\/deutschcolor.com\/al\/product-category\/bojra-per-metale\/\",\"name\":\"Bojra p\\u00ebr metale\"}},{\"@type\":\"ListItem\",\"position\":4,\"item\":{\"@type\":\"WebPage\",\"@id\":\"https:\/\/deutschcolor.com\/al\/product-category\/bojra-per-metale\/bojera-per-metale\/\",\"url\":\"https:\/\/deutschcolor.com\/al\/product-category\/bojra-per-metale\/bojera-per-metale\/\",\"name\":\"9.2. Boj\\u00ebra p\\u00ebr metale\"}},{\"@type\":\"ListItem\",\"position\":5,\"item\":{\"@type\":\"WebPage\",\"@id\":\"https:\/\/deutschcolor.com\/al\/product\/600-%cb%9ac-plus\/\",\"url\":\"https:\/\/deutschcolor.com\/al\/product\/600-%cb%9ac-plus\/\",\"name\":\"600 \\u02daC Plus\"}}]}]}<\/script>\n<!-- \/ Yoast SEO plugin. -->","_links":{"self":[{"href":"https:\/\/deutschcolor.com\/al\/wp-json\/wp\/v2\/product\/24010","targetHints":{"allow":["GET"]}}],"collection":[{"href":"https:\/\/deutschcolor.com\/al\/wp-json\/wp\/v2\/product"}],"about":[{"href":"https:\/\/deutschcolor.com\/al\/wp-json\/wp\/v2\/types\/product"}],"replies":[{"embeddable":true,"href":"https:\/\/deutschcolor.com\/al\/wp-json\/wp\/v2\/comments?post=24010"}],"wp:featuredmedia":[{"embeddable":true,"href":"https:\/\/deutschcolor.com\/al\/wp-json\/wp\/v2\/media\/24480"}],"wp:attachment":[{"href":"https:\/\/deutschcolor.com\/al\/wp-json\/wp\/v2\/media?parent=24010"}],"curies":[{"name":"wp","href":"https:\/\/api.w.org\/{rel}","templated":true}]}}