{"id":24043,"date":"2019-04-21T11:43:45","date_gmt":"2019-04-21T11:43:45","guid":{"rendered":"https:\/\/deutschcolor.com\/al\/?post_type=product&#038;p=24043"},"modified":"2025-04-11T10:27:38","modified_gmt":"2025-04-11T10:27:38","slug":"eems-w30-gloss","status":"publish","type":"product","link":"https:\/\/deutschcolor.com\/al\/product\/eems-w30-gloss\/","title":{"rendered":"Eems W30 Gloss"},"content":{"rendered":"<p><strong>Karakteristikat e produktit<\/strong><br \/>\n1 Mbrojtje UV<br \/>\n2 Fleksibilitet i lart\u00eb<br \/>\n3 Me efekt shk\u00eblqimi<br \/>\n4 Rezistenc\u00eb ndaj ujit dhe q\u00ebndrueshm\u00ebri e mir\u00eb<br \/>\n5 Sip\u00ebrfaqe t\u00eb brendshme dhe t\u00eb jashtme t\u00eb drurit<\/p>\n<p><strong>Rekomandimet p\u00ebr p\u00ebrdorim<\/strong><br \/>\nIdeale p\u00ebr sip\u00ebrfaqet e drurit si dyert, dritaret, kornizat, dollape, mobiljet e kopshtit, strehat, traversat dhe trar\u00ebt, gardhet etj.<\/p>\n<p>###<\/p>\n<p><strong>Ruajtja<\/strong><br \/>\n36 muaj, me kusht q\u00eb kana\u00e7et t\u00eb jen\u00eb t\u00eb mbyllura dhe n\u00eb kushte normale ruajtjeje.<\/p>\n<p><strong>Sh\u00ebnime<\/strong><br \/>\n\u2022 Rekomandohet q\u00eb t\u00eb shmanget aplikimi i produktit n\u00eb temperatura n\u00ebn 5\u00baC<\/p>\n<p>###<\/p>\n<p>P\u00ebr m\u00eb shume produkte p\u00ebr dru <a href=\"https:\/\/deutschcolor.com\/al\/product-category\/produkte-per-dru\/\">kliko ketu<\/a>. Kompani partner <a href=\"https:\/\/deltacorporation.eu\/\">kliko ketu<\/a>.<\/p>\n","protected":false},"excerpt":{"rendered":"<p>Llak p\u00ebr dru me baz\u00eb uji q\u00eb jep sip\u00ebrfaqe me shk\u00eblqim p\u00ebr p\u00ebrdorim t\u00eb jasht\u00ebm dhe t\u00eb brendsh\u00ebm.<\/p>\n","protected":false},"featured_media":24489,"comment_status":"closed","ping_status":"closed","template":"","meta":{"_glsr_average":0,"_glsr_ranking":0,"_glsr_reviews":0},"class_list":["post-24043","product","type-product","status-publish","has-post-thumbnail","hentry","product_cat-produkte-per-dru","product_cat-produkte-per-mbrojtjen-e-drurit"],"yoast_head":"<!-- This site is optimized with the Yoast SEO plugin v15.0 - https:\/\/yoast.com\/wordpress\/plugins\/seo\/ -->\n<title>Llak p\u00ebr dru me baz\u00eb uji - Eems W30 Gloss - Deutsch Color<\/title>\n<meta name=\"description\" content=\"Llak p\u00ebr dru me baz\u00eb uji q\u00eb jep sip\u00ebrfaqe me shk\u00eblqim p\u00ebr p\u00ebrdorim t\u00eb jasht\u00ebm dhe t\u00eb brendsh\u00ebm. Llak p\u00ebr p\u00ebrdorim n\u00eb ambiente e shtepis\u00eb.\" \/>\n<meta name=\"robots\" content=\"index, follow, max-snippet:-1, max-image-preview:large, max-video-preview:-1\" \/>\n<link rel=\"canonical\" href=\"https:\/\/deutschcolor.com\/al\/product\/eems-w30-gloss\/\" \/>\n<meta property=\"og:locale\" content=\"en_US\" \/>\n<meta property=\"og:type\" content=\"article\" \/>\n<meta property=\"og:title\" content=\"Llak p\u00ebr dru me baz\u00eb uji - Eems W30 Gloss - Deutsch Color\" \/>\n<meta property=\"og:description\" content=\"Llak p\u00ebr dru me baz\u00eb uji q\u00eb jep sip\u00ebrfaqe me shk\u00eblqim p\u00ebr p\u00ebrdorim t\u00eb jasht\u00ebm dhe t\u00eb brendsh\u00ebm. Llak p\u00ebr p\u00ebrdorim n\u00eb ambiente e shtepis\u00eb.\" \/>\n<meta property=\"og:url\" content=\"https:\/\/deutschcolor.com\/al\/product\/eems-w30-gloss\/\" \/>\n<meta property=\"og:site_name\" content=\"Deutschcolor\" \/>\n<meta property=\"article:publisher\" content=\"https:\/\/www.facebook.com\/deutschcolorofficial\" \/>\n<meta property=\"article:modified_time\" content=\"2025-04-11T10:27:38+00:00\" \/>\n<meta property=\"og:image\" content=\"https:\/\/deutschcolor.com\/al\/wp-content\/uploads\/2019\/04\/Eems-W30-GL-Aqua-0-75lt-min.png\" \/>\n\t<meta property=\"og:image:width\" content=\"1000\" \/>\n\t<meta property=\"og:image:height\" content=\"1000\" \/>\n<meta name=\"twitter:card\" content=\"summary_large_image\" \/>\n<script type=\"application\/ld+json\" class=\"yoast-schema-graph\">{\"@context\":\"https:\/\/schema.org\",\"@graph\":[{\"@type\":\"WebSite\",\"@id\":\"https:\/\/deutschcolor.com\/al\/#website\",\"url\":\"https:\/\/deutschcolor.com\/al\/\",\"name\":\"Deutschcolor\",\"description\":\"Deutschcolor Albania\",\"potentialAction\":[{\"@type\":\"SearchAction\",\"target\":\"https:\/\/deutschcolor.com\/al\/?s={search_term_string}\",\"query-input\":\"required name=search_term_string\"}],\"inLanguage\":\"en-US\"},{\"@type\":\"ImageObject\",\"@id\":\"https:\/\/deutschcolor.com\/al\/product\/eems-w30-gloss\/#primaryimage\",\"inLanguage\":\"en-US\",\"url\":\"https:\/\/deutschcolor.com\/al\/wp-content\/uploads\/2019\/04\/Eems-W30-GL-Aqua-0-75lt-min.png\",\"width\":1000,\"height\":1000,\"caption\":\"Llak p\\u00ebr p\\u00ebrdorim n\\u00eb ambiente e shtepis\\u00eb nga Deutsch Color\"},{\"@type\":\"WebPage\",\"@id\":\"https:\/\/deutschcolor.com\/al\/product\/eems-w30-gloss\/#webpage\",\"url\":\"https:\/\/deutschcolor.com\/al\/product\/eems-w30-gloss\/\",\"name\":\"Llak p\\u00ebr dru me baz\\u00eb uji - Eems W30 Gloss - Deutsch Color\",\"isPartOf\":{\"@id\":\"https:\/\/deutschcolor.com\/al\/#website\"},\"primaryImageOfPage\":{\"@id\":\"https:\/\/deutschcolor.com\/al\/product\/eems-w30-gloss\/#primaryimage\"},\"datePublished\":\"2019-04-21T11:43:45+00:00\",\"dateModified\":\"2025-04-11T10:27:38+00:00\",\"description\":\"Llak p\\u00ebr dru me baz\\u00eb uji q\\u00eb jep sip\\u00ebrfaqe me shk\\u00eblqim p\\u00ebr p\\u00ebrdorim t\\u00eb jasht\\u00ebm dhe t\\u00eb brendsh\\u00ebm. Llak p\\u00ebr p\\u00ebrdorim n\\u00eb ambiente e shtepis\\u00eb.\",\"breadcrumb\":{\"@id\":\"https:\/\/deutschcolor.com\/al\/product\/eems-w30-gloss\/#breadcrumb\"},\"inLanguage\":\"en-US\",\"potentialAction\":[{\"@type\":\"ReadAction\",\"target\":[\"https:\/\/deutschcolor.com\/al\/product\/eems-w30-gloss\/\"]}]},{\"@type\":\"BreadcrumbList\",\"@id\":\"https:\/\/deutschcolor.com\/al\/product\/eems-w30-gloss\/#breadcrumb\",\"itemListElement\":[{\"@type\":\"ListItem\",\"position\":1,\"item\":{\"@type\":\"WebPage\",\"@id\":\"https:\/\/deutschcolor.com\/al\/\",\"url\":\"https:\/\/deutschcolor.com\/al\/\",\"name\":\"Home\"}},{\"@type\":\"ListItem\",\"position\":2,\"item\":{\"@type\":\"WebPage\",\"@id\":\"https:\/\/deutschcolor.com\/al\/shop\/\",\"url\":\"https:\/\/deutschcolor.com\/al\/shop\/\",\"name\":\"SHOP\"}},{\"@type\":\"ListItem\",\"position\":3,\"item\":{\"@type\":\"WebPage\",\"@id\":\"https:\/\/deutschcolor.com\/al\/product-category\/produkte-per-dru\/\",\"url\":\"https:\/\/deutschcolor.com\/al\/product-category\/produkte-per-dru\/\",\"name\":\"Produkte p\\u00ebr dru\"}},{\"@type\":\"ListItem\",\"position\":4,\"item\":{\"@type\":\"WebPage\",\"@id\":\"https:\/\/deutschcolor.com\/al\/product-category\/produkte-per-dru\/produkte-per-mbrojtjen-e-drurit\/\",\"url\":\"https:\/\/deutschcolor.com\/al\/product-category\/produkte-per-dru\/produkte-per-mbrojtjen-e-drurit\/\",\"name\":\"10.1. Produkte p\\u00ebr mbrojtjen e drurit\"}},{\"@type\":\"ListItem\",\"position\":5,\"item\":{\"@type\":\"WebPage\",\"@id\":\"https:\/\/deutschcolor.com\/al\/product\/eems-w30-gloss\/\",\"url\":\"https:\/\/deutschcolor.com\/al\/product\/eems-w30-gloss\/\",\"name\":\"Eems W30 Gloss\"}}]}]}<\/script>\n<!-- \/ Yoast SEO plugin. -->","_links":{"self":[{"href":"https:\/\/deutschcolor.com\/al\/wp-json\/wp\/v2\/product\/24043","targetHints":{"allow":["GET"]}}],"collection":[{"href":"https:\/\/deutschcolor.com\/al\/wp-json\/wp\/v2\/product"}],"about":[{"href":"https:\/\/deutschcolor.com\/al\/wp-json\/wp\/v2\/types\/product"}],"replies":[{"embeddable":true,"href":"https:\/\/deutschcolor.com\/al\/wp-json\/wp\/v2\/comments?post=24043"}],"wp:featuredmedia":[{"embeddable":true,"href":"https:\/\/deutschcolor.com\/al\/wp-json\/wp\/v2\/media\/24489"}],"wp:attachment":[{"href":"https:\/\/deutschcolor.com\/al\/wp-json\/wp\/v2\/media?parent=24043"}],"curies":[{"name":"wp","href":"https:\/\/api.w.org\/{rel}","templated":true}]}}