{"id":24061,"date":"2019-04-21T12:22:24","date_gmt":"2019-04-21T12:22:24","guid":{"rendered":"https:\/\/deutschcolor.com\/al\/?post_type=product&#038;p=24061"},"modified":"2019-12-27T14:35:35","modified_gmt":"2019-12-27T14:35:35","slug":"luxur","status":"publish","type":"product","link":"https:\/\/deutschcolor.com\/al\/product\/luxur\/","title":{"rendered":"Luxur"},"content":{"rendered":"<p><strong>Karakteristikat e produktit<\/strong><br \/>\n\u2022 Nivet t\u00eb ul\u00ebt aromash<br \/>\n\u2022 Aft\u00ebsi t\u00eb mira mbuluese<br \/>\n\u2022 Q\u00ebndrueshm\u00ebri n\u00eb nivel maksimal<br \/>\n\u2022 Rezistenc\u00eb relativisht t\u00eb lart\u00eb n\u00eb g\u00ebrvishtje<br \/>\n\u2022 Rezistenc\u00eb t\u00eb lart\u00eb ndaj agjent\u00ebve atmosferik\u00eb<br \/>\n\u2022 Pigmente q\u00eb penetrojn\u00eb thell\u00eb n\u00eb sip\u00ebrfaqen e drurit<br \/>\n\u2022 Aft\u00ebsi ngjit\u00ebse dhe koh\u00eb relativisht t\u00eb shkurt\u00ebr tharjeje<\/p>\n<p><strong>Rekomandimet p\u00ebr p\u00ebrdorim<\/strong><br \/>\nKy produkt \u00ebsht\u00eb ideal p\u00ebr p\u00ebrdorim t\u00eb brendshem n\u00eb t\u00eb gjitha produktet e drurit, duke p\u00ebrfshir\u00eb: mobiljet, kabinetet, dyert, dyshemen\u00eb dhe veshjet e ndryshme t\u00eb k\u00ebtyre produkteve.<\/p>\n<p>###<br \/>\n<strong>Ruajtja<\/strong><br \/>\n36 muaj, me kusht q\u00eb kana\u00e7et t\u00eb jen\u00eb t\u00eb mbyllura dhe n\u00eb kushte normale ruajtjeje.<\/p>\n<p><strong>Sh\u00ebnime<\/strong><br \/>\n\u2022 Rekomandohet q\u00eb t\u00eb shmanget aplikimi i produktit n\u00eb temperatura n\u00ebn 5\u00baC<\/p>\n","protected":false},"excerpt":{"rendered":"<p>Boj\u00eb me baz\u00eb solventi p\u00ebr sip\u00ebrfaqet e drurit q\u00eb jep efekt metalik<\/p>\n","protected":false},"featured_media":24540,"comment_status":"closed","ping_status":"closed","template":"","meta":{"_glsr_average":0,"_glsr_ranking":0,"_glsr_reviews":0},"class_list":["post-24061","product","type-product","status-publish","has-post-thumbnail","hentry","product_cat-produkte-per-dru","product_cat-bojera-druri"],"yoast_head":"<!-- This site is optimized with the Yoast SEO plugin v15.0 - https:\/\/yoast.com\/wordpress\/plugins\/seo\/ -->\n<title>Luxur - Deutschcolor<\/title>\n<meta name=\"robots\" content=\"index, follow, max-snippet:-1, max-image-preview:large, max-video-preview:-1\" \/>\n<link rel=\"canonical\" href=\"https:\/\/deutschcolor.com\/al\/product\/luxur\/\" \/>\n<meta property=\"og:locale\" content=\"en_US\" \/>\n<meta property=\"og:type\" content=\"article\" \/>\n<meta property=\"og:title\" content=\"Luxur - Deutschcolor\" \/>\n<meta property=\"og:description\" content=\"Boj\u00eb me baz\u00eb solventi p\u00ebr sip\u00ebrfaqet e drurit q\u00eb jep efekt metalik\" \/>\n<meta property=\"og:url\" content=\"https:\/\/deutschcolor.com\/al\/product\/luxur\/\" \/>\n<meta property=\"og:site_name\" content=\"Deutschcolor\" \/>\n<meta property=\"article:publisher\" content=\"https:\/\/www.facebook.com\/deutschcolorofficial\" \/>\n<meta property=\"article:modified_time\" content=\"2019-12-27T14:35:35+00:00\" \/>\n<meta property=\"og:image\" content=\"https:\/\/deutschcolor.com\/al\/wp-content\/uploads\/2019\/04\/LUXUR-10lt-min.png\" \/>\n\t<meta property=\"og:image:width\" content=\"1000\" \/>\n\t<meta property=\"og:image:height\" content=\"1000\" \/>\n<meta name=\"twitter:card\" content=\"summary_large_image\" \/>\n<script type=\"application\/ld+json\" class=\"yoast-schema-graph\">{\"@context\":\"https:\/\/schema.org\",\"@graph\":[{\"@type\":\"WebSite\",\"@id\":\"https:\/\/deutschcolor.com\/al\/#website\",\"url\":\"https:\/\/deutschcolor.com\/al\/\",\"name\":\"Deutschcolor\",\"description\":\"Deutschcolor Albania\",\"potentialAction\":[{\"@type\":\"SearchAction\",\"target\":\"https:\/\/deutschcolor.com\/al\/?s={search_term_string}\",\"query-input\":\"required name=search_term_string\"}],\"inLanguage\":\"en-US\"},{\"@type\":\"ImageObject\",\"@id\":\"https:\/\/deutschcolor.com\/al\/product\/luxur\/#primaryimage\",\"inLanguage\":\"en-US\",\"url\":\"https:\/\/deutschcolor.com\/al\/wp-content\/uploads\/2019\/04\/LUXUR-10lt-min.png\",\"width\":1000,\"height\":1000},{\"@type\":\"WebPage\",\"@id\":\"https:\/\/deutschcolor.com\/al\/product\/luxur\/#webpage\",\"url\":\"https:\/\/deutschcolor.com\/al\/product\/luxur\/\",\"name\":\"Luxur - Deutschcolor\",\"isPartOf\":{\"@id\":\"https:\/\/deutschcolor.com\/al\/#website\"},\"primaryImageOfPage\":{\"@id\":\"https:\/\/deutschcolor.com\/al\/product\/luxur\/#primaryimage\"},\"datePublished\":\"2019-04-21T12:22:24+00:00\",\"dateModified\":\"2019-12-27T14:35:35+00:00\",\"breadcrumb\":{\"@id\":\"https:\/\/deutschcolor.com\/al\/product\/luxur\/#breadcrumb\"},\"inLanguage\":\"en-US\",\"potentialAction\":[{\"@type\":\"ReadAction\",\"target\":[\"https:\/\/deutschcolor.com\/al\/product\/luxur\/\"]}]},{\"@type\":\"BreadcrumbList\",\"@id\":\"https:\/\/deutschcolor.com\/al\/product\/luxur\/#breadcrumb\",\"itemListElement\":[{\"@type\":\"ListItem\",\"position\":1,\"item\":{\"@type\":\"WebPage\",\"@id\":\"https:\/\/deutschcolor.com\/al\/\",\"url\":\"https:\/\/deutschcolor.com\/al\/\",\"name\":\"Home\"}},{\"@type\":\"ListItem\",\"position\":2,\"item\":{\"@type\":\"WebPage\",\"@id\":\"https:\/\/deutschcolor.com\/al\/shop\/\",\"url\":\"https:\/\/deutschcolor.com\/al\/shop\/\",\"name\":\"SHOP\"}},{\"@type\":\"ListItem\",\"position\":3,\"item\":{\"@type\":\"WebPage\",\"@id\":\"https:\/\/deutschcolor.com\/al\/product-category\/produkte-per-dru\/\",\"url\":\"https:\/\/deutschcolor.com\/al\/product-category\/produkte-per-dru\/\",\"name\":\"Produkte p\\u00ebr dru\"}},{\"@type\":\"ListItem\",\"position\":4,\"item\":{\"@type\":\"WebPage\",\"@id\":\"https:\/\/deutschcolor.com\/al\/product-category\/produkte-per-dru\/bojera-druri\/\",\"url\":\"https:\/\/deutschcolor.com\/al\/product-category\/produkte-per-dru\/bojera-druri\/\",\"name\":\"10.3. Boj\\u00ebra druri\"}},{\"@type\":\"ListItem\",\"position\":5,\"item\":{\"@type\":\"WebPage\",\"@id\":\"https:\/\/deutschcolor.com\/al\/product\/luxur\/\",\"url\":\"https:\/\/deutschcolor.com\/al\/product\/luxur\/\",\"name\":\"Luxur\"}}]}]}<\/script>\n<!-- \/ Yoast SEO plugin. -->","_links":{"self":[{"href":"https:\/\/deutschcolor.com\/al\/wp-json\/wp\/v2\/product\/24061","targetHints":{"allow":["GET"]}}],"collection":[{"href":"https:\/\/deutschcolor.com\/al\/wp-json\/wp\/v2\/product"}],"about":[{"href":"https:\/\/deutschcolor.com\/al\/wp-json\/wp\/v2\/types\/product"}],"replies":[{"embeddable":true,"href":"https:\/\/deutschcolor.com\/al\/wp-json\/wp\/v2\/comments?post=24061"}],"wp:featuredmedia":[{"embeddable":true,"href":"https:\/\/deutschcolor.com\/al\/wp-json\/wp\/v2\/media\/24540"}],"wp:attachment":[{"href":"https:\/\/deutschcolor.com\/al\/wp-json\/wp\/v2\/media?parent=24061"}],"curies":[{"name":"wp","href":"https:\/\/api.w.org\/{rel}","templated":true}]}}