{"id":24100,"date":"2019-04-21T12:47:50","date_gmt":"2019-04-21T12:47:50","guid":{"rendered":"https:\/\/deutschcolor.com\/al\/?post_type=product&#038;p=24100"},"modified":"2025-07-10T14:10:34","modified_gmt":"2025-07-10T14:10:34","slug":"bruck-430","status":"publish","type":"product","link":"https:\/\/deutschcolor.com\/al\/product\/bruck-430\/","title":{"rendered":"Bruck 430"},"content":{"rendered":"<h2><strong>Karakteristikat e produktit<\/strong><\/h2>\n<h3 style=\"font-size: 14px; font-weight: normal;\">\u2022 Arom\u00eb e leht\u00eb<br \/>\n1 Shtrirje perfekte<br \/>\n2 Karakteristika shum\u00eb t\u00eb mira mbuluese<br \/>\n3 Rezistent ndaj zverdhjes dhe g\u00ebrvishtjeve<\/h3>\n<p><strong>Rekomandimet p\u00ebr p\u00ebrdorim<\/strong><br \/>\nRekomandohet t\u00eb p\u00ebrdoret si llak mbi t\u00eb gjitha sip\u00ebrfaqet prej druri q\u00eb jan\u00eb te trajtuara paraprakisht me astar t\u00eb destinuara p\u00ebr mobilje, dyer, tavolina, karrige, objekte t\u00eb ndryshme <a href=\"https:\/\/deutschcolor.com\/al\/product-category\/produkte-per-dru\/\">druri<\/a>, lodra prej druri etj. Mund t\u00eb aplikohet vet\u00ebm mbi sip\u00ebrfaqe t\u00eb p\u00ebrgatitura me astar me baz\u00eb poliuretani dy komponent\u00ebsh.<\/p>\n<p>###<\/p>\n<p><strong>Ruajtja<\/strong><br \/>\n36 muaj, me kusht q\u00eb kana\u00e7et t\u00eb jen\u00eb t\u00eb mbyllura dhe n\u00eb kushte normale ruajtjeje. Ndalohet rrept\u00ebsisht q\u00eb produkti t\u00eb ekspozohet n\u00eb diell dhe lag\u00ebshtir\u00eb.<\/p>\n<p><strong>Sh\u00ebnime<\/strong><br \/>\n\u2022 Rekomandohet q\u00eb t\u00eb shmanget aplikimi i produktit n\u00eb temperatura n\u00ebn 5\u00baC dhe mbi 30 \u00baC.<\/p>\n<p>###<\/p>\n<p>P\u00ebr m\u00eb shume Boj\u00ebra <a href=\"https:\/\/deutschcolor.com\/al\/product-category\/bojra\/\">kliko ketu<\/a>.<\/p>\n\n","protected":false},"excerpt":{"rendered":"<p>Llak transparent poliuretani dy komponent\u00ebsh me 30% shk\u00eblqim<\/p>\n","protected":false},"featured_media":24506,"comment_status":"closed","ping_status":"closed","template":"","meta":{"_glsr_average":0,"_glsr_ranking":0,"_glsr_reviews":0},"class_list":["post-24100","product","type-product","status-publish","has-post-thumbnail","hentry","product_cat-produktet-me-baze-poliuretani","product_cat-bojera"],"yoast_head":"<!-- This site is optimized with the Yoast SEO plugin v15.0 - https:\/\/yoast.com\/wordpress\/plugins\/seo\/ -->\n<title>Llak n\u00eb Sip\u00ebrfaqen e Druri - Bruck 430 - Deutsch Color Bojra p\u00ebr Drurin.<\/title>\n<meta name=\"description\" content=\"Zgjedhje ideale. Llakim n\u00eb sip\u00ebrfaqen e druri, t\u00eb tilla si: mobilie, tavolina, karrige, objekte t\u00eb ndryshme, loj\u00ebra druri, etj.\" \/>\n<meta name=\"robots\" content=\"index, follow, max-snippet:-1, max-image-preview:large, max-video-preview:-1\" \/>\n<link rel=\"canonical\" href=\"https:\/\/deutschcolor.com\/al\/product\/bruck-430\/\" \/>\n<meta property=\"og:locale\" content=\"en_US\" \/>\n<meta property=\"og:type\" content=\"article\" \/>\n<meta property=\"og:title\" content=\"Llak n\u00eb Sip\u00ebrfaqen e Druri - Bruck 430 - Deutsch Color Bojra p\u00ebr Drurin.\" \/>\n<meta property=\"og:description\" content=\"Zgjedhje ideale. Llakim n\u00eb sip\u00ebrfaqen e druri, t\u00eb tilla si: mobilie, tavolina, karrige, objekte t\u00eb ndryshme, loj\u00ebra druri, etj.\" \/>\n<meta property=\"og:url\" content=\"https:\/\/deutschcolor.com\/al\/product\/bruck-430\/\" \/>\n<meta property=\"og:site_name\" content=\"Deutschcolor\" \/>\n<meta property=\"article:publisher\" content=\"https:\/\/www.facebook.com\/deutschcolorofficial\" \/>\n<meta property=\"article:modified_time\" content=\"2025-07-10T14:10:34+00:00\" \/>\n<meta property=\"og:image\" content=\"https:\/\/deutschcolor.com\/al\/wp-content\/uploads\/2019\/04\/BRUCK-430-min.png\" \/>\n\t<meta property=\"og:image:width\" content=\"1000\" \/>\n\t<meta property=\"og:image:height\" content=\"1000\" \/>\n<meta name=\"twitter:card\" content=\"summary_large_image\" \/>\n<script type=\"application\/ld+json\" class=\"yoast-schema-graph\">{\"@context\":\"https:\/\/schema.org\",\"@graph\":[{\"@type\":\"WebSite\",\"@id\":\"https:\/\/deutschcolor.com\/al\/#website\",\"url\":\"https:\/\/deutschcolor.com\/al\/\",\"name\":\"Deutschcolor\",\"description\":\"Deutschcolor Albania\",\"potentialAction\":[{\"@type\":\"SearchAction\",\"target\":\"https:\/\/deutschcolor.com\/al\/?s={search_term_string}\",\"query-input\":\"required name=search_term_string\"}],\"inLanguage\":\"en-US\"},{\"@type\":\"ImageObject\",\"@id\":\"https:\/\/deutschcolor.com\/al\/product\/bruck-430\/#primaryimage\",\"inLanguage\":\"en-US\",\"url\":\"https:\/\/deutschcolor.com\/al\/wp-content\/uploads\/2019\/04\/BRUCK-430-min.png\",\"width\":1000,\"height\":1000,\"caption\":\"Bojra me llak qe p\\u00ebrdoret n\\u00eb siperfaqe druri\"},{\"@type\":\"WebPage\",\"@id\":\"https:\/\/deutschcolor.com\/al\/product\/bruck-430\/#webpage\",\"url\":\"https:\/\/deutschcolor.com\/al\/product\/bruck-430\/\",\"name\":\"Llak n\\u00eb Sip\\u00ebrfaqen e Druri - Bruck 430 - Deutsch Color Bojra p\\u00ebr Drurin.\",\"isPartOf\":{\"@id\":\"https:\/\/deutschcolor.com\/al\/#website\"},\"primaryImageOfPage\":{\"@id\":\"https:\/\/deutschcolor.com\/al\/product\/bruck-430\/#primaryimage\"},\"datePublished\":\"2019-04-21T12:47:50+00:00\",\"dateModified\":\"2025-07-10T14:10:34+00:00\",\"description\":\"Zgjedhje ideale. Llakim n\\u00eb sip\\u00ebrfaqen e druri, t\\u00eb tilla si: mobilie, tavolina, karrige, objekte t\\u00eb ndryshme, loj\\u00ebra druri, etj.\",\"breadcrumb\":{\"@id\":\"https:\/\/deutschcolor.com\/al\/product\/bruck-430\/#breadcrumb\"},\"inLanguage\":\"en-US\",\"potentialAction\":[{\"@type\":\"ReadAction\",\"target\":[\"https:\/\/deutschcolor.com\/al\/product\/bruck-430\/\"]}]},{\"@type\":\"BreadcrumbList\",\"@id\":\"https:\/\/deutschcolor.com\/al\/product\/bruck-430\/#breadcrumb\",\"itemListElement\":[{\"@type\":\"ListItem\",\"position\":1,\"item\":{\"@type\":\"WebPage\",\"@id\":\"https:\/\/deutschcolor.com\/al\/\",\"url\":\"https:\/\/deutschcolor.com\/al\/\",\"name\":\"Home\"}},{\"@type\":\"ListItem\",\"position\":2,\"item\":{\"@type\":\"WebPage\",\"@id\":\"https:\/\/deutschcolor.com\/al\/shop\/\",\"url\":\"https:\/\/deutschcolor.com\/al\/shop\/\",\"name\":\"SHOP\"}},{\"@type\":\"ListItem\",\"position\":3,\"item\":{\"@type\":\"WebPage\",\"@id\":\"https:\/\/deutschcolor.com\/al\/product-category\/produktet-me-baze-poliuretani\/\",\"url\":\"https:\/\/deutschcolor.com\/al\/product-category\/produktet-me-baze-poliuretani\/\",\"name\":\"Produktet me baze poliuretani\"}},{\"@type\":\"ListItem\",\"position\":4,\"item\":{\"@type\":\"WebPage\",\"@id\":\"https:\/\/deutschcolor.com\/al\/product-category\/produktet-me-baze-poliuretani\/bojera\/\",\"url\":\"https:\/\/deutschcolor.com\/al\/product-category\/produktet-me-baze-poliuretani\/bojera\/\",\"name\":\"11.2. Boj\\u00ebra\"}},{\"@type\":\"ListItem\",\"position\":5,\"item\":{\"@type\":\"WebPage\",\"@id\":\"https:\/\/deutschcolor.com\/al\/product\/bruck-430\/\",\"url\":\"https:\/\/deutschcolor.com\/al\/product\/bruck-430\/\",\"name\":\"Bruck 430\"}}]}]}<\/script>\n<!-- \/ Yoast SEO plugin. -->","_links":{"self":[{"href":"https:\/\/deutschcolor.com\/al\/wp-json\/wp\/v2\/product\/24100","targetHints":{"allow":["GET"]}}],"collection":[{"href":"https:\/\/deutschcolor.com\/al\/wp-json\/wp\/v2\/product"}],"about":[{"href":"https:\/\/deutschcolor.com\/al\/wp-json\/wp\/v2\/types\/product"}],"replies":[{"embeddable":true,"href":"https:\/\/deutschcolor.com\/al\/wp-json\/wp\/v2\/comments?post=24100"}],"wp:featuredmedia":[{"embeddable":true,"href":"https:\/\/deutschcolor.com\/al\/wp-json\/wp\/v2\/media\/24506"}],"wp:attachment":[{"href":"https:\/\/deutschcolor.com\/al\/wp-json\/wp\/v2\/media?parent=24100"}],"curies":[{"name":"wp","href":"https:\/\/api.w.org\/{rel}","templated":true}]}}