{"id":24112,"date":"2019-04-21T12:58:23","date_gmt":"2019-04-21T12:58:23","guid":{"rendered":"https:\/\/deutschcolor.com\/al\/?post_type=product&#038;p=24112"},"modified":"2025-04-07T07:38:23","modified_gmt":"2025-04-07T07:38:23","slug":"bruck-510","status":"publish","type":"product","link":"https:\/\/deutschcolor.com\/al\/product\/bruck-510\/","title":{"rendered":"Bruck 510"},"content":{"rendered":"<p><strong>Karakteristikat e produktit<\/strong><br \/>\n1 Arom\u00eb e leht\u00eb<br \/>\n2 Shtrirje perfekte<br \/>\n3 Ekstra bardh\u00ebsi<br \/>\n4 Karakteristika shum\u00eb t\u00eb mira mbuluese<br \/>\n5 Rezistent ndaj zverdhjes dhe g\u00ebrvishtjeve<br \/>\n6 Llak i bardh\u00eb poliuretani<br \/>\n7 10% shk\u00eblqim<br \/>\n8 Dy komponent\u00ebsh<\/p>\n<p>###<\/p>\n<p><strong>Rekomandimet p\u00ebr p\u00ebrdorim<\/strong><br \/>\nRekomandohet t\u00eb p\u00ebrdoret si llak me baze puliuretani mbi t\u00eb gjitha sip\u00ebrfaqet prej druri q\u00eb jan\u00eb te trajtuara paraprakisht me astar t\u00eb destinuara p\u00ebr mobilje, dyer, tavolina, karrige, objekte t\u00eb ndryshme druri, lodra prej druri etj. Mund t\u00eb aplikohet vet\u00ebm mbi sip\u00ebrfaqe t\u00eb p\u00ebrgatitura me <a href=\"https:\/\/deutschcolor.com\/al\/product-category\/produktet-me-baze-poliuretani\/astare-produktet-me-baze-poliuretani\/\">astar<\/a> me baz\u00eb poliuretani dy komponent\u00ebsh.<\/p>\n<p>###<\/p>\n<p><strong>Ruajtja<\/strong><br \/>\n36 muaj, me kusht q\u00eb kana\u00e7et t\u00eb jen\u00eb t\u00eb mbyllura dhe n\u00eb kushte normale ruajtjeje. Ndalohet rrept\u00ebsisht q\u00eb produkti t\u00eb ekspozohet n\u00eb diell dhe lag\u00ebshtir\u00eb.<\/p>\n<p>###<\/p>\n<p><strong>Sh\u00ebnime<\/strong><br \/>\n\u2022 Rekomandohet q\u00eb t\u00eb shmanget aplikimi i produktit n\u00eb temperatura n\u00ebn 5\u00baC dhe mbi 30\u00baC.<\/p>\n<p>###<\/p>\n<p>P\u00ebr me shume produkte me baze poliuretani <a href=\"https:\/\/deutschcolor.com\/al\/product-category\/produktet-me-baze-poliuretani\/bojera\/\">klikoni ketu<\/a>.<\/p>\n","protected":false},"excerpt":{"rendered":"<p>Llak i bardh\u00eb poliuretani dy komponent\u00ebsh me 10% shk\u00eblqim<\/p>\n","protected":false},"featured_media":24509,"comment_status":"closed","ping_status":"closed","template":"","meta":{"_glsr_average":0,"_glsr_ranking":0,"_glsr_reviews":0},"class_list":["post-24112","product","type-product","status-publish","has-post-thumbnail","hentry","product_cat-produktet-me-baze-poliuretani","product_cat-bojera"],"yoast_head":"<!-- This site is optimized with the Yoast SEO plugin v15.0 - https:\/\/yoast.com\/wordpress\/plugins\/seo\/ -->\n<title>Llak i bardh\u00eb poliuretani - Bruck 510 - DeutschColor - Elasticitet i lart\u00eb.<\/title>\n<meta name=\"description\" content=\"Llak i bardh\u00eb poliuretani dy komponent\u00ebsh me 10% shk\u00eblqim. Aplikohet n\u00eb sip\u00ebrfaqe t\u00eb p\u00ebrgatitura me prajmer Poliuretani me 2 komponent\u00eb.\" \/>\n<meta name=\"robots\" content=\"index, follow, max-snippet:-1, max-image-preview:large, max-video-preview:-1\" \/>\n<link rel=\"canonical\" href=\"https:\/\/deutschcolor.com\/al\/product\/bruck-510\/\" \/>\n<meta property=\"og:locale\" content=\"en_US\" \/>\n<meta property=\"og:type\" content=\"article\" \/>\n<meta property=\"og:title\" content=\"Llak i bardh\u00eb poliuretani - Bruck 510 - DeutschColor - Elasticitet i lart\u00eb.\" \/>\n<meta property=\"og:description\" content=\"Llak i bardh\u00eb poliuretani dy komponent\u00ebsh me 10% shk\u00eblqim. Aplikohet n\u00eb sip\u00ebrfaqe t\u00eb p\u00ebrgatitura me prajmer Poliuretani me 2 komponent\u00eb.\" \/>\n<meta property=\"og:url\" content=\"https:\/\/deutschcolor.com\/al\/product\/bruck-510\/\" \/>\n<meta property=\"og:site_name\" content=\"Deutschcolor\" \/>\n<meta property=\"article:publisher\" content=\"https:\/\/www.facebook.com\/deutschcolorofficial\" \/>\n<meta property=\"article:modified_time\" content=\"2025-04-07T07:38:23+00:00\" \/>\n<meta property=\"og:image\" content=\"https:\/\/deutschcolor.com\/al\/wp-content\/uploads\/2019\/04\/BRUCK-510-min.png\" \/>\n\t<meta property=\"og:image:width\" content=\"1000\" \/>\n\t<meta property=\"og:image:height\" content=\"1000\" \/>\n<meta name=\"twitter:card\" content=\"summary_large_image\" \/>\n<script type=\"application\/ld+json\" class=\"yoast-schema-graph\">{\"@context\":\"https:\/\/schema.org\",\"@graph\":[{\"@type\":\"WebSite\",\"@id\":\"https:\/\/deutschcolor.com\/al\/#website\",\"url\":\"https:\/\/deutschcolor.com\/al\/\",\"name\":\"Deutschcolor\",\"description\":\"Deutschcolor Albania\",\"potentialAction\":[{\"@type\":\"SearchAction\",\"target\":\"https:\/\/deutschcolor.com\/al\/?s={search_term_string}\",\"query-input\":\"required name=search_term_string\"}],\"inLanguage\":\"en-US\"},{\"@type\":\"ImageObject\",\"@id\":\"https:\/\/deutschcolor.com\/al\/product\/bruck-510\/#primaryimage\",\"inLanguage\":\"en-US\",\"url\":\"https:\/\/deutschcolor.com\/al\/wp-content\/uploads\/2019\/04\/BRUCK-510-min.png\",\"width\":1000,\"height\":1000},{\"@type\":\"WebPage\",\"@id\":\"https:\/\/deutschcolor.com\/al\/product\/bruck-510\/#webpage\",\"url\":\"https:\/\/deutschcolor.com\/al\/product\/bruck-510\/\",\"name\":\"Llak i bardh\\u00eb poliuretani - Bruck 510 - DeutschColor - Elasticitet i lart\\u00eb.\",\"isPartOf\":{\"@id\":\"https:\/\/deutschcolor.com\/al\/#website\"},\"primaryImageOfPage\":{\"@id\":\"https:\/\/deutschcolor.com\/al\/product\/bruck-510\/#primaryimage\"},\"datePublished\":\"2019-04-21T12:58:23+00:00\",\"dateModified\":\"2025-04-07T07:38:23+00:00\",\"description\":\"Llak i bardh\\u00eb poliuretani dy komponent\\u00ebsh me 10% shk\\u00eblqim. Aplikohet n\\u00eb sip\\u00ebrfaqe t\\u00eb p\\u00ebrgatitura me prajmer Poliuretani me 2 komponent\\u00eb.\",\"breadcrumb\":{\"@id\":\"https:\/\/deutschcolor.com\/al\/product\/bruck-510\/#breadcrumb\"},\"inLanguage\":\"en-US\",\"potentialAction\":[{\"@type\":\"ReadAction\",\"target\":[\"https:\/\/deutschcolor.com\/al\/product\/bruck-510\/\"]}]},{\"@type\":\"BreadcrumbList\",\"@id\":\"https:\/\/deutschcolor.com\/al\/product\/bruck-510\/#breadcrumb\",\"itemListElement\":[{\"@type\":\"ListItem\",\"position\":1,\"item\":{\"@type\":\"WebPage\",\"@id\":\"https:\/\/deutschcolor.com\/al\/\",\"url\":\"https:\/\/deutschcolor.com\/al\/\",\"name\":\"Home\"}},{\"@type\":\"ListItem\",\"position\":2,\"item\":{\"@type\":\"WebPage\",\"@id\":\"https:\/\/deutschcolor.com\/al\/shop\/\",\"url\":\"https:\/\/deutschcolor.com\/al\/shop\/\",\"name\":\"SHOP\"}},{\"@type\":\"ListItem\",\"position\":3,\"item\":{\"@type\":\"WebPage\",\"@id\":\"https:\/\/deutschcolor.com\/al\/product-category\/produktet-me-baze-poliuretani\/\",\"url\":\"https:\/\/deutschcolor.com\/al\/product-category\/produktet-me-baze-poliuretani\/\",\"name\":\"Produktet me baze poliuretani\"}},{\"@type\":\"ListItem\",\"position\":4,\"item\":{\"@type\":\"WebPage\",\"@id\":\"https:\/\/deutschcolor.com\/al\/product-category\/produktet-me-baze-poliuretani\/bojera\/\",\"url\":\"https:\/\/deutschcolor.com\/al\/product-category\/produktet-me-baze-poliuretani\/bojera\/\",\"name\":\"11.2. Boj\\u00ebra\"}},{\"@type\":\"ListItem\",\"position\":5,\"item\":{\"@type\":\"WebPage\",\"@id\":\"https:\/\/deutschcolor.com\/al\/product\/bruck-510\/\",\"url\":\"https:\/\/deutschcolor.com\/al\/product\/bruck-510\/\",\"name\":\"Bruck 510\"}}]}]}<\/script>\n<!-- \/ Yoast SEO plugin. -->","_links":{"self":[{"href":"https:\/\/deutschcolor.com\/al\/wp-json\/wp\/v2\/product\/24112","targetHints":{"allow":["GET"]}}],"collection":[{"href":"https:\/\/deutschcolor.com\/al\/wp-json\/wp\/v2\/product"}],"about":[{"href":"https:\/\/deutschcolor.com\/al\/wp-json\/wp\/v2\/types\/product"}],"replies":[{"embeddable":true,"href":"https:\/\/deutschcolor.com\/al\/wp-json\/wp\/v2\/comments?post=24112"}],"wp:featuredmedia":[{"embeddable":true,"href":"https:\/\/deutschcolor.com\/al\/wp-json\/wp\/v2\/media\/24509"}],"wp:attachment":[{"href":"https:\/\/deutschcolor.com\/al\/wp-json\/wp\/v2\/media?parent=24112"}],"curies":[{"name":"wp","href":"https:\/\/api.w.org\/{rel}","templated":true}]}}