{"id":24124,"date":"2019-04-21T13:04:40","date_gmt":"2019-04-21T13:04:40","guid":{"rendered":"https:\/\/deutschcolor.com\/al\/?post_type=product&#038;p=24124"},"modified":"2025-02-21T13:18:09","modified_gmt":"2025-02-21T13:18:09","slug":"smart-200-a","status":"publish","type":"product","link":"https:\/\/deutschcolor.com\/al\/product\/smart-200-a\/","title":{"rendered":"Smart 200 A"},"content":{"rendered":"<p><strong>Karakteristikat e produktit<\/strong><br \/>\n\u2022 Arom\u00eb e leht\u00eb<br \/>\n\u2022 Aplikim i thjesht\u00eb<br \/>\n\u2022 Shk\u00eblqim maksimal<br \/>\n\u2022 Transparenc\u00eb e lart\u00eb<br \/>\n\u2022 Rezistent ndaj zverdhjes<br \/>\n\u2022 Karakteristika perfekte mbuluese<br \/>\n\u2022 Super i fort\u00eb ndaj g\u00ebrvishtjeve<\/p>\n<p><strong>Rekomandimet p\u00ebr p\u00ebrdorim<\/strong><br \/>\nRekomandohet t\u00eb p\u00ebrdoret si llak dy komponent\u00ebsh mbi sip\u00ebrfaqet prej druri q\u00eb jan\u00eb te trajtuara paraprakisht me astar Graf 100 dhe Graf 200 t\u00eb destinuara p\u00ebr mobilje, dyer, tavolina, karrige, objekte t\u00eb ndryshme druri, tenda dielli, lodra prej druri etj.<\/p>\n<p>###<\/p>\n<p><strong>Ruajtja<\/strong><br \/>\n36 muaj, me kusht q\u00eb kana\u00e7et t\u00eb jen\u00eb t\u00eb mbyllura dhe n\u00eb kushte normale ruajtjeje. Ndalohet rrept\u00ebsisht q\u00eb produkti t\u00eb ekspozohet n\u00eb diell dhe lag\u00ebshtir\u00eb.<\/p>\n<p><strong>Sh\u00ebnime<\/strong><br \/>\n\u2022 Rekomandohet q\u00eb t\u00eb shmanget aplikimi i produktit n\u00eb temperatura n\u00ebn 5\u00baC dhe mbi 30\u00baC.<\/p>\n","protected":false},"excerpt":{"rendered":"<p>Llak transparent poliuretani dy komponent\u00ebsh 100% me shk\u00eblqim<\/p>\n","protected":false},"featured_media":24512,"comment_status":"closed","ping_status":"closed","template":"","meta":{"_glsr_average":0,"_glsr_ranking":0,"_glsr_reviews":0},"class_list":["post-24124","product","type-product","status-publish","has-post-thumbnail","hentry","product_cat-produktet-me-baze-poliuretani","product_cat-katalizatoret"],"yoast_head":"<!-- This site is optimized with the Yoast SEO plugin v15.0 - https:\/\/yoast.com\/wordpress\/plugins\/seo\/ -->\n<title>Llak poliuretani me 100% shk\u00eblqim - Smart 200 A - Deutschcolor<\/title>\n<meta name=\"description\" content=\"Llak poliuretani dy komponent\u00ebsh me shk\u00eblqim 100%. P\u00ebrshtatsh\u00ebm p\u00ebr mbrojtjen e drurit dhe mobiljeve. Transparenc\u00eb e lart\u00eb.\" \/>\n<meta name=\"robots\" content=\"index, follow, max-snippet:-1, max-image-preview:large, max-video-preview:-1\" \/>\n<link rel=\"canonical\" href=\"https:\/\/deutschcolor.com\/al\/product\/smart-200-a\/\" \/>\n<meta property=\"og:locale\" content=\"en_US\" \/>\n<meta property=\"og:type\" content=\"article\" \/>\n<meta property=\"og:title\" content=\"Llak poliuretani me 100% shk\u00eblqim - Smart 200 A - Deutschcolor\" \/>\n<meta property=\"og:description\" content=\"Llak poliuretani dy komponent\u00ebsh me shk\u00eblqim 100%. P\u00ebrshtatsh\u00ebm p\u00ebr mbrojtjen e drurit dhe mobiljeve. Transparenc\u00eb e lart\u00eb.\" \/>\n<meta property=\"og:url\" content=\"https:\/\/deutschcolor.com\/al\/product\/smart-200-a\/\" \/>\n<meta property=\"og:site_name\" content=\"Deutschcolor\" \/>\n<meta property=\"article:publisher\" content=\"https:\/\/www.facebook.com\/deutschcolorofficial\" \/>\n<meta property=\"article:modified_time\" content=\"2025-02-21T13:18:09+00:00\" \/>\n<meta property=\"og:image\" content=\"https:\/\/deutschcolor.com\/al\/wp-content\/uploads\/2019\/04\/SMART-200-min.png\" \/>\n\t<meta property=\"og:image:width\" content=\"1000\" \/>\n\t<meta property=\"og:image:height\" content=\"1000\" \/>\n<meta name=\"twitter:card\" content=\"summary_large_image\" \/>\n<script type=\"application\/ld+json\" class=\"yoast-schema-graph\">{\"@context\":\"https:\/\/schema.org\",\"@graph\":[{\"@type\":\"WebSite\",\"@id\":\"https:\/\/deutschcolor.com\/al\/#website\",\"url\":\"https:\/\/deutschcolor.com\/al\/\",\"name\":\"Deutschcolor\",\"description\":\"Deutschcolor Albania\",\"potentialAction\":[{\"@type\":\"SearchAction\",\"target\":\"https:\/\/deutschcolor.com\/al\/?s={search_term_string}\",\"query-input\":\"required name=search_term_string\"}],\"inLanguage\":\"en-US\"},{\"@type\":\"ImageObject\",\"@id\":\"https:\/\/deutschcolor.com\/al\/product\/smart-200-a\/#primaryimage\",\"inLanguage\":\"en-US\",\"url\":\"https:\/\/deutschcolor.com\/al\/wp-content\/uploads\/2019\/04\/SMART-200-min.png\",\"width\":1000,\"height\":1000},{\"@type\":\"WebPage\",\"@id\":\"https:\/\/deutschcolor.com\/al\/product\/smart-200-a\/#webpage\",\"url\":\"https:\/\/deutschcolor.com\/al\/product\/smart-200-a\/\",\"name\":\"Llak poliuretani me 100% shk\\u00eblqim - Smart 200 A - Deutschcolor\",\"isPartOf\":{\"@id\":\"https:\/\/deutschcolor.com\/al\/#website\"},\"primaryImageOfPage\":{\"@id\":\"https:\/\/deutschcolor.com\/al\/product\/smart-200-a\/#primaryimage\"},\"datePublished\":\"2019-04-21T13:04:40+00:00\",\"dateModified\":\"2025-02-21T13:18:09+00:00\",\"description\":\"Llak poliuretani dy komponent\\u00ebsh me shk\\u00eblqim 100%. P\\u00ebrshtatsh\\u00ebm p\\u00ebr mbrojtjen e drurit dhe mobiljeve. Transparenc\\u00eb e lart\\u00eb.\",\"breadcrumb\":{\"@id\":\"https:\/\/deutschcolor.com\/al\/product\/smart-200-a\/#breadcrumb\"},\"inLanguage\":\"en-US\",\"potentialAction\":[{\"@type\":\"ReadAction\",\"target\":[\"https:\/\/deutschcolor.com\/al\/product\/smart-200-a\/\"]}]},{\"@type\":\"BreadcrumbList\",\"@id\":\"https:\/\/deutschcolor.com\/al\/product\/smart-200-a\/#breadcrumb\",\"itemListElement\":[{\"@type\":\"ListItem\",\"position\":1,\"item\":{\"@type\":\"WebPage\",\"@id\":\"https:\/\/deutschcolor.com\/al\/\",\"url\":\"https:\/\/deutschcolor.com\/al\/\",\"name\":\"Home\"}},{\"@type\":\"ListItem\",\"position\":2,\"item\":{\"@type\":\"WebPage\",\"@id\":\"https:\/\/deutschcolor.com\/al\/shop\/\",\"url\":\"https:\/\/deutschcolor.com\/al\/shop\/\",\"name\":\"SHOP\"}},{\"@type\":\"ListItem\",\"position\":3,\"item\":{\"@type\":\"WebPage\",\"@id\":\"https:\/\/deutschcolor.com\/al\/product-category\/produktet-me-baze-poliuretani\/\",\"url\":\"https:\/\/deutschcolor.com\/al\/product-category\/produktet-me-baze-poliuretani\/\",\"name\":\"Produktet me baze poliuretani\"}},{\"@type\":\"ListItem\",\"position\":4,\"item\":{\"@type\":\"WebPage\",\"@id\":\"https:\/\/deutschcolor.com\/al\/product-category\/produktet-me-baze-poliuretani\/katalizatoret\/\",\"url\":\"https:\/\/deutschcolor.com\/al\/product-category\/produktet-me-baze-poliuretani\/katalizatoret\/\",\"name\":\"11.3. Katalizator\\u00ebt\"}},{\"@type\":\"ListItem\",\"position\":5,\"item\":{\"@type\":\"WebPage\",\"@id\":\"https:\/\/deutschcolor.com\/al\/product\/smart-200-a\/\",\"url\":\"https:\/\/deutschcolor.com\/al\/product\/smart-200-a\/\",\"name\":\"Smart 200 A\"}}]}]}<\/script>\n<!-- \/ Yoast SEO plugin. -->","_links":{"self":[{"href":"https:\/\/deutschcolor.com\/al\/wp-json\/wp\/v2\/product\/24124","targetHints":{"allow":["GET"]}}],"collection":[{"href":"https:\/\/deutschcolor.com\/al\/wp-json\/wp\/v2\/product"}],"about":[{"href":"https:\/\/deutschcolor.com\/al\/wp-json\/wp\/v2\/types\/product"}],"replies":[{"embeddable":true,"href":"https:\/\/deutschcolor.com\/al\/wp-json\/wp\/v2\/comments?post=24124"}],"wp:featuredmedia":[{"embeddable":true,"href":"https:\/\/deutschcolor.com\/al\/wp-json\/wp\/v2\/media\/24512"}],"wp:attachment":[{"href":"https:\/\/deutschcolor.com\/al\/wp-json\/wp\/v2\/media?parent=24124"}],"curies":[{"name":"wp","href":"https:\/\/api.w.org\/{rel}","templated":true}]}}