{"id":24128,"date":"2019-04-21T13:06:45","date_gmt":"2019-04-21T13:06:45","guid":{"rendered":"https:\/\/deutschcolor.com\/al\/?post_type=product&#038;p=24128"},"modified":"2025-02-21T13:26:35","modified_gmt":"2025-02-21T13:26:35","slug":"smart-300-a","status":"publish","type":"product","link":"https:\/\/deutschcolor.com\/al\/product\/smart-300-a\/","title":{"rendered":"Smart 300 A"},"content":{"rendered":"<p><strong>Karakteristikat e produktit<\/strong><br \/>\n\u2022 Arom\u00eb e leht\u00eb<br \/>\n\u2022 Ekstra bardh\u00ebsi<br \/>\n\u2022 Shtrirje perfekte<br \/>\n\u2022 Aplikim i thjesht\u00eb<br \/>\n\u2022 Shkelqim maksimal<br \/>\n\u2022 Karakteristika perfekte mbuluese<br \/>\n\u2022 Rezistent ndaj zverdhjes dhe g\u00ebrvishtjeve<\/p>\n<p><strong>Rekomandimet p\u00ebr p\u00ebrdorim<\/strong><br \/>\nRekomandohet t\u00eb p\u00ebrdoret si llak dy komponent\u00ebsh mbi t\u00eb gjitha sip\u00ebrfaqet prej druri q\u00eb jan\u00eb te trajtuara paraprakisht me astar GRAF 150 dhe GRAF 250 t\u00eb destinuara p\u00ebr mobilje, dyer, tavolina, karrige, objekte t\u00eb ndryshme druri, tenda dielli, lodra prej druri etj.<\/p>\n<p>###<br \/>\n<strong>Ruajtja<\/strong><br \/>\n36 muaj, me kusht q\u00eb kana\u00e7et t\u00eb jen\u00eb t\u00eb mbyllura dhe n\u00eb kushte normale ruajtjeje. Ndalohet rrept\u00ebsisht q\u00eb produkti t\u00eb ekspozohet n\u00eb diell dhe lag\u00ebshtir\u00eb.<\/p>\n<p><strong>Sh\u00ebnime<\/strong><br \/>\n\u2022 Rekomandohet q\u00eb t\u00eb shmanget aplikimi i produktit n\u00eb temperatura n\u00ebn 5\u00baC dhe mbi 30\u00baC.<\/p>\n","protected":false},"excerpt":{"rendered":"<p>Llak i bardh\u00eb poliuretani dy komponent\u00ebsh 100% me shk\u00eblqim<\/p>\n","protected":false},"featured_media":24513,"comment_status":"closed","ping_status":"closed","template":"","meta":{"_glsr_average":0,"_glsr_ranking":0,"_glsr_reviews":0},"class_list":["post-24128","product","type-product","status-publish","has-post-thumbnail","hentry","product_cat-produktet-me-baze-poliuretani","product_cat-katalizatoret"],"yoast_head":"<!-- This site is optimized with the Yoast SEO plugin v15.0 - https:\/\/yoast.com\/wordpress\/plugins\/seo\/ -->\n<title>Smart 300 A - Llak i bardh\u00eb- Deutschcolor - Zgjedhja juaj profesionale<\/title>\n<meta name=\"description\" content=\"Llak i bardh\u00eb poliuretani dy komponent\u00ebsh 100% me shk\u00eblqim. Zgjedhja juaj profesionale p\u00ebr nje shkelqim maksimal.\" \/>\n<meta name=\"robots\" content=\"index, follow, max-snippet:-1, max-image-preview:large, max-video-preview:-1\" \/>\n<link rel=\"canonical\" href=\"https:\/\/deutschcolor.com\/al\/product\/smart-300-a\/\" \/>\n<meta property=\"og:locale\" content=\"en_US\" \/>\n<meta property=\"og:type\" content=\"article\" \/>\n<meta property=\"og:title\" content=\"Smart 300 A - Llak i bardh\u00eb- Deutschcolor - Zgjedhja juaj profesionale\" \/>\n<meta property=\"og:description\" content=\"Llak i bardh\u00eb poliuretani dy komponent\u00ebsh 100% me shk\u00eblqim. Zgjedhja juaj profesionale p\u00ebr nje shkelqim maksimal.\" \/>\n<meta property=\"og:url\" content=\"https:\/\/deutschcolor.com\/al\/product\/smart-300-a\/\" \/>\n<meta property=\"og:site_name\" content=\"Deutschcolor\" \/>\n<meta property=\"article:publisher\" content=\"https:\/\/www.facebook.com\/deutschcolorofficial\" \/>\n<meta property=\"article:modified_time\" content=\"2025-02-21T13:26:35+00:00\" \/>\n<meta property=\"og:image\" content=\"https:\/\/deutschcolor.com\/al\/wp-content\/uploads\/2019\/04\/Smart-300-A-min.png\" \/>\n\t<meta property=\"og:image:width\" content=\"1000\" \/>\n\t<meta property=\"og:image:height\" content=\"1000\" \/>\n<meta name=\"twitter:card\" content=\"summary_large_image\" \/>\n<script type=\"application\/ld+json\" class=\"yoast-schema-graph\">{\"@context\":\"https:\/\/schema.org\",\"@graph\":[{\"@type\":\"WebSite\",\"@id\":\"https:\/\/deutschcolor.com\/al\/#website\",\"url\":\"https:\/\/deutschcolor.com\/al\/\",\"name\":\"Deutschcolor\",\"description\":\"Deutschcolor Albania\",\"potentialAction\":[{\"@type\":\"SearchAction\",\"target\":\"https:\/\/deutschcolor.com\/al\/?s={search_term_string}\",\"query-input\":\"required name=search_term_string\"}],\"inLanguage\":\"en-US\"},{\"@type\":\"ImageObject\",\"@id\":\"https:\/\/deutschcolor.com\/al\/product\/smart-300-a\/#primaryimage\",\"inLanguage\":\"en-US\",\"url\":\"https:\/\/deutschcolor.com\/al\/wp-content\/uploads\/2019\/04\/Smart-300-A-min.png\",\"width\":1000,\"height\":1000},{\"@type\":\"WebPage\",\"@id\":\"https:\/\/deutschcolor.com\/al\/product\/smart-300-a\/#webpage\",\"url\":\"https:\/\/deutschcolor.com\/al\/product\/smart-300-a\/\",\"name\":\"Smart 300 A - Llak i bardh\\u00eb- Deutschcolor - Zgjedhja juaj profesionale\",\"isPartOf\":{\"@id\":\"https:\/\/deutschcolor.com\/al\/#website\"},\"primaryImageOfPage\":{\"@id\":\"https:\/\/deutschcolor.com\/al\/product\/smart-300-a\/#primaryimage\"},\"datePublished\":\"2019-04-21T13:06:45+00:00\",\"dateModified\":\"2025-02-21T13:26:35+00:00\",\"description\":\"Llak i bardh\\u00eb poliuretani dy komponent\\u00ebsh 100% me shk\\u00eblqim. Zgjedhja juaj profesionale p\\u00ebr nje shkelqim maksimal.\",\"breadcrumb\":{\"@id\":\"https:\/\/deutschcolor.com\/al\/product\/smart-300-a\/#breadcrumb\"},\"inLanguage\":\"en-US\",\"potentialAction\":[{\"@type\":\"ReadAction\",\"target\":[\"https:\/\/deutschcolor.com\/al\/product\/smart-300-a\/\"]}]},{\"@type\":\"BreadcrumbList\",\"@id\":\"https:\/\/deutschcolor.com\/al\/product\/smart-300-a\/#breadcrumb\",\"itemListElement\":[{\"@type\":\"ListItem\",\"position\":1,\"item\":{\"@type\":\"WebPage\",\"@id\":\"https:\/\/deutschcolor.com\/al\/\",\"url\":\"https:\/\/deutschcolor.com\/al\/\",\"name\":\"Home\"}},{\"@type\":\"ListItem\",\"position\":2,\"item\":{\"@type\":\"WebPage\",\"@id\":\"https:\/\/deutschcolor.com\/al\/shop\/\",\"url\":\"https:\/\/deutschcolor.com\/al\/shop\/\",\"name\":\"SHOP\"}},{\"@type\":\"ListItem\",\"position\":3,\"item\":{\"@type\":\"WebPage\",\"@id\":\"https:\/\/deutschcolor.com\/al\/product-category\/produktet-me-baze-poliuretani\/\",\"url\":\"https:\/\/deutschcolor.com\/al\/product-category\/produktet-me-baze-poliuretani\/\",\"name\":\"Produktet me baze poliuretani\"}},{\"@type\":\"ListItem\",\"position\":4,\"item\":{\"@type\":\"WebPage\",\"@id\":\"https:\/\/deutschcolor.com\/al\/product-category\/produktet-me-baze-poliuretani\/katalizatoret\/\",\"url\":\"https:\/\/deutschcolor.com\/al\/product-category\/produktet-me-baze-poliuretani\/katalizatoret\/\",\"name\":\"11.3. Katalizator\\u00ebt\"}},{\"@type\":\"ListItem\",\"position\":5,\"item\":{\"@type\":\"WebPage\",\"@id\":\"https:\/\/deutschcolor.com\/al\/product\/smart-300-a\/\",\"url\":\"https:\/\/deutschcolor.com\/al\/product\/smart-300-a\/\",\"name\":\"Smart 300 A\"}}]}]}<\/script>\n<!-- \/ Yoast SEO plugin. -->","_links":{"self":[{"href":"https:\/\/deutschcolor.com\/al\/wp-json\/wp\/v2\/product\/24128","targetHints":{"allow":["GET"]}}],"collection":[{"href":"https:\/\/deutschcolor.com\/al\/wp-json\/wp\/v2\/product"}],"about":[{"href":"https:\/\/deutschcolor.com\/al\/wp-json\/wp\/v2\/types\/product"}],"replies":[{"embeddable":true,"href":"https:\/\/deutschcolor.com\/al\/wp-json\/wp\/v2\/comments?post=24128"}],"wp:featuredmedia":[{"embeddable":true,"href":"https:\/\/deutschcolor.com\/al\/wp-json\/wp\/v2\/media\/24513"}],"wp:attachment":[{"href":"https:\/\/deutschcolor.com\/al\/wp-json\/wp\/v2\/media?parent=24128"}],"curies":[{"name":"wp","href":"https:\/\/api.w.org\/{rel}","templated":true}]}}